{"id":20415,"date":"2025-02-06T16:00:59","date_gmt":"2025-02-06T15:00:59","guid":{"rendered":"https:\/\/whitepowder.se\/?post_type=product&#038;p=20415"},"modified":"2025-02-06T16:01:00","modified_gmt":"2025-02-06T15:01:00","slug":"polaris-2203918-bromsskiva-3","status":"publish","type":"product","link":"https:\/\/whitepowder.se\/en\/polaris-2203918-bromsskiva-3\/","title":{"rendered":"Polaris 2203918 &#8211; Bromsskiva"},"content":{"rendered":"<p>Polaris 2203918 &#8211; Bromsskiva<br \/>\nService Disc, Sawtooth, 15T<br \/>\nTjocklek skiva \/ Bredd : 5.0 mm<\/p>\n<p>Funktion \/ Test : Har varit uppsatt i svarv och skivan \u00e4r rak,. av putsad med sandpapper f\u00f6r att kunna se eventuella oj\u00e4mnheter.<\/p>\n<p>* Anm\u00e4rkning: Pitting (mindre gropar) gods, mindre sp\u00e5r av oj\u00e4mnheter fr\u00e5n tillv\u00e4rkning<\/p>","protected":false},"excerpt":{"rendered":"<p>Polaris 2203918 Sitter Original p\u00e5 :<\/p>\n<p>S10BF6KSL\/KSA\/KEA 600 PRO-RIDE RUSH (2010) (S10BF6KSL\/KSA\/KEA)<\/p>\n<p>S11BP6\/BE6 600 RUSH PRO-R\/ES\/RETRO ALL OPTIONS (2011) (S11BP6\/BE6)<\/p>\n<p>S11BP8\/BE8 800 RUSH PRO-R\/ES\/RETRO ALL OPTIONS (2011) (S11BP8\/BE8)<\/p>\n<p>S11CG8\/CH8 800 PRO RMK 155\/163\/ES\/INTL ALL OPTIONS (2011) (S11CG8\/CH8)<\/p>\n<p>S11CN8GSA\/GSB\/GEA 800 RMK ASSAULT 155\/ INTL (2011) (S11CN8GSA\/GSB\/GEA)<\/p>\n<p>S11CW8GSA\/GSB\/GST\/GEA 800 SWITCHBACK ASSAULT\/INTL (2011) (S11CW8GSA\/GSB\/GST\/GEA)<\/p>\n<p>S12BP6 600 RUSH PRO R\/SC\/SP\/ES\/INTL ALL OPTIONS (2012) (S12BP6)<\/p>\n<p>S12BP8\/BV8 800 RUSH PRO-R ALL OPTIONS (2012) (S12BP8\/BV8)<\/p>\n<p>S12BS6NSA\/NSB\/NSC\/NSL\/NSM\/NSP\/NEL 600 SWITCHBACK PRO-R (2012) (S12BS6NSA\/NSB\/NSC\/NSL\/NSM\/NSP\/NEL)<\/p>\n<p>S12BS8\/BC8 800 SWITCHBACK PRO-R\/ES\/SC\/SP\/INTL ALL OPTIONS (2012) (S12BS8\/BC8)<\/p>\n<p>S12CG6GSA\/GSL\/GEL 600 PRO RMK 155 (2012) (S12CG6GSA\/GSL\/GEL)<\/p>\n<p>S12CG8\/CH8 800 PRO RMK 155\/163 ALL OPTIONS (2012) (S12CG8\/CH8)<\/p>\n<p>S12CL8\/CW8 800 SWITCHBACK ASSAULT ALL OPTIONS (2012) (S12CL8\/CW8)<\/p>\n<p>S12CN8\/CY8 800 RMK ASSAULT 155 ALL OPTIONS (2012) (S12CN8\/CY8)<\/p>\n<p>S13BA8\/BC8\/BD8\/BS8 800 SWITCHBACK PRO-R\/ES\/INTL\/RETRO\/LE All OPTIONS (2013) (S13BA8\/BC8\/BD8\/BS8)<\/p>\n<p>S13BP6GSA\/GSL\/GEL\/GSM 600 RUSH PRO R\/ES\/INTL\/RETRO (2013) (S13BP6GSA\/GSL\/GEL\/GSM)<\/p>\n<p>S13BP8\/BV8 800 RUSH PRO-R ALL OPTIONS (2013) (S13BP8\/BV8)<\/p>\n<p>S13BS6GSA\/GSL\/GEL\/GSM 600 SWITCHBACK PRO-R\/ES\/INTL\/RETRO (2013) (S13BS6GSA\/GSL\/GEL\/GSM)<\/p>\n<p>S13CL8\/CW8 800 SWITCHBACK ASSAULT ALL OPTIONS (2013) (S13CL8\/CW8)<\/p>\n<p>S13CN8\/CY8 800 RMK ASSAULT ALL OPTIONS (2013) (S13CN8\/CY8)<\/p>\n<p>S14BA8GSL\/GEL 800 SWITCHBACK ADVENTURE (2014) (S14BA8GSL\/GEL)<\/p>\n<p>S14BP6GSA\/GSL\/GEL 600 RUSH PRO R\/ES\/INTL (2014) (S14BP6GSA\/GSL\/GEL)<\/p>\n<p>S14BP8G\/BV8G 800 RUSH PRO R ALL OPTIONS (2014) (S14BP8G\/BV8G)<\/p>\n<p>S14BS6GSA\/GSL\/GEL 600 SWITCHBACK PRO R\/ES\/INTL (2014) (S14BS6GSA\/GSL\/GEL)<\/p>\n<p>S14BS8\/BC8\/BD8 800 SWITCHBACK PRO R\/ES\/INT\/LE ALL OPTIONS (2014) (S14BS8\/BC8\/BD8)<\/p>\n<p>S14CL6\/CW6 600 SWITCHBACK ASSAULT ALL OPTIONS (2014) (S14CL6\/CW6)<\/p>\n<p>S14CL8\/CW8 800 SWITCHBACK ASSAULT ALL OPTIONS (2014) (S14CL8\/CW8)<\/p>\n<p>S14CN8\/CY8 800 RMK ASSAULT ALL OPTIONS (2014) (S14CN8\/CY8)<\/p>\n<p>S15CC6\/CK6\/CM6 600 RMK 144\/155 ALL OPTIONS (2015) (S15CC6\/CK6\/CM6)<\/p>\n<p>S15CC8\/CD8\/CM8 800 RMK 155\/163 ALL OPTIONS (2015) (S15CC8\/CD8\/CM8)<\/p>\n<p>S15CL6\/CW6 600 SWITCHBACK ASSAULT ALL OPTIONS (2015) (S15CL6\/CW6)<\/p>\n<p>S15CL8\/CW8 800 SWITCHBACK ASSAULT ALL OPTIONS (2015) (S15CL8\/CW8)<\/p>\n<p>S15CN8\/CY8 800 RMK ASSAULT 155 ALL OPTIONS (2015) (S15CN8\/CY8)<\/p>\n<p>S16CW6 600 SWITCHBACK ASSAULT ALL OPTIONS (2016) (R01) (S16CW6)<\/p>\n<p>S16CW8 800 SWITCHBACK ASSAULT ALL OPTIONS (2016) (R01) (S16CW8)<\/p>","protected":false},"featured_media":20165,"comment_status":"open","ping_status":"closed","template":"","meta":{"_acf_changed":false},"demonterat-fordon":[],"fordons-typ":[641],"make":[636],"parts-filter":[659],"prod-typ":[715],"tillverkare":[865],"product_brand":[],"product_cat":[366],"product_tag":[],"class_list":{"0":"post-20415","1":"product","2":"type-product","3":"status-publish","4":"has-post-thumbnail","6":"fordons-typ-sno","7":"make-polaris","8":"parts-filter-pro-ride","9":"prod-typ-beg","10":"tillverkare-polaris","11":"product_cat-brake-disc","13":"first","14":"instock","15":"purchasable","16":"product-type-simple"},"acf":[],"_links":{"self":[{"href":"https:\/\/whitepowder.se\/en\/wp-json\/wp\/v2\/product\/20415","targetHints":{"allow":["GET"]}}],"collection":[{"href":"https:\/\/whitepowder.se\/en\/wp-json\/wp\/v2\/product"}],"about":[{"href":"https:\/\/whitepowder.se\/en\/wp-json\/wp\/v2\/types\/product"}],"replies":[{"embeddable":true,"href":"https:\/\/whitepowder.se\/en\/wp-json\/wp\/v2\/comments?post=20415"}],"wp:featuredmedia":[{"embeddable":true,"href":"https:\/\/whitepowder.se\/en\/wp-json\/wp\/v2\/media\/20165"}],"wp:attachment":[{"href":"https:\/\/whitepowder.se\/en\/wp-json\/wp\/v2\/media?parent=20415"}],"wp:term":[{"taxonomy":"demonterat-fordon","embeddable":true,"href":"https:\/\/whitepowder.se\/en\/wp-json\/wp\/v2\/demonterat-fordon?post=20415"},{"taxonomy":"fordons-typ","embeddable":true,"href":"https:\/\/whitepowder.se\/en\/wp-json\/wp\/v2\/fordons-typ?post=20415"},{"taxonomy":"make","embeddable":true,"href":"https:\/\/whitepowder.se\/en\/wp-json\/wp\/v2\/make?post=20415"},{"taxonomy":"parts-filter","embeddable":true,"href":"https:\/\/whitepowder.se\/en\/wp-json\/wp\/v2\/parts-filter?post=20415"},{"taxonomy":"prod-typ","embeddable":true,"href":"https:\/\/whitepowder.se\/en\/wp-json\/wp\/v2\/prod-typ?post=20415"},{"taxonomy":"tillverkare","embeddable":true,"href":"https:\/\/whitepowder.se\/en\/wp-json\/wp\/v2\/tillverkare?post=20415"},{"taxonomy":"product_brand","embeddable":true,"href":"https:\/\/whitepowder.se\/en\/wp-json\/wp\/v2\/product_brand?post=20415"},{"taxonomy":"product_cat","embeddable":true,"href":"https:\/\/whitepowder.se\/en\/wp-json\/wp\/v2\/product_cat?post=20415"},{"taxonomy":"product_tag","embeddable":true,"href":"https:\/\/whitepowder.se\/en\/wp-json\/wp\/v2\/product_tag?post=20415"}],"curies":[{"name":"wp","href":"https:\/\/api.w.org\/{rel}","templated":true}]}}