{"id":20417,"date":"2025-02-06T16:05:21","date_gmt":"2025-02-06T15:05:21","guid":{"rendered":"https:\/\/whitepowder.se\/?post_type=product&#038;p=20417"},"modified":"2025-02-06T16:05:21","modified_gmt":"2025-02-06T15:05:21","slug":"polaris-2204037-broms-ok-2","status":"publish","type":"product","link":"https:\/\/whitepowder.se\/en\/polaris-2204037-broms-ok-2\/","title":{"rendered":"Polaris 2204037 &#8211; broms ok"},"content":{"rendered":"<p>Polaris 2204037 &#8211; broms ok<\/p>\n<p>Kit, phantom caliper<br \/>\nbra skick broms bel\u00e4gg mycket gods kvar,.<\/p>\n<p>* banjo bolt &amp; bleeder fitting sitter ej p\u00e5 \/ medf\u00f6ljer ej<\/p>\n<p>detta ok har &#8221;banjo bolt \/ anslutning f\u00f6r bromsslang&#8221; monterad p\u00e5 sida som monterings \u00f6glorna sitter p\u00e5,. om du tittar p\u00e5 oket fr\u00e5n den sidan den gjutna Hayes loggan sitter mot dig<br \/>\ns\u00e5 blir det sidan n\u00e4rmast dig.<br \/>\ndetta ok har bleeder screw monterad p\u00e5 sida som inte monterings \u00f6glorna sitter p\u00e5,. om du tittar p\u00e5 oket fr\u00e5n den sidan den gjutna Hayes loggan sitter mot dig s\u00e5 blir det den bortre sidan.<\/p>\n<p>beh\u00f6ver du ist\u00e4llet ett ok med &#8221;banjo bolt \/ anslutning f\u00f6r bromsslang&#8221; p\u00e5 bortre sidan &amp; bleeder screw p\u00e5 sidan med monterings \u00f6glorna ska du ist\u00e4llet ha ett ok med p\/n: 2202742<\/p>","protected":false},"excerpt":{"rendered":"<p>Polaris 2204037 Sitter Original p\u00e5 :<\/p>\n<p>2019-2020 600 INDY 121<\/p>\n<p>2018 600 Indy SP<\/p>\n<p>2018 600 Indy<\/p>\n<p>2016 800 SWITCHBACK ASSAULT 144 LTD<\/p>\n<p>2016 600 INDY SP TD<\/p>\n<p>2015-2016 600 INDY VOYAGEUR 144<\/p>\n<p>2015 800 SWITCHBACK ASSAULT 144 2.0<\/p>\n<p>2015 600 SWITCHBACK ASSAULT<\/p>\n<p>2014-2016 800 INDY SP<\/p>\n<p>2014-2016 600 SWITCHBACK ASSAULT 144<\/p>\n<p>2014 800 SWITCHBACK ADVENTURE<\/p>\n<p>2014 600 INDY VOYAGER<\/p>\n<p>2014 600 INDY ES<\/p>\n<p>2013-2017 600 INDY SP<\/p>\n<p>2013-2017 600 INDY<\/p>\n<p>2012-2016 600 RMK 155<\/p>\n<p>2012-2016 600 RMK 144<\/p>\n<p>2012-2014 800 SWITCHBACK PRO-R<\/p>\n<p>2012-2014 800 SWITCHBACK<\/p>\n<p>2012-2014 600 SWITCHBACK PRO-R<\/p>\n<p>2012-2014 600 SWITCHBACK ADVENTURE<\/p>\n<p>2012-2014 600 SWITCHBACK<\/p>\n<p>2012-2013 800 SWITCHBACK ES<\/p>\n<p>2012-2013 600 SWITCHBACK ES<\/p>\n<p>2012 800 SWITCHBACK PRO-R ES<\/p>\n<p>2012 800 SWITCHBACK ASSAULT 2.0 ES<\/p>\n<p>2012 800 SWITCHBACK ASSAULT 1.3 ES<\/p>\n<p>2012 800 RUSH PRO-R LE<\/p>\n<p>2012 600 SWITCHBACK PRO-R ES<\/p>\n<p>2012 600 RMK 155 ES<\/p>\n<p>2012 600 RMK 144 ES<\/p>\n<p>2011-2016 800 SWITCHBACK ASSAULT 144<\/p>\n<p>2011-2014 800 RUSH PRO-R<\/p>\n<p>2011-2014 600 RUSH PRO-R<\/p>\n<p>2011-2013 800 RUSH ES<\/p>\n<p>2011-2013 800 RUSH<\/p>\n<p>2011-2012 800 SWITCHBACK ASSAULT 2.0<\/p>\n<p>2011-2012 800 RUSH PRO-R ES<\/p>\n<p>2011-2012 600 RUSH PRO-R ES<\/p>\n<p>2011 800 SWITCHBACK ASSAULT 1.35<\/p>\n<p>2011 800 RUSH RETRO LX<\/p>\n<p>2011 800 RUSH RETRO ES<\/p>\n<p>2011 800 RUSH RETRO<\/p>\n<p>2011 800 RUSH PRO-R RETRO ES<\/p>\n<p>2011 800 RUSH PRO-R RETRO<\/p>\n<p>2011 600 RUSH RETRO ES<\/p>\n<p>2011 600 RUSH RETRO<\/p>\n<p>2011 600 RUSH PRO-R RETRO LX<\/p>\n<p>2011 600 RUSH PRO-R RETRO ES<\/p>\n<p>2011 600 RUSH PRO-R RETRO<\/p>\n<p>2011 600 RUSH LX<\/p>\n<p>2010-2013 600 RUSH ES<\/p>\n<p>2010-2013 600 RUSH<\/p>","protected":false},"featured_media":20159,"comment_status":"open","ping_status":"closed","template":"","meta":{"_acf_changed":false},"demonterat-fordon":[],"fordons-typ":[641],"make":[636],"parts-filter":[659],"prod-typ":[715],"tillverkare":[865],"product_brand":[],"product_cat":[361],"product_tag":[],"class_list":{"0":"post-20417","1":"product","2":"type-product","3":"status-publish","4":"has-post-thumbnail","6":"fordons-typ-sno","7":"make-polaris","8":"parts-filter-pro-ride","9":"prod-typ-beg","10":"tillverkare-polaris","11":"product_cat-caliper","13":"first","14":"instock","15":"purchasable","16":"product-type-simple"},"acf":[],"_links":{"self":[{"href":"https:\/\/whitepowder.se\/en\/wp-json\/wp\/v2\/product\/20417","targetHints":{"allow":["GET"]}}],"collection":[{"href":"https:\/\/whitepowder.se\/en\/wp-json\/wp\/v2\/product"}],"about":[{"href":"https:\/\/whitepowder.se\/en\/wp-json\/wp\/v2\/types\/product"}],"replies":[{"embeddable":true,"href":"https:\/\/whitepowder.se\/en\/wp-json\/wp\/v2\/comments?post=20417"}],"wp:featuredmedia":[{"embeddable":true,"href":"https:\/\/whitepowder.se\/en\/wp-json\/wp\/v2\/media\/20159"}],"wp:attachment":[{"href":"https:\/\/whitepowder.se\/en\/wp-json\/wp\/v2\/media?parent=20417"}],"wp:term":[{"taxonomy":"demonterat-fordon","embeddable":true,"href":"https:\/\/whitepowder.se\/en\/wp-json\/wp\/v2\/demonterat-fordon?post=20417"},{"taxonomy":"fordons-typ","embeddable":true,"href":"https:\/\/whitepowder.se\/en\/wp-json\/wp\/v2\/fordons-typ?post=20417"},{"taxonomy":"make","embeddable":true,"href":"https:\/\/whitepowder.se\/en\/wp-json\/wp\/v2\/make?post=20417"},{"taxonomy":"parts-filter","embeddable":true,"href":"https:\/\/whitepowder.se\/en\/wp-json\/wp\/v2\/parts-filter?post=20417"},{"taxonomy":"prod-typ","embeddable":true,"href":"https:\/\/whitepowder.se\/en\/wp-json\/wp\/v2\/prod-typ?post=20417"},{"taxonomy":"tillverkare","embeddable":true,"href":"https:\/\/whitepowder.se\/en\/wp-json\/wp\/v2\/tillverkare?post=20417"},{"taxonomy":"product_brand","embeddable":true,"href":"https:\/\/whitepowder.se\/en\/wp-json\/wp\/v2\/product_brand?post=20417"},{"taxonomy":"product_cat","embeddable":true,"href":"https:\/\/whitepowder.se\/en\/wp-json\/wp\/v2\/product_cat?post=20417"},{"taxonomy":"product_tag","embeddable":true,"href":"https:\/\/whitepowder.se\/en\/wp-json\/wp\/v2\/product_tag?post=20417"}],"curies":[{"name":"wp","href":"https:\/\/api.w.org\/{rel}","templated":true}]}}