{"id":20422,"date":"2025-02-06T16:01:04","date_gmt":"2025-02-06T15:01:04","guid":{"rendered":"https:\/\/whitepowder.se\/?post_type=product&#038;p=20422"},"modified":"2025-02-06T16:01:06","modified_gmt":"2025-02-06T15:01:06","slug":"polaris-2204139-broms-ok","status":"publish","type":"product","link":"https:\/\/whitepowder.se\/en\/polaris-2204139-broms-ok\/","title":{"rendered":"Polaris 2204139 &#8211; Broms ok"},"content":{"rendered":"<p>Polaris 2204139 &#8211; Broms ok<\/p>\n<p>Kit, full asm., lh \u00a0 \u00a02204139<\/p>\n<p>detta ok har bleeder screw monterad p\u00e5 v\u00e4nster sida om du tittar p\u00e5 oket fr\u00e5n den sidan broms slangen \u00e4r monterad p\u00e5<\/p>\n<p>broms bel\u00e4ggen har slitage men har mycket gods kvar.<\/p>\n<p>delar partnumbers<br \/>\nbracket asm \u00a0 \u00a02204141<br \/>\nkit, lh housing, piston, seals, bleeder \u00a0 \u00a02204151<br \/>\nbleeder screw \u00a0 \u00a02203050<br \/>\nbrake pads and springs \u00a0 \u00a02204137<br \/>\n+ banjo bolt 2203392<\/p>\n<p>anv\u00e4nder dessa bultar f\u00f6r montering<br \/>\nbolt bracket \u00a0 \u00a07518760 \u00a0( ytter diameter bult 10mm ) * medf\u00f6ljer ej<br \/>\npolaris spr\u00e4ngskisser har inte alltid r\u00e4tt info om vilket bracket som \u00e4r r\u00e4tt f\u00f6r modellen enklaste s\u00e4ttet att verifiera att du best\u00e4ller r\u00e4tt del \u00e4r<br \/>\natt m\u00e4ta ytter diametern p\u00e5 bulten f\u00f6r monteringen av oket,. bracket 2204141 har bultar 7518760 och dessa har en ytter diameter p\u00e5 10mm,<br \/>\nom dit befintliga ok ist\u00e4llet har bultar med ytter diameter 8mm s\u00e5 ska du ist\u00e4llet ha ett ok som monteras med bultar 7519243 och anv\u00e4nder ok med ex, ( bracket 2204758,.) obs det kan finnas fler olika brackets ,.<\/p>","protected":false},"excerpt":{"rendered":"<p>Polaris 2204139 Sitter Original p\u00e5 :<\/p>\n<p>S11CG8\/CH8 800 PRO RMK 155\/163\/ES\/INTL ALL OPTIONS (2011) (S11CG8\/CH8)<\/p>\n<p>S11CM8GSA\/GSB\/GSL\/GSM\/GEA 800 RMK 155\/ES\/INTL (2011) (S11CM8GSA\/GSB\/GSL\/GSM\/GEA)<\/p>\n<p>S11CN8GSA\/GSB\/GEA 800 RMK ASSAULT 155\/ INTL (2011) (S11CN8GSA\/GSB\/GEA)<\/p>\n<p>S12CG6GSA\/GSL\/GEL 600 PRO RMK 155 (2012) (S12CG6GSA\/GSL\/GEL)<\/p>\n<p>S12CG8\/CH8 800 PRO RMK 155\/163 ALL OPTIONS (2012) (S12CG8\/CH8)<\/p>\n<p>S12CK6\/CM6 600 RMK 144\/ES\/INTL\/155\/ES ALL OPTIONS (2012) (S12CK6\/CM6)<\/p>\n<p>S12CM8GSA\/GSL\/GEA 800 RMK 155\/ES\/INTL (2012) (S12CM8GSA\/GSL\/GEA)<\/p>\n<p>S12CN8\/CY8 800 RMK ASSAULT 155 ALL OPTIONS (2012) (S12CN8\/CY8)<\/p>\n<p>S13CK6\/CM6 600 RMK 144\/155 ALL OPTIONS (2013) (S13CK6\/CM6)<\/p>\n<p>S13CM8GSA\/GSL\/GEA 800 RMK 155\/ES\/INTL (2013) (S13CM8GSA\/GSL\/GEA)<\/p>\n<p>S13CN8\/CY8 800 RMK ASSAULT ALL OPTIONS (2013) (S13CN8\/CY8)<\/p>","protected":false},"featured_media":20144,"comment_status":"open","ping_status":"closed","template":"","meta":{"_acf_changed":false},"demonterat-fordon":[],"fordons-typ":[641],"make":[636],"parts-filter":[659],"prod-typ":[715],"tillverkare":[865],"product_brand":[],"product_cat":[361],"product_tag":[],"class_list":{"0":"post-20422","1":"product","2":"type-product","3":"status-publish","4":"has-post-thumbnail","6":"fordons-typ-sno","7":"make-polaris","8":"parts-filter-pro-ride","9":"prod-typ-beg","10":"tillverkare-polaris","11":"product_cat-caliper","13":"first","14":"instock","15":"purchasable","16":"product-type-simple"},"acf":[],"_links":{"self":[{"href":"https:\/\/whitepowder.se\/en\/wp-json\/wp\/v2\/product\/20422","targetHints":{"allow":["GET"]}}],"collection":[{"href":"https:\/\/whitepowder.se\/en\/wp-json\/wp\/v2\/product"}],"about":[{"href":"https:\/\/whitepowder.se\/en\/wp-json\/wp\/v2\/types\/product"}],"replies":[{"embeddable":true,"href":"https:\/\/whitepowder.se\/en\/wp-json\/wp\/v2\/comments?post=20422"}],"wp:featuredmedia":[{"embeddable":true,"href":"https:\/\/whitepowder.se\/en\/wp-json\/wp\/v2\/media\/20144"}],"wp:attachment":[{"href":"https:\/\/whitepowder.se\/en\/wp-json\/wp\/v2\/media?parent=20422"}],"wp:term":[{"taxonomy":"demonterat-fordon","embeddable":true,"href":"https:\/\/whitepowder.se\/en\/wp-json\/wp\/v2\/demonterat-fordon?post=20422"},{"taxonomy":"fordons-typ","embeddable":true,"href":"https:\/\/whitepowder.se\/en\/wp-json\/wp\/v2\/fordons-typ?post=20422"},{"taxonomy":"make","embeddable":true,"href":"https:\/\/whitepowder.se\/en\/wp-json\/wp\/v2\/make?post=20422"},{"taxonomy":"parts-filter","embeddable":true,"href":"https:\/\/whitepowder.se\/en\/wp-json\/wp\/v2\/parts-filter?post=20422"},{"taxonomy":"prod-typ","embeddable":true,"href":"https:\/\/whitepowder.se\/en\/wp-json\/wp\/v2\/prod-typ?post=20422"},{"taxonomy":"tillverkare","embeddable":true,"href":"https:\/\/whitepowder.se\/en\/wp-json\/wp\/v2\/tillverkare?post=20422"},{"taxonomy":"product_brand","embeddable":true,"href":"https:\/\/whitepowder.se\/en\/wp-json\/wp\/v2\/product_brand?post=20422"},{"taxonomy":"product_cat","embeddable":true,"href":"https:\/\/whitepowder.se\/en\/wp-json\/wp\/v2\/product_cat?post=20422"},{"taxonomy":"product_tag","embeddable":true,"href":"https:\/\/whitepowder.se\/en\/wp-json\/wp\/v2\/product_tag?post=20422"}],"curies":[{"name":"wp","href":"https:\/\/api.w.org\/{rel}","templated":true}]}}