{"id":20432,"date":"2025-02-06T16:01:12","date_gmt":"2025-02-06T15:01:12","guid":{"rendered":"https:\/\/whitepowder.se\/?post_type=product&#038;p=20432"},"modified":"2025-02-06T16:01:13","modified_gmt":"2025-02-06T15:01:13","slug":"polaris-2205336-huvudcylinder","status":"publish","type":"product","link":"https:\/\/whitepowder.se\/en\/polaris-2205336-huvudcylinder\/","title":{"rendered":"Polaris 2205336 &#8211; Huvudcylinder"},"content":{"rendered":"<p>Polaris 2205336 &#8211; Huvudcylinder<\/p>\n<p>Huvudcylinder med dessa delar:<br \/>\n2205335 kit, piston asm., w\/body<br \/>\n2203093 clamp<br \/>\n2202798 kit, clamp screws<br \/>\n2205330 reservoir w\/screws<br \/>\n2205332 gasket and cover assembly<br \/>\n2205328 switch, stoplight<\/p>\n<p>inne h\u00e5ller ej \/ medf\u00f6ljer ej \/ saknas:<br \/>\n2205334 kit, lever and park lever asm &#8211; broms handtaget<\/p>\n<p>OBS Partnumbret \u00e4r ett Assembely nummer och anv\u00e4nds fr\u00e4mst som s\u00f6kv\u00e4g och f\u00f6r Fitment, Kolla p\u00e5 bilderna f\u00f6r att se vad som ing\u00e5r.<\/p>","protected":false},"excerpt":{"rendered":"<p>Polaris 2205336 Sitter Original p\u00e5 :<\/p>\n<p>S15DA6PSL\/PSM\/PEL 600 SWITCHBACK ADVENTURE ALL OPTIONS (2015) (S15DA6PSL\/PSM\/PEL)<\/p>\n<p>S15DF6PEL 600 RUSH PRO-X INTL (2015) (S15DF6PEL)<\/p>\n<p>S15DF8PEL\/PS 800 RUSH PRO X ALL OPTIONS (2015) (S15DF8PEL\/PS)<\/p>\n<p>S15DP6 600 RUSH PRO S ALL OPTIONS (2015)(S15DP6)<\/p>\n<p>S15DP8 800 RUSH PRO S ALL OPTIONS (2015) (S15DP8)<\/p>\n<p>S15DR6PEL 600 SWITCHBACK PRO-X ES INTL (2015) (S15DR6PEL)<\/p>\n<p>S15DR8PS\/PEL 800 SWITCHBACK PRO-X ALL OPTIONS (2015) (S15DR8PS\/PEL)<\/p>\n<p>S15DS6 600 SWITCHBACK PRO S ALL OPTIONS (2015) (S15DS6)<\/p>\n<p>S15DS8PS\/PSA\/PSL 800 SWITCHBACK PRO S ALL OPTIONS (2015) (S15DS8PS\/PSA\/PSL)<\/p>","protected":false},"featured_media":20109,"comment_status":"open","ping_status":"closed","template":"","meta":{"_acf_changed":false},"demonterat-fordon":[],"fordons-typ":[641],"make":[636],"parts-filter":[658],"prod-typ":[715],"tillverkare":[865],"product_brand":[],"product_cat":[356],"product_tag":[],"class_list":{"0":"post-20432","1":"product","2":"type-product","3":"status-publish","4":"has-post-thumbnail","6":"fordons-typ-sno","7":"make-polaris","8":"parts-filter-axys","9":"prod-typ-beg","10":"tillverkare-polaris","11":"product_cat-huvud-cylinder","13":"first","14":"instock","15":"purchasable","16":"product-type-simple"},"acf":[],"_links":{"self":[{"href":"https:\/\/whitepowder.se\/en\/wp-json\/wp\/v2\/product\/20432","targetHints":{"allow":["GET"]}}],"collection":[{"href":"https:\/\/whitepowder.se\/en\/wp-json\/wp\/v2\/product"}],"about":[{"href":"https:\/\/whitepowder.se\/en\/wp-json\/wp\/v2\/types\/product"}],"replies":[{"embeddable":true,"href":"https:\/\/whitepowder.se\/en\/wp-json\/wp\/v2\/comments?post=20432"}],"wp:featuredmedia":[{"embeddable":true,"href":"https:\/\/whitepowder.se\/en\/wp-json\/wp\/v2\/media\/20109"}],"wp:attachment":[{"href":"https:\/\/whitepowder.se\/en\/wp-json\/wp\/v2\/media?parent=20432"}],"wp:term":[{"taxonomy":"demonterat-fordon","embeddable":true,"href":"https:\/\/whitepowder.se\/en\/wp-json\/wp\/v2\/demonterat-fordon?post=20432"},{"taxonomy":"fordons-typ","embeddable":true,"href":"https:\/\/whitepowder.se\/en\/wp-json\/wp\/v2\/fordons-typ?post=20432"},{"taxonomy":"make","embeddable":true,"href":"https:\/\/whitepowder.se\/en\/wp-json\/wp\/v2\/make?post=20432"},{"taxonomy":"parts-filter","embeddable":true,"href":"https:\/\/whitepowder.se\/en\/wp-json\/wp\/v2\/parts-filter?post=20432"},{"taxonomy":"prod-typ","embeddable":true,"href":"https:\/\/whitepowder.se\/en\/wp-json\/wp\/v2\/prod-typ?post=20432"},{"taxonomy":"tillverkare","embeddable":true,"href":"https:\/\/whitepowder.se\/en\/wp-json\/wp\/v2\/tillverkare?post=20432"},{"taxonomy":"product_brand","embeddable":true,"href":"https:\/\/whitepowder.se\/en\/wp-json\/wp\/v2\/product_brand?post=20432"},{"taxonomy":"product_cat","embeddable":true,"href":"https:\/\/whitepowder.se\/en\/wp-json\/wp\/v2\/product_cat?post=20432"},{"taxonomy":"product_tag","embeddable":true,"href":"https:\/\/whitepowder.se\/en\/wp-json\/wp\/v2\/product_tag?post=20432"}],"curies":[{"name":"wp","href":"https:\/\/api.w.org\/{rel}","templated":true}]}}