{"id":20447,"date":"2025-02-06T16:01:43","date_gmt":"2025-02-06T15:01:43","guid":{"rendered":"https:\/\/whitepowder.se\/?post_type=product&#038;p=20447"},"modified":"2025-02-06T16:01:45","modified_gmt":"2025-02-06T15:01:45","slug":"polaris-2206031-huvudcylinder-alt","status":"publish","type":"product","link":"https:\/\/whitepowder.se\/en\/polaris-2206031-huvudcylinder-alt\/","title":{"rendered":"Polaris 2206031 &#8211; Huvudcylinder * alt"},"content":{"rendered":"<p>Polaris 2206031 &#8211; Huvudcylinder * alt<br \/>\nBroms handtag \/ Huvudcylinder<br \/>\nHuvudcylinder med Broms handtag &amp; bromsljus kontakt<br \/>\nSaknar mekanism till handproms &#8221;park lever&#8221;,.<br \/>\nSaknar banjo bolt,.<br \/>\nDenna huvudcylinder har \u00f6verfallet p\u00e5 undersidan.<\/p>\n<p>Har suttit p\u00e5: SKS 800cc 155&#8243; 2016<\/p>\n<p>OBS Partnumbret \u00e4r ej r\u00e4tt men produkten passar till dom modeller som anv\u00e4nder dessa original nummer<\/p>\n<p>OBS Partnumbret \u00e4r ett Assembely nummer och anv\u00e4nds fr\u00e4mst som s\u00f6kv\u00e4g och f\u00f6r Fitment, Kolla p\u00e5 bilderna f\u00f6r att se vad som ing\u00e5r.<\/p>\n<p>Funktion \/ Test : Test: givare bromsljus kontakt testad och funkar<\/p>\n<p>* Anm\u00e4rkning: Saknar park lever,.<br \/>\nbromsljus kontakt kabel \u00e4r skarvad,.<br \/>\nej original inf\u00f6stning till handtag,.<br \/>\nrepor gods lock,.<\/p>","protected":false},"excerpt":{"rendered":"<p>Polaris 2206031 Sitter Original p\u00e5 :<\/p>\n<p>2020 800 RMK KHAOS 155 3&#8243;<\/p>\n<p>2020 800 RMK KHAOS 155<\/p>\n<p>2019, 2016-2017 600 PRO-RMK 155<\/p>\n<p>2019-2020, 2017 800 PRO-RMK 163<\/p>\n<p>2019-2020 800 PRO-RMK 174<\/p>\n<p>2019-2020 800 PRO-RMK 163 3&#8243;<\/p>\n<p>2019-2020 800 PRO-RMK 155 3&#8243;<\/p>\n<p>2019-2020 800 PRO-RMK 155<\/p>\n<p>2018-2020 800 SKS 155<\/p>\n<p>2018 800 Pro RMK 174 3 Inch<\/p>\n<p>2018 800 Pro RMK 163 3 Inch<\/p>\n<p>2018 800 Pro RMK 163<\/p>\n<p>2018 800 Pro RMK 155 3 Inch<\/p>\n<p>2018 600 Pro RMK 155<\/p>\n<p>2017-2019 800 RMK Assault 155<\/p>\n<p>2017-2018 800 Pro RMK 155<\/p>\n<p>2017 800 RMK SKS<\/p>\n<p>2017 800 RMK Assault 155 Powder<\/p>\n<p>2017 800 PRO-RMK 174 3 Inch LE<\/p>\n<p>2017 800 PRO-RMK 163 3&#8243; LE<\/p>\n<p>2017 800 PRO RMK 155 LE<\/p>\n<p>2016-2017 800 RMK Assault 155 3 Inch<\/p>\n<p>2016-2017 800 PRO-RMK 163 3 Inch<\/p>\n<p>2016-2017 800 Pro-RMK 155 3 inch<\/p>\n<p>2016 800 RMK SKS 155<\/p>\n<p>2016 800 RMK ASSAULT 155 POWDER<\/p>\n<p>2016 800 RMK ASSAULT 155<\/p>\n<p>2016 800 PRO RMK 163<\/p>\n<p>2016 800 PRO RMK 155<\/p>\n<p>2016 600 PRO RMK 163<\/p>","protected":false},"featured_media":20296,"comment_status":"open","ping_status":"closed","template":"","meta":{"_acf_changed":false},"demonterat-fordon":[],"fordons-typ":[641],"make":[636],"parts-filter":[658],"prod-typ":[715],"tillverkare":[865],"product_brand":[],"product_cat":[356],"product_tag":[],"class_list":{"0":"post-20447","1":"product","2":"type-product","3":"status-publish","4":"has-post-thumbnail","6":"fordons-typ-sno","7":"make-polaris","8":"parts-filter-axys","9":"prod-typ-beg","10":"tillverkare-polaris","11":"product_cat-huvud-cylinder","13":"first","14":"instock","15":"purchasable","16":"product-type-simple"},"acf":[],"_links":{"self":[{"href":"https:\/\/whitepowder.se\/en\/wp-json\/wp\/v2\/product\/20447","targetHints":{"allow":["GET"]}}],"collection":[{"href":"https:\/\/whitepowder.se\/en\/wp-json\/wp\/v2\/product"}],"about":[{"href":"https:\/\/whitepowder.se\/en\/wp-json\/wp\/v2\/types\/product"}],"replies":[{"embeddable":true,"href":"https:\/\/whitepowder.se\/en\/wp-json\/wp\/v2\/comments?post=20447"}],"wp:featuredmedia":[{"embeddable":true,"href":"https:\/\/whitepowder.se\/en\/wp-json\/wp\/v2\/media\/20296"}],"wp:attachment":[{"href":"https:\/\/whitepowder.se\/en\/wp-json\/wp\/v2\/media?parent=20447"}],"wp:term":[{"taxonomy":"demonterat-fordon","embeddable":true,"href":"https:\/\/whitepowder.se\/en\/wp-json\/wp\/v2\/demonterat-fordon?post=20447"},{"taxonomy":"fordons-typ","embeddable":true,"href":"https:\/\/whitepowder.se\/en\/wp-json\/wp\/v2\/fordons-typ?post=20447"},{"taxonomy":"make","embeddable":true,"href":"https:\/\/whitepowder.se\/en\/wp-json\/wp\/v2\/make?post=20447"},{"taxonomy":"parts-filter","embeddable":true,"href":"https:\/\/whitepowder.se\/en\/wp-json\/wp\/v2\/parts-filter?post=20447"},{"taxonomy":"prod-typ","embeddable":true,"href":"https:\/\/whitepowder.se\/en\/wp-json\/wp\/v2\/prod-typ?post=20447"},{"taxonomy":"tillverkare","embeddable":true,"href":"https:\/\/whitepowder.se\/en\/wp-json\/wp\/v2\/tillverkare?post=20447"},{"taxonomy":"product_brand","embeddable":true,"href":"https:\/\/whitepowder.se\/en\/wp-json\/wp\/v2\/product_brand?post=20447"},{"taxonomy":"product_cat","embeddable":true,"href":"https:\/\/whitepowder.se\/en\/wp-json\/wp\/v2\/product_cat?post=20447"},{"taxonomy":"product_tag","embeddable":true,"href":"https:\/\/whitepowder.se\/en\/wp-json\/wp\/v2\/product_tag?post=20447"}],"curies":[{"name":"wp","href":"https:\/\/api.w.org\/{rel}","templated":true}]}}