{"id":20448,"date":"2025-02-06T16:01:45","date_gmt":"2025-02-06T15:01:45","guid":{"rendered":"https:\/\/whitepowder.se\/?post_type=product&#038;p=20448"},"modified":"2025-02-06T16:01:46","modified_gmt":"2025-02-06T15:01:46","slug":"polaris-2876922-bromsskiva","status":"publish","type":"product","link":"https:\/\/whitepowder.se\/en\/polaris-2876922-bromsskiva\/","title":{"rendered":"Polaris 2876922 &#8211; Bromsskiva"},"content":{"rendered":"<p>Polaris 2876922 &#8211; Bromsskiva<br \/>\nReplaces standard brake disc 2202874<\/p>\n<p>Fits:<\/p>\n<p>2 stroke IQ chassis models 2006-2009 (&amp; Fusion)<\/p>\n<p>IMPORTANT: This brake disk is not compatible with 2005 Fusion, 2005 RMK, Edge, IQ Racer, 600RR and<br \/>\nFS\/FST Models<\/p>\n<p>Funktion \/ Test : Har varit uppsatt i svarv och skivan \u00e4r rak,. av putsad med sandpapper f\u00f6r att kunna se eventuella oj\u00e4mnheter.<\/p>","protected":false},"excerpt":{"rendered":"<p>Polaris 2876922 &#8211; Bromsskiva Replaces standard brake disc 2202874 Fits: 2 stroke IQ chassis models 2006-2009 (&amp; Fusion) IMPORTANT: This brake disk is not compatible with 2005 Fusion, 2005 RMK, Edge, IQ Racer, 600RR and FS\/FST Models Funktion \/ Test : Har varit uppsatt i svarv och skivan \u00e4r rak,. av putsad med sandpapper f\u00f6r [&hellip;]<\/p>","protected":false},"featured_media":20292,"comment_status":"open","ping_status":"closed","template":"","meta":{"_acf_changed":false},"demonterat-fordon":[],"fordons-typ":[641],"make":[636],"parts-filter":[736,689],"prod-typ":[717],"tillverkare":[865],"product_brand":[],"product_cat":[366],"product_tag":[],"class_list":{"0":"post-20448","1":"product","2":"type-product","3":"status-publish","4":"has-post-thumbnail","6":"fordons-typ-sno","7":"make-polaris","8":"parts-filter-fusion","9":"parts-filter-iq-chassie","10":"prod-typ-ny","11":"tillverkare-polaris","12":"product_cat-brake-disc","14":"first","15":"instock","16":"purchasable","17":"product-type-simple"},"acf":[],"_links":{"self":[{"href":"https:\/\/whitepowder.se\/en\/wp-json\/wp\/v2\/product\/20448","targetHints":{"allow":["GET"]}}],"collection":[{"href":"https:\/\/whitepowder.se\/en\/wp-json\/wp\/v2\/product"}],"about":[{"href":"https:\/\/whitepowder.se\/en\/wp-json\/wp\/v2\/types\/product"}],"replies":[{"embeddable":true,"href":"https:\/\/whitepowder.se\/en\/wp-json\/wp\/v2\/comments?post=20448"}],"wp:featuredmedia":[{"embeddable":true,"href":"https:\/\/whitepowder.se\/en\/wp-json\/wp\/v2\/media\/20292"}],"wp:attachment":[{"href":"https:\/\/whitepowder.se\/en\/wp-json\/wp\/v2\/media?parent=20448"}],"wp:term":[{"taxonomy":"demonterat-fordon","embeddable":true,"href":"https:\/\/whitepowder.se\/en\/wp-json\/wp\/v2\/demonterat-fordon?post=20448"},{"taxonomy":"fordons-typ","embeddable":true,"href":"https:\/\/whitepowder.se\/en\/wp-json\/wp\/v2\/fordons-typ?post=20448"},{"taxonomy":"make","embeddable":true,"href":"https:\/\/whitepowder.se\/en\/wp-json\/wp\/v2\/make?post=20448"},{"taxonomy":"parts-filter","embeddable":true,"href":"https:\/\/whitepowder.se\/en\/wp-json\/wp\/v2\/parts-filter?post=20448"},{"taxonomy":"prod-typ","embeddable":true,"href":"https:\/\/whitepowder.se\/en\/wp-json\/wp\/v2\/prod-typ?post=20448"},{"taxonomy":"tillverkare","embeddable":true,"href":"https:\/\/whitepowder.se\/en\/wp-json\/wp\/v2\/tillverkare?post=20448"},{"taxonomy":"product_brand","embeddable":true,"href":"https:\/\/whitepowder.se\/en\/wp-json\/wp\/v2\/product_brand?post=20448"},{"taxonomy":"product_cat","embeddable":true,"href":"https:\/\/whitepowder.se\/en\/wp-json\/wp\/v2\/product_cat?post=20448"},{"taxonomy":"product_tag","embeddable":true,"href":"https:\/\/whitepowder.se\/en\/wp-json\/wp\/v2\/product_tag?post=20448"}],"curies":[{"name":"wp","href":"https:\/\/api.w.org\/{rel}","templated":true}]}}