{"id":20452,"date":"2025-02-06T16:05:32","date_gmt":"2025-02-06T15:05:32","guid":{"rendered":"https:\/\/whitepowder.se\/?post_type=product&#038;p=20452"},"modified":"2025-02-06T16:05:33","modified_gmt":"2025-02-06T15:05:33","slug":"polaris-extra-broms-kit-hoger-broms","status":"publish","type":"product","link":"https:\/\/whitepowder.se\/en\/polaris-extra-broms-kit-hoger-broms\/","title":{"rendered":"Polaris  &#8211; Extra Broms Kit, H\u00f6ger Broms"},"content":{"rendered":"<p>Polaris &#8211; Extra Broms Kit, H\u00f6ger Broms<\/p>\n<p>Extra broms kit<\/p>\n<p>kittet inneh\u00e5ller<br \/>\n2204037 kit, phantom caliper ( stor broms oket) * broms bel\u00e4gg bra skick mycket gods kvar.<br \/>\nf\u00e4ste f\u00f6r att montera extra ok.<br \/>\nbultar och distanser till montering.<br \/>\nhuvudcylinder \/ bromshandtag h\u00f6ger, rh.<br \/>\nbroms slang till h\u00f6ger broms.<br \/>\nbroms ok litet * broms bel\u00e4ggen \u00e4r slitna och beh\u00f6vs bytas.<\/p>\n<p>anv\u00e4nd befintligt bromshandtag och bromsslang f\u00f6r montering.<br \/>\nmonteras p\u00e5 kedjehuset och anv\u00e4nds med befintlig broms skiva (p\/n: skiva 2204234)<\/p>\n<p>passar bland annat:<br \/>\n2014 600 indy voyageur\/intl 144<br \/>\n2016 600 indy voyageur\/intl 144 (s16cs6gsl\/gel)<br \/>\n2016 600 rmk 144\/155 all options (s16ck6\/cm6)<br \/>\n2017 600 indy\/sp all options (s17cba6\/cbb6)<\/p>\n<p>har suttit p\u00e5:<br \/>\n2014 600 indy voyageur\/intl 144<\/p>","protected":false},"excerpt":{"rendered":"<p>Polaris &#8211; Extra Broms Kit, H\u00f6ger Broms Extra broms kit kittet inneh\u00e5ller 2204037 kit, phantom caliper ( stor broms oket) * broms bel\u00e4gg bra skick mycket gods kvar. f\u00e4ste f\u00f6r att montera extra ok. bultar och distanser till montering. huvudcylinder \/ bromshandtag h\u00f6ger, rh. broms slang till h\u00f6ger broms. broms ok litet * broms bel\u00e4ggen [&hellip;]<\/p>","protected":false},"featured_media":20285,"comment_status":"open","ping_status":"closed","template":"","meta":{"_acf_changed":false},"demonterat-fordon":[],"fordons-typ":[641],"make":[636],"parts-filter":[659],"prod-typ":[715],"tillverkare":[865],"product_brand":[],"product_cat":[356,361,257],"product_tag":[1147],"class_list":{"0":"post-20452","1":"product","2":"type-product","3":"status-publish","4":"has-post-thumbnail","6":"fordons-typ-sno","7":"make-polaris","8":"parts-filter-pro-ride","9":"prod-typ-beg","10":"tillverkare-polaris","11":"product_cat-huvud-cylinder","12":"product_cat-caliper","13":"product_cat-other-accessories","14":"product_tag-voyager-600-2014","16":"first","17":"instock","18":"purchasable","19":"product-type-simple"},"acf":[],"_links":{"self":[{"href":"https:\/\/whitepowder.se\/en\/wp-json\/wp\/v2\/product\/20452","targetHints":{"allow":["GET"]}}],"collection":[{"href":"https:\/\/whitepowder.se\/en\/wp-json\/wp\/v2\/product"}],"about":[{"href":"https:\/\/whitepowder.se\/en\/wp-json\/wp\/v2\/types\/product"}],"replies":[{"embeddable":true,"href":"https:\/\/whitepowder.se\/en\/wp-json\/wp\/v2\/comments?post=20452"}],"wp:featuredmedia":[{"embeddable":true,"href":"https:\/\/whitepowder.se\/en\/wp-json\/wp\/v2\/media\/20285"}],"wp:attachment":[{"href":"https:\/\/whitepowder.se\/en\/wp-json\/wp\/v2\/media?parent=20452"}],"wp:term":[{"taxonomy":"demonterat-fordon","embeddable":true,"href":"https:\/\/whitepowder.se\/en\/wp-json\/wp\/v2\/demonterat-fordon?post=20452"},{"taxonomy":"fordons-typ","embeddable":true,"href":"https:\/\/whitepowder.se\/en\/wp-json\/wp\/v2\/fordons-typ?post=20452"},{"taxonomy":"make","embeddable":true,"href":"https:\/\/whitepowder.se\/en\/wp-json\/wp\/v2\/make?post=20452"},{"taxonomy":"parts-filter","embeddable":true,"href":"https:\/\/whitepowder.se\/en\/wp-json\/wp\/v2\/parts-filter?post=20452"},{"taxonomy":"prod-typ","embeddable":true,"href":"https:\/\/whitepowder.se\/en\/wp-json\/wp\/v2\/prod-typ?post=20452"},{"taxonomy":"tillverkare","embeddable":true,"href":"https:\/\/whitepowder.se\/en\/wp-json\/wp\/v2\/tillverkare?post=20452"},{"taxonomy":"product_brand","embeddable":true,"href":"https:\/\/whitepowder.se\/en\/wp-json\/wp\/v2\/product_brand?post=20452"},{"taxonomy":"product_cat","embeddable":true,"href":"https:\/\/whitepowder.se\/en\/wp-json\/wp\/v2\/product_cat?post=20452"},{"taxonomy":"product_tag","embeddable":true,"href":"https:\/\/whitepowder.se\/en\/wp-json\/wp\/v2\/product_tag?post=20452"}],"curies":[{"name":"wp","href":"https:\/\/api.w.org\/{rel}","templated":true}]}}