{"id":21074,"date":"2025-02-22T16:59:42","date_gmt":"2025-02-22T15:59:42","guid":{"rendered":"https:\/\/whitepowder.se\/?post_type=product&#038;p=21074"},"modified":"2025-02-22T16:59:43","modified_gmt":"2025-02-22T15:59:43","slug":"polaris-1018508-variator-skydd-2","status":"publish","type":"product","link":"https:\/\/whitepowder.se\/en\/polaris-1018508-variator-skydd-2\/","title":{"rendered":"Polaris 1018508 &#8211; Variator Skydd"},"content":{"rendered":"<p>Polaris 1018508 &#8211; Variator Skydd<\/p>\n<p>Belt Guard Assembly \/ Variator skydd<\/p>\n<p>* Anm\u00e4rkning: Sprick bildning alu pl\u00e5t b\u00e5da sidor<\/p>","protected":false},"excerpt":{"rendered":"<p>Polaris 1018508 Sitter Original p\u00e5 :<\/p>\n<p>2019-2020 600 INDY 121<\/p>\n<p>2018 600 Indy SP<\/p>\n<p>2018 600 Indy<\/p>\n<p>2016 800 SWITCHBACK ASSAULT 144 LTD<\/p>\n<p>2016 600 INDY SP TD<\/p>\n<p>2015-2016 600 INDY VOYAGEUR 144<\/p>\n<p>2015 800 SWITCHBACK ASSAULT 144 2.0<\/p>\n<p>2015 800 RMK 163<\/p>\n<p>2015 600 SWITCHBACK ASSAULT<\/p>\n<p>2014-2016 800 INDY SP<\/p>\n<p>2014-2016 600 SWITCHBACK ASSAULT 144<\/p>\n<p>2014 800 SWITCHBACK ADVENTURE<\/p>\n<p>2014 600 INDY VOYAGER<\/p>\n<p>2014 600 INDY ES<\/p>\n<p>2013-2017 600 INDY SP<\/p>\n<p>2013-2017 600 INDY<\/p>\n<p>2013-2016 800 SWITCHBACK ASSAULT 144<\/p>\n<p>2013-2016 800 RMK 155<\/p>\n<p>2013-2016 600 RMK 155<\/p>\n<p>2013-2016 600 RMK 144<\/p>\n<p>2013-2015 800 RMK ASSAULT 155<\/p>\n<p>2013-2015 800 PRO RMK 163<\/p>\n<p>2013-2015 800 PRO RMK 155<\/p>\n<p>2013-2015 600 PRO RMK 155<\/p>\n<p>2013-2014 800 SWITCHBACK PRO-R<\/p>\n<p>2013-2014 800 SWITCHBACK<\/p>\n<p>2013-2014 800 RUSH PRO-R<\/p>\n<p>2013-2014 600 SWITCHBACK PRO-R<\/p>\n<p>2013-2014 600 SWITCHBACK ADVENTURE<\/p>\n<p>2013-2014 600 SWITCHBACK<\/p>\n<p>2013-2014 600 RUSH PRO-R<\/p>\n<p>2013 800 SWITCHBACK ES<\/p>\n<p>2013 800 RUSH ES<\/p>\n<p>2013 800 RUSH<\/p>\n<p>2013 600 SWITCHBACK ES<\/p>\n<p>2013 600 RUSH ES<\/p>\n<p>2013 600 RUSH<\/p>","protected":false},"featured_media":20915,"comment_status":"open","ping_status":"closed","template":"","meta":{"_acf_changed":false},"demonterat-fordon":[],"fordons-typ":[641],"make":[636],"parts-filter":[659],"prod-typ":[715],"tillverkare":[865],"product_brand":[],"product_cat":[140],"product_tag":[],"class_list":{"0":"post-21074","1":"product","2":"type-product","3":"status-publish","4":"has-post-thumbnail","6":"fordons-typ-sno","7":"make-polaris","8":"parts-filter-pro-ride","9":"prod-typ-beg","10":"tillverkare-polaris","11":"product_cat-variator-skydd","13":"first","14":"instock","15":"purchasable","16":"product-type-simple"},"acf":[],"_links":{"self":[{"href":"https:\/\/whitepowder.se\/en\/wp-json\/wp\/v2\/product\/21074","targetHints":{"allow":["GET"]}}],"collection":[{"href":"https:\/\/whitepowder.se\/en\/wp-json\/wp\/v2\/product"}],"about":[{"href":"https:\/\/whitepowder.se\/en\/wp-json\/wp\/v2\/types\/product"}],"replies":[{"embeddable":true,"href":"https:\/\/whitepowder.se\/en\/wp-json\/wp\/v2\/comments?post=21074"}],"wp:featuredmedia":[{"embeddable":true,"href":"https:\/\/whitepowder.se\/en\/wp-json\/wp\/v2\/media\/20915"}],"wp:attachment":[{"href":"https:\/\/whitepowder.se\/en\/wp-json\/wp\/v2\/media?parent=21074"}],"wp:term":[{"taxonomy":"demonterat-fordon","embeddable":true,"href":"https:\/\/whitepowder.se\/en\/wp-json\/wp\/v2\/demonterat-fordon?post=21074"},{"taxonomy":"fordons-typ","embeddable":true,"href":"https:\/\/whitepowder.se\/en\/wp-json\/wp\/v2\/fordons-typ?post=21074"},{"taxonomy":"make","embeddable":true,"href":"https:\/\/whitepowder.se\/en\/wp-json\/wp\/v2\/make?post=21074"},{"taxonomy":"parts-filter","embeddable":true,"href":"https:\/\/whitepowder.se\/en\/wp-json\/wp\/v2\/parts-filter?post=21074"},{"taxonomy":"prod-typ","embeddable":true,"href":"https:\/\/whitepowder.se\/en\/wp-json\/wp\/v2\/prod-typ?post=21074"},{"taxonomy":"tillverkare","embeddable":true,"href":"https:\/\/whitepowder.se\/en\/wp-json\/wp\/v2\/tillverkare?post=21074"},{"taxonomy":"product_brand","embeddable":true,"href":"https:\/\/whitepowder.se\/en\/wp-json\/wp\/v2\/product_brand?post=21074"},{"taxonomy":"product_cat","embeddable":true,"href":"https:\/\/whitepowder.se\/en\/wp-json\/wp\/v2\/product_cat?post=21074"},{"taxonomy":"product_tag","embeddable":true,"href":"https:\/\/whitepowder.se\/en\/wp-json\/wp\/v2\/product_tag?post=21074"}],"curies":[{"name":"wp","href":"https:\/\/api.w.org\/{rel}","templated":true}]}}