{"id":21117,"date":"2025-02-22T16:59:15","date_gmt":"2025-02-22T15:59:15","guid":{"rendered":"https:\/\/whitepowder.se\/?post_type=product&#038;p=21117"},"modified":"2025-02-22T16:59:16","modified_gmt":"2025-02-22T15:59:16","slug":"polaris-5252737-04-alu-plat-under-sek-axel","status":"publish","type":"product","link":"https:\/\/whitepowder.se\/en\/polaris-5252737-04-alu-plat-under-sek-axel\/","title":{"rendered":"Polaris 5252737-04 &#8211; Alu pl\u00e5t under Sek axel"},"content":{"rendered":"<p>Polaris 5252737-04 &#8211; Alu pl\u00e5t under Sek axel<\/p>\n<p>Alu pl\u00e5t som sitter under sekund\u00e4r axeln popnitat i bandtunneln.<br \/>\nhar suttit p\u00e5:polaris pro ride pro rmk 155&#8243; 800cc 2014<\/p>","protected":false},"excerpt":{"rendered":"<p>Polaris 5252737-04 &#8211; Alu pl\u00e5t under Sek axel Alu pl\u00e5t som sitter under sekund\u00e4r axeln popnitat i bandtunneln. har suttit p\u00e5:polaris pro ride pro rmk 155&#8243; 800cc 2014<\/p>","protected":false},"featured_media":20735,"comment_status":"open","ping_status":"closed","template":"","meta":{"_acf_changed":false},"demonterat-fordon":[],"fordons-typ":[641],"make":[636],"parts-filter":[659],"prod-typ":[715],"tillverkare":[865],"product_brand":[],"product_cat":[137],"product_tag":[],"class_list":{"0":"post-21117","1":"product","2":"type-product","3":"status-publish","4":"has-post-thumbnail","6":"fordons-typ-sno","7":"make-polaris","8":"parts-filter-pro-ride","9":"prod-typ-beg","10":"tillverkare-polaris","11":"product_cat-chassi-delar","13":"first","14":"instock","15":"purchasable","16":"product-type-simple"},"acf":[],"_links":{"self":[{"href":"https:\/\/whitepowder.se\/en\/wp-json\/wp\/v2\/product\/21117","targetHints":{"allow":["GET"]}}],"collection":[{"href":"https:\/\/whitepowder.se\/en\/wp-json\/wp\/v2\/product"}],"about":[{"href":"https:\/\/whitepowder.se\/en\/wp-json\/wp\/v2\/types\/product"}],"replies":[{"embeddable":true,"href":"https:\/\/whitepowder.se\/en\/wp-json\/wp\/v2\/comments?post=21117"}],"wp:featuredmedia":[{"embeddable":true,"href":"https:\/\/whitepowder.se\/en\/wp-json\/wp\/v2\/media\/20735"}],"wp:attachment":[{"href":"https:\/\/whitepowder.se\/en\/wp-json\/wp\/v2\/media?parent=21117"}],"wp:term":[{"taxonomy":"demonterat-fordon","embeddable":true,"href":"https:\/\/whitepowder.se\/en\/wp-json\/wp\/v2\/demonterat-fordon?post=21117"},{"taxonomy":"fordons-typ","embeddable":true,"href":"https:\/\/whitepowder.se\/en\/wp-json\/wp\/v2\/fordons-typ?post=21117"},{"taxonomy":"make","embeddable":true,"href":"https:\/\/whitepowder.se\/en\/wp-json\/wp\/v2\/make?post=21117"},{"taxonomy":"parts-filter","embeddable":true,"href":"https:\/\/whitepowder.se\/en\/wp-json\/wp\/v2\/parts-filter?post=21117"},{"taxonomy":"prod-typ","embeddable":true,"href":"https:\/\/whitepowder.se\/en\/wp-json\/wp\/v2\/prod-typ?post=21117"},{"taxonomy":"tillverkare","embeddable":true,"href":"https:\/\/whitepowder.se\/en\/wp-json\/wp\/v2\/tillverkare?post=21117"},{"taxonomy":"product_brand","embeddable":true,"href":"https:\/\/whitepowder.se\/en\/wp-json\/wp\/v2\/product_brand?post=21117"},{"taxonomy":"product_cat","embeddable":true,"href":"https:\/\/whitepowder.se\/en\/wp-json\/wp\/v2\/product_cat?post=21117"},{"taxonomy":"product_tag","embeddable":true,"href":"https:\/\/whitepowder.se\/en\/wp-json\/wp\/v2\/product_tag?post=21117"}],"curies":[{"name":"wp","href":"https:\/\/api.w.org\/{rel}","templated":true}]}}