{"id":21127,"date":"2025-02-22T17:13:45","date_gmt":"2025-02-22T16:13:45","guid":{"rendered":"https:\/\/whitepowder.se\/?post_type=product&#038;p=21127"},"modified":"2025-02-22T17:13:46","modified_gmt":"2025-02-22T16:13:46","slug":"polaris-5337767-bumper-front-lower-elite","status":"publish","type":"product","link":"https:\/\/whitepowder.se\/en\/polaris-5337767-bumper-front-lower-elite\/","title":{"rendered":"Polaris 5337767 &#8211; BUMPER, FRONT, LOWER- Elite"},"content":{"rendered":"<p>Polaris 5337767 &#8211; BUMPER, FRONT, LOWER- Elite<\/p>\n<p>Stag under fr\u00e4mre st\u00f6tf\u00e5ngare \/ elite bumper<\/p>","protected":false},"excerpt":{"rendered":"<p>Polaris 5337767 Sitter Original p\u00e5 :<\/p>\n<p>2023-2025 ProStar S4 TITAN Adventure 155<\/p>\n<p>2022-2023, 2019 800 TITAN Adventure 155<\/p>\n<p>2022 850 RMK KHAOS AXYS 165 2.75&#8243;<\/p>\n<p>2022 850 PRO RMK AXYS 165 2.75&#8243;<\/p>\n<p>2022 850 PRO RMK AXYS 163 3&#8243;<\/p>\n<p>2022 850 PRO RMK AXYS 155 3&#8243;<\/p>\n<p>2022 850 PRO RMK AXYS 155 2.75&#8243;<\/p>\n<p>2021, 2019 850 Switchback XCR<\/p>\n<p>2021-2022, 2019 800 TITAN XC 155<\/p>\n<p>2021 850 PRO-RMK QD2 174 3&#8243;<\/p>\n<p>2021 850 PRO-RMK QD2 165 2.75&#8243;<\/p>\n<p>2021 850 PRO-RMK QD2 163 3&#8243;<\/p>\n<p>2020, 2018 800 Switchback XCR<\/p>\n<p>2020-2022 600 INDY SP 137<\/p>\n<p>2020-2021 850 INDY XCR 129<\/p>\n<p>2020-2021 600 INDY XCR 129<\/p>\n<p>2020 800 RMK KHAOS 155 3&#8243;<\/p>\n<p>2020 800 RMK KHAOS 155<\/p>\n<p>2020 800 INDY XCR 129<\/p>\n<p>2020 800 INDY XC 137<\/p>\n<p>2019, 2017 600 RUSH XCR<\/p>\n<p>2019, 2016-2017 600 PRO-RMK 155<\/p>\n<p>2019, 2015-2017 600 RUSH PRO-S<\/p>\n<p>2019-2022 600 INDY SP 129<\/p>\n<p>2019-2021, 2017 600 Switchback PRO-S<\/p>\n<p>2019-2021 850 Switchback PRO-S<\/p>\n<p>2019-2021 850 PRO-RMK 163<\/p>\n<p>2019-2020, 2017 800 Switchback PRO-S<\/p>\n<p>2019-2020, 2017 800 PRO-RMK 163<\/p>\n<p>2019-2020, 2015-2017 800 RUSH PRO-S<\/p>\n<p>2019-2020 850 RUSH PRO-S<\/p>\n<p>2019-2020 850 PRO-RMK 174<\/p>\n<p>2019-2020 800 PRO-RMK 174<\/p>\n<p>2019-2020 800 PRO-RMK 163 3&#8243;<\/p>\n<p>2019-2020 800 PRO-RMK 155 3&#8243;<\/p>\n<p>2019-2020 800 PRO-RMK 155<\/p>\n<p>2019-2020 800 INDY XC 129<\/p>\n<p>2019 850 Switchback Assault 144<\/p>\n<p>2019 850 SKS 155<\/p>\n<p>2019 850 SKS 146<\/p>\n<p>2019 850 RUSH XCR<\/p>\n<p>2019 850 PRO-RMK 163 3&#8243;<\/p>\n<p>2019 850 PRO-RMK 155 3&#8243;<\/p>\n<p>2019 850 PRO-RMK 155<\/p>\n<p>2019 850 INDY XC 129<\/p>\n<p>2019 800 TITAN SP 155<\/p>\n<p>2019 600 Switchback SP 144 ES<\/p>\n<p>2019 600 INDY XC 129<\/p>\n<p>2018-2021 600 Switchback XCR<\/p>\n<p>2018-2020 800 SKS 155<\/p>\n<p>2018-2020 800 SKS 146<\/p>\n<p>2018-2019 600 Voyageur 144<\/p>\n<p>2018 800 Titan XC 155<\/p>\n<p>2018 800 Titan SP 155<\/p>\n<p>2018 800 Titan Adventure 155<\/p>\n<p>2018 800 Switchback Pro-X<\/p>\n<p>2018 800 Switchback Pro-S<\/p>\n<p>2018 800 Rush XCR<\/p>\n<p>2018 800 Rush Pro-X<\/p>\n<p>2018 800 Rush Pro-S<\/p>\n<p>2018 800 Pro RMK 174 3 Inch<\/p>\n<p>2018 800 Pro RMK 163 3 Inch<\/p>\n<p>2018 800 Pro RMK 163<\/p>\n<p>2018 800 Pro RMK 155 3 Inch<\/p>\n<p>2018 600 Switchback SP 144<\/p>\n<p>2018 600 Switchback Pro-S<\/p>\n<p>2018 600 Rush XCR<\/p>\n<p>2018 600 Rush Pro-S<\/p>\n<p>2018 600 Pro RMK 155<\/p>\n<p>2017-2022 600 RMK 144<\/p>\n<p>2017-2020 800 Switchback Assault 144<\/p>\n<p>2017-2019 800 Switchback Adventure<\/p>\n<p>2017-2019 800 RMK Assault 155<\/p>\n<p>2017-2019 600 Switchback Assault 144<\/p>\n<p>2017-2019 600 Switchback Adventure<\/p>\n<p>2017-2018 800 Pro RMK 155<\/p>\n<p>2017 800 SWITCHBACK PRO-S &#8211; LE 60TH<\/p>\n<p>2017 800 Switchback Assault 144 2.0<\/p>\n<p>2017 800 RUSH XCR<\/p>\n<p>2017 800 RMK SKS<\/p>\n<p>2017 800 RMK Assault 155 Powder<\/p>\n<p>2017 800 PRO-RMK 163 3&#8243; LE<\/p>\n<p>2017 800 PRO RMK 155 LE<\/p>\n<p>2017 600 VOYAGEUR 144<\/p>\n<p>2017 600 SWITCHBACK SP 144<\/p>\n<p>2017 600 Switchback Assault 144 2.0<\/p>\n<p>2016-2017 800 Switchback PRO-X<\/p>\n<p>2016-2017 800 RMK Assault 155 3 Inch<\/p>\n<p>2016-2017 800 PRO-RMK 163 3 Inch<\/p>\n<p>2016-2017 800 Pro-RMK 155 3 inch<\/p>\n<p>2016 800 SWITCHBACK ADVENTURE<\/p>\n<p>2016 800 RMK SKS 155<\/p>\n<p>2016 800 RMK ASSAULT 155 POWDER<\/p>\n<p>2016 800 RMK ASSAULT 155<\/p>\n<p>2016 800 PRO RMK 163<\/p>\n<p>2016 800 PRO RMK 155<\/p>\n<p>2016 600 PRO RMK 163<\/p>\n<p>2015-2017 800 RUSH PRO-X<\/p>\n<p>2015-2016 800 SWITCHBACK PRO-S<\/p>\n<p>2015-2016 600 SWITCHBACK PRO-S<\/p>\n<p>2015-2016 600 SWITCHBACK ADVENTURE<\/p>\n<p>2015 800 SWITCHBACK PRO-X<\/p>","protected":false},"featured_media":20791,"comment_status":"open","ping_status":"closed","template":"","meta":{"_acf_changed":false},"demonterat-fordon":[],"fordons-typ":[641],"make":[636],"parts-filter":[658],"prod-typ":[715],"tillverkare":[865],"product_brand":[],"product_cat":[131],"product_tag":[],"class_list":{"0":"post-21127","1":"product","2":"type-product","3":"status-publish","4":"has-post-thumbnail","6":"fordons-typ-sno","7":"make-polaris","8":"parts-filter-axys","9":"prod-typ-beg","10":"tillverkare-polaris","11":"product_cat-front-bumper","13":"first","14":"instock","15":"purchasable","16":"product-type-simple"},"acf":[],"_links":{"self":[{"href":"https:\/\/whitepowder.se\/en\/wp-json\/wp\/v2\/product\/21127","targetHints":{"allow":["GET"]}}],"collection":[{"href":"https:\/\/whitepowder.se\/en\/wp-json\/wp\/v2\/product"}],"about":[{"href":"https:\/\/whitepowder.se\/en\/wp-json\/wp\/v2\/types\/product"}],"replies":[{"embeddable":true,"href":"https:\/\/whitepowder.se\/en\/wp-json\/wp\/v2\/comments?post=21127"}],"wp:featuredmedia":[{"embeddable":true,"href":"https:\/\/whitepowder.se\/en\/wp-json\/wp\/v2\/media\/20791"}],"wp:attachment":[{"href":"https:\/\/whitepowder.se\/en\/wp-json\/wp\/v2\/media?parent=21127"}],"wp:term":[{"taxonomy":"demonterat-fordon","embeddable":true,"href":"https:\/\/whitepowder.se\/en\/wp-json\/wp\/v2\/demonterat-fordon?post=21127"},{"taxonomy":"fordons-typ","embeddable":true,"href":"https:\/\/whitepowder.se\/en\/wp-json\/wp\/v2\/fordons-typ?post=21127"},{"taxonomy":"make","embeddable":true,"href":"https:\/\/whitepowder.se\/en\/wp-json\/wp\/v2\/make?post=21127"},{"taxonomy":"parts-filter","embeddable":true,"href":"https:\/\/whitepowder.se\/en\/wp-json\/wp\/v2\/parts-filter?post=21127"},{"taxonomy":"prod-typ","embeddable":true,"href":"https:\/\/whitepowder.se\/en\/wp-json\/wp\/v2\/prod-typ?post=21127"},{"taxonomy":"tillverkare","embeddable":true,"href":"https:\/\/whitepowder.se\/en\/wp-json\/wp\/v2\/tillverkare?post=21127"},{"taxonomy":"product_brand","embeddable":true,"href":"https:\/\/whitepowder.se\/en\/wp-json\/wp\/v2\/product_brand?post=21127"},{"taxonomy":"product_cat","embeddable":true,"href":"https:\/\/whitepowder.se\/en\/wp-json\/wp\/v2\/product_cat?post=21127"},{"taxonomy":"product_tag","embeddable":true,"href":"https:\/\/whitepowder.se\/en\/wp-json\/wp\/v2\/product_tag?post=21127"}],"curies":[{"name":"wp","href":"https:\/\/api.w.org\/{rel}","templated":true}]}}