{"id":21637,"date":"2025-09-08T20:55:53","date_gmt":"2025-09-08T18:55:53","guid":{"rendered":"https:\/\/whitepowder.se\/?post_type=product&#038;p=21637"},"modified":"2025-12-10T08:22:17","modified_gmt":"2025-12-10T07:22:17","slug":"polaris-2520288-edge-touring-bransle-tank","status":"publish","type":"product","link":"https:\/\/whitepowder.se\/en\/polaris-2520288-edge-touring-bransle-tank\/","title":{"rendered":"Polaris 2520288 &#8211; Edge Touring Br\u00e4nsle Tank"},"content":{"rendered":"<p>Polaris 2520288 &#8211; Edge Touring Br\u00e4nsle Tank<\/p>\n<p>2520288  asm., fuel tank, edge, touring | [incl. 2, 13-20]<br \/>\n2410352 sender, fuel, lh &#8211; tank armatur givare br\u00e4nsle m\u00e4ngd,.<\/p>\n<p>1x 8mm slang anslutning i framkant av tanken,.<\/p>\n<p>Ny Polaris OEM , Original tank<\/p>","protected":false},"excerpt":{"rendered":"<p>Polaris 2520288 Sitter Original p\u00e5 :<\/p>\n<p>POLARIS 2003 700 800 CLASSIC TOURING S03NT7CS S03NT8CS GAS TANK<br \/>\npolaris 700 800 classic touring s03nt7cs s03nt8cs -2003<\/p>\n<p>POLARIS 2004 600 700 800 CLASSIC TOURING INT L S04NT6ES EE GAS TANK S04NT6ES 6EE 7CS 7CE 8CS 8CE<br \/>\npolaris 600 700 800 classic touring int l s04nt6es ee -2004<\/p>\n<p>POLARIS 2005 600 800 EDGE TOURING S05NT6ESA GAS TANK 6EEA 6ESB 6EEB 8CS 8CE<br \/>\npolaris 600 800 edge touring s05nt6esa -2005<\/p>\n<p>POLARIS 2006 600 EDGE TOURING S06NT6ES FUEL SYSTEM<br \/>\npolaris 600 edge touring s06nt6es -2006<\/p>\n<p>Passar \u00e4ven s\u00e4kert fler EDGE modeller \u00e4n dom som den satt p\u00e5 original.<\/p>","protected":false},"featured_media":21531,"comment_status":"open","ping_status":"closed","template":"","meta":{"_acf_changed":false},"demonterat-fordon":[],"fordons-typ":[641],"make":[636],"parts-filter":[661],"prod-typ":[716],"tillverkare":[865],"product_brand":[],"product_cat":[78],"product_tag":[],"class_list":{"0":"post-21637","1":"product","2":"type-product","3":"status-publish","4":"has-post-thumbnail","6":"fordons-typ-sno","7":"make-polaris","8":"parts-filter-edge","9":"prod-typ-nos","10":"tillverkare-polaris","11":"product_cat-tank","13":"first","14":"instock","15":"purchasable","16":"product-type-simple"},"acf":[],"_links":{"self":[{"href":"https:\/\/whitepowder.se\/en\/wp-json\/wp\/v2\/product\/21637","targetHints":{"allow":["GET"]}}],"collection":[{"href":"https:\/\/whitepowder.se\/en\/wp-json\/wp\/v2\/product"}],"about":[{"href":"https:\/\/whitepowder.se\/en\/wp-json\/wp\/v2\/types\/product"}],"replies":[{"embeddable":true,"href":"https:\/\/whitepowder.se\/en\/wp-json\/wp\/v2\/comments?post=21637"}],"wp:featuredmedia":[{"embeddable":true,"href":"https:\/\/whitepowder.se\/en\/wp-json\/wp\/v2\/media\/21531"}],"wp:attachment":[{"href":"https:\/\/whitepowder.se\/en\/wp-json\/wp\/v2\/media?parent=21637"}],"wp:term":[{"taxonomy":"demonterat-fordon","embeddable":true,"href":"https:\/\/whitepowder.se\/en\/wp-json\/wp\/v2\/demonterat-fordon?post=21637"},{"taxonomy":"fordons-typ","embeddable":true,"href":"https:\/\/whitepowder.se\/en\/wp-json\/wp\/v2\/fordons-typ?post=21637"},{"taxonomy":"make","embeddable":true,"href":"https:\/\/whitepowder.se\/en\/wp-json\/wp\/v2\/make?post=21637"},{"taxonomy":"parts-filter","embeddable":true,"href":"https:\/\/whitepowder.se\/en\/wp-json\/wp\/v2\/parts-filter?post=21637"},{"taxonomy":"prod-typ","embeddable":true,"href":"https:\/\/whitepowder.se\/en\/wp-json\/wp\/v2\/prod-typ?post=21637"},{"taxonomy":"tillverkare","embeddable":true,"href":"https:\/\/whitepowder.se\/en\/wp-json\/wp\/v2\/tillverkare?post=21637"},{"taxonomy":"product_brand","embeddable":true,"href":"https:\/\/whitepowder.se\/en\/wp-json\/wp\/v2\/product_brand?post=21637"},{"taxonomy":"product_cat","embeddable":true,"href":"https:\/\/whitepowder.se\/en\/wp-json\/wp\/v2\/product_cat?post=21637"},{"taxonomy":"product_tag","embeddable":true,"href":"https:\/\/whitepowder.se\/en\/wp-json\/wp\/v2\/product_tag?post=21637"}],"curies":[{"name":"wp","href":"https:\/\/api.w.org\/{rel}","templated":true}]}}