{"id":21664,"date":"2025-09-08T20:56:16","date_gmt":"2025-09-08T18:56:16","guid":{"rendered":"https:\/\/whitepowder.se\/?post_type=product&#038;p=21664"},"modified":"2026-03-23T08:29:24","modified_gmt":"2026-03-23T07:29:24","slug":"polaris-verktyg-lackagetest-tanklock","status":"publish","type":"product","link":"https:\/\/whitepowder.se\/en\/polaris-verktyg-lackagetest-tanklock\/","title":{"rendered":"Polaris Verktyg L\u00e4ckagetest Tanklock"},"content":{"rendered":"<p>Polaris Verktyg L\u00e4ckagetest Tanklock<\/p>\n<p>Verktyg f\u00f6r l\u00e4ckagetestning av tanklock<\/p>\n<p>vanligt f\u00f6rekommande fel \u00e4r l\u00e4ckage av br\u00e4nsle ur tanklocket med detta verktyg kan du snabbt se om tanklocket \u00e4r t\u00e4tt utan att beh\u00f6va v\u00e4nda skotern upp och ner.<\/p>\n<p>skruva p\u00e5 tanklocket och fyll beh\u00e5llaren med vatten \u00e4r tanklocket helt rinner vattnet inte ut.<\/p>\n<p>funkar med polaris tanklock p\/n:<br \/>\n2520296<br \/>\n2520815<br \/>\n5435534<br \/>\n5450390<br \/>\nm.m.<\/p>","protected":false},"excerpt":{"rendered":"<p>Funkar med Polaris tanklock p\/n:<br \/>\n2520296<br \/>\n2520815<br \/>\n5435534<br \/>\n5450390<br \/>\nm.m.<\/p>","protected":false},"featured_media":21626,"comment_status":"open","ping_status":"closed","template":"","meta":{"_acf_changed":false},"demonterat-fordon":[],"fordons-typ":[641],"make":[636],"parts-filter":[658,689,660,950,659],"prod-typ":[716],"tillverkare":[865],"product_brand":[],"product_cat":[1003,269],"product_tag":[],"class_list":{"0":"post-21664","1":"product","2":"type-product","3":"status-publish","4":"has-post-thumbnail","6":"fordons-typ-sno","7":"make-polaris","8":"parts-filter-axys","9":"parts-filter-iq-chassie","10":"parts-filter-iq-r-rr","11":"parts-filter-matryx","12":"parts-filter-pro-ride","13":"prod-typ-nos","14":"tillverkare-polaris","15":"product_cat-tanklock","16":"product_cat-special-verktyg","18":"first","19":"instock","20":"purchasable","21":"product-type-simple"},"acf":[],"_links":{"self":[{"href":"https:\/\/whitepowder.se\/en\/wp-json\/wp\/v2\/product\/21664","targetHints":{"allow":["GET"]}}],"collection":[{"href":"https:\/\/whitepowder.se\/en\/wp-json\/wp\/v2\/product"}],"about":[{"href":"https:\/\/whitepowder.se\/en\/wp-json\/wp\/v2\/types\/product"}],"replies":[{"embeddable":true,"href":"https:\/\/whitepowder.se\/en\/wp-json\/wp\/v2\/comments?post=21664"}],"wp:featuredmedia":[{"embeddable":true,"href":"https:\/\/whitepowder.se\/en\/wp-json\/wp\/v2\/media\/21626"}],"wp:attachment":[{"href":"https:\/\/whitepowder.se\/en\/wp-json\/wp\/v2\/media?parent=21664"}],"wp:term":[{"taxonomy":"demonterat-fordon","embeddable":true,"href":"https:\/\/whitepowder.se\/en\/wp-json\/wp\/v2\/demonterat-fordon?post=21664"},{"taxonomy":"fordons-typ","embeddable":true,"href":"https:\/\/whitepowder.se\/en\/wp-json\/wp\/v2\/fordons-typ?post=21664"},{"taxonomy":"make","embeddable":true,"href":"https:\/\/whitepowder.se\/en\/wp-json\/wp\/v2\/make?post=21664"},{"taxonomy":"parts-filter","embeddable":true,"href":"https:\/\/whitepowder.se\/en\/wp-json\/wp\/v2\/parts-filter?post=21664"},{"taxonomy":"prod-typ","embeddable":true,"href":"https:\/\/whitepowder.se\/en\/wp-json\/wp\/v2\/prod-typ?post=21664"},{"taxonomy":"tillverkare","embeddable":true,"href":"https:\/\/whitepowder.se\/en\/wp-json\/wp\/v2\/tillverkare?post=21664"},{"taxonomy":"product_brand","embeddable":true,"href":"https:\/\/whitepowder.se\/en\/wp-json\/wp\/v2\/product_brand?post=21664"},{"taxonomy":"product_cat","embeddable":true,"href":"https:\/\/whitepowder.se\/en\/wp-json\/wp\/v2\/product_cat?post=21664"},{"taxonomy":"product_tag","embeddable":true,"href":"https:\/\/whitepowder.se\/en\/wp-json\/wp\/v2\/product_tag?post=21664"}],"curies":[{"name":"wp","href":"https:\/\/api.w.org\/{rel}","templated":true}]}}