{"id":22360,"date":"2025-09-26T20:24:21","date_gmt":"2025-09-26T18:24:21","guid":{"rendered":"https:\/\/whitepowder.se\/?post_type=product&#038;p=22360"},"modified":"2025-09-26T20:24:21","modified_gmt":"2025-09-26T18:24:21","slug":"polaris-1205327-tube-intake-nedre","status":"publish","type":"product","link":"https:\/\/whitepowder.se\/en\/polaris-1205327-tube-intake-nedre\/","title":{"rendered":"Polaris 1205327 &#8211; TUBE, INTAKE Nedre"},"content":{"rendered":"<p>Polaris 1205327 &#8211; TUBE, INTAKE Nedre<\/p>\n<p>Endast nedre delen som sitter mot nedre luftburken \/ air silencer<\/p>\n<p>OBS Partnumbret \u00e4r ett Assembely nummer och anv\u00e4nds fr\u00e4mst som s\u00f6kv\u00e4g och f\u00f6r Fitment, Kolla p\u00e5 bilderna f\u00f6r att se vad som ing\u00e5r.<\/p>","protected":false},"excerpt":{"rendered":"<p>Polaris 1205327 Sitter Original p\u00e5 :<\/p>\n<p>POLARIS 2016 600 AXYS PRO RMK 155 ALL OPTIONS S16EG6 ENGINE AIR INTAKE SYSTEM ALL OPTIONS<br \/>\npolaris 600 axys pro rmk 155 all options s16eg6 -2016<br \/>\nPOLARIS 2016 600 RUSH PRO S ALL OPTIONS S16DP6 ENGINE AIR INTAKE SYSTEM ALL OPTIONS<br \/>\npolaris 600 rush pro s all options s16dp6 -2016<br \/>\nPOLARIS 2016 800 AXYS PRO RMK LE 155 ALL OPTIONS S16EC8 EG8 ENGINE AIR INTAKE SYSTEM ALL OPTIONS<br \/>\npolaris 800 axys pro rmk le 155 all options s16ec8 eg8 -2016<br \/>\nPOLARIS 2016 800 AXYS PRO RMK LE 163 ALL OPTIONS S16ED8 EH8 ENGINE AIR INTAKE SYSTEM ALL OPTIONS<br \/>\npolaris 800 axys pro rmk le 163 all options s16ed8 eh8 -2016<br \/>\nPOLARIS 2016 800 AXYS SKS 155 ALL OPTIONS S16EL8PE PS PSL ENGINE AIR INTAKE SYSTEM ALL OPTIONS<br \/>\npolaris 800 axys sks 155 all options s16el8pe ps psl -2016<br \/>\nPOLARIS 2016 800 RMK ASSAULT 155 ALL OPTIONS S16EN8 EY8 ENGINE AIR INTAKE SYSTEM ALL OPTIONS<br \/>\npolaris 800 rmk assault 155 all options s16en8 ey8 -2016<br \/>\nPOLARIS 2016 800 RUSH PRO S ALL OPTIONS S16DP8 ENGINE AIR INTAKE SYSTEM ALL OPTIONS<br \/>\npolaris 800 rush pro s all options s16dp8 -2016<br \/>\nPOLARIS 2016 800 RUSH PRO X ALL OPTIONS S16DF8 ENGINE AIR INTAKE SYSTEM ALL OPTIONS<br \/>\npolaris 800 rush pro x all options s16df8 -2016<br \/>\nPOLARIS 2016 800 SWITCHBACK PRO S ALL OPTIONS S16DS8 ENGINE AIR INTAKE SYSTEM ALL OPTIONS<br \/>\npolaris 800 switchback pro s all options s16ds8 -2016<br \/>\nPOLARIS 2016 800 SWITCHBACK PRO X INTL ALL OPTIONS S16DR8 ENGINE AIR INTAKE SYSTEM ALL OPTIONS<br \/>\npolaris 800 switchback pro x intl all options s16dr8 -2016<br \/>\nPOLARIS 2017 600 AXYS PRO RMK 155 ALL OPTIONS S17EFK6 ENGINE AIR INTAKE SYSTEM ALL OPTIONS<br \/>\npolaris 600 axys pro rmk 155 all options s17efk6 -2017<br \/>\nPOLARIS 2017 600 RMK ES 144 S17EEG6PSA PSL ENGINE AIR INTAKE SYSTEM<br \/>\npolaris 600 rmk es 144 s17eeg6psa psl -2017<br \/>\nPOLARIS 2017 600 RUSH PRO S ALL OPTIONS S17DCH6 ENGINE AIR INTAKE SYSTEM ALL OPTIONS<br \/>\npolaris 600 rush pro s all options s17dch6 -2017<br \/>\nPOLARIS 2017 600 RUSH XCR INTL ES S17DCL6PSA PEL ENGINE AIR INTAKE SYSTEM<br \/>\npolaris 600 rush xcr intl es s17dcl6psa pel -2017<br \/>\nPOLARIS 2017 600 SWITCHBACK ADVENTURE S17DDE6PSL ENGINE AIR INTAKE SYSTEM<br \/>\npolaris 600 switchback adventure s17dde6psl -2017<br \/>\nPOLARIS 2017 600 SWITCHBACK ASSAULT 144 ALL OPTIONS S17EEC6 ENGINE AIR INTAKE SYSTEM ALL OPTIONS<br \/>\npolaris 600 switchback assault 144 all options s17eec6 -2017<br \/>\nPOLARIS 2017 600 SWITCHBACK PRO S ALL OPTIONS S17DDH6 ENGINE AIR INTAKE SYSTEM ALL OPTIONS<br \/>\npolaris 600 switchback pro s all options s17ddh6 -2017<br \/>\nPOLARIS 2017 600 SWITCHBACK PRO X INTL S17DDJ6PEM ENGINE AIR INTAKE SYSTEM<br \/>\npolaris 600 switchback pro x intl s17ddj6pem -2017<br \/>\nPOLARIS 2017 600 SWITCHBACK SP ALL OPTIONS S17EER6 ENGINE AIR INTAKE SYSTEM ALL OPTIONS<br \/>\npolaris 600 switchback sp all options s17eer6 -2017<br \/>\nPOLARIS 2017 800 AXYS PRO RMK 163 ALL OPTIONS S17EGK8 EGM8 EGP8 ENGINE AIR INTAKE SYSTEM ALL OPTIONS<br \/>\npolaris 800 axys pro rmk 163 all options s17egk8 egm8 egp8 -2017<br \/>\nPOLARIS 2017 800 AXYS PRO RMK 174 ALL OPTIONS S17EHP8P ENGINE AIR INTAKE SYSTEM ALL OPTIONS<br \/>\npolaris 800 axys pro rmk 174 all options s17ehp8p -2017<br \/>\nPOLARIS 2017 800 AXYS PRO RMK LE 155 ALL OPTIONS S17EFK8 EFM8 EFP8 ENGINE AIR INTAKE SYSTEM ALL OPTIONS<br \/>\npolaris 800 axys pro rmk le 155 all options s17efk8 efm8 efp8 -2017<br \/>\nPOLARIS 2017 800 AXYS RMK ASSAULT 155 ALL OPTIONS S17EFN8 EFT8 ENGINE AIR INTAKE SYSTEM ALL OPTIONS<br \/>\npolaris 800 axys rmk assault 155 all options s17efn8 eft8 -2017<br \/>\nPOLARIS 2017 800 AXYS SKS 155 ALL OPTIONS S17EFS8 ENGINE AIR INTAKE SYSTEM ALL OPTIONS<br \/>\npolaris 800 axys sks 155 all options s17efs8 -2017<br \/>\nPOLARIS 2017 800 RUSH PRO S ALL OPTIONS S17DCH8 ENGINE AIR INTAKE SYSTEM ALL OPTIONS<br \/>\npolaris 800 rush pro s all options s17dch8 -2017<br \/>\nPOLARIS 2017 800 RUSH PRO X SC S17DCJ8PS ENGINE AIR INTAKE SYSTEM ALL OPTIONS<br \/>\npolaris 800 rush pro x sc s17dcj8ps -2017<br \/>\nPOLARIS 2017 800 RUSH XCR INTL ES S17DCL8PSA PEL ENGINE AIR INTAKE SYSTEM<br \/>\npolaris 800 rush xcr intl es s17dcl8psa pel -2017<br \/>\nPOLARIS 2017 800 SWITCHBACK ASSAULT 144 ALL OPTIONS S17EEC8 ENGINE AIR INTAKE SYSTEM ALL OPTIONS<br \/>\npolaris 800 switchback assault 144 all options s17eec8 -2017<br \/>\nPOLARIS 2017 800 SWITCHBACK PRO S ALL OPTIONS S17DDH8 ENGINE AIR INTAKE SYSTEM ALL OPTIONS<br \/>\npolaris 800 switchback pro s all options s17ddh8 -2017<br \/>\nPOLARIS 2017 800 SWITCHBACK PRO X INTL ALL OPTIONS S17DDJ8 ENGINE AIR INTAKE SYSTEM ALL OPTIONS<br \/>\npolaris 800 switchback pro x intl all options s17ddj8 -2017<br \/>\nPOLARIS 2018 600 AXYS PRO RMK 155 INTL SC S18EFK6PSL PSA PEB ENGINE AIR INTAKE SYSTEM S18EFK6PSL PSA PEB 600208<br \/>\npolaris 600 axys pro rmk 155 intl sc s18efk6psl psa peb -2018<br \/>\nPOLARIS 2018 600 RMK ES 144 S18EEG6PSA PSL ENGINE AIR INTAKE SYSTEM S18EEG6PSA PSL 600065<br \/>\npolaris 600 rmk es 144 s18eeg6psa psl -2018<br \/>\nPOLARIS 2018 600 RUSH PRO S ALL OPTIONS S18DCH6PS ENGINE AIR INTAKE SYSTEM ALL OPTIONS<br \/>\npolaris 600 rush pro s all options s18dch6ps -2018<br \/>\nPOLARIS 2018 600 SWITCHBACK ADVENTURE 137 ES S18DDE6PSL ENGINE AIR INTAKE SYSTEM S18DDE6PSL 600065<br \/>\npolaris 600 switchback adventure 137 es s18dde6psl -2018<br \/>\nPOLARIS 2018 600 SWITCHBACK ASSAULT 144 ALL OPTIONS S18EEC6P ENGINE AIR INTAKE SYSTEM S18EEC6P ALL OPTIONS 600065<br \/>\npolaris 600 switchback assault 144 all options s18eec6p -2018<br \/>\nPOLARIS 2018 600 SWITCHBACK PRO S ALL OPTIONS S18DDH6PS ENGINE AIR INTAKE SYSTEM ALL OPTIONS<br \/>\npolaris 600 switchback pro s all options s18ddh6ps -2018<br \/>\nPOLARIS 2018 600 SWITCHBACK SP 144 S18EER6PSA PSL PEL ENGINE AIR INTAKE SYSTEM S18EER6PSA PSL PEL 600065<br \/>\npolaris 600 switchback sp 144 s18eer6psa psl pel -2018<br \/>\nPOLARIS 2018 600 SWITCHBACK XCR INTL ALL OPTIONS S18DDL6PS PEM ENGINE AIR INTAKE SYSTEM S18DDL6PS PEM 600065<br \/>\npolaris 600 switchback xcr intl all options s18ddl6ps pem -2018<br \/>\nPOLARIS 2018 600 VOYAGEUR 144 ES INTL S18EEF6PSL PEL ENGINE AIR INTAKE SYSTEM S18EEF6PSL PEL 600065<br \/>\npolaris 600 voyageur 144 es intl s18eef6psl pel -2018<br \/>\nPOLARIS 2018 800 AXYS PRO RMK 155 ALL OPTIONS S18EFK8P EFM8P ENGINE AIR INTAKE SYSTEM S18EFK8P EFM8P ALL OPTIONS 600208<br \/>\npolaris 800 axys pro rmk 155 all options s18efk8p efm8p -2018<br \/>\nPOLARIS 2018 800 AXYS PRO RMK 163 ALL OPTIONS S18EGK8P EGM8P ENGINE AIR INTAKE SYSTEM S18EGK8P EGM8P ALL OPTIONS 600208<br \/>\npolaris 800 axys pro rmk 163 all options s18egk8p egm8p -2018<br \/>\nPOLARIS 2018 800 AXYS PRO RMK 174 3 ALL OPTIONS S18EHM8PS PEB ENGINE AIR INTAKE SYSTEM S18EHM8PS PEB ALL OPTIONS 600208<br \/>\npolaris 800 axys pro rmk 174 3 all options s18ehm8ps peb -2018<br \/>\nPOLARIS 2018 800 AXYS RMK ASSAULT 155 ALL OPTIONS S18EFT8P ENGINE AIR INTAKE SYSTEM S18EFT8P ALL OPTIONS 600208<br \/>\npolaris 800 axys rmk assault 155 all options s18eft8p -2018<br \/>\nPOLARIS 2018 800 AXYS SKS 155 ALL OPTIONS S18EFS8P ENGINE AIR INTAKE SYSTEM S18EFS8P ALL OPTIONS 600208<br \/>\npolaris 800 axys sks 155 all options s18efs8p -2018<br \/>\nPOLARIS 2018 800 RUSH PRO S ALL OPTIONS S18DCH8PS ENGINE AIR INTAKE SYSTEM ALL OPTIONS<br \/>\npolaris 800 rush pro s all options s18dch8ps -2018<br \/>\nPOLARIS 2018 800 RUSH PRO X SC SELECT S18DCJ8PS ENGINE AIR INTAKE SYSTEM S18DCJ8PS ALL OPTIONS 600065<br \/>\npolaris 800 rush pro x sc select s18dcj8ps -2018<br \/>\nPOLARIS 2018 800 SWITCHBACK ADVENTURE 137 ES S18DDE8PSL ENGINE AIR INTAKE SYSTEM S18DDE8PSL 600065<br \/>\npolaris 800 switchback adventure 137 es s18dde8psl -2018<br \/>\nPOLARIS 2018 800 SWITCHBACK ASSAULT 144 ALL OPTIONS S18EEC8P ENGINE AIR INTAKE SYSTEM S18EEC8P ALL OPTIONS 600065<br \/>\npolaris 800 switchback assault 144 all options s18eec8p -2018<br \/>\nPOLARIS 2018 800 SWITCHBACK PRO S ALL OPTIONS S18DDH8PS ENGINE AIR INTAKE SYSTEM ALL OPTIONS<br \/>\npolaris 800 switchback pro s all options s18ddh8ps -2018<br \/>\nPOLARIS 2018 800 SWITCHBACK PRO X SC SELECT S18DDJ8PS ENGINE AIR INTAKE SYSTEM S18DDJ8PS ALL OPTIONS 600065<br \/>\npolaris 800 switchback pro x sc select s18ddj8ps -2018<br \/>\nPOLARIS 2018 800 SWITCHBACK XCR INTL ALL OPTIONS S18DDL8PS PEM ENGINE AIR INTAKE SYSTEM S18DDL8PS PEM 600065<br \/>\npolaris 800 switchback xcr intl all options s18ddl8ps pem -2018<\/p>","protected":false},"featured_media":21771,"comment_status":"open","ping_status":"closed","template":"","meta":{"_acf_changed":false},"demonterat-fordon":[],"fordons-typ":[641],"make":[636],"parts-filter":[658],"prod-typ":[715],"tillverkare":[865],"product_brand":[],"product_cat":[74],"product_tag":[],"class_list":{"0":"post-22360","1":"product","2":"type-product","3":"status-publish","4":"has-post-thumbnail","6":"fordons-typ-sno","7":"make-polaris","8":"parts-filter-axys","9":"prod-typ-beg","10":"tillverkare-polaris","11":"product_cat-airbox-intake","13":"first","14":"instock","15":"purchasable","16":"product-type-simple"},"acf":[],"_links":{"self":[{"href":"https:\/\/whitepowder.se\/en\/wp-json\/wp\/v2\/product\/22360","targetHints":{"allow":["GET"]}}],"collection":[{"href":"https:\/\/whitepowder.se\/en\/wp-json\/wp\/v2\/product"}],"about":[{"href":"https:\/\/whitepowder.se\/en\/wp-json\/wp\/v2\/types\/product"}],"replies":[{"embeddable":true,"href":"https:\/\/whitepowder.se\/en\/wp-json\/wp\/v2\/comments?post=22360"}],"wp:featuredmedia":[{"embeddable":true,"href":"https:\/\/whitepowder.se\/en\/wp-json\/wp\/v2\/media\/21771"}],"wp:attachment":[{"href":"https:\/\/whitepowder.se\/en\/wp-json\/wp\/v2\/media?parent=22360"}],"wp:term":[{"taxonomy":"demonterat-fordon","embeddable":true,"href":"https:\/\/whitepowder.se\/en\/wp-json\/wp\/v2\/demonterat-fordon?post=22360"},{"taxonomy":"fordons-typ","embeddable":true,"href":"https:\/\/whitepowder.se\/en\/wp-json\/wp\/v2\/fordons-typ?post=22360"},{"taxonomy":"make","embeddable":true,"href":"https:\/\/whitepowder.se\/en\/wp-json\/wp\/v2\/make?post=22360"},{"taxonomy":"parts-filter","embeddable":true,"href":"https:\/\/whitepowder.se\/en\/wp-json\/wp\/v2\/parts-filter?post=22360"},{"taxonomy":"prod-typ","embeddable":true,"href":"https:\/\/whitepowder.se\/en\/wp-json\/wp\/v2\/prod-typ?post=22360"},{"taxonomy":"tillverkare","embeddable":true,"href":"https:\/\/whitepowder.se\/en\/wp-json\/wp\/v2\/tillverkare?post=22360"},{"taxonomy":"product_brand","embeddable":true,"href":"https:\/\/whitepowder.se\/en\/wp-json\/wp\/v2\/product_brand?post=22360"},{"taxonomy":"product_cat","embeddable":true,"href":"https:\/\/whitepowder.se\/en\/wp-json\/wp\/v2\/product_cat?post=22360"},{"taxonomy":"product_tag","embeddable":true,"href":"https:\/\/whitepowder.se\/en\/wp-json\/wp\/v2\/product_tag?post=22360"}],"curies":[{"name":"wp","href":"https:\/\/api.w.org\/{rel}","templated":true}]}}