{"id":22364,"date":"2025-09-26T20:24:06","date_gmt":"2025-09-26T18:24:06","guid":{"rendered":"https:\/\/whitepowder.se\/?post_type=product&#038;p=22364"},"modified":"2026-01-28T13:23:05","modified_gmt":"2026-01-28T12:23:05","slug":"forvaring-dryckesburk","status":"publish","type":"product","link":"https:\/\/whitepowder.se\/en\/forvaring-dryckesburk\/","title":{"rendered":"F\u00f6rvaring, Dryckesburk"},"content":{"rendered":"<p>Polaris 2632221 &#8211; Burk f\u00f6rvaring<\/p>\n<p>F\u00f6rvaring f\u00f6r dryckesburkar rymmer skrammelfritt 2st 33cl burkar.<\/p>\n<p>alt tool box<\/p>\n<p>m\u00e5tt f\u00f6r universal montering:<br \/>\nl\u00e4ngd: 23,5cm<br \/>\nbredd plattadelen 13,5cm<br \/>\ndiameter r\u00f6r yttre: 8.3cm<br \/>\ndiameter yttre lock: 9.6cm<br \/>\ncc m\u00e5tt monterings h\u00e5l: 13.1cm<br \/>\ndiameter bult h\u00e5l: 7mm<\/p>","protected":false},"excerpt":{"rendered":"<p>f\u00f6r Universal montering Passar denna produkt p\u00e5 dom fl\u00e4sta modeller och m\u00e4rken.<\/p>\n<p>Polaris 2632221 Sitter Original p\u00e5 :<\/p>\n<p>POLARIS 2001 SCRAMBLER 500 2X4 A01BA50AA ELECTRICAL TAILLIGHT<br \/>\npolaris scrambler 500 2&#215;4 a01ba50aa -2001<br \/>\nPOLARIS 2001 SCRAMBLER 500 2X4 A01BA50AB ELECTRICAL TAILLIGHT A01BA50AA<br \/>\npolaris scrambler 500 2&#215;4 a01ba50ab -2001<br \/>\nPOLARIS 2001 SCRAMBLER 500 4X4 A01BG50AA ELECTRICAL TAILLIGHT<br \/>\npolaris scrambler 500 4&#215;4 a01bg50aa -2001<br \/>\nPOLARIS 2001 SCRAMBLER 500 4X4 A01BG50AB ELECTRICAL TAILLIGHT A01BG50AA<br \/>\npolaris scrambler 500 4&#215;4 a01bg50ab -2001<br \/>\nPOLARIS 2002 SCRAMBLER 400 4X4 A02BG38CA ELECTRICAL TAILLIGHT<br \/>\npolaris scrambler 400 4&#215;4 a02bg38ca -2002<br \/>\nPOLARIS 2005 SPORTSMAN MV7 A05MH68AP TOOL KIT<br \/>\npolaris sportsman mv7 a05mh68ap -2005<\/p>","protected":false},"featured_media":21759,"comment_status":"open","ping_status":"closed","template":"","meta":{"_acf_changed":false},"demonterat-fordon":[],"fordons-typ":[642,641],"make":[627,623,624,625,634,636,635,626,722,631],"parts-filter":[],"prod-typ":[717],"tillverkare":[865],"product_brand":[],"product_cat":[318,326,902],"product_tag":[],"class_list":{"0":"post-22364","1":"product","2":"type-product","3":"status-publish","4":"has-post-thumbnail","6":"fordons-typ-atv-utv","7":"fordons-typ-sno","8":"make-arctic-cat","9":"make-can-am","10":"make-honda","11":"make-kawasaki","12":"make-lynx","13":"make-polaris","14":"make-ski-doo","15":"make-suzuki","16":"make-universaldelar","17":"make-yamaha","18":"prod-typ-ny","19":"tillverkare-polaris","20":"product_cat-body","21":"product_cat-storage","22":"product_cat-forvaring-ovrigt","24":"first","25":"instock","26":"purchasable","27":"product-type-simple"},"acf":[],"_links":{"self":[{"href":"https:\/\/whitepowder.se\/en\/wp-json\/wp\/v2\/product\/22364","targetHints":{"allow":["GET"]}}],"collection":[{"href":"https:\/\/whitepowder.se\/en\/wp-json\/wp\/v2\/product"}],"about":[{"href":"https:\/\/whitepowder.se\/en\/wp-json\/wp\/v2\/types\/product"}],"replies":[{"embeddable":true,"href":"https:\/\/whitepowder.se\/en\/wp-json\/wp\/v2\/comments?post=22364"}],"wp:featuredmedia":[{"embeddable":true,"href":"https:\/\/whitepowder.se\/en\/wp-json\/wp\/v2\/media\/21759"}],"wp:attachment":[{"href":"https:\/\/whitepowder.se\/en\/wp-json\/wp\/v2\/media?parent=22364"}],"wp:term":[{"taxonomy":"demonterat-fordon","embeddable":true,"href":"https:\/\/whitepowder.se\/en\/wp-json\/wp\/v2\/demonterat-fordon?post=22364"},{"taxonomy":"fordons-typ","embeddable":true,"href":"https:\/\/whitepowder.se\/en\/wp-json\/wp\/v2\/fordons-typ?post=22364"},{"taxonomy":"make","embeddable":true,"href":"https:\/\/whitepowder.se\/en\/wp-json\/wp\/v2\/make?post=22364"},{"taxonomy":"parts-filter","embeddable":true,"href":"https:\/\/whitepowder.se\/en\/wp-json\/wp\/v2\/parts-filter?post=22364"},{"taxonomy":"prod-typ","embeddable":true,"href":"https:\/\/whitepowder.se\/en\/wp-json\/wp\/v2\/prod-typ?post=22364"},{"taxonomy":"tillverkare","embeddable":true,"href":"https:\/\/whitepowder.se\/en\/wp-json\/wp\/v2\/tillverkare?post=22364"},{"taxonomy":"product_brand","embeddable":true,"href":"https:\/\/whitepowder.se\/en\/wp-json\/wp\/v2\/product_brand?post=22364"},{"taxonomy":"product_cat","embeddable":true,"href":"https:\/\/whitepowder.se\/en\/wp-json\/wp\/v2\/product_cat?post=22364"},{"taxonomy":"product_tag","embeddable":true,"href":"https:\/\/whitepowder.se\/en\/wp-json\/wp\/v2\/product_tag?post=22364"}],"curies":[{"name":"wp","href":"https:\/\/api.w.org\/{rel}","templated":true}]}}