{"id":22385,"date":"2025-09-26T20:28:34","date_gmt":"2025-09-26T18:28:34","guid":{"rendered":"https:\/\/whitepowder.se\/?post_type=product&#038;p=22385"},"modified":"2025-09-26T20:28:35","modified_gmt":"2025-09-26T18:28:35","slug":"polaris-2635481-buksida-lh","status":"publish","type":"product","link":"https:\/\/whitepowder.se\/en\/polaris-2635481-buksida-lh\/","title":{"rendered":"Polaris 2635481 &#8211; Buksida LH"},"content":{"rendered":"<p>Polaris 2635481 &#8211; Buksida LH<\/p>\n<p>* Anm\u00e4rkning: Sp\u00e5r av f\u00f6rvaring<\/p>","protected":false},"excerpt":{"rendered":"<p>Polaris 2635481 Sitter Original p\u00e5 :<\/p>\n<p>POLARIS 2015 600 RUSH PRO X INTL S15DF6PEL BODY FENDERS AND NOSEPAN ASM<br \/>\npolaris 600 rush pro x intl s15df6pel -2015<br \/>\nPOLARIS 2015 600 SWITCHBACK PRO X ES INTL S15DR6PEL BODY FENDERS AND NOSEPAN ASM<br \/>\npolaris 600 switchback pro x es intl s15dr6pel -2015<br \/>\nPOLARIS 2016 600 SWITCHBACK ADVENTURE INTL S16DA6PEL PSL BODY FENDERS AND NOSEPAN ASM<br \/>\npolaris 600 switchback adventure intl s16da6pel psl -2016<br \/>\nPOLARIS 2016 800 SWITCHBACK ADVENTURE INTL S16DA8PSL PEL BODY FENDERS AND NOSEPAN ASM<br \/>\npolaris 800 switchback adventure intl s16da8psl pel -2016<br \/>\nPOLARIS 2017 600 RMK ES 144 S17EEG6PSA PSL BODY FENDERS AND NOSEPAN ASM<br \/>\npolaris 600 rmk es 144 s17eeg6psa psl -2017<br \/>\nPOLARIS 2017 600 RUSH XCR INTL ES S17DCL6PSA PEL BODY FENDERS AND NOSEPAN ASM<br \/>\npolaris 600 rush xcr intl es s17dcl6psa pel -2017<br \/>\nPOLARIS 2017 600 SWITCHBACK ADVENTURE S17DDE6PSL BODY FENDERS AND NOSEPAN ASM<br \/>\npolaris 600 switchback adventure s17dde6psl -2017<br \/>\nPOLARIS 2017 600 SWITCHBACK PRO X INTL S17DDJ6PEM BODY FENDERS AND NOSEPAN ASM<br \/>\npolaris 600 switchback pro x intl s17ddj6pem -2017<br \/>\nPOLARIS 2017 600 VOYAGEUR INTL 144 S17EEF6PSL PEL BODY FENDERS AND NOSEPAN ASM<br \/>\npolaris 600 voyageur intl 144 s17eef6psl pel -2017<br \/>\nPOLARIS 2017 800 RUSH XCR INTL ES S17DCL8PSA PEL BODY FENDERS AND NOSEPAN ASM<br \/>\npolaris 800 rush xcr intl es s17dcl8psa pel -2017<br \/>\nPOLARIS 2017 800 SWITCHBACK ADVENTURE INTL S17DDE8PSL PEL BODY FENDERS AND NOSEPAN ASM<br \/>\npolaris 800 switchback adventure intl s17dde8psl pel -2017<br \/>\nPOLARIS 2018 600 RUSH XCR INTL ALL OPTIONS S18DCL6PS PEM BODY FENDERS AND NOSEPAN ASM<br \/>\npolaris 600 rush xcr intl all options s18dcl6ps pem -2018<br \/>\nPOLARIS 2018 800 RUSH XCR INTL ALL OPTIONS S18DCL8PS PEM BODY FENDERS AND NOSEPAN ASM<br \/>\npolaris 800 rush xcr intl all options s18dcl8ps pem -2018<br \/>\nPOLARIS 2020 INDY 600 129 XCR SC SELECT R02 S20EKL6PS BODY FENDERS AND NOSEPAN ASM S20EKL6PS 600071<br \/>\npolaris indy 600 129 xcr sc select r02 s20ekl6ps -2020<br \/>\nPOLARIS 2020 INDY 800 129 XCR SC SELECT R02 S20EKL8PS BODY FENDERS AND NOSEPAN ASM S20EKL8PS 600071<br \/>\npolaris indy 800 129 xcr sc select r02 s20ekl8ps -2020<br \/>\nPOLARIS 2020 INDY 850 129 XCR SC SELECT R02 S20EKL8RS BODY FENDERS AND NOSEPAN ASM S20EKL8RS ALL OPTIONS 600803<br \/>\npolaris indy 850 129 xcr sc select r02 s20ekl8rs -2020<br \/>\nPOLARIS 2020 INDY ADVENTURE 600 137 SC SELECT R01 S20EDE6PS BODY FENDERS AND NOSEPAN ASM S20EDE6PS ALL OPTIONS 600803<br \/>\npolaris indy adventure 600 137 sc select r01 s20ede6ps -2020<br \/>\nPOLARIS 2020 INDY ADVENTURE 800 137 SC SELECT ALL OPTIONS R01 S20EDE8PS BODY FENDERS AND NOSEPAN ASM S20EDE8PS ALL OPTIONS 600803<br \/>\npolaris indy adventure 800 137 sc select all options r01 s20ede8ps -2020<br \/>\nPOLARIS 2020 INDY ADVENTURE 850 137 INTL SC SELECT ALL OPTIONS R01 S20EDE8RS 8REM BODY FENDERS AND NOSEPAN ASM S20EDE8RS 8REM ALL OPTIONS 600803<br \/>\npolaris indy adventure 850 137 intl sc select all options r01 s20ede8rs 8rem -2020<br \/>\nPOLARIS 2020 INDY SP 600 129 ES R02 S20EKB6PSL BODY FENDERS AND NOSEPAN ASM S20EKB6PSL 600803<br \/>\npolaris indy sp 600 129 es r02 s20ekb6psl -2020<br \/>\nPOLARIS 2020 INDY SP 600 137 ES R01 S20EDB6PSL BODY FENDERS AND NOSEPAN ASM S20EDB6PSL 600803<br \/>\npolaris indy sp 600 137 es r01 s20edb6psl -2020<br \/>\nPOLARIS 2020 INDY XC 600 129 INTL SC SELECT ALL OPTIONS R01 S20EKP6PS 6PE BODY FENDERS AND NOSEPAN ASM S20EKP6PS 6PE 600803<br \/>\npolaris indy xc 600 129 intl sc select all options r01 s20ekp6ps 6pe -2020<br \/>\nPOLARIS 2020 INDY XC 600 137 INTL SC SELECT ALL OPTIONS R01 S20EDP6PS 6PEM BODY FENDERS AND NOSEPAN ASM S20EDP6PS 6PEM 600803<br \/>\npolaris indy xc 600 137 intl sc select all options r01 s20edp6ps 6pem -2020<br \/>\nPOLARIS 2020 INDY XC 800 129 SC SELECT R01 S20EKP8PS BODY FENDERS AND NOSEPAN ASM S20EKP8PS 600803<br \/>\npolaris indy xc 800 129 sc select r01 s20ekp8ps -2020<br \/>\nPOLARIS 2020 INDY XC 800 137 SC SELECT R01 S20EDP8PS BODY FENDERS AND NOSEPAN ASM S20EDP8PS 600803<br \/>\npolaris indy xc 800 137 sc select r01 s20edp8ps -2020<br \/>\nPOLARIS 2020 INDY XC 850 129 SC SELECT INTL S20EKP8RS 8RE BODY FENDERS AND NOSEPAN ASM S20EKP8RS 8RE 600803<br \/>\npolaris indy xc 850 129 sc select intl s20ekp8rs 8re -2020<br \/>\nPOLARIS 2020 INDY XC 850 137 SC SELECT INTL R01 S20EDP8RS 8REM BODY FENDERS AND NOSEPAN ASM S20EDP8RS 8REM 600803<br \/>\npolaris indy xc 850 137 sc select intl r01 s20edp8rs 8rem -2020<br \/>\nPOLARIS 2020 RMK 600 144 ES R01 S20EEG6PSL BODY FENDERS AND NOSEPAN ASM S20EEG6PSL 600315<br \/>\npolaris rmk 600 144 es r01 s20eeg6psl -2020<br \/>\nPOLARIS 2020 RUSH PRO S SC SELECT 600 R01 S20DCH6PS BODY FENDERS AND NOSEPAN ASM S20DCH6PS ALL OPTIONS 600803<br \/>\npolaris rush pro s sc select 600 r01 s20dch6ps -2020<br \/>\nPOLARIS 2020 RUSH PRO S SC SELECT 800 R01 S20DCH8PS BODY FENDERS AND NOSEPAN ASM S20DCH8PS ALL OPTIONS 600803<br \/>\npolaris rush pro s sc select 800 r01 s20dch8ps -2020<br \/>\nPOLARIS 2020 RUSH PRO S SC SELECT 850 R01 S20DCH8RS BODY FENDERS AND NOSEPAN ASM S20DCH8RS ALL OPTIONS 600803<br \/>\npolaris rush pro s sc select 850 r01 s20dch8rs -2020<br \/>\nPOLARIS 2020 SWITCHBACK ASSAULT 600 144 INTL SC SELECT ALL OPTIONS R01 S20EEC6PS 6PEM BODY FENDERS AND NOSEPAN ASM S20EEC6PS 6PEM ALL OPTIONS 600803<br \/>\npolaris switchback assault 600 144 intl sc select all options r01 s20eec6ps 6pem -2020<br \/>\nPOLARIS 2020 SWITCHBACK ASSAULT 800 144 SC SELECT R01 S20EEC8PS BODY FENDERS AND NOSEPAN ASM S20EEC8PS ALL OPTIONS 600803<br \/>\npolaris switchback assault 800 144 sc select r01 s20eec8ps -2020<br \/>\nPOLARIS 2020 SWITCHBACK ASSAULT 850 144 INTL SC SELECT R01 S20EEC8RS 8RE BODY FENDERS AND NOSEPAN ASM S20EEC8RS 8RE ALL OPTIONS 600803<br \/>\npolaris switchback assault 850 144 intl sc select r01 s20eec8rs 8re -2020<br \/>\nPOLARIS 2020 SWITCHBACK PRO S 800 SC SELECT ALL OPTIONS R01 S20DDH8PS BODY FENDERS AND NOSEPAN ASM S20DDH8PS ALL OPTIONS 600803<br \/>\npolaris switchback pro s 800 sc select all options r01 s20ddh8ps -2020<br \/>\nPOLARIS 2020 SWITCHBACK PRO S SC 600 SELECT ALL OPTIONS R01 S20DDH6PS BODY FENDERS AND NOSEPAN ASM S20DDH6PS ALL OPTIONS 600803<br \/>\npolaris switchback pro s sc 600 select all options r01 s20ddh6ps -2020<br \/>\nPOLARIS 2020 SWITCHBACK PRO S SC SELECT 850 ALL OPTIONS R01 S20DDH8RS BODY FENDERS AND NOSEPAN ASM S20DDH8RS ALL OPTIONS 600803<br \/>\npolaris switchback pro s sc select 850 all options r01 s20ddh8rs -2020<br \/>\nPOLARIS 2020 SWITCHBACK XCR INTL SC SELECT 850 ALL OPTIONS R01 S20DDL8RS 8REM BODY FENDERS AND NOSEPAN ASM S20DDL8RS 8REM ALL OPTIONS 600803<br \/>\npolaris switchback xcr intl sc select 850 all options r01 s20ddl8rs 8rem -2020<br \/>\nPOLARIS 2020 SWITCHBACK XCR SC SELECT 600 ALL OPTIONS R01 S20DDL6PS BODY FENDERS AND NOSEPAN ASM S20DDL6PS ALL OPTIONS 600803<br \/>\npolaris switchback xcr sc select 600 all options r01 s20ddl6ps -2020<br \/>\nPOLARIS 2020 SWITCHBACK XCR SC SELECT 800 ALL OPTIONS R01 S20DDL8PS BODY FENDERS AND NOSEPAN ASM S20DDL8PS ALL OPTIONS 600803<br \/>\npolaris switchback xcr sc select 800 all options r01 s20ddl8ps -2020<br \/>\nPOLARIS 2020 VOYAGEUR 600 144 INTL R01 S20EEF6PSL PEL BODY FENDERS AND NOSEPAN ASM S20EEF6PSL PEL 600770<br \/>\npolaris voyageur 600 144 intl r01 s20eef6psl pel -2020<br \/>\nPOLARIS 2021 600 AXYS INDY ADVENTURE 137 ALL OPTIONS R01 S21EDE6PS BODY FENDERS AND NOSEPAN ASM S21EDE6PS ALL OPTIONS 600803<br \/>\npolaris 600 axys indy adventure 137 all options r01 s21ede6ps -2021<br \/>\nPOLARIS 2021 600 AXYS INDY XC 137 ALL OPTIONS R01 S21EDP6PS BODY FENDERS AND NOSEPAN ASM S21EDP6PS ALL OPTIONS 600803<br \/>\npolaris 600 axys indy xc 137 all options r01 s21edp6ps -2021<br \/>\nPOLARIS 2021 600 AXYS SWITCHBACK ASSAULT 144 ALL OPTIONS R01 S21EEC6PS BODY FENDERS AND NOSEPAN ASM S21EEC6PS ALL OPTIONS 600803<br \/>\npolaris 600 axys switchback assault 144 all options r01 s21eec6ps -2021<br \/>\nPOLARIS 2021 600 INDY SP 137 ES R01 S21EDB6PSL BODY FENDERS AND NOSEPAN ASM S21EDB6PSL 600803<br \/>\npolaris 600 indy sp 137 es r01 s21edb6psl -2021<br \/>\nPOLARIS 2021 600 SWITCHBACK PRO S ALL OPTIONS R01 S21DDH6PS BODY FENDERS AND NOSEPAN ASM S21DDH6PS ALL OPTIONS 600803<br \/>\npolaris 600 switchback pro s all options r01 s21ddh6ps -2021<br \/>\nPOLARIS 2021 600 SWITCHBACK XCR ALL OPTIONS R01 S21DDL6PS BODY FENDERS AND NOSEPAN ASM S21DDL6PS ALL OPTIONS 600803<br \/>\npolaris 600 switchback xcr all options r01 s21ddl6ps -2021<br \/>\nPOLARIS 2021 850 AXYS INDY XC 137 ALL OPTIONS R01 S21EDP8RS BODY FENDERS AND NOSEPAN ASM S21EDP8RS ALL OPTIONS 600803<br \/>\npolaris 850 axys indy xc 137 all options r01 s21edp8rs -2021<br \/>\nPOLARIS 2021 850 INDY ADVENTURE 137 ALL OPTIONS R02 S21EDE8RS BODY FENDERS AND NOSEPAN ASM S21EDE8RS ALL OPTIONS 600803<br \/>\npolaris 850 indy adventure 137 all options r02 s21ede8rs -2021<br \/>\nPOLARIS 2021 850 SWITCHBACK PRO S ALL OPTIONS R02 S21DDH8RS BODY FENDERS AND NOSEPAN ASM S21DDH8RS ALL OPTIONS 600803<br \/>\npolaris 850 switchback pro s all options r02 s21ddh8rs -2021<br \/>\nPOLARIS 2021 850 SWITCHBACK XCR ALL OPTIONS R01 S21DDL8RS BODY FENDERS AND NOSEPAN ASM S21DDL8RS ALL OPTIONS 600803<br \/>\npolaris 850 switchback xcr all options r01 s21ddl8rs -2021<\/p>","protected":false},"featured_media":22184,"comment_status":"open","ping_status":"closed","template":"","meta":{"_acf_changed":false},"demonterat-fordon":[],"fordons-typ":[641],"make":[636],"parts-filter":[658],"prod-typ":[717],"tillverkare":[865],"product_brand":[],"product_cat":[150],"product_tag":[],"class_list":{"0":"post-22385","1":"product","2":"type-product","3":"status-publish","4":"has-post-thumbnail","6":"fordons-typ-sno","7":"make-polaris","8":"parts-filter-axys","9":"prod-typ-ny","10":"tillverkare-polaris","11":"product_cat-buk-plast","13":"first","14":"instock","15":"taxable","16":"shipping-taxable","17":"purchasable","18":"product-type-simple"},"acf":[],"_links":{"self":[{"href":"https:\/\/whitepowder.se\/en\/wp-json\/wp\/v2\/product\/22385","targetHints":{"allow":["GET"]}}],"collection":[{"href":"https:\/\/whitepowder.se\/en\/wp-json\/wp\/v2\/product"}],"about":[{"href":"https:\/\/whitepowder.se\/en\/wp-json\/wp\/v2\/types\/product"}],"replies":[{"embeddable":true,"href":"https:\/\/whitepowder.se\/en\/wp-json\/wp\/v2\/comments?post=22385"}],"wp:featuredmedia":[{"embeddable":true,"href":"https:\/\/whitepowder.se\/en\/wp-json\/wp\/v2\/media\/22184"}],"wp:attachment":[{"href":"https:\/\/whitepowder.se\/en\/wp-json\/wp\/v2\/media?parent=22385"}],"wp:term":[{"taxonomy":"demonterat-fordon","embeddable":true,"href":"https:\/\/whitepowder.se\/en\/wp-json\/wp\/v2\/demonterat-fordon?post=22385"},{"taxonomy":"fordons-typ","embeddable":true,"href":"https:\/\/whitepowder.se\/en\/wp-json\/wp\/v2\/fordons-typ?post=22385"},{"taxonomy":"make","embeddable":true,"href":"https:\/\/whitepowder.se\/en\/wp-json\/wp\/v2\/make?post=22385"},{"taxonomy":"parts-filter","embeddable":true,"href":"https:\/\/whitepowder.se\/en\/wp-json\/wp\/v2\/parts-filter?post=22385"},{"taxonomy":"prod-typ","embeddable":true,"href":"https:\/\/whitepowder.se\/en\/wp-json\/wp\/v2\/prod-typ?post=22385"},{"taxonomy":"tillverkare","embeddable":true,"href":"https:\/\/whitepowder.se\/en\/wp-json\/wp\/v2\/tillverkare?post=22385"},{"taxonomy":"product_brand","embeddable":true,"href":"https:\/\/whitepowder.se\/en\/wp-json\/wp\/v2\/product_brand?post=22385"},{"taxonomy":"product_cat","embeddable":true,"href":"https:\/\/whitepowder.se\/en\/wp-json\/wp\/v2\/product_cat?post=22385"},{"taxonomy":"product_tag","embeddable":true,"href":"https:\/\/whitepowder.se\/en\/wp-json\/wp\/v2\/product_tag?post=22385"}],"curies":[{"name":"wp","href":"https:\/\/api.w.org\/{rel}","templated":true}]}}