{"id":22403,"date":"2025-09-26T20:26:28","date_gmt":"2025-09-26T18:26:28","guid":{"rendered":"https:\/\/whitepowder.se\/?post_type=product&#038;p=22403"},"modified":"2025-09-26T20:26:28","modified_gmt":"2025-09-26T18:26:28","slug":"polaris-5437491-070-buksida-rh-8","status":"publish","type":"product","link":"https:\/\/whitepowder.se\/en\/polaris-5437491-070-buksida-rh-8\/","title":{"rendered":"Polaris 5437491-070 &#8211; Buksida RH"},"content":{"rendered":"<p>Polaris 5437491-070 &#8211; Buksida RH<\/p>\n<p>Fender, Black, RH<br \/>\ninkluderar \u00e4ven ( ut\u00f6ver assy pn 5437491-070 )<br \/>\nP\/N: 5253271 Deflector, Snow, Exhaust<\/p>\n<p>* Anm\u00e4rkning: Mindre skav &#8211; repor plast utsidan.<br \/>\nf\u00e4rdig borrat h\u00e5l f\u00f6r montering av is-rivare.<\/p>","protected":false},"excerpt":{"rendered":"<p>Polaris 5437491-070 Sitter Original p\u00e5 :<\/p>\n<p>POLARIS 2011 600 RUSH ES RETRO ES LX LX RETRO ALL OPTIONS S11BF6NS BD6NS BODY FENDERS SIDE PANELS ALL OPTIONS<br \/>\npolaris 600 rush es retro es lx lx retro all options s11bf6ns bd6ns -2011<br \/>\nPOLARIS 2011 600 RUSH PRO R ES RETRO ALL OPTIONS S11BP6 BE6 BODY FENDERS SIDE PANELS ALL OPTIONS<br \/>\npolaris 600 rush pro r es retro all options s11bp6 be6 -2011<br \/>\nPOLARIS 2011 800 RUSH ES RETRO RETRO LX RETRO ES ALL OPTIONS S11BF8 BD8 BODY FENDERS SIDE PANELS ALL OPTIONS<br \/>\npolaris 800 rush es retro retro lx retro es all options s11bf8 bd8 -2011<br \/>\nPOLARIS 2011 800 RUSH PRO R ES RETRO ALL OPTIONS S11BP8 BE8 BODY FENDERS SIDE PANELS ALL OPTIONS<br \/>\npolaris 800 rush pro r es retro all options s11bp8 be8 -2011<br \/>\nPOLARIS 2011 800 SWITCHBACK ASSAULT INTL S11CW8GSA GSB GST GEA BODY FENDERS SIDE PANELS<br \/>\npolaris 800 switchback assault intl s11cw8gsa gsb gst gea -2011<br \/>\nPOLARIS 2012 600 RUSH ES S12BF6NSA NSL BODY FENDERS SIDE PANELS<br \/>\npolaris 600 rush es s12bf6nsa nsl -2012<br \/>\nPOLARIS 2012 600 RUSH PRO R SC SP ES INTL ALL OPTIONS S12BP6 BODY FENDERS SIDE PANELS ALL OPTIONS<br \/>\npolaris 600 rush pro r sc sp es intl all options s12bp6 -2012<br \/>\nPOLARIS 2012 600 SWITCHBACK ADVENTURE S12BA6NSL BODY FENDERS SIDE PANELS<br \/>\npolaris 600 switchback adventure s12ba6nsl -2012<br \/>\nPOLARIS 2012 600 SWITCHBACK ES S12BR6NSA NSL BODY FENDERS SIDE PANELS<br \/>\npolaris 600 switchback es s12br6nsa nsl -2012<br \/>\nPOLARIS 2012 600 SWITCHBACK PRO R S12BS6NSA NSB NSC NSL NSM NSP NEL BODY FENDERS SIDE PANELS<br \/>\npolaris 600 switchback pro r s12bs6nsa nsb nsc nsl nsm nsp nel -2012<br \/>\nPOLARIS 2012 800 RUSH ES S12BF8GSA GSL BODY FENDERS SIDE PANELS<br \/>\npolaris 800 rush es s12bf8gsa gsl -2012<br \/>\nPOLARIS 2012 800 RUSH PRO R ALL OPTIONS S12BP8 BV8 BODY FENDERS SIDE PANELS ALL OPTIONS<br \/>\npolaris 800 rush pro r all options s12bp8 bv8 -2012<br \/>\nPOLARIS 2012 800 SWITCHBACK ASSAULT ALL OPTIONS S12CL8 CW8 BODY FENDERS SIDE PANELS ALL OPTIONS<br \/>\npolaris 800 switchback assault all options s12cl8 cw8 -2012<br \/>\nPOLARIS 2012 800 SWITCHBACK ES S12BR8GSA GSL BODY FENDERS SIDE PANELS<br \/>\npolaris 800 switchback es s12br8gsa gsl -2012<br \/>\nPOLARIS 2012 800 SWITCHBACK PRO R ES SC SP INTL ALL OPTIONS S12BS8 BC8 BODY FENDERS SIDE PANELS ALL OPTIONS<br \/>\npolaris 800 switchback pro r es sc sp intl all options s12bs8 bc8 -2012<br \/>\nPOLARIS 2013 600 INDY SP ES INTL ALL OPTIONS S13CB6 CP6 BODY FENDERS SIDE PANELS<br \/>\npolaris 600 indy sp es intl all options s13cb6 cp6 -2013<br \/>\nPOLARIS 2013 600 RMK 144 155 ALL OPTIONS S13CK6 CM6 BODY FENDERS SIDE PANELS ALL OPTIONS<br \/>\npolaris 600 rmk 144 155 all options s13ck6 cm6 -2013<br \/>\nPOLARIS 2013 600 RUSH ES S13BF6GSA GSL BODY FENDERS SIDE PANELS<br \/>\npolaris 600 rush es s13bf6gsa gsl -2013<br \/>\nPOLARIS 2013 600 RUSH PRO R ES INTL RETRO S13BP6GSA GSL GEL GSM BODY FENDERS SIDE PANELS<br \/>\npolaris 600 rush pro r es intl retro s13bp6gsa gsl gel gsm -2013<br \/>\nPOLARIS 2013 600 SWITCHBACK ADVENTURE S13BA6GSL BODY FENDERS SIDE PANELS<br \/>\npolaris 600 switchback adventure s13ba6gsl -2013<br \/>\nPOLARIS 2013 600 SWITCHBACK ES S13BR6GSA GSL BODY FENDERS SIDE PANELS<br \/>\npolaris 600 switchback es s13br6gsa gsl -2013<br \/>\nPOLARIS 2013 600 SWITCHBACK PRO R ES INTL RETRO S13BS6GSA GSL GEL GSM BODY FENDERS SIDE PANELS<br \/>\npolaris 600 switchback pro r es intl retro s13bs6gsa gsl gel gsm -2013<br \/>\nPOLARIS 2013 800 RUSH ES S13BF8GSA GSL BODY FENDERS SIDE PANELS<br \/>\npolaris 800 rush es s13bf8gsa gsl -2013<br \/>\nPOLARIS 2013 800 RUSH PRO R ALL OPTIONS S13BP8 BV8 BODY FENDERS SIDE PANELS ALL OPTIONS<br \/>\npolaris 800 rush pro r all options s13bp8 bv8 -2013<br \/>\nPOLARIS 2013 800 SWITCHBACK ASSAULT ALL OPTIONS S13CL8 CW8 BODY FENDERS SIDE PANELS ALL OPTIONS<br \/>\npolaris 800 switchback assault all options s13cl8 cw8 -2013<br \/>\nPOLARIS 2013 800 SWITCHBACK ES S13BR8GSA GSL BODY FENDERS SIDE PANELS<br \/>\npolaris 800 switchback es s13br8gsa gsl -2013<br \/>\nPOLARIS 2013 800 SWITCHBACK PRO R ES INTL RETRO LE ALL OPTIONS S13BA8 BC8 BD8 BS8 BODY FENDERS SIDE PANELS<br \/>\npolaris 800 switchback pro r es intl retro le all options s13ba8 bc8 bd8 bs8 -2013<br \/>\nPOLARIS 2014 600 RMK 144 155 ALL OPTIONS S14CK6 CM6 BODY FENDERS SIDE PANELS ALL OPTIONS<br \/>\npolaris 600 rmk 144 155 all options s14ck6 cm6 -2014<br \/>\nPOLARIS 2014 600 RUSH PRO R ES INTL S14BP6GSA GSL GEL BODY FENDERS SIDE PANELS<br \/>\npolaris 600 rush pro r es intl s14bp6gsa gsl gel -2014<br \/>\nPOLARIS 2014 600 SWITCHBACK ADVENTURE S14BA6GSL BODY FENDERS SIDE PANELS<br \/>\npolaris 600 switchback adventure s14ba6gsl -2014<br \/>\nPOLARIS 2014 600 SWITCHBACK ASSAULT ALL OPTIONS S14CL6 CW6 BODY FENDERS SIDE PANELS ALL OPTIONS<br \/>\npolaris 600 switchback assault all options s14cl6 cw6 -2014<br \/>\nPOLARIS 2014 600 SWITCHBACK ES S14BR6GSA GSL BODY FENDERS SIDE PANELS<br \/>\npolaris 600 switchback es s14br6gsa gsl -2014<br \/>\nPOLARIS 2014 600 SWITCHBACK PRO R ES INTL S14BS6GSA GSL GEL BODY FENDERS SIDE PANELS<br \/>\npolaris 600 switchback pro r es intl s14bs6gsa gsl gel -2014<br \/>\nPOLARIS 2014 600 VOYAGER INTL S14CS6GSL GEL BODY FENDERS SIDE PANELS<br \/>\npolaris 600 voyager intl s14cs6gsl gel -2014<br \/>\nPOLARIS 2014 800 INDY SP ES INTL ALL OPTIONS S14CP8G BODY FENDERS SIDE PANELS ALL OPTIONS<br \/>\npolaris 800 indy sp es intl all options s14cp8g -2014<br \/>\nPOLARIS 2014 800 RUSH PRO R ALL OPTIONS S14BP8G BV8G BODY FENDERS SIDE PANELS ALL OPTIONS<br \/>\npolaris 800 rush pro r all options s14bp8g bv8g -2014<br \/>\nPOLARIS 2014 800 SWITCHBACK ADVENTURE S14BA8GSL GEL BODY FENDERS SIDE PANELS<br \/>\npolaris 800 switchback adventure s14ba8gsl gel -2014<br \/>\nPOLARIS 2014 800 SWITCHBACK ASSAULT ALL OPTIONS S14CL8 CW8 BODY FENDERS SIDE PANELS ALL OPTIONS<br \/>\npolaris 800 switchback assault all options s14cl8 cw8 -2014<br \/>\nPOLARIS 2014 800 SWITCHBACK ES S14BR8GSA GSL BODY FENDERS SIDE PANELS<br \/>\npolaris 800 switchback es s14br8gsa gsl -2014<br \/>\nPOLARIS 2014 800 SWITCHBACK PRO R ES INT LE ALL OPTIONS S14BS8 BC8 BD8 BODY FENDERS SIDE PANELS ALL OPTIONS<br \/>\npolaris 800 switchback pro r es int le all options s14bs8 bc8 bd8 -2014<br \/>\nPOLARIS 2015 600 INDY SP INTL ALL OPTIONS S15CB6 CP6 BODY FENDERS SIDE PANELS ALL OPTIONS<br \/>\npolaris 600 indy sp intl all options s15cb6 cp6 -2015<br \/>\nPOLARIS 2015 600 INDY VOYAGEUR INTL 144 S15CS6GSL GEL BODY FENDERS SIDE PANELS<br \/>\npolaris 600 indy voyageur intl 144 s15cs6gsl gel -2015<br \/>\nPOLARIS 2015 600 SWITCHBACK ASSAULT ALL OPTIONS S15CL6 CW6 BODY FENDERS SIDE PANELS ALL OPTIONS<br \/>\npolaris 600 switchback assault all options s15cl6 cw6 -2015<br \/>\nPOLARIS 2015 800 SWITCHBACK ASSAULT ALL OPTIONS S15CL8 CW8 BODY FENDERS SIDE PANELS ALL OPTIONS<br \/>\npolaris 800 switchback assault all options s15cl8 cw8 -2015<br \/>\nPOLARIS 2016 600 INDY SP LTD INTL ALL OPTIONS S16CB6 CP6 BODY FENDERS SIDE PANELS ALL OPTIONS<br \/>\npolaris 600 indy sp ltd intl all options s16cb6 cp6 -2016<br \/>\nPOLARIS 2016 600 INDY VOYAGEUR INTL 144 S16CS6GSL GEL BODY FENDERS SIDE PANELS<br \/>\npolaris 600 indy voyageur intl 144 s16cs6gsl gel -2016<br \/>\nPOLARIS 2016 600 RMK 144 155 ALL OPTIONS S16CK6 CM6 BODY FENDERS SIDE PANELS ALL OPTIONS<br \/>\npolaris 600 rmk 144 155 all options s16ck6 cm6 -2016<br \/>\nPOLARIS 2016 600 SWITCHBACK ASSAULT ALL OPTIONS S16CW6 BODY FENDERS SIDE PANELS ALL OPTIONS<br \/>\npolaris 600 switchback assault all options s16cw6 -2016<br \/>\nPOLARIS 2016 800 SWITCHBACK ASSAULT ALL OPTIONS S16CW8 BODY FENDERS SIDE PANELS ALL OPTIONS<br \/>\npolaris 800 switchback assault all options s16cw8 -2016<br \/>\nPOLARIS 2017 600 INDY SP ALL OPTIONS S17CBA6 CBB6 BODY FENDERS SIDE PANELS ALL OPTIONS<br \/>\npolaris 600 indy sp all options s17cba6 cbb6 -2017<br \/>\nPOLARIS 2018 600 INDY INDY SP ALL OPTIONS S18CBA6GS CBB6GS BODY FENDERS SIDE PANELS ALL OPTIONS<br \/>\npolaris 600 indy indy sp all options s18cba6gs cbb6gs -2018<\/p>","protected":false},"featured_media":22032,"comment_status":"open","ping_status":"closed","template":"","meta":{"_acf_changed":false},"demonterat-fordon":[],"fordons-typ":[641],"make":[636],"parts-filter":[659],"prod-typ":[715],"tillverkare":[865],"product_brand":[],"product_cat":[150],"product_tag":[],"class_list":{"0":"post-22403","1":"product","2":"type-product","3":"status-publish","4":"has-post-thumbnail","6":"fordons-typ-sno","7":"make-polaris","8":"parts-filter-pro-ride","9":"prod-typ-beg","10":"tillverkare-polaris","11":"product_cat-buk-plast","13":"first","14":"instock","15":"purchasable","16":"product-type-simple"},"acf":[],"_links":{"self":[{"href":"https:\/\/whitepowder.se\/en\/wp-json\/wp\/v2\/product\/22403","targetHints":{"allow":["GET"]}}],"collection":[{"href":"https:\/\/whitepowder.se\/en\/wp-json\/wp\/v2\/product"}],"about":[{"href":"https:\/\/whitepowder.se\/en\/wp-json\/wp\/v2\/types\/product"}],"replies":[{"embeddable":true,"href":"https:\/\/whitepowder.se\/en\/wp-json\/wp\/v2\/comments?post=22403"}],"wp:featuredmedia":[{"embeddable":true,"href":"https:\/\/whitepowder.se\/en\/wp-json\/wp\/v2\/media\/22032"}],"wp:attachment":[{"href":"https:\/\/whitepowder.se\/en\/wp-json\/wp\/v2\/media?parent=22403"}],"wp:term":[{"taxonomy":"demonterat-fordon","embeddable":true,"href":"https:\/\/whitepowder.se\/en\/wp-json\/wp\/v2\/demonterat-fordon?post=22403"},{"taxonomy":"fordons-typ","embeddable":true,"href":"https:\/\/whitepowder.se\/en\/wp-json\/wp\/v2\/fordons-typ?post=22403"},{"taxonomy":"make","embeddable":true,"href":"https:\/\/whitepowder.se\/en\/wp-json\/wp\/v2\/make?post=22403"},{"taxonomy":"parts-filter","embeddable":true,"href":"https:\/\/whitepowder.se\/en\/wp-json\/wp\/v2\/parts-filter?post=22403"},{"taxonomy":"prod-typ","embeddable":true,"href":"https:\/\/whitepowder.se\/en\/wp-json\/wp\/v2\/prod-typ?post=22403"},{"taxonomy":"tillverkare","embeddable":true,"href":"https:\/\/whitepowder.se\/en\/wp-json\/wp\/v2\/tillverkare?post=22403"},{"taxonomy":"product_brand","embeddable":true,"href":"https:\/\/whitepowder.se\/en\/wp-json\/wp\/v2\/product_brand?post=22403"},{"taxonomy":"product_cat","embeddable":true,"href":"https:\/\/whitepowder.se\/en\/wp-json\/wp\/v2\/product_cat?post=22403"},{"taxonomy":"product_tag","embeddable":true,"href":"https:\/\/whitepowder.se\/en\/wp-json\/wp\/v2\/product_tag?post=22403"}],"curies":[{"name":"wp","href":"https:\/\/api.w.org\/{rel}","templated":true}]}}