{"id":22410,"date":"2025-09-26T20:26:18","date_gmt":"2025-09-26T18:26:18","guid":{"rendered":"https:\/\/whitepowder.se\/?post_type=product&#038;p=22410"},"modified":"2025-09-26T20:26:19","modified_gmt":"2025-09-26T18:26:19","slug":"polaris-5438078-070-buksida-lh","status":"publish","type":"product","link":"https:\/\/whitepowder.se\/en\/polaris-5438078-070-buksida-lh\/","title":{"rendered":"Polaris 5438078-070 &#8211; Buksida LH"},"content":{"rendered":"<p>Polaris 5438078-070 &#8211; Buksida LH<\/p>\n<p>Fender, LH, Black<\/p>\n<p>Inkluderar \u00e4ven ( ut\u00f6ver assy pn 5438078-070 )<br \/>\nP\/N: 1017419 Asm., Backer, Clutch Guard w\/Stud<\/p>\n<p>* Anm\u00e4rkning: Skav &#8211; repor plast utsidan och insidan.<br \/>\ndjupare repor bakre \u00f6vre del utsidan.<br \/>\npopnitar till f\u00e4ste f\u00f6r variatorskydd l\u00e4tt glapp.<\/p>","protected":false},"excerpt":{"rendered":"<p>Polaris 5438078-070 Sitter Original p\u00e5 :<\/p>\n<p>POLARIS 2011 800 PRO RMK 155 163 ES INTL ALL OPTIONS S11CG8 CH8 BODY FENDERS SIDE PANELS ALL OPTIONS<br \/>\npolaris 800 pro rmk 155 163 es intl all options s11cg8 ch8 -2011<br \/>\nPOLARIS 2011 800 RMK 155 ES INTL S11CM8GSA GSB GSL GSM GEA BODY FENDERS SIDE PANELS<br \/>\npolaris 800 rmk 155 es intl s11cm8gsa gsb gsl gsm gea -2011<br \/>\nPOLARIS 2011 800 RMK ASSAULT 155 INTL S11CN8GSA GSB GEA BODY FENDERS SIDE PANELS<br \/>\npolaris 800 rmk assault 155 intl s11cn8gsa gsb gea -2011<br \/>\nPOLARIS 2012 600 PRO RMK 155 S12CG6GSA GSL GEL BODY FENDERS SIDE PANELS<br \/>\npolaris 600 pro rmk 155 s12cg6gsa gsl gel -2012<br \/>\nPOLARIS 2012 600 RMK 144 ES INTL 155 ES ALL OPTIONS S12CK6 CM6 BODY FENDERS SIDE PANELS ALL OPTIONS<br \/>\npolaris 600 rmk 144 es intl 155 es all options s12ck6 cm6 -2012<br \/>\nPOLARIS 2012 800 PRO RMK 155 163 ALL OPTIONS S12CG8 CH8 BODY FENDERS SIDE PANELS ALL OPTIONS<br \/>\npolaris 800 pro rmk 155 163 all options s12cg8 ch8 -2012<br \/>\nPOLARIS 2012 800 RMK 155 ES INTL S12CM8GSA GSL GEA BODY FENDERS SIDE PANELS<br \/>\npolaris 800 rmk 155 es intl s12cm8gsa gsl gea -2012<br \/>\nPOLARIS 2012 800 RMK ASSAULT 155 ALL OPTIONS S12CN8 CY8 BODY FENDERS SIDE PANELS ALL OPTIONS<br \/>\npolaris 800 rmk assault 155 all options s12cn8 cy8 -2012<\/p>","protected":false},"featured_media":21967,"comment_status":"open","ping_status":"closed","template":"","meta":{"_acf_changed":false},"demonterat-fordon":[],"fordons-typ":[641],"make":[636],"parts-filter":[659],"prod-typ":[715],"tillverkare":[865],"product_brand":[],"product_cat":[150],"product_tag":[],"class_list":{"0":"post-22410","1":"product","2":"type-product","3":"status-publish","4":"has-post-thumbnail","6":"fordons-typ-sno","7":"make-polaris","8":"parts-filter-pro-ride","9":"prod-typ-beg","10":"tillverkare-polaris","11":"product_cat-buk-plast","13":"first","14":"instock","15":"purchasable","16":"product-type-simple"},"acf":[],"_links":{"self":[{"href":"https:\/\/whitepowder.se\/en\/wp-json\/wp\/v2\/product\/22410","targetHints":{"allow":["GET"]}}],"collection":[{"href":"https:\/\/whitepowder.se\/en\/wp-json\/wp\/v2\/product"}],"about":[{"href":"https:\/\/whitepowder.se\/en\/wp-json\/wp\/v2\/types\/product"}],"replies":[{"embeddable":true,"href":"https:\/\/whitepowder.se\/en\/wp-json\/wp\/v2\/comments?post=22410"}],"wp:featuredmedia":[{"embeddable":true,"href":"https:\/\/whitepowder.se\/en\/wp-json\/wp\/v2\/media\/21967"}],"wp:attachment":[{"href":"https:\/\/whitepowder.se\/en\/wp-json\/wp\/v2\/media?parent=22410"}],"wp:term":[{"taxonomy":"demonterat-fordon","embeddable":true,"href":"https:\/\/whitepowder.se\/en\/wp-json\/wp\/v2\/demonterat-fordon?post=22410"},{"taxonomy":"fordons-typ","embeddable":true,"href":"https:\/\/whitepowder.se\/en\/wp-json\/wp\/v2\/fordons-typ?post=22410"},{"taxonomy":"make","embeddable":true,"href":"https:\/\/whitepowder.se\/en\/wp-json\/wp\/v2\/make?post=22410"},{"taxonomy":"parts-filter","embeddable":true,"href":"https:\/\/whitepowder.se\/en\/wp-json\/wp\/v2\/parts-filter?post=22410"},{"taxonomy":"prod-typ","embeddable":true,"href":"https:\/\/whitepowder.se\/en\/wp-json\/wp\/v2\/prod-typ?post=22410"},{"taxonomy":"tillverkare","embeddable":true,"href":"https:\/\/whitepowder.se\/en\/wp-json\/wp\/v2\/tillverkare?post=22410"},{"taxonomy":"product_brand","embeddable":true,"href":"https:\/\/whitepowder.se\/en\/wp-json\/wp\/v2\/product_brand?post=22410"},{"taxonomy":"product_cat","embeddable":true,"href":"https:\/\/whitepowder.se\/en\/wp-json\/wp\/v2\/product_cat?post=22410"},{"taxonomy":"product_tag","embeddable":true,"href":"https:\/\/whitepowder.se\/en\/wp-json\/wp\/v2\/product_tag?post=22410"}],"curies":[{"name":"wp","href":"https:\/\/api.w.org\/{rel}","templated":true}]}}