{"id":22419,"date":"2025-09-26T20:26:10","date_gmt":"2025-09-26T18:26:10","guid":{"rendered":"https:\/\/whitepowder.se\/?post_type=product&#038;p=22419"},"modified":"2025-09-26T20:26:11","modified_gmt":"2025-09-26T18:26:11","slug":"polaris-5439306-070-buksida-rh","status":"publish","type":"product","link":"https:\/\/whitepowder.se\/en\/polaris-5439306-070-buksida-rh\/","title":{"rendered":"Polaris 5439306-070 &#8211; Buksida RH"},"content":{"rendered":"<p>Polaris 5439306-070 &#8211; Buksida RH<\/p>\n<p>Fender, Black, RH<\/p>\n<p>Inkluderar \u00e4ven ( ut\u00f6ver assy pn 5439306-070 )<br \/>\nP\/N: 5254057 Deflector, Snow, Exhaust<\/p>\n<p>* Anm\u00e4rkning: Skav &#8211; repor plast utsidan och insidan.<br \/>\ndeflector avgasutsl\u00e4pp \u00e4r b\u00f6jt.<br \/>\ndeflector avgasutsl\u00e4pp m\u00e4rken i gods.<br \/>\nm\u00e4rken i plast fr\u00e5n demontering.<br \/>\ndekal kit monterat.<\/p>","protected":false},"excerpt":{"rendered":"<p>Polaris 5439306-070 Sitter Original p\u00e5 :<\/p>\n<p>POLARIS 2013 600 PRO RMK 155 S13CG6GSA GSL GEA BODY FENDERS SIDE PANELS<br \/>\npolaris 600 pro rmk 155 s13cg6gsa gsl gea -2013<br \/>\nPOLARIS 2013 600 RMK 144 155 ALL OPTIONS S13CK6 CM6 BODY FENDERS SIDE PANELS ALL OPTIONS<br \/>\npolaris 600 rmk 144 155 all options s13ck6 cm6 -2013<br \/>\nPOLARIS 2013 800 PRO RMK 155 163 ALL OPTIONS S13CG8 CH8 BODY FENDERS SIDE PANELS ALL OPTIONS<br \/>\npolaris 800 pro rmk 155 163 all options s13cg8 ch8 -2013<br \/>\nPOLARIS 2013 800 RMK 155 ES INTL S13CM8GSA GSL GEA BODY FENDERS SIDE PANELS<br \/>\npolaris 800 rmk 155 es intl s13cm8gsa gsl gea -2013<br \/>\nPOLARIS 2013 800 RMK ASSAULT ALL OPTIONS S13CN8 CY8 BODY FENDERS SIDE PANELS ALL OPTIONS<br \/>\npolaris 800 rmk assault all options s13cn8 cy8 -2013<br \/>\nPOLARIS 2014 600 PRO RMK 155 S14CG6GSA GSL GEA BODY FENDERS SIDE PANELS<br \/>\npolaris 600 pro rmk 155 s14cg6gsa gsl gea -2014<br \/>\nPOLARIS 2014 600 RMK 144 155 ALL OPTIONS S14CK6 CM6 BODY FENDERS SIDE PANELS ALL OPTIONS<br \/>\npolaris 600 rmk 144 155 all options s14ck6 cm6 -2014<br \/>\nPOLARIS 2014 800 PRO RMK LE 155 163 ALL OPTIONS S14CG8 CH8 BODY FENDERS SIDE PANELS ALL OPTIONS<br \/>\npolaris 800 pro rmk le 155 163 all options s14cg8 ch8 -2014<br \/>\nPOLARIS 2014 800 RMK 155 S14CM8GSA GSL GEA BODY FENDERS SIDE PANELS<br \/>\npolaris 800 rmk 155 s14cm8gsa gsl gea -2014<br \/>\nPOLARIS 2014 800 RMK ASSAULT ALL OPTIONS S14CN8 CY8 BODY FENDERS SIDE PANELS ALL OPTIONS<br \/>\npolaris 800 rmk assault all options s14cn8 cy8 -2014<br \/>\nPOLARIS 2015 600 PRO RMK LE 155 ALL OPTIONS S15CG6 BODY FENDERS SIDE PANELS ALL OPTIONS<br \/>\npolaris 600 pro rmk le 155 all options s15cg6 -2015<br \/>\nPOLARIS 2015 600 RMK 144 155 ALL OPTIONS S15CC6 CK6 CM6 BODY FENDERS SIDE PANELS ALL OPTIONS<br \/>\npolaris 600 rmk 144 155 all options s15cc6 ck6 cm6 -2015<br \/>\nPOLARIS 2015 800 PRO RMK LE 155 163 ALL OPTIONS S15CG8 CH8 BODY FENDERS SIDE PANELS ALL OPTIONS<br \/>\npolaris 800 pro rmk le 155 163 all options s15cg8 ch8 -2015<br \/>\nPOLARIS 2015 800 RMK 155 163 ALL OPTIONS S15CC8 CD8 CM8 BODY FENDERS SIDE PANELS ALL OPTIONS<br \/>\npolaris 800 rmk 155 163 all options s15cc8 cd8 cm8 -2015<br \/>\nPOLARIS 2015 800 RMK ASSAULT 155 ALL OPTIONS S15CN8 CY8 BODY FENDERS SIDE PANELS ALL OPTIONS<br \/>\npolaris 800 rmk assault 155 all options s15cn8 cy8 -2015<br \/>\nPOLARIS 2016 600 RMK 144 155 ALL OPTIONS S16CK6 CM6 BODY FENDERS SIDE PANELS ALL OPTIONS<br \/>\npolaris 600 rmk 144 155 all options s16ck6 cm6 -2016<br \/>\nPOLARIS 2016 800 RMK 155 ALL OPTIONS S16CM8 BODY FENDERS SIDE PANELS ALL OPTIONS<br \/>\npolaris 800 rmk 155 all options s16cm8 -2016<\/p>","protected":false},"featured_media":21921,"comment_status":"open","ping_status":"closed","template":"","meta":{"_acf_changed":false},"demonterat-fordon":[],"fordons-typ":[641],"make":[636],"parts-filter":[659],"prod-typ":[715],"tillverkare":[865],"product_brand":[],"product_cat":[150],"product_tag":[],"class_list":{"0":"post-22419","1":"product","2":"type-product","3":"status-publish","4":"has-post-thumbnail","6":"fordons-typ-sno","7":"make-polaris","8":"parts-filter-pro-ride","9":"prod-typ-beg","10":"tillverkare-polaris","11":"product_cat-buk-plast","13":"first","14":"instock","15":"purchasable","16":"product-type-simple"},"acf":[],"_links":{"self":[{"href":"https:\/\/whitepowder.se\/en\/wp-json\/wp\/v2\/product\/22419","targetHints":{"allow":["GET"]}}],"collection":[{"href":"https:\/\/whitepowder.se\/en\/wp-json\/wp\/v2\/product"}],"about":[{"href":"https:\/\/whitepowder.se\/en\/wp-json\/wp\/v2\/types\/product"}],"replies":[{"embeddable":true,"href":"https:\/\/whitepowder.se\/en\/wp-json\/wp\/v2\/comments?post=22419"}],"wp:featuredmedia":[{"embeddable":true,"href":"https:\/\/whitepowder.se\/en\/wp-json\/wp\/v2\/media\/21921"}],"wp:attachment":[{"href":"https:\/\/whitepowder.se\/en\/wp-json\/wp\/v2\/media?parent=22419"}],"wp:term":[{"taxonomy":"demonterat-fordon","embeddable":true,"href":"https:\/\/whitepowder.se\/en\/wp-json\/wp\/v2\/demonterat-fordon?post=22419"},{"taxonomy":"fordons-typ","embeddable":true,"href":"https:\/\/whitepowder.se\/en\/wp-json\/wp\/v2\/fordons-typ?post=22419"},{"taxonomy":"make","embeddable":true,"href":"https:\/\/whitepowder.se\/en\/wp-json\/wp\/v2\/make?post=22419"},{"taxonomy":"parts-filter","embeddable":true,"href":"https:\/\/whitepowder.se\/en\/wp-json\/wp\/v2\/parts-filter?post=22419"},{"taxonomy":"prod-typ","embeddable":true,"href":"https:\/\/whitepowder.se\/en\/wp-json\/wp\/v2\/prod-typ?post=22419"},{"taxonomy":"tillverkare","embeddable":true,"href":"https:\/\/whitepowder.se\/en\/wp-json\/wp\/v2\/tillverkare?post=22419"},{"taxonomy":"product_brand","embeddable":true,"href":"https:\/\/whitepowder.se\/en\/wp-json\/wp\/v2\/product_brand?post=22419"},{"taxonomy":"product_cat","embeddable":true,"href":"https:\/\/whitepowder.se\/en\/wp-json\/wp\/v2\/product_cat?post=22419"},{"taxonomy":"product_tag","embeddable":true,"href":"https:\/\/whitepowder.se\/en\/wp-json\/wp\/v2\/product_tag?post=22419"}],"curies":[{"name":"wp","href":"https:\/\/api.w.org\/{rel}","templated":true}]}}