{"id":22425,"date":"2025-09-26T20:28:46","date_gmt":"2025-09-26T18:28:46","guid":{"rendered":"https:\/\/whitepowder.se\/?post_type=product&#038;p=22425"},"modified":"2025-09-26T20:28:47","modified_gmt":"2025-09-26T18:28:47","slug":"polaris-2633990-noskona-8","status":"publish","type":"product","link":"https:\/\/whitepowder.se\/en\/polaris-2633990-noskona-8\/","title":{"rendered":"Polaris 2633990 &#8211; Noskona"},"content":{"rendered":"<p>Polaris 2633990 &#8211; Noskona<\/p>\n<p>Nosepan<\/p>\n<p>* Anm\u00e4rkning: Kvistrepor och mindre skav i plast utsidan.<br \/>\nh\u00e5l f\u00f6r bukskydd f\u00e4rdig borrat i noskonan.<\/p>","protected":false},"excerpt":{"rendered":"<p>Polaris 2633990 Sitter Original p\u00e5 :<\/p>\n<p>POLARIS 2011 800 RMK 155 ES INTL S11CM8GSA GSB GSL GSM GEA BODY NOSEPAN ASM<br \/>\npolaris 800 rmk 155 es intl s11cm8gsa gsb gsl gsm gea -2011<br \/>\nPOLARIS 2011 800 RMK ASSAULT 155 INTL S11CN8GSA GSB GEA BODY NOSEPAN ASM<br \/>\npolaris 800 rmk assault 155 intl s11cn8gsa gsb gea -2011<br \/>\nPOLARIS 2011 800 SWITCHBACK ASSAULT INTL S11CW8GSA GSB GST GEA BODY NOSEPAN ASM<br \/>\npolaris 800 switchback assault intl s11cw8gsa gsb gst gea -2011<br \/>\nPOLARIS 2012 600 PRO RMK 155 S12CG6GSA GSL GEL BODY NOSEPAN ASM<br \/>\npolaris 600 pro rmk 155 s12cg6gsa gsl gel -2012<br \/>\nPOLARIS 2012 800 RMK 155 ES INTL S12CM8GSA GSL GEA BODY NOSEPAN ASM<br \/>\npolaris 800 rmk 155 es intl s12cm8gsa gsl gea -2012<br \/>\nPOLARIS 2013 600 INDY SP ES INTL ALL OPTIONS S13CB6 CP6 BODY NOSEPAN ASM<br \/>\npolaris 600 indy sp es intl all options s13cb6 cp6 -2013<br \/>\nPOLARIS 2013 600 PRO RMK 155 S13CG6GSA GSL GEA BODY NOSEPAN ASM<br \/>\npolaris 600 pro rmk 155 s13cg6gsa gsl gea -2013<br \/>\nPOLARIS 2013 800 RMK 155 ES INTL S13CM8GSA GSL GEA BODY NOSEPAN ASM<br \/>\npolaris 800 rmk 155 es intl s13cm8gsa gsl gea -2013<br \/>\nPOLARIS 2014 550 INDY 144 ES S14CR5BSA BSL BODY NOSEPAN ASM<br \/>\npolaris 550 indy 144 es s14cr5bsa bsl -2014<br \/>\nPOLARIS 2014 550 INDY ADVENTURE INTL S14CE5BSL BEL BODY NOSEPAN ASM<br \/>\npolaris 550 indy adventure intl s14ce5bsl bel -2014<br \/>\nPOLARIS 2014 550 INDY LXT S14CT5BEL BSM BSL BODY NOSEPAN ASM<br \/>\npolaris 550 indy lxt s14ct5bel bsm bsl -2014<br \/>\nPOLARIS 2014 550 INDY VOYAGER INTL S14CS5BSL BEL BODY NOSEPAN ASM<br \/>\npolaris 550 indy voyager intl s14cs5bsl bel -2014<br \/>\nPOLARIS 2014 600 PRO RMK 155 S14CG6GSA GSL GEA BODY NOSEPAN ASM<br \/>\npolaris 600 pro rmk 155 s14cg6gsa gsl gea -2014<br \/>\nPOLARIS 2014 600 VOYAGER INTL S14CS6GSL GEL BODY NOSEPAN ASM<br \/>\npolaris 600 voyager intl s14cs6gsl gel -2014<br \/>\nPOLARIS 2014 800 RMK 155 S14CM8GSA GSL GEA BODY NOSEPAN ASM<br \/>\npolaris 800 rmk 155 s14cm8gsa gsl gea -2014<br \/>\nPOLARIS 2015 550 INDY 144 ES S15CR5BSA BSL BODY NOSEPAN ASM<br \/>\npolaris 550 indy 144 es s15cr5bsa bsl -2015<br \/>\nPOLARIS 2015 550 INDY ADVENTURE 144 INTL S15CE5BSL BEL BODY NOSEPAN ASM<br \/>\npolaris 550 indy adventure 144 intl s15ce5bsl bel -2015<br \/>\nPOLARIS 2015 550 INDY ES INTL S15CB5BSA BSL BEL BODY NOSEPAN ASM<br \/>\npolaris 550 indy es intl s15cb5bsa bsl bel -2015<br \/>\nPOLARIS 2015 550 INDY LXT S15CT5BEL BSL BSM BODY NOSEPAN ASM<br \/>\npolaris 550 indy lxt s15ct5bel bsl bsm -2015<br \/>\nPOLARIS 2015 550 INDY VOYAGEUR INTL 155 S15CU5BSL BEL BODY NOSEPAN ASM<br \/>\npolaris 550 indy voyageur intl 155 s15cu5bsl bel -2015<br \/>\nPOLARIS 2015 550 INDY VOYAGEUR INTL S15CS5BSL BEL BODY NOSEPAN ASM<br \/>\npolaris 550 indy voyageur intl s15cs5bsl bel -2015<br \/>\nPOLARIS 2015 600 INDY VOYAGEUR INTL 144 S15CS6GSL GEL BODY NOSEPAN ASM<br \/>\npolaris 600 indy voyageur intl 144 s15cs6gsl gel -2015<br \/>\nPOLARIS 2016 550 INDY 144 ES S16CR5BSA BSL BODY NOSEPAN ASM<br \/>\npolaris 550 indy 144 es s16cr5bsa bsl -2016<br \/>\nPOLARIS 2016 550 INDY ADVENTURE 144 S16CE5BSL BODY NOSEPAN ASM<br \/>\npolaris 550 indy adventure 144 s16ce5bsl -2016<br \/>\nPOLARIS 2016 550 INDY ADVENTURE 155 INTL S16CJ5BSL BEL BODY NOSEPAN ASM<br \/>\npolaris 550 indy adventure 155 intl s16cj5bsl bel -2016<br \/>\nPOLARIS 2016 550 INDY ES INTL S16CB5BSA BSL BEL BODY NOSEPAN ASM<br \/>\npolaris 550 indy es intl s16cb5bsa bsl bel -2016<br \/>\nPOLARIS 2016 550 INDY VOYAGEUR INTL 144 S16CS5BSL BEL BODY NOSEPAN ASM<br \/>\npolaris 550 indy voyageur intl 144 s16cs5bsl bel -2016<br \/>\nPOLARIS 2016 550 INDY VOYAGEUR INTL 155 S16CU5BSL BEL BODY NOSEPAN ASM<br \/>\npolaris 550 indy voyageur intl 155 s16cu5bsl bel -2016<br \/>\nPOLARIS 2016 600 INDY VOYAGEUR INTL 144 S16CS6GSL GEL BODY NOSEPAN ASM<br \/>\npolaris 600 indy voyageur intl 144 s16cs6gsl gel -2016<br \/>\nPOLARIS 2017 550 ADVENTURE 155 INTL S17CFE5BSL BEL BODY NOSEPAN ASM<br \/>\npolaris 550 adventure 155 intl s17cfe5bsl bel -2017<br \/>\nPOLARIS 2017 550 INDY ADVENTURE 144 S17CEE5BSL BODY NOSEPAN ASM<br \/>\npolaris 550 indy adventure 144 s17cee5bsl -2017<br \/>\nPOLARIS 2017 550 INDY ES 144 S17CEA5BSA BSL BODY NOSEPAN ASM<br \/>\npolaris 550 indy es 144 s17cea5bsa bsl -2017<br \/>\nPOLARIS 2017 550 VOYAGEUR 144 S17CEF5BSL BODY NOSEPAN ASM<br \/>\npolaris 550 voyageur 144 s17cef5bsl -2017<br \/>\nPOLARIS 2017 550 VOYAGEUR 155 INTL S17CFF5BSL BEL BODY NOSEPAN ASM<br \/>\npolaris 550 voyageur 155 intl s17cff5bsl bel -2017<br \/>\nPOLARIS 2018 550 INDY 144 ES S18CEA5BSA BSL BODY NOSEPAN ASM<br \/>\npolaris 550 indy 144 es s18cea5bsa bsl -2018<br \/>\nPOLARIS 2018 550 INDY ADVENTURE 144 ES S18CEE5BSL BODY NOSEPAN ASM<br \/>\npolaris 550 indy adventure 144 es s18cee5bsl -2018<br \/>\nPOLARIS 2018 550 INDY ADVENTURE 155 ES INTL S18CFE5BSL BEL BODY NOSEPAN ASM<br \/>\npolaris 550 indy adventure 155 es intl s18cfe5bsl bel -2018<br \/>\nPOLARIS 2018 550 VOYAGEUR 144 ES S18CEF5BSL BODY NOSEPAN ASM<br \/>\npolaris 550 voyageur 144 es s18cef5bsl -2018<br \/>\nPOLARIS 2018 550 VOYAGEUR 155 INTL S18CFF5BSL BEL BODY NOSEPAN ASM<br \/>\npolaris 550 voyageur 155 intl s18cff5bsl bel -2018<br \/>\nPOLARIS 2019 550 ADVENTURE 155 ES INTL S19CFE5BSL BEL BODY NOSEPAN ASM S19CFE5BSL BEL 49SNOWNOSEPAN14550<br \/>\npolaris 550 adventure 155 es intl s19cfe5bsl bel -2019<br \/>\nPOLARIS 2019 550 INDY 144 ES S19CEA5BSL BODY NOSEPAN ASM S19CEA5BSL 49SNOWNOSEPAN14550<br \/>\npolaris 550 indy 144 es s19cea5bsl -2019<br \/>\nPOLARIS 2019 550 INDY EVO ES ES INTL S19CBU5BSA BSL BEL BODY NOSEPAN ASM S19CBU5BSA BSL BEL C600821<br \/>\npolaris 550 indy evo es es intl s19cbu5bsa bsl bel -2019<br \/>\nPOLARIS 2019 550 INDY LXT ES ALL OPTIONS S19CED5B BODY NOSEPAN ASM S19CED5B ALL OPTIONS 49SNOWNOSEPAN14550<br \/>\npolaris 550 indy lxt es all options s19ced5b -2019<br \/>\nPOLARIS 2019 550 VOYAGEUR 144 ES S19CEF5BSL BODY NOSEPAN ASM S19CEF5BSL 49SNOWNOSEPAN14550<br \/>\npolaris 550 voyageur 144 es s19cef5bsl -2019<br \/>\nPOLARIS 2020 INDY 550 144 ES R01 S20CEA5BSL BODY NOSEPAN ASM S20CEA5BSL C600821<br \/>\npolaris indy 550 144 es r01 s20cea5bsl -2020<br \/>\nPOLARIS 2020 INDY 550 ES INTL ES R01 S20CBA5BSL BEL BODY NOSEPAN ASM S20CBU5BSL BEL C600821<br \/>\npolaris indy 550 es intl es r01 s20cba5bsl bel -2020<br \/>\nPOLARIS 2020 INDY 600 121 ES R01 S20CBA6GSL BODY NOSEPAN ASM S20CBA6GSL 49SNOWNOSEPAN14550<br \/>\npolaris indy 600 121 es r01 s20cba6gsl -2020<br \/>\nPOLARIS 2020 INDY ADVENTURE 550 144 ES R01 S20CEE5BSL BODY NOSEPAN ASM S20CEE5BSL C600821<br \/>\npolaris indy adventure 550 144 es r01 s20cee5bsl -2020<br \/>\nPOLARIS 2020 INDY ADVENTURE 550 155 ES R01 S20CFE5BSL BODY NOSEPAN ASM S20CFE5BSL C600821<br \/>\npolaris indy adventure 550 155 es r01 s20cfe5bsl -2020<br \/>\nPOLARIS 2020 LXT 550 ES R02 S20CED5BSL BSU BODY NOSEPAN ASM S20CED5BSL BSU C600821<br \/>\npolaris lxt 550 es r02 s20ced5bsl bsu -2020<br \/>\nPOLARIS 2020 VOYAGEUR 550 144 ES R01 S20CEF5BSL BODY NOSEPAN ASM S20CEF5BSL C600821<br \/>\npolaris voyageur 550 144 es r01 s20cef5bsl -2020<\/p>","protected":false},"featured_media":22251,"comment_status":"open","ping_status":"closed","template":"","meta":{"_acf_changed":false},"demonterat-fordon":[],"fordons-typ":[641],"make":[636],"parts-filter":[659],"prod-typ":[715],"tillverkare":[865],"product_brand":[],"product_cat":[872],"product_tag":[],"class_list":{"0":"post-22425","1":"product","2":"type-product","3":"status-publish","4":"has-post-thumbnail","6":"fordons-typ-sno","7":"make-polaris","8":"parts-filter-pro-ride","9":"prod-typ-beg","10":"tillverkare-polaris","11":"product_cat-noskon","13":"first","14":"instock","15":"purchasable","16":"product-type-simple"},"acf":[],"_links":{"self":[{"href":"https:\/\/whitepowder.se\/en\/wp-json\/wp\/v2\/product\/22425","targetHints":{"allow":["GET"]}}],"collection":[{"href":"https:\/\/whitepowder.se\/en\/wp-json\/wp\/v2\/product"}],"about":[{"href":"https:\/\/whitepowder.se\/en\/wp-json\/wp\/v2\/types\/product"}],"replies":[{"embeddable":true,"href":"https:\/\/whitepowder.se\/en\/wp-json\/wp\/v2\/comments?post=22425"}],"wp:featuredmedia":[{"embeddable":true,"href":"https:\/\/whitepowder.se\/en\/wp-json\/wp\/v2\/media\/22251"}],"wp:attachment":[{"href":"https:\/\/whitepowder.se\/en\/wp-json\/wp\/v2\/media?parent=22425"}],"wp:term":[{"taxonomy":"demonterat-fordon","embeddable":true,"href":"https:\/\/whitepowder.se\/en\/wp-json\/wp\/v2\/demonterat-fordon?post=22425"},{"taxonomy":"fordons-typ","embeddable":true,"href":"https:\/\/whitepowder.se\/en\/wp-json\/wp\/v2\/fordons-typ?post=22425"},{"taxonomy":"make","embeddable":true,"href":"https:\/\/whitepowder.se\/en\/wp-json\/wp\/v2\/make?post=22425"},{"taxonomy":"parts-filter","embeddable":true,"href":"https:\/\/whitepowder.se\/en\/wp-json\/wp\/v2\/parts-filter?post=22425"},{"taxonomy":"prod-typ","embeddable":true,"href":"https:\/\/whitepowder.se\/en\/wp-json\/wp\/v2\/prod-typ?post=22425"},{"taxonomy":"tillverkare","embeddable":true,"href":"https:\/\/whitepowder.se\/en\/wp-json\/wp\/v2\/tillverkare?post=22425"},{"taxonomy":"product_brand","embeddable":true,"href":"https:\/\/whitepowder.se\/en\/wp-json\/wp\/v2\/product_brand?post=22425"},{"taxonomy":"product_cat","embeddable":true,"href":"https:\/\/whitepowder.se\/en\/wp-json\/wp\/v2\/product_cat?post=22425"},{"taxonomy":"product_tag","embeddable":true,"href":"https:\/\/whitepowder.se\/en\/wp-json\/wp\/v2\/product_tag?post=22425"}],"curies":[{"name":"wp","href":"https:\/\/api.w.org\/{rel}","templated":true}]}}