{"id":22433,"date":"2025-09-26T20:28:39","date_gmt":"2025-09-26T18:28:39","guid":{"rendered":"https:\/\/whitepowder.se\/?post_type=product&#038;p=22433"},"modified":"2025-09-26T20:28:40","modified_gmt":"2025-09-26T18:28:40","slug":"polaris-2634071-293-noskona","status":"publish","type":"product","link":"https:\/\/whitepowder.se\/en\/polaris-2634071-293-noskona\/","title":{"rendered":"Polaris 2634071-293 &#8211; Noskona"},"content":{"rendered":"<p>Polaris 2634071-293 &#8211; Noskona<\/p>\n<p>Rush \/ Pro-R Nosepan Indy Red<\/p>\n<p>* Anm\u00e4rkning: Repor &#8211; skav plast utsida.<br \/>\nm\u00e4rke fr\u00e5n demontering vid inf\u00e4stning f\u00f6r lyftb\u00e5ge insidan.<\/p>","protected":false},"excerpt":{"rendered":"<p>Polaris 2634071-293 Sitter Original p\u00e5 :<\/p>\n<p>POLARIS 2012 600 SWITCHBACK ADVENTURE S12BA6NSL BODY NOSEPAN ASM<br \/>\npolaris 600 switchback adventure s12ba6nsl -2012<br \/>\nPOLARIS 2012 800 RUSH PRO R ALL OPTIONS S12BP8 BV8 BODY NOSEPAN ASM ALL OPTIONS<br \/>\npolaris 800 rush pro r all options s12bp8 bv8 -2012<br \/>\nPOLARIS 2012 800 SWITCHBACK PRO R ES SC SP INTL ALL OPTIONS S12BS8 BC8 BODY NOSEPAN ASM ALL OPTIONS<br \/>\npolaris 800 switchback pro r es sc sp intl all options s12bs8 bc8 -2012<br \/>\nPOLARIS 2014 600 SWITCHBACK ADVENTURE S14BA6GSL BODY NOSEPAN ASM<br \/>\npolaris 600 switchback adventure s14ba6gsl -2014<br \/>\nPOLARIS 2014 800 SWITCHBACK ADVENTURE S14BA8GSL GEL BODY NOSEPAN ASM<br \/>\npolaris 800 switchback adventure s14ba8gsl gel -2014<\/p>","protected":false},"featured_media":22208,"comment_status":"open","ping_status":"closed","template":"","meta":{"_acf_changed":false},"demonterat-fordon":[],"fordons-typ":[641],"make":[636],"parts-filter":[659],"prod-typ":[715],"tillverkare":[865],"product_brand":[],"product_cat":[872],"product_tag":[],"class_list":{"0":"post-22433","1":"product","2":"type-product","3":"status-publish","4":"has-post-thumbnail","6":"fordons-typ-sno","7":"make-polaris","8":"parts-filter-pro-ride","9":"prod-typ-beg","10":"tillverkare-polaris","11":"product_cat-noskon","13":"first","14":"instock","15":"purchasable","16":"product-type-simple"},"acf":[],"_links":{"self":[{"href":"https:\/\/whitepowder.se\/en\/wp-json\/wp\/v2\/product\/22433","targetHints":{"allow":["GET"]}}],"collection":[{"href":"https:\/\/whitepowder.se\/en\/wp-json\/wp\/v2\/product"}],"about":[{"href":"https:\/\/whitepowder.se\/en\/wp-json\/wp\/v2\/types\/product"}],"replies":[{"embeddable":true,"href":"https:\/\/whitepowder.se\/en\/wp-json\/wp\/v2\/comments?post=22433"}],"wp:featuredmedia":[{"embeddable":true,"href":"https:\/\/whitepowder.se\/en\/wp-json\/wp\/v2\/media\/22208"}],"wp:attachment":[{"href":"https:\/\/whitepowder.se\/en\/wp-json\/wp\/v2\/media?parent=22433"}],"wp:term":[{"taxonomy":"demonterat-fordon","embeddable":true,"href":"https:\/\/whitepowder.se\/en\/wp-json\/wp\/v2\/demonterat-fordon?post=22433"},{"taxonomy":"fordons-typ","embeddable":true,"href":"https:\/\/whitepowder.se\/en\/wp-json\/wp\/v2\/fordons-typ?post=22433"},{"taxonomy":"make","embeddable":true,"href":"https:\/\/whitepowder.se\/en\/wp-json\/wp\/v2\/make?post=22433"},{"taxonomy":"parts-filter","embeddable":true,"href":"https:\/\/whitepowder.se\/en\/wp-json\/wp\/v2\/parts-filter?post=22433"},{"taxonomy":"prod-typ","embeddable":true,"href":"https:\/\/whitepowder.se\/en\/wp-json\/wp\/v2\/prod-typ?post=22433"},{"taxonomy":"tillverkare","embeddable":true,"href":"https:\/\/whitepowder.se\/en\/wp-json\/wp\/v2\/tillverkare?post=22433"},{"taxonomy":"product_brand","embeddable":true,"href":"https:\/\/whitepowder.se\/en\/wp-json\/wp\/v2\/product_brand?post=22433"},{"taxonomy":"product_cat","embeddable":true,"href":"https:\/\/whitepowder.se\/en\/wp-json\/wp\/v2\/product_cat?post=22433"},{"taxonomy":"product_tag","embeddable":true,"href":"https:\/\/whitepowder.se\/en\/wp-json\/wp\/v2\/product_tag?post=22433"}],"curies":[{"name":"wp","href":"https:\/\/api.w.org\/{rel}","templated":true}]}}