{"id":22445,"date":"2025-09-26T20:26:44","date_gmt":"2025-09-26T18:26:44","guid":{"rendered":"https:\/\/whitepowder.se\/?post_type=product&#038;p=22445"},"modified":"2025-09-26T20:26:44","modified_gmt":"2025-09-26T18:26:44","slug":"polaris-5435733-070-tank-kna-plast","status":"publish","type":"product","link":"https:\/\/whitepowder.se\/en\/polaris-5435733-070-tank-kna-plast\/","title":{"rendered":"Polaris 5435733-070 &#8211; tank kn\u00e4 plast"},"content":{"rendered":"<p>Polaris 5435733-070 &#8211; tank kn\u00e4 plast<\/p>\n<p>CONSOLE, BLACK<\/p>\n<p>Plasten kommer ifr\u00e5n demonterad maskin har suttit p\u00e5: 2005 440 IQ , om det \u00e4r original plasten eller om den \u00e4r utbytt \u00e4r ej m\u00f6jligt att bekr\u00e4fta d\u00e5 fordonet hade haft m\u00e5nga \u00e4gare.<\/p>\n<p>* Anm\u00e4rkning: Skav i plast fr\u00e5n startsn\u00f6re.<br \/>\nrepor och skav i plast.<\/p>","protected":false},"excerpt":{"rendered":"<p>Polaris 5435733-070 Sitter Original p\u00e5 :<\/p>\n<p>POLARIS 2005 440 IQ S05MX4CS CONSOLE MOUNTING CE<br \/>\npolaris 440 iq s05mx4cs -2005<\/p>","protected":false},"featured_media":22103,"comment_status":"open","ping_status":"closed","template":"","meta":{"_acf_changed":false},"demonterat-fordon":[],"fordons-typ":[641],"make":[636],"parts-filter":[660],"prod-typ":[715],"tillverkare":[865],"product_brand":[],"product_cat":[157],"product_tag":[],"class_list":{"0":"post-22445","1":"product","2":"type-product","3":"status-publish","4":"has-post-thumbnail","6":"fordons-typ-sno","7":"make-polaris","8":"parts-filter-iq-r-rr","9":"prod-typ-beg","10":"tillverkare-polaris","11":"product_cat-tank-plast","13":"first","14":"instock","15":"purchasable","16":"product-type-simple"},"acf":[],"_links":{"self":[{"href":"https:\/\/whitepowder.se\/en\/wp-json\/wp\/v2\/product\/22445","targetHints":{"allow":["GET"]}}],"collection":[{"href":"https:\/\/whitepowder.se\/en\/wp-json\/wp\/v2\/product"}],"about":[{"href":"https:\/\/whitepowder.se\/en\/wp-json\/wp\/v2\/types\/product"}],"replies":[{"embeddable":true,"href":"https:\/\/whitepowder.se\/en\/wp-json\/wp\/v2\/comments?post=22445"}],"wp:featuredmedia":[{"embeddable":true,"href":"https:\/\/whitepowder.se\/en\/wp-json\/wp\/v2\/media\/22103"}],"wp:attachment":[{"href":"https:\/\/whitepowder.se\/en\/wp-json\/wp\/v2\/media?parent=22445"}],"wp:term":[{"taxonomy":"demonterat-fordon","embeddable":true,"href":"https:\/\/whitepowder.se\/en\/wp-json\/wp\/v2\/demonterat-fordon?post=22445"},{"taxonomy":"fordons-typ","embeddable":true,"href":"https:\/\/whitepowder.se\/en\/wp-json\/wp\/v2\/fordons-typ?post=22445"},{"taxonomy":"make","embeddable":true,"href":"https:\/\/whitepowder.se\/en\/wp-json\/wp\/v2\/make?post=22445"},{"taxonomy":"parts-filter","embeddable":true,"href":"https:\/\/whitepowder.se\/en\/wp-json\/wp\/v2\/parts-filter?post=22445"},{"taxonomy":"prod-typ","embeddable":true,"href":"https:\/\/whitepowder.se\/en\/wp-json\/wp\/v2\/prod-typ?post=22445"},{"taxonomy":"tillverkare","embeddable":true,"href":"https:\/\/whitepowder.se\/en\/wp-json\/wp\/v2\/tillverkare?post=22445"},{"taxonomy":"product_brand","embeddable":true,"href":"https:\/\/whitepowder.se\/en\/wp-json\/wp\/v2\/product_brand?post=22445"},{"taxonomy":"product_cat","embeddable":true,"href":"https:\/\/whitepowder.se\/en\/wp-json\/wp\/v2\/product_cat?post=22445"},{"taxonomy":"product_tag","embeddable":true,"href":"https:\/\/whitepowder.se\/en\/wp-json\/wp\/v2\/product_tag?post=22445"}],"curies":[{"name":"wp","href":"https:\/\/api.w.org\/{rel}","templated":true}]}}