{"id":22454,"date":"2025-09-26T20:26:42","date_gmt":"2025-09-26T18:26:42","guid":{"rendered":"https:\/\/whitepowder.se\/?post_type=product&#038;p=22454"},"modified":"2025-12-07T18:03:43","modified_gmt":"2025-12-07T17:03:43","slug":"polaris-5436023-insugs-ror","status":"publish","type":"product","link":"https:\/\/whitepowder.se\/en\/polaris-5436023-insugs-ror\/","title":{"rendered":"Polaris 5436023 &#8211; insugs r\u00f6r"},"content":{"rendered":"<p>Polaris 5436023 &#8211; insugs r\u00f6r<\/p>\n<p>INTAKE TUBE<\/p>\n<p>Inkluderar \u00e4ven ( ut\u00f6ver pn 5436023 )<br \/>\nP\/N: 5249079 Bracket, Tube Intake<\/p>\n<p>* Anm\u00e4rkning: Ett \u00f6ra f\u00f6r inf\u00e4stning av f\u00e4ste av.<br \/>\nrepor i gods plast.<br \/>\nf\u00e4ste \u00e4r l\u00e4tt b\u00f6jt ena sidan.<\/p>","protected":false},"excerpt":{"rendered":"<p>Polaris 5436023 Sitter Original p\u00e5 :<\/p>\n<p>2005 440 IQ (S05MX4CS) &#8211; Air Box \/Ce<br \/>\n2006 440 IQ (S06MX4CS) &#8211; Air Box<\/p>\n<p>2007 440 IQ\/EURO (S07MX4CS\/CE) &#8211; Air Box<\/p>\n<p>2008 600 IQ RACER\/EURO (S08MX6JS\/JE) &#8211; Engine, Air Box Asm<\/p>\n<p>2008 600 RR\/EURO (S08MX6FS\/FE) &#8211; Engine, Air Box Asm<\/p>\n<p>2009 600 IQ RACER\/EURO (S09MX6JS\/JE) &#8211; Engine, Air Intake System<\/p>\n<p>2009 600 RR EURO (S09MX6FE) &#8211; Engine, Air Intake System<\/p>\n<p>2010 600 IQ RACER (S10MX6JSA\/JEA) &#8211; Engine, Air Intake System<\/p>\n<p>2011 600 IQ RACER\/INTL (S11MX6JSA\/JEA) &#8211; Engine, Air Intake System<\/p>\n<p>2012 600 IQ RACER\/INTL (S12MX6JSA\/JEA) &#8211; Engine, Air Intake System<\/p>\n<p>2013 600 IQ RACER\/INTL (S13MX6JSA\/JEA) &#8211; Engine, Air Intake System<\/p>\n<p>2014 600 IQ RACER\/INTL (S14MX6JSA\/JEA) &#8211; Engine, Air Intake System<\/p>\n<p>2015 600 IQ RACER\/INTL (S15MX6JSA\/JEA) &#8211; Engine, Air Intake System<\/p>\n<p>2016 600 IQ RACER\/INTL (S16MX6JSA\/JEA) &#8211; Engine, Air Intake System<\/p>","protected":false},"featured_media":22098,"comment_status":"open","ping_status":"closed","template":"","meta":{"_acf_changed":false},"demonterat-fordon":[],"fordons-typ":[641],"make":[636],"parts-filter":[660],"prod-typ":[715],"tillverkare":[865],"product_brand":[],"product_cat":[74],"product_tag":[],"class_list":{"0":"post-22454","1":"product","2":"type-product","3":"status-publish","4":"has-post-thumbnail","6":"fordons-typ-sno","7":"make-polaris","8":"parts-filter-iq-r-rr","9":"prod-typ-beg","10":"tillverkare-polaris","11":"product_cat-airbox-intake","13":"first","14":"outofstock","15":"purchasable","16":"product-type-simple"},"acf":[],"_links":{"self":[{"href":"https:\/\/whitepowder.se\/en\/wp-json\/wp\/v2\/product\/22454","targetHints":{"allow":["GET"]}}],"collection":[{"href":"https:\/\/whitepowder.se\/en\/wp-json\/wp\/v2\/product"}],"about":[{"href":"https:\/\/whitepowder.se\/en\/wp-json\/wp\/v2\/types\/product"}],"replies":[{"embeddable":true,"href":"https:\/\/whitepowder.se\/en\/wp-json\/wp\/v2\/comments?post=22454"}],"wp:featuredmedia":[{"embeddable":true,"href":"https:\/\/whitepowder.se\/en\/wp-json\/wp\/v2\/media\/22098"}],"wp:attachment":[{"href":"https:\/\/whitepowder.se\/en\/wp-json\/wp\/v2\/media?parent=22454"}],"wp:term":[{"taxonomy":"demonterat-fordon","embeddable":true,"href":"https:\/\/whitepowder.se\/en\/wp-json\/wp\/v2\/demonterat-fordon?post=22454"},{"taxonomy":"fordons-typ","embeddable":true,"href":"https:\/\/whitepowder.se\/en\/wp-json\/wp\/v2\/fordons-typ?post=22454"},{"taxonomy":"make","embeddable":true,"href":"https:\/\/whitepowder.se\/en\/wp-json\/wp\/v2\/make?post=22454"},{"taxonomy":"parts-filter","embeddable":true,"href":"https:\/\/whitepowder.se\/en\/wp-json\/wp\/v2\/parts-filter?post=22454"},{"taxonomy":"prod-typ","embeddable":true,"href":"https:\/\/whitepowder.se\/en\/wp-json\/wp\/v2\/prod-typ?post=22454"},{"taxonomy":"tillverkare","embeddable":true,"href":"https:\/\/whitepowder.se\/en\/wp-json\/wp\/v2\/tillverkare?post=22454"},{"taxonomy":"product_brand","embeddable":true,"href":"https:\/\/whitepowder.se\/en\/wp-json\/wp\/v2\/product_brand?post=22454"},{"taxonomy":"product_cat","embeddable":true,"href":"https:\/\/whitepowder.se\/en\/wp-json\/wp\/v2\/product_cat?post=22454"},{"taxonomy":"product_tag","embeddable":true,"href":"https:\/\/whitepowder.se\/en\/wp-json\/wp\/v2\/product_tag?post=22454"}],"curies":[{"name":"wp","href":"https:\/\/api.w.org\/{rel}","templated":true}]}}