{"id":22466,"date":"2025-09-26T20:28:58","date_gmt":"2025-09-26T18:28:58","guid":{"rendered":"https:\/\/whitepowder.se\/?post_type=product&#038;p=22466"},"modified":"2025-09-26T20:28:59","modified_gmt":"2025-09-26T18:28:59","slug":"polaris-2633612-070-sidokapa-iq-lh-2","status":"publish","type":"product","link":"https:\/\/whitepowder.se\/en\/polaris-2633612-070-sidokapa-iq-lh-2\/","title":{"rendered":"Polaris 2633612-070 &#8211; Sidok\u00e5pa IQ, LH"},"content":{"rendered":"<p>Polaris 2633612-070 &#8211; Sidok\u00e5pa IQ, LH<\/p>\n<p>Panel, Side, Black, LH<\/p>\n<p>Partnumbret \u00e4r ett Assembely nummer,<br \/>\nSidok\u00e5pan saknar gummi stropparna f\u00f6r fasts\u00e4ttning.<\/p>\n<p>* Anm\u00e4rkning: Mindre repor &#8211; skav plast utsida.<br \/>\nskav plast insida.<br \/>\nvitt klisterm\u00e4rke sitter \u00f6ver original plast dekal.<\/p>","protected":false},"excerpt":{"rendered":"<p>Polaris 2633612-070 Sitter Original p\u00e5 :<\/p>\n<p>POLARIS 2008 600 RR EURO S08MX6FS FE BODY NOSEPAN SIDEPANELS<br \/>\npolaris 600 rr euro s08mx6fs fe -2008<br \/>\nPOLARIS 2009 600 RR EURO S09MX6FE BODY NOSEPAN SIDEPANELS<br \/>\npolaris 600 rr euro s09mx6fe -2009<\/p>","protected":false},"featured_media":22319,"comment_status":"open","ping_status":"closed","template":"","meta":{"_acf_changed":false},"demonterat-fordon":[],"fordons-typ":[641],"make":[636],"parts-filter":[660],"prod-typ":[715],"tillverkare":[865],"product_brand":[],"product_cat":[343],"product_tag":[],"class_list":{"0":"post-22466","1":"product","2":"type-product","3":"status-publish","4":"has-post-thumbnail","6":"fordons-typ-sno","7":"make-polaris","8":"parts-filter-iq-r-rr","9":"prod-typ-beg","10":"tillverkare-polaris","11":"product_cat-side-panel","13":"first","14":"instock","15":"purchasable","16":"product-type-simple"},"acf":[],"_links":{"self":[{"href":"https:\/\/whitepowder.se\/en\/wp-json\/wp\/v2\/product\/22466","targetHints":{"allow":["GET"]}}],"collection":[{"href":"https:\/\/whitepowder.se\/en\/wp-json\/wp\/v2\/product"}],"about":[{"href":"https:\/\/whitepowder.se\/en\/wp-json\/wp\/v2\/types\/product"}],"replies":[{"embeddable":true,"href":"https:\/\/whitepowder.se\/en\/wp-json\/wp\/v2\/comments?post=22466"}],"wp:featuredmedia":[{"embeddable":true,"href":"https:\/\/whitepowder.se\/en\/wp-json\/wp\/v2\/media\/22319"}],"wp:attachment":[{"href":"https:\/\/whitepowder.se\/en\/wp-json\/wp\/v2\/media?parent=22466"}],"wp:term":[{"taxonomy":"demonterat-fordon","embeddable":true,"href":"https:\/\/whitepowder.se\/en\/wp-json\/wp\/v2\/demonterat-fordon?post=22466"},{"taxonomy":"fordons-typ","embeddable":true,"href":"https:\/\/whitepowder.se\/en\/wp-json\/wp\/v2\/fordons-typ?post=22466"},{"taxonomy":"make","embeddable":true,"href":"https:\/\/whitepowder.se\/en\/wp-json\/wp\/v2\/make?post=22466"},{"taxonomy":"parts-filter","embeddable":true,"href":"https:\/\/whitepowder.se\/en\/wp-json\/wp\/v2\/parts-filter?post=22466"},{"taxonomy":"prod-typ","embeddable":true,"href":"https:\/\/whitepowder.se\/en\/wp-json\/wp\/v2\/prod-typ?post=22466"},{"taxonomy":"tillverkare","embeddable":true,"href":"https:\/\/whitepowder.se\/en\/wp-json\/wp\/v2\/tillverkare?post=22466"},{"taxonomy":"product_brand","embeddable":true,"href":"https:\/\/whitepowder.se\/en\/wp-json\/wp\/v2\/product_brand?post=22466"},{"taxonomy":"product_cat","embeddable":true,"href":"https:\/\/whitepowder.se\/en\/wp-json\/wp\/v2\/product_cat?post=22466"},{"taxonomy":"product_tag","embeddable":true,"href":"https:\/\/whitepowder.se\/en\/wp-json\/wp\/v2\/product_tag?post=22466"}],"curies":[{"name":"wp","href":"https:\/\/api.w.org\/{rel}","templated":true}]}}