{"id":22469,"date":"2025-09-26T20:28:55","date_gmt":"2025-09-26T18:28:55","guid":{"rendered":"https:\/\/whitepowder.se\/?post_type=product&#038;p=22469"},"modified":"2025-11-27T17:33:05","modified_gmt":"2025-11-27T16:33:05","slug":"polaris-2633613-070-sidokapa-iq-rh-2","status":"publish","type":"product","link":"https:\/\/whitepowder.se\/en\/polaris-2633613-070-sidokapa-iq-rh-2\/","title":{"rendered":"Polaris 2633613-070 &#8211; Sidok\u00e5pa IQ, RH"},"content":{"rendered":"<p>Polaris 2633613-070 &#8211; Sidok\u00e5pa IQ, RH<\/p>\n<p>Side Panel, Black, RH<\/p>\n<p>Partnumbret \u00e4r ett Assembely nummer,<br \/>\nSidok\u00e5pan saknar gummi stropparna f\u00f6r fasts\u00e4ttning.<\/p>\n<p>* Anm\u00e4rkning: Buckla i plast nedre del.<br \/>\nskav plast utsida.<br \/>\ninsidan \u00f6vredel plast sm\u00e4lt fr\u00e5n v\u00e4rme.<br \/>\npopnit &#8211; stropp f\u00e4ste l\u00e4tt glapp.<br \/>\nisolering insida skav.<\/p>","protected":false},"excerpt":{"rendered":"<p>Polaris 2633613-070 Sitter Original p\u00e5 :<\/p>\n<p>POLARIS 2008 600 IQ RACER EURO S08MX6JS JE BODY NOSEPAN SIDEPANELS<br \/>\npolaris 600 iq racer euro s08mx6js je -2008<br \/>\nPOLARIS 2008 600 RR EURO S08MX6FS FE BODY NOSEPAN SIDEPANELS<br \/>\npolaris 600 rr euro s08mx6fs fe -2008<br \/>\nPOLARIS 2009 600 IQ RACER EURO S09MX6JS JE BODY NOSEPAN SIDEPANELS<br \/>\npolaris 600 iq racer euro s09mx6js je -2009<br \/>\nPOLARIS 2009 600 RR EURO S09MX6FE BODY NOSEPAN SIDEPANELS<br \/>\npolaris 600 rr euro s09mx6fe -2009<br \/>\nPOLARIS 2010 600 IQ RACER S10MX6JSA JEA BODY NOSEPAN SIDEPANELS<br \/>\npolaris 600 iq racer s10mx6jsa jea -2010<\/p>","protected":false},"featured_media":22306,"comment_status":"open","ping_status":"closed","template":"","meta":{"_acf_changed":false},"demonterat-fordon":[],"fordons-typ":[641],"make":[636],"parts-filter":[660],"prod-typ":[715],"tillverkare":[865],"product_brand":[],"product_cat":[343],"product_tag":[],"class_list":{"0":"post-22469","1":"product","2":"type-product","3":"status-publish","4":"has-post-thumbnail","6":"fordons-typ-sno","7":"make-polaris","8":"parts-filter-iq-r-rr","9":"prod-typ-beg","10":"tillverkare-polaris","11":"product_cat-side-panel","13":"first","14":"outofstock","15":"purchasable","16":"product-type-simple"},"acf":[],"_links":{"self":[{"href":"https:\/\/whitepowder.se\/en\/wp-json\/wp\/v2\/product\/22469","targetHints":{"allow":["GET"]}}],"collection":[{"href":"https:\/\/whitepowder.se\/en\/wp-json\/wp\/v2\/product"}],"about":[{"href":"https:\/\/whitepowder.se\/en\/wp-json\/wp\/v2\/types\/product"}],"replies":[{"embeddable":true,"href":"https:\/\/whitepowder.se\/en\/wp-json\/wp\/v2\/comments?post=22469"}],"wp:featuredmedia":[{"embeddable":true,"href":"https:\/\/whitepowder.se\/en\/wp-json\/wp\/v2\/media\/22306"}],"wp:attachment":[{"href":"https:\/\/whitepowder.se\/en\/wp-json\/wp\/v2\/media?parent=22469"}],"wp:term":[{"taxonomy":"demonterat-fordon","embeddable":true,"href":"https:\/\/whitepowder.se\/en\/wp-json\/wp\/v2\/demonterat-fordon?post=22469"},{"taxonomy":"fordons-typ","embeddable":true,"href":"https:\/\/whitepowder.se\/en\/wp-json\/wp\/v2\/fordons-typ?post=22469"},{"taxonomy":"make","embeddable":true,"href":"https:\/\/whitepowder.se\/en\/wp-json\/wp\/v2\/make?post=22469"},{"taxonomy":"parts-filter","embeddable":true,"href":"https:\/\/whitepowder.se\/en\/wp-json\/wp\/v2\/parts-filter?post=22469"},{"taxonomy":"prod-typ","embeddable":true,"href":"https:\/\/whitepowder.se\/en\/wp-json\/wp\/v2\/prod-typ?post=22469"},{"taxonomy":"tillverkare","embeddable":true,"href":"https:\/\/whitepowder.se\/en\/wp-json\/wp\/v2\/tillverkare?post=22469"},{"taxonomy":"product_brand","embeddable":true,"href":"https:\/\/whitepowder.se\/en\/wp-json\/wp\/v2\/product_brand?post=22469"},{"taxonomy":"product_cat","embeddable":true,"href":"https:\/\/whitepowder.se\/en\/wp-json\/wp\/v2\/product_cat?post=22469"},{"taxonomy":"product_tag","embeddable":true,"href":"https:\/\/whitepowder.se\/en\/wp-json\/wp\/v2\/product_tag?post=22469"}],"curies":[{"name":"wp","href":"https:\/\/api.w.org\/{rel}","templated":true}]}}