{"id":22783,"date":"2025-10-04T18:13:09","date_gmt":"2025-10-04T16:13:09","guid":{"rendered":"https:\/\/whitepowder.se\/?post_type=product&#038;p=22783"},"modified":"2025-10-04T18:13:12","modified_gmt":"2025-10-04T16:13:12","slug":"polaris-1262375-axys-avgasror-pipa-5","status":"publish","type":"product","link":"https:\/\/whitepowder.se\/en\/polaris-1262375-axys-avgasror-pipa-5\/","title":{"rendered":"Polaris 1262375 &#8211; AXYS avgasr\u00f6r pipa"},"content":{"rendered":"<p>Polaris 1262375 &#8211; AXYS avgasr\u00f6r pipa<\/p>\n<p>ASM., TUNED PIPE, 800<\/p>\n<p>* Anm\u00e4rkning: Skav gods v\u00e4rmesk\u00f6ld undersida.<br \/>\nmindre bucklor , repor och skav i v\u00e4rmesk\u00f6ld.<\/p>","protected":false},"excerpt":{"rendered":"<p>Polaris 1262375 Sitter Original p\u00e5 :<\/p>\n<p>POLARIS 2015 800 RUSH PRO S ALL OPTIONS S15DP8 ENGINE EXHAUST ALL OPTIONS<br \/>\npolaris 800 rush pro s all options s15dp8 -2015<br \/>\nPOLARIS 2015 800 RUSH PRO X ALL OPTIONS S15DF8PEL PS ENGINE EXHAUST S15DF8 ALL OPTIONS<br \/>\npolaris 800 rush pro x all options s15df8pel ps -2015<br \/>\nPOLARIS 2015 800 SWITCHBACK PRO S ALL OPTIONS S15DS8PS PSA PSL ENGINE EXHAUST S15DS8 ALL OPTIONS<br \/>\npolaris 800 switchback pro s all options s15ds8ps psa psl -2015<br \/>\nPOLARIS 2015 800 SWITCHBACK PRO X ALL OPTIONS S15DR8PS PEL ENGINE EXHAUST ALL OPTIONS<br \/>\npolaris 800 switchback pro x all options s15dr8ps pel -2015<br \/>\nPOLARIS 2016 800 AXYS PRO RMK LE 155 ALL OPTIONS S16EC8 EG8 ENGINE EXHAUST ALL OPTIONS<br \/>\npolaris 800 axys pro rmk le 155 all options s16ec8 eg8 -2016<br \/>\nPOLARIS 2016 800 AXYS PRO RMK LE 163 ALL OPTIONS S16ED8 EH8 ENGINE EXHAUST ALL OPTIONS<br \/>\npolaris 800 axys pro rmk le 163 all options s16ed8 eh8 -2016<br \/>\nPOLARIS 2016 800 AXYS SKS 155 ALL OPTIONS S16EL8PE PS PSL ENGINE EXHAUST ALL OPTIONS<br \/>\npolaris 800 axys sks 155 all options s16el8pe ps psl -2016<br \/>\nPOLARIS 2016 800 RMK ASSAULT 155 ALL OPTIONS S16EN8 EY8 ENGINE EXHAUST ALL OPTIONS<br \/>\npolaris 800 rmk assault 155 all options s16en8 ey8 -2016<br \/>\nPOLARIS 2016 800 RUSH PRO S ALL OPTIONS S16DP8 ENGINE EXHAUST ALL OPTIONS<br \/>\npolaris 800 rush pro s all options s16dp8 -2016<br \/>\nPOLARIS 2016 800 RUSH PRO X ALL OPTIONS S16DF8 ENGINE EXHAUST ALL OPTIONS<br \/>\npolaris 800 rush pro x all options s16df8 -2016<br \/>\nPOLARIS 2016 800 SWITCHBACK ADVENTURE INTL S16DA8PSL PEL ENGINE EXHAUST<br \/>\npolaris 800 switchback adventure intl s16da8psl pel -2016<br \/>\nPOLARIS 2016 800 SWITCHBACK PRO S ALL OPTIONS S16DS8 ENGINE EXHAUST ALL OPTIONS<br \/>\npolaris 800 switchback pro s all options s16ds8 -2016<br \/>\nPOLARIS 2016 800 SWITCHBACK PRO X INTL ALL OPTIONS S16DR8 ENGINE EXHAUST ALL OPTIONS<br \/>\npolaris 800 switchback pro x intl all options s16dr8 -2016<br \/>\nPOLARIS 2017 800 AXYS PRO RMK 163 ALL OPTIONS S17EGK8 EGM8 EGP8 ENGINE EXHAUST ALL OPTIONS<br \/>\npolaris 800 axys pro rmk 163 all options s17egk8 egm8 egp8 -2017<br \/>\nPOLARIS 2017 800 AXYS PRO RMK 174 ALL OPTIONS S17EHP8P ENGINE EXHAUST ALL OPTIONS<br \/>\npolaris 800 axys pro rmk 174 all options s17ehp8p -2017<br \/>\nPOLARIS 2017 800 AXYS PRO RMK LE 155 ALL OPTIONS S17EFK8 EFM8 EFP8 ENGINE EXHAUST ALL OPTIONS<br \/>\npolaris 800 axys pro rmk le 155 all options s17efk8 efm8 efp8 -2017<br \/>\nPOLARIS 2017 800 AXYS RMK ASSAULT 155 ALL OPTIONS S17EFN8 EFT8 ENGINE EXHAUST ALL OPTIONS<br \/>\npolaris 800 axys rmk assault 155 all options s17efn8 eft8 -2017<br \/>\nPOLARIS 2017 800 AXYS SKS 155 ALL OPTIONS S17EFS8 ENGINE EXHAUST ALL OPTIONS<br \/>\npolaris 800 axys sks 155 all options s17efs8 -2017<br \/>\nPOLARIS 2017 800 RUSH PRO S ALL OPTIONS S17DCH8 ENGINE EXHAUST ALL OPTIONS<br \/>\npolaris 800 rush pro s all options s17dch8 -2017<br \/>\nPOLARIS 2017 800 RUSH PRO X SC S17DCJ8PS ENGINE EXHAUST ALL OPTIONS<br \/>\npolaris 800 rush pro x sc s17dcj8ps -2017<br \/>\nPOLARIS 2017 800 RUSH XCR INTL ES S17DCL8PSA PEL ENGINE EXHAUST<br \/>\npolaris 800 rush xcr intl es s17dcl8psa pel -2017<br \/>\nPOLARIS 2017 800 SWITCHBACK ADVENTURE INTL S17DDE8PSL PEL ENGINE EXHAUST<br \/>\npolaris 800 switchback adventure intl s17dde8psl pel -2017<br \/>\nPOLARIS 2017 800 SWITCHBACK ASSAULT 144 ALL OPTIONS S17EEC8 ENGINE EXHAUST ALL OPTIONS<br \/>\npolaris 800 switchback assault 144 all options s17eec8 -2017<br \/>\nPOLARIS 2017 800 SWITCHBACK PRO S ALL OPTIONS S17DDH8 ENGINE EXHAUST ALL OPTIONS<br \/>\npolaris 800 switchback pro s all options s17ddh8 -2017<br \/>\nPOLARIS 2017 800 SWITCHBACK PRO X INTL ALL OPTIONS S17DDJ8 ENGINE EXHAUST ALL OPTIONS<br \/>\npolaris 800 switchback pro x intl all options s17ddj8 -2017<\/p>","protected":false},"featured_media":22640,"comment_status":"open","ping_status":"closed","template":"","meta":{"_acf_changed":false},"demonterat-fordon":[],"fordons-typ":[641],"make":[636],"parts-filter":[658],"prod-typ":[715],"tillverkare":[865],"product_brand":[],"product_cat":[438],"product_tag":[],"class_list":{"0":"post-22783","1":"product","2":"type-product","3":"status-publish","4":"has-post-thumbnail","6":"fordons-typ-sno","7":"make-polaris","8":"parts-filter-axys","9":"prod-typ-beg","10":"tillverkare-polaris","11":"product_cat-exhaust-pipe","13":"first","14":"instock","15":"purchasable","16":"product-type-simple"},"acf":[],"_links":{"self":[{"href":"https:\/\/whitepowder.se\/en\/wp-json\/wp\/v2\/product\/22783","targetHints":{"allow":["GET"]}}],"collection":[{"href":"https:\/\/whitepowder.se\/en\/wp-json\/wp\/v2\/product"}],"about":[{"href":"https:\/\/whitepowder.se\/en\/wp-json\/wp\/v2\/types\/product"}],"replies":[{"embeddable":true,"href":"https:\/\/whitepowder.se\/en\/wp-json\/wp\/v2\/comments?post=22783"}],"wp:featuredmedia":[{"embeddable":true,"href":"https:\/\/whitepowder.se\/en\/wp-json\/wp\/v2\/media\/22640"}],"wp:attachment":[{"href":"https:\/\/whitepowder.se\/en\/wp-json\/wp\/v2\/media?parent=22783"}],"wp:term":[{"taxonomy":"demonterat-fordon","embeddable":true,"href":"https:\/\/whitepowder.se\/en\/wp-json\/wp\/v2\/demonterat-fordon?post=22783"},{"taxonomy":"fordons-typ","embeddable":true,"href":"https:\/\/whitepowder.se\/en\/wp-json\/wp\/v2\/fordons-typ?post=22783"},{"taxonomy":"make","embeddable":true,"href":"https:\/\/whitepowder.se\/en\/wp-json\/wp\/v2\/make?post=22783"},{"taxonomy":"parts-filter","embeddable":true,"href":"https:\/\/whitepowder.se\/en\/wp-json\/wp\/v2\/parts-filter?post=22783"},{"taxonomy":"prod-typ","embeddable":true,"href":"https:\/\/whitepowder.se\/en\/wp-json\/wp\/v2\/prod-typ?post=22783"},{"taxonomy":"tillverkare","embeddable":true,"href":"https:\/\/whitepowder.se\/en\/wp-json\/wp\/v2\/tillverkare?post=22783"},{"taxonomy":"product_brand","embeddable":true,"href":"https:\/\/whitepowder.se\/en\/wp-json\/wp\/v2\/product_brand?post=22783"},{"taxonomy":"product_cat","embeddable":true,"href":"https:\/\/whitepowder.se\/en\/wp-json\/wp\/v2\/product_cat?post=22783"},{"taxonomy":"product_tag","embeddable":true,"href":"https:\/\/whitepowder.se\/en\/wp-json\/wp\/v2\/product_tag?post=22783"}],"curies":[{"name":"wp","href":"https:\/\/api.w.org\/{rel}","templated":true}]}}