{"id":22800,"date":"2025-10-04T18:13:24","date_gmt":"2025-10-04T16:13:24","guid":{"rendered":"https:\/\/whitepowder.se\/?post_type=product&#038;p=22800"},"modified":"2025-10-04T18:13:25","modified_gmt":"2025-10-04T16:13:25","slug":"polaris-1262701-axys-ljuddampare-slutburk-4","status":"publish","type":"product","link":"https:\/\/whitepowder.se\/en\/polaris-1262701-axys-ljuddampare-slutburk-4\/","title":{"rendered":"Polaris 1262701 &#8211; AXYS Ljudd\u00e4mpare, slutburk"},"content":{"rendered":"<p>Polaris 1262701 &#8211; AXYS Ljudd\u00e4mpare, slutburk<\/p>\n<p>RESONATOR, AXYS<\/p>\n<p>* Anm\u00e4rkning: Bucklor , repor och skav i v\u00e4rmesk\u00f6ld.<br \/>\nflera sprickor i v\u00e4rmesk\u00f6ld.<\/p>","protected":false},"excerpt":{"rendered":"<p>Polaris 1262701 Sitter Original p\u00e5 :<\/p>\n<p>POLARIS 2016 600 AXYS PRO RMK 155 ALL OPTIONS S16EG6 ENGINE EXHAUST ALL OPTIONS<br \/>\npolaris 600 axys pro rmk 155 all options s16eg6 -2016<br \/>\nPOLARIS 2016 800 AXYS PRO RMK LE 155 ALL OPTIONS S16EC8 EG8 ENGINE EXHAUST ALL OPTIONS<br \/>\npolaris 800 axys pro rmk le 155 all options s16ec8 eg8 -2016<br \/>\nPOLARIS 2016 800 AXYS PRO RMK LE 163 ALL OPTIONS S16ED8 EH8 ENGINE EXHAUST ALL OPTIONS<br \/>\npolaris 800 axys pro rmk le 163 all options s16ed8 eh8 -2016<br \/>\nPOLARIS 2016 800 AXYS SKS 155 ALL OPTIONS S16EL8PE PS PSL ENGINE EXHAUST ALL OPTIONS<br \/>\npolaris 800 axys sks 155 all options s16el8pe ps psl -2016<br \/>\nPOLARIS 2016 800 RMK ASSAULT 155 ALL OPTIONS S16EN8 EY8 ENGINE EXHAUST ALL OPTIONS<br \/>\npolaris 800 rmk assault 155 all options s16en8 ey8 -2016<br \/>\nPOLARIS 2017 600 AXYS PRO RMK 155 ALL OPTIONS S17EFK6 ENGINE EXHAUST ALL OPTIONS<br \/>\npolaris 600 axys pro rmk 155 all options s17efk6 -2017<br \/>\nPOLARIS 2017 600 RMK ES 144 S17EEG6PSA PSL ENGINE EXHAUST<br \/>\npolaris 600 rmk es 144 s17eeg6psa psl -2017<br \/>\nPOLARIS 2017 600 SWITCHBACK ASSAULT 144 ALL OPTIONS S17EEC6 ENGINE EXHAUST ALL OPTIONS<br \/>\npolaris 600 switchback assault 144 all options s17eec6 -2017<br \/>\nPOLARIS 2017 600 SWITCHBACK SP ALL OPTIONS S17EER6 ENGINE EXHAUST ALL OPTIONS<br \/>\npolaris 600 switchback sp all options s17eer6 -2017<br \/>\nPOLARIS 2017 600 VOYAGEUR INTL 144 S17EEF6PSL PEL ENGINE EXHAUST<br \/>\npolaris 600 voyageur intl 144 s17eef6psl pel -2017<br \/>\nPOLARIS 2017 800 AXYS PRO RMK 163 ALL OPTIONS S17EGK8 EGM8 EGP8 ENGINE EXHAUST ALL OPTIONS<br \/>\npolaris 800 axys pro rmk 163 all options s17egk8 egm8 egp8 -2017<br \/>\nPOLARIS 2017 800 AXYS PRO RMK 174 ALL OPTIONS S17EHP8P ENGINE EXHAUST ALL OPTIONS<br \/>\npolaris 800 axys pro rmk 174 all options s17ehp8p -2017<br \/>\nPOLARIS 2017 800 AXYS PRO RMK LE 155 ALL OPTIONS S17EFK8 EFM8 EFP8 ENGINE EXHAUST ALL OPTIONS<br \/>\npolaris 800 axys pro rmk le 155 all options s17efk8 efm8 efp8 -2017<br \/>\nPOLARIS 2017 800 AXYS RMK ASSAULT 155 ALL OPTIONS S17EFN8 EFT8 ENGINE EXHAUST ALL OPTIONS<br \/>\npolaris 800 axys rmk assault 155 all options s17efn8 eft8 -2017<br \/>\nPOLARIS 2017 800 AXYS SKS 155 ALL OPTIONS S17EFS8 ENGINE EXHAUST ALL OPTIONS<br \/>\npolaris 800 axys sks 155 all options s17efs8 -2017<br \/>\nPOLARIS 2017 800 SWITCHBACK ASSAULT 144 ALL OPTIONS S17EEC8 ENGINE EXHAUST ALL OPTIONS<br \/>\npolaris 800 switchback assault 144 all options s17eec8 -2017<br \/>\nPOLARIS 2018 600 AXYS PRO RMK 155 INTL SC S18EFK6PSL PSA PEB ENGINE EXHAUST S18EFK6PSL PSA PEB 600038<br \/>\npolaris 600 axys pro rmk 155 intl sc s18efk6psl psa peb -2018<br \/>\nPOLARIS 2018 600 RMK ES 144 S18EEG6PSA PSL ENGINE EXHAUST S18EEG6PSA PSL 600038<br \/>\npolaris 600 rmk es 144 s18eeg6psa psl -2018<br \/>\nPOLARIS 2018 600 SWITCHBACK ASSAULT 144 ALL OPTIONS S18EEC6P ENGINE EXHAUST S18EEC6P ALL OPTIONS 600038<br \/>\npolaris 600 switchback assault 144 all options s18eec6p -2018<br \/>\nPOLARIS 2018 600 SWITCHBACK SP 144 S18EER6PSA PSL PEL ENGINE EXHAUST S18EER6PSA PSL PEL 600038<br \/>\npolaris 600 switchback sp 144 s18eer6psa psl pel -2018<br \/>\nPOLARIS 2018 600 VOYAGEUR 144 ES INTL S18EEF6PSL PEL ENGINE EXHAUST S18EEF6PSL PEL 600038<br \/>\npolaris 600 voyageur 144 es intl s18eef6psl pel -2018<br \/>\nPOLARIS 2018 800 AXYS PRO RMK 155 ALL OPTIONS S18EFK8P EFM8P ENGINE EXHAUST S18EFK8P EFM8P ALL OPTIONS 600038<br \/>\npolaris 800 axys pro rmk 155 all options s18efk8p efm8p -2018<br \/>\nPOLARIS 2018 800 AXYS PRO RMK 163 ALL OPTIONS S18EGK8P EGM8P ENGINE EXHAUST S18EGK8P EGM8P ALL OPTIONS 600038<br \/>\npolaris 800 axys pro rmk 163 all options s18egk8p egm8p -2018<br \/>\nPOLARIS 2018 800 AXYS PRO RMK 174 3 ALL OPTIONS S18EHM8PS PEB ENGINE EXHAUST S18EHM8PS PEB ALL OPTIONS 600038<br \/>\npolaris 800 axys pro rmk 174 3 all options s18ehm8ps peb -2018<br \/>\nPOLARIS 2018 800 AXYS RMK ASSAULT 155 ALL OPTIONS S18EFT8P ENGINE EXHAUST S18EFT8P ALL OPTIONS 600038<br \/>\npolaris 800 axys rmk assault 155 all options s18eft8p -2018<br \/>\nPOLARIS 2018 800 AXYS SKS 146 ALL OPTIONS S18ELS8P ENGINE EXHAUST S18ELS8P ALL OPTIONS 600038<br \/>\npolaris 800 axys sks 146 all options s18els8p -2018<br \/>\nPOLARIS 2018 800 AXYS SKS 155 ALL OPTIONS S18EFS8P ENGINE EXHAUST S18EFS8P ALL OPTIONS 600038<br \/>\npolaris 800 axys sks 155 all options s18efs8p -2018<br \/>\nPOLARIS 2018 800 SWITCHBACK ASSAULT 144 ALL OPTIONS S18EEC8P ENGINE EXHAUST S18EEC8 ALL OPTIONS 600736<br \/>\npolaris 800 switchback assault 144 all options s18eec8p -2018<br \/>\nPOLARIS 2019 600 AXYS PRO RMK 155 ES INTL S19EFK6PSA PSL PEB ENGINE EXHAUST S19EFK6PSA PSL PEB 600038<br \/>\npolaris 600 axys pro rmk 155 es intl s19efk6psa psl peb -2019<br \/>\nPOLARIS 2019 600 RMK 144 ES S19EEG6PSA PSL ENGINE EXHAUST S19EEG6PSA PSL 600038<br \/>\npolaris 600 rmk 144 es s19eeg6psa psl -2019<br \/>\nPOLARIS 2019 600 SWITCHBACK ASSAULT 144 INTL SC SELECT ALL OPTIONS S19EEC6PS PER ENGINE EXHAUST S19EEC6PS PER ALL OPTIONS 600038<br \/>\npolaris 600 switchback assault 144 intl sc select all options s19eec6ps per -2019<br \/>\nPOLARIS 2019 600 SWITCHBACK SP 144 ES INTL S19EER6PSL PEL ENGINE EXHAUST S19EER6PSL PEL 600038<br \/>\npolaris 600 switchback sp 144 es intl s19eer6psl pel -2019<br \/>\nPOLARIS 2019 600 VOYAGEUR 144 ES INTL S19EEF6PSL PEL ENGINE EXHAUST S19EEF6PSL PEL 600038<br \/>\npolaris 600 voyageur 144 es intl s19eef6psl pel -2019<br \/>\nPOLARIS 2019 800 AXYS PRO RMK 155 INTL SC SELECT 3 SC SELECT S19EFK8PS PEB EFM8PS ENGINE EXHAUST S19EFK8PS PEB ALL OPTIONS 600038<br \/>\npolaris 800 axys pro rmk 155 intl sc select 3 sc select s19efk8ps peb efm8ps -2019<br \/>\nPOLARIS 2019 800 AXYS PRO RMK 163 SC SEL 3 SC SEL S19EGK8PS EGM8PS ENGINE EXHAUST S19EGK8PS ALL OPTIONS 600038<br \/>\npolaris 800 axys pro rmk 163 sc sel 3 sc sel s19egk8ps egm8ps -2019<br \/>\nPOLARIS 2019 800 AXYS PRO RMK 174 3 SC SELECT S19EHM8PS ENGINE EXHAUST S19EHM8PS ALL OPTIONS 600038<br \/>\npolaris 800 axys pro rmk 174 3 sc select s19ehm8ps -2019<br \/>\nPOLARIS 2019 800 AXYS SKS 146 INTL ALL OPTIONS S19ELS8PS PEB ENGINE EXHAUST S19ELS8PS PEB ALL OPTIONS 600038<br \/>\npolaris 800 axys sks 146 intl all options s19els8ps peb -2019<br \/>\nPOLARIS 2019 800 RMK ASSAULT 155 INTL SC SELECT S19EFT8PS PEB ENGINE EXHAUST S19EFT8PS PEB ALL OPTIONS 600038<br \/>\npolaris 800 rmk assault 155 intl sc select s19eft8ps peb -2019<br \/>\nPOLARIS 2019 800 SWITCHBACK ASSAULT 144 INTL SC SELECT ALL OPTIONS S19EEC8PS PEB ENGINE EXHAUST S19EEC8PS PEB ALL OPTIONS 600736<br \/>\npolaris 800 switchback assault 144 intl sc select all options s19eec8ps peb -2019<br \/>\nPOLARIS 2019 AXYS SKS 800 155 SC SELECT ALL OPTIONS S19EFS8PS ENGINE EXHAUST S19EFS8PS ALL OPTIONS 600038<br \/>\npolaris axys sks 800 155 sc select all options s19efs8ps -2019<\/p>","protected":false},"featured_media":22713,"comment_status":"open","ping_status":"closed","template":"","meta":{"_acf_changed":false},"demonterat-fordon":[],"fordons-typ":[641],"make":[636],"parts-filter":[658],"prod-typ":[715],"tillverkare":[865],"product_brand":[],"product_cat":[439],"product_tag":[],"class_list":{"0":"post-22800","1":"product","2":"type-product","3":"status-publish","4":"has-post-thumbnail","6":"fordons-typ-sno","7":"make-polaris","8":"parts-filter-axys","9":"prod-typ-beg","10":"tillverkare-polaris","11":"product_cat-silencer","13":"first","14":"instock","15":"purchasable","16":"product-type-simple"},"acf":[],"_links":{"self":[{"href":"https:\/\/whitepowder.se\/en\/wp-json\/wp\/v2\/product\/22800","targetHints":{"allow":["GET"]}}],"collection":[{"href":"https:\/\/whitepowder.se\/en\/wp-json\/wp\/v2\/product"}],"about":[{"href":"https:\/\/whitepowder.se\/en\/wp-json\/wp\/v2\/types\/product"}],"replies":[{"embeddable":true,"href":"https:\/\/whitepowder.se\/en\/wp-json\/wp\/v2\/comments?post=22800"}],"wp:featuredmedia":[{"embeddable":true,"href":"https:\/\/whitepowder.se\/en\/wp-json\/wp\/v2\/media\/22713"}],"wp:attachment":[{"href":"https:\/\/whitepowder.se\/en\/wp-json\/wp\/v2\/media?parent=22800"}],"wp:term":[{"taxonomy":"demonterat-fordon","embeddable":true,"href":"https:\/\/whitepowder.se\/en\/wp-json\/wp\/v2\/demonterat-fordon?post=22800"},{"taxonomy":"fordons-typ","embeddable":true,"href":"https:\/\/whitepowder.se\/en\/wp-json\/wp\/v2\/fordons-typ?post=22800"},{"taxonomy":"make","embeddable":true,"href":"https:\/\/whitepowder.se\/en\/wp-json\/wp\/v2\/make?post=22800"},{"taxonomy":"parts-filter","embeddable":true,"href":"https:\/\/whitepowder.se\/en\/wp-json\/wp\/v2\/parts-filter?post=22800"},{"taxonomy":"prod-typ","embeddable":true,"href":"https:\/\/whitepowder.se\/en\/wp-json\/wp\/v2\/prod-typ?post=22800"},{"taxonomy":"tillverkare","embeddable":true,"href":"https:\/\/whitepowder.se\/en\/wp-json\/wp\/v2\/tillverkare?post=22800"},{"taxonomy":"product_brand","embeddable":true,"href":"https:\/\/whitepowder.se\/en\/wp-json\/wp\/v2\/product_brand?post=22800"},{"taxonomy":"product_cat","embeddable":true,"href":"https:\/\/whitepowder.se\/en\/wp-json\/wp\/v2\/product_cat?post=22800"},{"taxonomy":"product_tag","embeddable":true,"href":"https:\/\/whitepowder.se\/en\/wp-json\/wp\/v2\/product_tag?post=22800"}],"curies":[{"name":"wp","href":"https:\/\/api.w.org\/{rel}","templated":true}]}}