{"id":24805,"date":"2025-11-02T19:36:44","date_gmt":"2025-11-02T18:36:44","guid":{"rendered":"https:\/\/whitepowder.se\/?post_type=product&#038;p=24805"},"modified":"2025-11-02T19:36:45","modified_gmt":"2025-11-02T18:36:45","slug":"polaris-1590303-244-boggiehjul-161mm-silver","status":"publish","type":"product","link":"https:\/\/whitepowder.se\/en\/polaris-1590303-244-boggiehjul-161mm-silver\/","title":{"rendered":"Polaris 1590303-244 &#8211; Boggiehjul 161mm, Silver"},"content":{"rendered":"<p>Polaris 1590303-244 &#8211; Boggiehjul 161mm, Silver<\/p>\n<p>Asm., Wheel, Idler Silver<br \/>\nDiameter hjul: 161mm<br \/>\nLager inner diameter: 20mm<\/p>\n<p>* Anm\u00e4rkning: Lager \u00e4r d\u00e5ligt beh\u00f6vs bytas<\/p>","protected":false},"excerpt":{"rendered":"<p>Polaris 1590303-244 Sitter Original p\u00e5 :<\/p>\n<p>POLARIS 2002 INDY FRONTIER S02NT7DS SUSPENSION<br \/>\npolaris indy frontier s02nt7ds \u2014 2002<br \/>\nPOLARIS 2003 340 EDGE EDGE CLASSIC S03NB3AS S03ND3AS SUSPENSION<br \/>\npolaris 340 edge edge classic s03nb3as s03nd3as \u2014 2003<br \/>\nPOLARIS 2003 500 CLASSIC TOURING S03ST4BS SUSPENSION<br \/>\npolaris 500 classic touring s03st4bs \u2014 2003<br \/>\nPOLARIS 2003 600 CLASSIC TOURING S03ST6ES ESA SUSPENSION S03ST6ES S03ST6ESA<br \/>\npolaris 600 classic touring s03st6es esa \u2014 2003<br \/>\nPOLARIS 2003 INDY 340 TOURING S03LT3AS SUSPENSION<br \/>\npolaris indy 340 touring s03lt3as \u2014 2003<br \/>\nPOLARIS 2003 SPORT TOURING S03SU5BS S03SU5BSA SUSPENSION S03SU5BS BSA<br \/>\npolaris sport touring s03su5bs s03su5bsa \u2014 2003<br \/>\nPOLARIS 2003 TRAIL TOURING S03ST5BS SUSPENSION<br \/>\npolaris trail touring s03st5bs \u2014 2003<br \/>\nPOLARIS 2004 340 INDY INT L CLASSIC S04NB3AS SUSPENSION AE ND3AS<br \/>\npolaris 340 indy int l classic s04nb3as \u2014 2004<br \/>\nPOLARIS 2004 340 TOURING INT L S04NT3AS AE SUSPENSION<br \/>\npolaris 340 touring int l s04nt3as ae \u2014 2004<br \/>\nPOLARIS 2004 500 600 XC SP EDGE M 10 S04NP5CS REAR SUSPENSION A B C S04NP6ES A B C 4988618861B13<br \/>\npolaris 500 600 xc sp edge m 10 s04np5cs \u2014 2004<br \/>\nPOLARIS 2004 600 700 800 CLASSIC TOURING INT L S04NT6ES EE REAR SUSPENSION S04NT6ES 6EE 7CS 7CE 8CS 8CE<br \/>\npolaris 600 700 800 classic touring int l s04nt6es ee \u2014 2004<br \/>\nPOLARIS 2004 700 800 XC EDGE F O S04NP7CS REAR SUSPENSION 7CSA 7CSB 7CSC 8CS 8CSA 8CSB 8CSC 4988438843B13<br \/>\npolaris 700 800 xc edge f o s04np7cs \u2014 2004<br \/>\nPOLARIS 2004 SPORT TOURING INT L S04NU5BS BE SUSPENSION<br \/>\npolaris sport touring int l s04nu5bs be \u2014 2004<br \/>\nPOLARIS 2004 SUPERSPORT EDGE S04NP5BS A B REAR SUSPENSION S04NE5BS 4988338833B09<br \/>\npolaris supersport edge s04np5bs a b \u2014 2004<br \/>\nPOLARIS 2005 340 CLASSIC S05ND3AS SUSPENSION<br \/>\npolaris 340 classic s05nd3as \u2014 2005<br \/>\nPOLARIS 2005 340 TOURING EURO S05NT3AS SUSPENSION AE<br \/>\npolaris 340 touring euro s05nt3as \u2014 2005<br \/>\nPOLARIS 2005 500 600 XC SP EDGE M 10 S05NE5CS REAR SUSPENSION S05NP5CS A B NP6ES A B NA6ES EE 4992749274B12<br \/>\npolaris 500 600 xc sp edge m 10 s05ne5cs \u2014 2005<br \/>\nPOLARIS 2005 600 800 EDGE TOURING S05NT6ESA REAR SUSPENSION 6EEA 6ESB 6EEB 8CS 8CE<br \/>\npolaris 600 800 edge touring s05nt6esa \u2014 2005<br \/>\nPOLARIS 2005 700 800 XC SP M 10 F O S05NE7CS REAR SUSPENSION S05NP7CS 7CSA 7CSB 8CS 8CSA 8CSB 4993799379B12<br \/>\npolaris 700 800 xc sp m 10 f o s05ne7cs \u2014 2005<br \/>\nPOLARIS 2005 900 FUSION S05MP8DS REAR SUSPENSION DSA DSB DSC<br \/>\npolaris 900 fusion s05mp8ds \u2014 2005<br \/>\nPOLARIS 2005 SUPERSPORT S05NP5BS REAR SUSPENSION A B 4992729272B07<br \/>\npolaris supersport s05np5bs \u2014 2005<br \/>\nPOLARIS 2005 TRAIL TOURING EURO S05NU5BS REAR SUSPENSION BE S05NT5BS BE<br \/>\npolaris trail touring euro s05nu5bs \u2014 2005<br \/>\nPOLARIS 2006 340 CLASSIC S06ND3AS SUSPENSION<br \/>\npolaris 340 classic s06nd3as \u2014 2006<br \/>\nPOLARIS 2006 340 TOURING S06NT3AS SUSPENSION<br \/>\npolaris 340 touring s06nt3as \u2014 2006<br \/>\nPOLARIS 2006 550 CLASSIC S06ND5BS SUSPENSION REAR<br \/>\npolaris 550 classic s06nd5bs \u2014 2006<br \/>\nPOLARIS 2006 600 EDGE TOURING S06NT6ES SUSPENSION REAR<br \/>\npolaris 600 edge touring s06nt6es \u2014 2006<br \/>\nPOLARIS 2006 700 CLASSIC S06PD7HS SUSPENSION REAR 4997359735B10<br \/>\npolaris 700 classic s06pd7hs \u2014 2006<br \/>\nPOLARIS 2006 700 HO TOURING S06PT7HS SUSPENSION REAR<br \/>\npolaris 700 ho touring s06pt7hs \u2014 2006<br \/>\nPOLARIS 2006 FS FST CLASSIC S06PD7ES SUSPENSION REAR FS 4997339733B12<br \/>\npolaris fs fst classic s06pd7es \u2014 2006<br \/>\nPOLARIS 2006 FS FST TOURING S06PT7ES SUSPENSION REAR FS<br \/>\npolaris fs fst touring s06pt7es \u2014 2006<br \/>\nPOLARIS 2006 TRAIL TOURING S06NU5BS NT5BS SUSPENSION REAR NT5BSA<br \/>\npolaris trail touring s06nu5bs nt5bs \u2014 2006<br \/>\nPOLARIS 2007 340 EDGE LX S07ND3AS SUSPENSION REAR<br \/>\npolaris 340 edge lx s07nd3as \u2014 2007<br \/>\nPOLARIS 2007 340 EDGE TOURING S07NT3AS AE SUSPENSION<br \/>\npolaris 340 edge touring s07nt3as ae \u2014 2007<br \/>\nPOLARIS 2007 500 XC SP S07NP5CS CE SUSPENSION REAR<br \/>\npolaris 500 xc sp s07np5cs ce \u2014 2007<br \/>\nPOLARIS 2007 550 EDGE LX S07ND5BS SUSPENSION REAR<br \/>\npolaris 550 edge lx s07nd5bs \u2014 2007<br \/>\nPOLARIS 2007 600 HO IQ F O S07PP6FS FSA FSB SUSPENSION REAR<br \/>\npolaris 600 ho iq f o s07pp6fs fsa fsb \u2014 2007<br \/>\nPOLARIS 2007 600 HO IQ LX CLEANFIRE S07PP6HS HSA HSB PD6HS HE SUSPENSION REAR IQ LX S07PD6HS HE 49SNOWSUSPRRCLEANLX<br \/>\npolaris 600 ho iq lx cleanfire s07pp6hs hsa hsb pd6hs he \u2014 2007<br \/>\nPOLARIS 2007 600 HO IQ TOURING CLEANFIRE EURO S07PT6HS HE SUSPENSION REAR<br \/>\npolaris 600 ho iq touring cleanfire euro s07pt6hs he \u2014 2007<br \/>\nPOLARIS 2007 FST IQ CRUISER S07PY7FS FE SUSPENSION REAR<br \/>\npolaris fst iq cruiser s07py7fs fe \u2014 2007<br \/>\nPOLARIS 2007 TRAIL RMK S07NJ5BS BE SUSPENSION<br \/>\npolaris trail rmk s07nj5bs be \u2014 2007<br \/>\nPOLARIS 2007 TRAIL TOURING DELUXE S07NT5BS BSA BE BEA SUSPENSION<br \/>\npolaris trail touring deluxe s07nt5bs bsa be bea \u2014 2007<br \/>\nPOLARIS 2008 550 LX S08ND5BS SUSPENSION REAR<br \/>\npolaris 550 lx s08nd5bs \u2014 2008<br \/>\nPOLARIS 2008 IQ CRUISER EURO S08PY7FS FE SUSPENSION REAR<br \/>\npolaris iq cruiser euro s08py7fs fe \u2014 2008<br \/>\nPOLARIS 2008 IQ TURBO DRAGON EURO IQ TURBO LX S08PP7FS FE PD7FS SUSPENSION REAR 49SNOWSUSPRRFSTIQ<br \/>\npolaris iq turbo dragon euro iq turbo lx s08pp7fs fe pd7fs \u2014 2008<br \/>\nPOLARIS 2008 TRAIL RMK FLEET EURO S08NJ5BS BE BSA BSF SUSPENSION REAR<br \/>\npolaris trail rmk fleet euro s08nj5bs be bsa bsf \u2014 2008<br \/>\nPOLARIS 2008 TRAIL TOURING FLEET EURO S08NT5BS BE BSA BSF SUSPENSION REAR<br \/>\npolaris trail touring fleet euro s08nt5bs be bsa bsf \u2014 2008<br \/>\nPOLARIS 2009 TRAIL RMK FLEET ES EURO S09NJ5BS BSF BSL BE SUSPENSION REAR<br \/>\npolaris trail rmk fleet es euro s09nj5bs bsf bsl be \u2014 2009<br \/>\nPOLARIS 2009 TRAIL TOURING FLEET TRANSPORT EURO S09NT5BS BE BSF NU5BS BE SUSPENSION REAR<br \/>\npolaris trail touring fleet transport euro s09nt5bs be bsf nu5bs be \u2014 2009<br \/>\nPOLARIS 2010 TRAIL RMK ES S10NJ5BSA BSL SUSPENSION REAR<br \/>\npolaris trail rmk es s10nj5bsa bsl \u2014 2010<br \/>\nPOLARIS 2010 TRAIL TOURING INTL FLEET S10NT5BSL BSM BEL BSF SUSPENSION REAR<br \/>\npolaris trail touring intl fleet s10nt5bsl bsm bel bsf \u2014 2010<\/p>","protected":false},"featured_media":24753,"comment_status":"open","ping_status":"closed","template":"","meta":{"_acf_changed":false},"demonterat-fordon":[],"fordons-typ":[641],"make":[636],"parts-filter":[661,689],"prod-typ":[715],"tillverkare":[865],"product_brand":[],"product_cat":[127],"product_tag":[],"class_list":{"0":"post-24805","1":"product","2":"type-product","3":"status-publish","4":"has-post-thumbnail","6":"fordons-typ-sno","7":"make-polaris","8":"parts-filter-edge","9":"parts-filter-iq-chassie","10":"prod-typ-beg","11":"tillverkare-polaris","12":"product_cat-hjul-lager","14":"first","15":"instock","16":"purchasable","17":"product-type-simple"},"acf":[],"_links":{"self":[{"href":"https:\/\/whitepowder.se\/en\/wp-json\/wp\/v2\/product\/24805","targetHints":{"allow":["GET"]}}],"collection":[{"href":"https:\/\/whitepowder.se\/en\/wp-json\/wp\/v2\/product"}],"about":[{"href":"https:\/\/whitepowder.se\/en\/wp-json\/wp\/v2\/types\/product"}],"replies":[{"embeddable":true,"href":"https:\/\/whitepowder.se\/en\/wp-json\/wp\/v2\/comments?post=24805"}],"wp:featuredmedia":[{"embeddable":true,"href":"https:\/\/whitepowder.se\/en\/wp-json\/wp\/v2\/media\/24753"}],"wp:attachment":[{"href":"https:\/\/whitepowder.se\/en\/wp-json\/wp\/v2\/media?parent=24805"}],"wp:term":[{"taxonomy":"demonterat-fordon","embeddable":true,"href":"https:\/\/whitepowder.se\/en\/wp-json\/wp\/v2\/demonterat-fordon?post=24805"},{"taxonomy":"fordons-typ","embeddable":true,"href":"https:\/\/whitepowder.se\/en\/wp-json\/wp\/v2\/fordons-typ?post=24805"},{"taxonomy":"make","embeddable":true,"href":"https:\/\/whitepowder.se\/en\/wp-json\/wp\/v2\/make?post=24805"},{"taxonomy":"parts-filter","embeddable":true,"href":"https:\/\/whitepowder.se\/en\/wp-json\/wp\/v2\/parts-filter?post=24805"},{"taxonomy":"prod-typ","embeddable":true,"href":"https:\/\/whitepowder.se\/en\/wp-json\/wp\/v2\/prod-typ?post=24805"},{"taxonomy":"tillverkare","embeddable":true,"href":"https:\/\/whitepowder.se\/en\/wp-json\/wp\/v2\/tillverkare?post=24805"},{"taxonomy":"product_brand","embeddable":true,"href":"https:\/\/whitepowder.se\/en\/wp-json\/wp\/v2\/product_brand?post=24805"},{"taxonomy":"product_cat","embeddable":true,"href":"https:\/\/whitepowder.se\/en\/wp-json\/wp\/v2\/product_cat?post=24805"},{"taxonomy":"product_tag","embeddable":true,"href":"https:\/\/whitepowder.se\/en\/wp-json\/wp\/v2\/product_tag?post=24805"}],"curies":[{"name":"wp","href":"https:\/\/api.w.org\/{rel}","templated":true}]}}