{"id":24809,"date":"2025-11-02T19:36:41","date_gmt":"2025-11-02T18:36:41","guid":{"rendered":"https:\/\/whitepowder.se\/?post_type=product&#038;p=24809"},"modified":"2025-11-02T19:36:42","modified_gmt":"2025-11-02T18:36:42","slug":"polaris-1590317-boggiehjul-142mm-2","status":"publish","type":"product","link":"https:\/\/whitepowder.se\/en\/polaris-1590317-boggiehjul-142mm-2\/","title":{"rendered":"Polaris 1590317 &#8211; Boggiehjul 142mm"},"content":{"rendered":"<p>Polaris 1590317 &#8211; Boggiehjul 142mm<\/p>\n<p>Asm., Bogie Wheel<br \/>\nDiameter hjul 142mm<br \/>\ninner diameter lager 25mm<\/p>\n<p>* Anm\u00e4rkning: Lager k\u00e4nns slitet kan beh\u00f6va bytas<\/p>","protected":false},"excerpt":{"rendered":"<p>Polaris 1590317 Sitter Original p\u00e5 :<\/p>\n<p>POLARIS 2002 600 RMK 136 BUILT AFTER 3 1 01 S02NJ6ES RAIL MOUNTING SUSPENSION S02NJ6ES 4969456945B08<br \/>\npolaris 600 rmk 136 built after 3 1 01 s02nj6es -2002<br \/>\nPOLARIS 2002 600 RMK 136 BUILT BEFORE 3 1 01 S02NJ6ES RAIL MOUNTING 4969456945B08<br \/>\npolaris 600 rmk 136 built before 3 1 01 s02nj6es -2002<br \/>\nPOLARIS 2002 700 RMK 136 S02NJ7CS RAIL MOUNTING CSA 4970567056B08<br \/>\npolaris 700 rmk 136 s02nj7cs -2002<br \/>\nPOLARIS 2002 700 RMK F O 144 BUILT AFTER 3 1 01 S02NK7CS RAIL MOUNTING SUSPENSION S02NK7CS CSA 4969546954B09<br \/>\npolaris 700 rmk f o 144 built after 3 1 01 s02nk7cs -2002<br \/>\nPOLARIS 2002 700 RMK F O 144 BUILT BEFORE 3 1 01 S02NK7CS RAIL MOUNTING 4972287228B07<br \/>\npolaris 700 rmk f o 144 built before 3 1 01 s02nk7cs -2002<br \/>\nPOLARIS 2002 700 RMK F O 151 S02NL7CS RAIL MOUNTING 4970627062B08<br \/>\npolaris 700 rmk f o 151 s02nl7cs -2002<br \/>\nPOLARIS 2002 800 RMK F O 144 S02NK8CS RAIL MOUNTING CSA 4970597059B09<br \/>\npolaris 800 rmk f o 144 s02nk8cs -2002<br \/>\nPOLARIS 2002 800 RMK F O 151 BUILT AFTER 3 1 01 S02NL8CS RAIL MOUNTING SUSPENSION S02NL8CS CSA 4969516951B09<br \/>\npolaris 800 rmk f o 151 built after 3 1 01 s02nl8cs -2002<br \/>\nPOLARIS 2002 800 RMK F O 151 BUILT BEFORE 3 1 01 S02NL8CS RAIL MOUNTING 4972307230B07<br \/>\npolaris 800 rmk f o 151 built before 3 1 01 s02nl8cs -2002<br \/>\nPOLARIS 2002 800 RMK F O 156 S02NM8CS RAIL MOUNTING 4970657065B08<br \/>\npolaris 800 rmk f o 156 s02nm8cs -2002<br \/>\nPOLARIS 2002 INDY FRONTIER S02NT7DS RAIL MOUNTING 4970727072B10<br \/>\npolaris indy frontier s02nt7ds -2002<br \/>\nPOLARIS 2003 440 PRO X FAN COOLED S03NX4FS RAIL MOUNTING 4978177817B07<br \/>\npolaris 440 pro x fan cooled s03nx4fs -2003<br \/>\nPOLARIS 2003 600 700 800 PRO X S03NX6ES S03NX7CS S03NX8CS RAIL MOUNTING 4978197819B09<br \/>\npolaris 600 700 800 pro x s03nx6es s03nx7cs s03nx8cs -2003<br \/>\nPOLARIS 2004 340 TOURING INT L S04NT3AS AE RAIL MOUNTING 4988718871B07<br \/>\npolaris 340 touring int l s04nt3as ae -2004<br \/>\nPOLARIS 2004 550 PRO X FAN S04NX5B BE RAIL MOUNTING 4988578857B08<br \/>\npolaris 550 pro x fan s04nx5b be -2004<br \/>\nPOLARIS 2004 SPORT TOURING INT L S04NU5BS BE RAIL MOUNTING 4988538853B07<br \/>\npolaris sport touring int l s04nu5bs be -2004<br \/>\nPOLARIS 2005 340 TOURING EURO S05NT3AS RAIL MOUNTING AE 4992829282B07<br \/>\npolaris 340 touring euro s05nt3as -2005<br \/>\nPOLARIS 2005 440 IQ S05MX4CS SUSPENSION REAR CE<br \/>\npolaris 440 iq s05mx4cs -2005<br \/>\nPOLARIS 2006 340 TOURING S06NT3AS SUSPENSION RAIL MOUNTING<br \/>\npolaris 340 touring s06nt3as -2006<br \/>\nPOLARIS 2006 440 IQ S06MX4CS SUSPENSION REAR<br \/>\npolaris 440 iq s06mx4cs -2006<br \/>\nPOLARIS 2006 TRAIL RMK 136 STOCK A S06NJ5BSA SUSPENSION RAIL MOUNTING<br \/>\npolaris trail rmk 136 stock a s06nj5bsa -2006<br \/>\nPOLARIS 2007 340 EDGE TOURING S07NT3AS AE SUSPENSION RAIL MOUNTING<br \/>\npolaris 340 edge touring s07nt3as ae -2007<br \/>\nPOLARIS 2007 440 IQ EURO S07MX4CS CE SUSPENSION REAR<br \/>\npolaris 440 iq euro s07mx4cs ce -2007<br \/>\nPOLARIS 2007 TRAIL RMK S07NJ5BS BE SUSPENSION RAIL MOUNTING<br \/>\npolaris trail rmk s07nj5bs be -2007<br \/>\nPOLARIS 2007 TRAIL TOURING DELUXE S07NT5BS BSA BE BEA SUSPENSION RAIL MOUNTING<br \/>\npolaris trail touring deluxe s07nt5bs bsa be bea -2007<br \/>\nPOLARIS 2008 340 TRANSPORT EURO S08NT3AS ASA AE SUSPENSION RAIL MOUNTING<br \/>\npolaris 340 transport euro s08nt3as asa ae -2008<br \/>\nPOLARIS 2008 600 IQ RACER EURO S08MX6JS JE SUSPENSION REAR<br \/>\npolaris 600 iq racer euro s08mx6js je -2008<br \/>\nPOLARIS 2008 600 RR EURO S08MX6FS FE SUSPENSION RAIL ASM<br \/>\npolaris 600 rr euro s08mx6fs fe -2008<br \/>\nPOLARIS 2008 TRAIL RMK FLEET EURO S08NJ5BS BE BSA BSF SUSPENSION RAIL MOUNTING<br \/>\npolaris trail rmk fleet euro s08nj5bs be bsa bsf -2008<br \/>\nPOLARIS 2008 TRAIL TOURING FLEET EURO S08NT5BS BE BSA BSF SUSPENSION RAIL MOUNTING<br \/>\npolaris trail touring fleet euro s08nt5bs be bsa bsf -2008<br \/>\nPOLARIS 2009 600 IQ RACER EURO S09MX6JS JE SUSPENSION REAR<br \/>\npolaris 600 iq racer euro s09mx6js je -2009<br \/>\nPOLARIS 2009 600 RR EURO S09MX6FE SUSPENSION RAIL ASM<br \/>\npolaris 600 rr euro s09mx6fe -2009<br \/>\nPOLARIS 2009 IQ WIDETRAK EURO S09PU7ES EE SUSPENSION RAILS<br \/>\npolaris iq widetrak euro s09pu7es ee -2009<br \/>\nPOLARIS 2009 TRAIL RMK FLEET ES EURO S09NJ5BS BSF BSL BE SUSPENSION RAIL MOUNTING<br \/>\npolaris trail rmk fleet es euro s09nj5bs bsf bsl be -2009<br \/>\nPOLARIS 2009 TRAIL TOURING FLEET TRANSPORT EURO S09NT5BS BE BSF NU5BS BE SUSPENSION RAIL MOUNTING<br \/>\npolaris trail touring fleet transport euro s09nt5bs be bsf nu5bs be -2009<br \/>\nPOLARIS 2010 600 IQ RACER S10MX6JSA JEA SUSPENSION REAR<br \/>\npolaris 600 iq racer s10mx6jsa jea -2010<br \/>\nPOLARIS 2010 600 WIDETRAK IQ INTL S10PU6KSL KEL SUSPENSION RAILS<br \/>\npolaris 600 widetrak iq intl s10pu6ksl kel -2010<br \/>\nPOLARIS 2010 FS WIDETRAK IQ INTL S10PU7ESL EEL SUSPENSION RAILS<br \/>\npolaris fs widetrak iq intl s10pu7esl eel -2010<br \/>\nPOLARIS 2010 TRAIL RMK ES S10NJ5BSA BSL SUSPENSION RAIL MOUNTING<br \/>\npolaris trail rmk es s10nj5bsa bsl -2010<br \/>\nPOLARIS 2010 TRAIL TOURING INTL FLEET S10NT5BSL BSM BEL BSF SUSPENSION RAIL MOUNTING<br \/>\npolaris trail touring intl fleet s10nt5bsl bsm bel bsf -2010<br \/>\nPOLARIS 2011 600 WIDETRAK IQ INTL S11PU6MSL MEL SUSPENSION RAILS<br \/>\npolaris 600 widetrak iq intl s11pu6msl mel -2011<br \/>\nPOLARIS 2011 FS WIDETRAK IQ INTL S11PU7ESL EEL SUSPENSION RAILS<br \/>\npolaris fs widetrak iq intl s11pu7esl eel -2011<br \/>\nPOLARIS 2012 600 WIDETRAK IQ INTL S12PU6NSL NEL SUSPENSION RAILS<br \/>\npolaris 600 widetrak iq intl s12pu6nsl nel -2012<br \/>\nPOLARIS 2012 FS WIDETRAK IQ INTL S12PU7ESL EEL SUSPENSION RAILS<br \/>\npolaris fs widetrak iq intl s12pu7esl eel -2012<br \/>\nPOLARIS 2013 600 WIDETRAK IQ INTL S13PU6NSL NEL SUSPENSION RAILS<br \/>\npolaris 600 widetrak iq intl s13pu6nsl nel -2013<br \/>\nPOLARIS 2013 FS WIDETRAK IQ INTL S13PU7ESL EEL SUSPENSION RAILS<br \/>\npolaris fs widetrak iq intl s13pu7esl eel -2013<br \/>\nPOLARIS 2014 600 WIDETRAK IQ INTL S14PU6NSL NEL SUSPENSION RAILS<br \/>\npolaris 600 widetrak iq intl s14pu6nsl nel -2014<br \/>\nPOLARIS 2015 600 WIDETRAK IQ INTL S15PU6NSL NEL SUSPENSION RAILS<br \/>\npolaris 600 widetrak iq intl s15pu6nsl nel -2015<br \/>\nPOLARIS 2016 600 WIDETRAK IQ INTL S16PU6NSL NEL SUSPENSION RAILS<br \/>\npolaris 600 widetrak iq intl s16pu6nsl nel -2016<br \/>\nPOLARIS 2017 600 IQ WIDETRAK INTL S17PJA6NSLNEL SUSPENSION RAILS<br \/>\npolaris 600 iq widetrak intl s17pja6nslnel -2017<\/p>","protected":false},"featured_media":24744,"comment_status":"open","ping_status":"closed","template":"","meta":{"_acf_changed":false},"demonterat-fordon":[],"fordons-typ":[641],"make":[636],"parts-filter":[661,884,689,660,885],"prod-typ":[715],"tillverkare":[865],"product_brand":[],"product_cat":[127],"product_tag":[],"class_list":{"0":"post-24809","1":"product","2":"type-product","3":"status-publish","4":"has-post-thumbnail","6":"fordons-typ-sno","7":"make-polaris","8":"parts-filter-edge","9":"parts-filter-gen-ii","10":"parts-filter-iq-chassie","11":"parts-filter-iq-r-rr","12":"parts-filter-pro-x","13":"prod-typ-beg","14":"tillverkare-polaris","15":"product_cat-hjul-lager","17":"first","18":"instock","19":"purchasable","20":"product-type-simple"},"acf":[],"_links":{"self":[{"href":"https:\/\/whitepowder.se\/en\/wp-json\/wp\/v2\/product\/24809","targetHints":{"allow":["GET"]}}],"collection":[{"href":"https:\/\/whitepowder.se\/en\/wp-json\/wp\/v2\/product"}],"about":[{"href":"https:\/\/whitepowder.se\/en\/wp-json\/wp\/v2\/types\/product"}],"replies":[{"embeddable":true,"href":"https:\/\/whitepowder.se\/en\/wp-json\/wp\/v2\/comments?post=24809"}],"wp:featuredmedia":[{"embeddable":true,"href":"https:\/\/whitepowder.se\/en\/wp-json\/wp\/v2\/media\/24744"}],"wp:attachment":[{"href":"https:\/\/whitepowder.se\/en\/wp-json\/wp\/v2\/media?parent=24809"}],"wp:term":[{"taxonomy":"demonterat-fordon","embeddable":true,"href":"https:\/\/whitepowder.se\/en\/wp-json\/wp\/v2\/demonterat-fordon?post=24809"},{"taxonomy":"fordons-typ","embeddable":true,"href":"https:\/\/whitepowder.se\/en\/wp-json\/wp\/v2\/fordons-typ?post=24809"},{"taxonomy":"make","embeddable":true,"href":"https:\/\/whitepowder.se\/en\/wp-json\/wp\/v2\/make?post=24809"},{"taxonomy":"parts-filter","embeddable":true,"href":"https:\/\/whitepowder.se\/en\/wp-json\/wp\/v2\/parts-filter?post=24809"},{"taxonomy":"prod-typ","embeddable":true,"href":"https:\/\/whitepowder.se\/en\/wp-json\/wp\/v2\/prod-typ?post=24809"},{"taxonomy":"tillverkare","embeddable":true,"href":"https:\/\/whitepowder.se\/en\/wp-json\/wp\/v2\/tillverkare?post=24809"},{"taxonomy":"product_brand","embeddable":true,"href":"https:\/\/whitepowder.se\/en\/wp-json\/wp\/v2\/product_brand?post=24809"},{"taxonomy":"product_cat","embeddable":true,"href":"https:\/\/whitepowder.se\/en\/wp-json\/wp\/v2\/product_cat?post=24809"},{"taxonomy":"product_tag","embeddable":true,"href":"https:\/\/whitepowder.se\/en\/wp-json\/wp\/v2\/product_tag?post=24809"}],"curies":[{"name":"wp","href":"https:\/\/api.w.org\/{rel}","templated":true}]}}