{"id":24819,"date":"2025-11-02T19:35:29","date_gmt":"2025-11-02T18:35:29","guid":{"rendered":"https:\/\/whitepowder.se\/?post_type=product&#038;p=24819"},"modified":"2025-11-02T19:35:30","modified_gmt":"2025-11-02T18:35:30","slug":"polaris-1594082-176-boggiehjul-136mm-teal-2","status":"publish","type":"product","link":"https:\/\/whitepowder.se\/en\/polaris-1594082-176-boggiehjul-136mm-teal-2\/","title":{"rendered":"Polaris 1594082-176 &#8211; Boggiehjul 136mm, Teal"},"content":{"rendered":"<p>Polaris 1594082-176 &#8211; Boggiehjul 136mm, Teal<\/p>\n<p>WHEEL,BOGIE,SCRL,TEAL<br \/>\nDiameter hjul 136mm<br \/>\ninner diameter lager 25mm<\/p>\n<p>OBS Partnumbret \u00e4r ett Assembely nummer och anv\u00e4nds fr\u00e4mst som s\u00f6kv\u00e4g och f\u00f6r Fitment, Kolla p\u00e5 bilderna f\u00f6r att se vad som ing\u00e5r.<\/p>\n<p>* Anm\u00e4rkning: Sprickor i dekorativ f\u00e4rgad plast.<br \/>\nskav i plast<\/p>","protected":false},"excerpt":{"rendered":"<p>Polaris 1594082-176 &#8211; Boggiehjul 136mm, Teal WHEEL,BOGIE,SCRL,TEAL Diameter hjul 136mm inner diameter lager 25mm OBS Partnumbret \u00e4r ett Assembely nummer och anv\u00e4nds fr\u00e4mst som s\u00f6kv\u00e4g och f\u00f6r Fitment, Kolla p\u00e5 bilderna f\u00f6r att se vad som ing\u00e5r. * Anm\u00e4rkning: Sprickor i dekorativ f\u00e4rgad plast. skav i plast<\/p>","protected":false},"featured_media":24717,"comment_status":"open","ping_status":"closed","template":"","meta":{"_acf_changed":false},"demonterat-fordon":[],"fordons-typ":[641],"make":[636],"parts-filter":[661,884,870],"prod-typ":[715],"tillverkare":[865],"product_brand":[],"product_cat":[127],"product_tag":[],"class_list":{"0":"post-24819","1":"product","2":"type-product","3":"status-publish","4":"has-post-thumbnail","6":"fordons-typ-sno","7":"make-polaris","8":"parts-filter-edge","9":"parts-filter-gen-ii","10":"parts-filter-indy","11":"prod-typ-beg","12":"tillverkare-polaris","13":"product_cat-hjul-lager","15":"first","16":"instock","17":"purchasable","18":"product-type-simple"},"acf":[],"_links":{"self":[{"href":"https:\/\/whitepowder.se\/en\/wp-json\/wp\/v2\/product\/24819","targetHints":{"allow":["GET"]}}],"collection":[{"href":"https:\/\/whitepowder.se\/en\/wp-json\/wp\/v2\/product"}],"about":[{"href":"https:\/\/whitepowder.se\/en\/wp-json\/wp\/v2\/types\/product"}],"replies":[{"embeddable":true,"href":"https:\/\/whitepowder.se\/en\/wp-json\/wp\/v2\/comments?post=24819"}],"wp:featuredmedia":[{"embeddable":true,"href":"https:\/\/whitepowder.se\/en\/wp-json\/wp\/v2\/media\/24717"}],"wp:attachment":[{"href":"https:\/\/whitepowder.se\/en\/wp-json\/wp\/v2\/media?parent=24819"}],"wp:term":[{"taxonomy":"demonterat-fordon","embeddable":true,"href":"https:\/\/whitepowder.se\/en\/wp-json\/wp\/v2\/demonterat-fordon?post=24819"},{"taxonomy":"fordons-typ","embeddable":true,"href":"https:\/\/whitepowder.se\/en\/wp-json\/wp\/v2\/fordons-typ?post=24819"},{"taxonomy":"make","embeddable":true,"href":"https:\/\/whitepowder.se\/en\/wp-json\/wp\/v2\/make?post=24819"},{"taxonomy":"parts-filter","embeddable":true,"href":"https:\/\/whitepowder.se\/en\/wp-json\/wp\/v2\/parts-filter?post=24819"},{"taxonomy":"prod-typ","embeddable":true,"href":"https:\/\/whitepowder.se\/en\/wp-json\/wp\/v2\/prod-typ?post=24819"},{"taxonomy":"tillverkare","embeddable":true,"href":"https:\/\/whitepowder.se\/en\/wp-json\/wp\/v2\/tillverkare?post=24819"},{"taxonomy":"product_brand","embeddable":true,"href":"https:\/\/whitepowder.se\/en\/wp-json\/wp\/v2\/product_brand?post=24819"},{"taxonomy":"product_cat","embeddable":true,"href":"https:\/\/whitepowder.se\/en\/wp-json\/wp\/v2\/product_cat?post=24819"},{"taxonomy":"product_tag","embeddable":true,"href":"https:\/\/whitepowder.se\/en\/wp-json\/wp\/v2\/product_tag?post=24819"}],"curies":[{"name":"wp","href":"https:\/\/api.w.org\/{rel}","templated":true}]}}