{"id":24822,"date":"2025-11-02T19:35:26","date_gmt":"2025-11-02T18:35:26","guid":{"rendered":"https:\/\/whitepowder.se\/?post_type=product&#038;p=24822"},"modified":"2025-11-02T19:35:27","modified_gmt":"2025-11-02T18:35:27","slug":"polaris-1594082-256-boggiehjul-136mmc-red","status":"publish","type":"product","link":"https:\/\/whitepowder.se\/en\/polaris-1594082-256-boggiehjul-136mmc-red\/","title":{"rendered":"Polaris 1594082-256 &#8211; Boggiehjul 136mm,C. Red"},"content":{"rendered":"<p>Polaris 1594082-256 &#8211; Boggiehjul 136mm,C. Red<\/p>\n<p>WHEEL,BOGIE,SCRL,C.RED<br \/>\nDiameter hjul 136mm<br \/>\ninner diameter hjul f\u00f6r lager: 51.3mm<\/p>\n<p>OBS Partnumbret \u00e4r ett Assembely nummer och anv\u00e4nds fr\u00e4mst som s\u00f6kv\u00e4g och f\u00f6r Fitment, Kolla p\u00e5 bilderna f\u00f6r att se vad som ing\u00e5r.<\/p>\n<p>* Anm\u00e4rkning: Saknar lager<br \/>\nskav repor i plast<\/p>","protected":false},"excerpt":{"rendered":"<p>Polaris 1594082-256 Sitter Original p\u00e5 :<\/p>\n<p>POLARIS 2000 500 CLASSIC S00SD4BS SUSPENSION<br \/>\npolaris 500 classic s00sd4bs -2000<br \/>\nPOLARIS 2000 600 TOURING S00ST6ES SUSPENSION 2<br \/>\npolaris 600 touring s00st6es -2000<br \/>\nPOLARIS 2000 CLASSIC TOURING S00ST4BS SUSPENSION 2<br \/>\npolaris classic touring s00st4bs -2000<br \/>\nPOLARIS 2000 EURO SPORT TOURING E00SD5BU RAIL MOUNTING S00SD5BS 4953885388B010<br \/>\npolaris euro sport touring e00sd5bu -2000<br \/>\nPOLARIS 2000 SPORT TOURING S00SD5BS RAIL MOUNTING 4953885388B010<br \/>\npolaris sport touring s00sd5bs -2000<br \/>\nPOLARIS 2001 500 CLASSIC TOURING S01ST4BS SUSPENSION 2<br \/>\npolaris 500 classic touring s01st4bs -2001<br \/>\nPOLARIS 2001 600 CLASSIC TOURING S01ST6ES SUSPENSION 2<br \/>\npolaris 600 classic touring s01st6es -2001<br \/>\nPOLARIS 2001 EURO SPORT TOURING E01SD5BU RAIL MOUNTING S01ST5BS 4960486048B008<br \/>\npolaris euro sport touring e01sd5bu -2001<br \/>\nPOLARIS 2001 SPORT TOURING ES S01ST5BS RAIL MOUNTING 4960486048B008<br \/>\npolaris sport touring es s01st5bs -2001<br \/>\nPOLARIS 2001 SPORT TOURING S01SD5BS RAIL MOUNTING S01ST5BS 4960486048B008<br \/>\npolaris sport touring s01sd5bs -2001<br \/>\nPOLARIS 2002 500 CLASSIC TOURING S02ST4BS SUSPENSION 2<br \/>\npolaris 500 classic touring s02st4bs -2002<br \/>\nPOLARIS 2002 600 CLASSIC TOURING S02ST6ES SUSPENSION A 2<br \/>\npolaris 600 classic touring s02st6es -2002<br \/>\nPOLARIS 2002 600 CLASSIC TOURING S02ST6ESA SUSPENSION S02ST6ES 2<br \/>\npolaris 600 classic touring s02st6esa -2002<br \/>\nPOLARIS 2002 SPORT TOURING ES EURO S02SD5BE RAIL MOUNTING S02SU5BS 4968706870B006<br \/>\npolaris sport touring es euro s02sd5be -2002<br \/>\nPOLARIS 2002 SPORT TOURING S02SU5BS RAIL MOUNTING S02SD5BE 4968706870B006<br \/>\npolaris sport touring s02su5bs -2002<\/p>","protected":false},"featured_media":24705,"comment_status":"open","ping_status":"closed","template":"","meta":{"_acf_changed":false},"demonterat-fordon":[],"fordons-typ":[641],"make":[636],"parts-filter":[661,884,870],"prod-typ":[715],"tillverkare":[865],"product_brand":[],"product_cat":[127],"product_tag":[],"class_list":{"0":"post-24822","1":"product","2":"type-product","3":"status-publish","4":"has-post-thumbnail","6":"fordons-typ-sno","7":"make-polaris","8":"parts-filter-edge","9":"parts-filter-gen-ii","10":"parts-filter-indy","11":"prod-typ-beg","12":"tillverkare-polaris","13":"product_cat-hjul-lager","15":"first","16":"instock","17":"purchasable","18":"product-type-simple"},"acf":[],"_links":{"self":[{"href":"https:\/\/whitepowder.se\/en\/wp-json\/wp\/v2\/product\/24822","targetHints":{"allow":["GET"]}}],"collection":[{"href":"https:\/\/whitepowder.se\/en\/wp-json\/wp\/v2\/product"}],"about":[{"href":"https:\/\/whitepowder.se\/en\/wp-json\/wp\/v2\/types\/product"}],"replies":[{"embeddable":true,"href":"https:\/\/whitepowder.se\/en\/wp-json\/wp\/v2\/comments?post=24822"}],"wp:featuredmedia":[{"embeddable":true,"href":"https:\/\/whitepowder.se\/en\/wp-json\/wp\/v2\/media\/24705"}],"wp:attachment":[{"href":"https:\/\/whitepowder.se\/en\/wp-json\/wp\/v2\/media?parent=24822"}],"wp:term":[{"taxonomy":"demonterat-fordon","embeddable":true,"href":"https:\/\/whitepowder.se\/en\/wp-json\/wp\/v2\/demonterat-fordon?post=24822"},{"taxonomy":"fordons-typ","embeddable":true,"href":"https:\/\/whitepowder.se\/en\/wp-json\/wp\/v2\/fordons-typ?post=24822"},{"taxonomy":"make","embeddable":true,"href":"https:\/\/whitepowder.se\/en\/wp-json\/wp\/v2\/make?post=24822"},{"taxonomy":"parts-filter","embeddable":true,"href":"https:\/\/whitepowder.se\/en\/wp-json\/wp\/v2\/parts-filter?post=24822"},{"taxonomy":"prod-typ","embeddable":true,"href":"https:\/\/whitepowder.se\/en\/wp-json\/wp\/v2\/prod-typ?post=24822"},{"taxonomy":"tillverkare","embeddable":true,"href":"https:\/\/whitepowder.se\/en\/wp-json\/wp\/v2\/tillverkare?post=24822"},{"taxonomy":"product_brand","embeddable":true,"href":"https:\/\/whitepowder.se\/en\/wp-json\/wp\/v2\/product_brand?post=24822"},{"taxonomy":"product_cat","embeddable":true,"href":"https:\/\/whitepowder.se\/en\/wp-json\/wp\/v2\/product_cat?post=24822"},{"taxonomy":"product_tag","embeddable":true,"href":"https:\/\/whitepowder.se\/en\/wp-json\/wp\/v2\/product_tag?post=24822"}],"curies":[{"name":"wp","href":"https:\/\/api.w.org\/{rel}","templated":true}]}}