{"id":24824,"date":"2025-11-02T19:35:22","date_gmt":"2025-11-02T18:35:22","guid":{"rendered":"https:\/\/whitepowder.se\/?post_type=product&#038;p=24824"},"modified":"2025-11-02T19:35:23","modified_gmt":"2025-11-02T18:35:23","slug":"polaris-1594087-boggiehjul-161mm","status":"publish","type":"product","link":"https:\/\/whitepowder.se\/en\/polaris-1594087-boggiehjul-161mm\/","title":{"rendered":"Polaris 1594087 &#8211; Boggiehjul 161mm"},"content":{"rendered":"<p>Polaris 1594087 &#8211; Boggiehjul 161mm<\/p>\n<p>Asm., Wheel<br \/>\nDiameter hjul 161.5mm<br \/>\ninner diameter lager 20mm<\/p>\n<p>* Anm\u00e4rkning: Lager k\u00e4nns slitet kan beh\u00f6va bytas<\/p>","protected":false},"excerpt":{"rendered":"<p>Polaris 1594087 Sitter Original p\u00e5 :<\/p>\n<p>POLARIS 2002 440 PRO X FAN COOLED S02NX4FS SUSPENSION<br \/>\npolaris 440 pro x fan cooled s02nx4fs -2002<br \/>\nPOLARIS 2002 440 PRO X S02NX4CS SUSPENSION<br \/>\npolaris 440 pro x s02nx4cs -2002<br \/>\nPOLARIS 2002 500 CLASSIC S02ND4BS SUSPENSION<br \/>\npolaris 500 classic s02nd4bs -2002<br \/>\nPOLARIS 2002 500 CLASSIC TOURING S02ST4BS SUSPENSION<br \/>\npolaris 500 classic touring s02st4bs -2002<br \/>\nPOLARIS 2002 500 INDY S02NB4BS SUSPENSION<br \/>\npolaris 500 indy s02nb4bs -2002<br \/>\nPOLARIS 2002 500 RMK 136 S02SR5AS SUSPENSION<br \/>\npolaris 500 rmk 136 s02sr5as -2002<br \/>\nPOLARIS 2002 500 SKS EURO S02SS5AE SUSPENSION<br \/>\npolaris 500 sks euro s02ss5ae -2002<br \/>\nPOLARIS 2002 500 XC S02NP5AS SUSPENSION<br \/>\npolaris 500 xc s02np5as -2002<br \/>\nPOLARIS 2002 500 XC SP F O S02NP5CS REAR SUSPENSION 4973407340B09<br \/>\npolaris 500 xc sp f o s02np5cs -2002<br \/>\nPOLARIS 2002 550 F C CLASSIC S02ND5BS SUSPENSION<br \/>\npolaris 550 f c classic s02nd5bs -2002<br \/>\nPOLARIS 2002 600 PRO X S02NX6ES SUSPENSION<br \/>\npolaris 600 pro x s02nx6es -2002<br \/>\nPOLARIS 2002 600 RMK 136 BUILT BEFORE 3 1 01 S02NJ6ES SUSPENSION<br \/>\npolaris 600 rmk 136 built before 3 1 01 s02nj6es -2002<br \/>\nPOLARIS 2002 600 XC SP F O S02NP6ES REAR SUSPENSION 4973427342B09<br \/>\npolaris 600 xc sp f o s02np6es -2002<br \/>\nPOLARIS 2002 700 RMK F O 144 BUILT BEFORE 3 1 01 S02NK7CS SUSPENSION<br \/>\npolaris 700 rmk f o 144 built before 3 1 01 s02nk7cs -2002<br \/>\nPOLARIS 2002 700 RMK F O 151 S02NL7CS SUSPENSION<br \/>\npolaris 700 rmk f o 151 s02nl7cs -2002<br \/>\nPOLARIS 2002 700 XC SP F O S02NP7CS REAR SUSPENSION 4973447344B09<br \/>\npolaris 700 xc sp f o s02np7cs -2002<br \/>\nPOLARIS 2002 800 RMK F O 151 BUILT BEFORE 3 1 01 S02NL8CS SUSPENSION<br \/>\npolaris 800 rmk f o 151 built before 3 1 01 s02nl8cs -2002<br \/>\nPOLARIS 2002 800 RMK F O 156 S02NM8CS SUSPENSION<br \/>\npolaris 800 rmk f o 156 s02nm8cs -2002<br \/>\nPOLARIS 2002 800 XC SP F O BUILT AFTER 3 1 01 S02NP8CS REAR SUSPENSION CSA CSB 4973467346B09<br \/>\npolaris 800 xc sp f o built after 3 1 01 s02np8cs -2002<br \/>\nPOLARIS 2002 800 XC SP STOCK S02NP8CSA REAR SUSPENSION S02NP8CS CSA CSB 4973467346B09<br \/>\npolaris 800 xc sp stock s02np8csa -2002<br \/>\nPOLARIS 2002 800 XC SP STOCK S02NP8CSB REAR SUSPENSION S02NP8CS CSA CSB 4973467346B09<br \/>\npolaris 800 xc sp stock s02np8csb -2002<br \/>\nPOLARIS 2002 800 XCR S02SB8AS SUSPENSION<br \/>\npolaris 800 xcr s02sb8as -2002<br \/>\nPOLARIS 2002 INDY 340 TOURING S02LT3AS SUSPENSION<br \/>\npolaris indy 340 touring s02lt3as -2002<br \/>\nPOLARIS 2002 INDY FRONTIER S02NT7DS SUSPENSION<br \/>\npolaris indy frontier s02nt7ds -2002<br \/>\nPOLARIS 2002 SUPERSPORT S02NB5BS SUSPENSION<br \/>\npolaris supersport s02nb5bs -2002<br \/>\nPOLARIS 2002 TRAIL RMK 136 S02SR5BS SUSPENSION<br \/>\npolaris trail rmk 136 s02sr5bs -2002<br \/>\nPOLARIS 2002 TRAIL TOURING S02ST5BS SUSPENSION<br \/>\npolaris trail touring s02st5bs -2002<br \/>\nPOLARIS 2003 500 XC EDGE F O S03NP5CS REAR SUSPENSION 5CSA 5CSB 6ES 6ESA 6ESBS03NA5CS 6ES 4977827782B08<br \/>\npolaris 500 xc edge f o s03np5cs -2003<br \/>\nPOLARIS 2003 500 XC SP EDGE S03NP5CSA B REAR SUSPENSION S03NP5CS 5CSA 5CSB 6ES 6ESA 6ESBS03NA5CS 6ES 4977827782B08<br \/>\npolaris 500 xc sp edge s03np5csa b -2003<br \/>\nPOLARIS 2003 500 XC SP EDGE X F O S03NA5CS REAR SUSPENSION S03NP5CS 5CSA 5CSB 6ES 6ESA 6ESB 6ES 4977827782B08<br \/>\npolaris 500 xc sp edge x f o s03na5cs -2003<br \/>\nPOLARIS 2003 600 XC EDGE F O S03NP6ES REAR SUSPENSION S03NP5CS 5CSA 5CSB 6ES 6ESA 6ESBS03NA5CS 6ES 4977827782B08<br \/>\npolaris 600 xc edge f o s03np6es -2003<br \/>\nPOLARIS 2003 600 XC SP EDGE S03NP6ESA B REAR SUSPENSION S03NP5CS 5CSA 5CSB 6ES 6ESA 6ESBS03NA5CS 6ES 4977827782B08<br \/>\npolaris 600 xc sp edge s03np6esa b -2003<br \/>\nPOLARIS 2003 600 XC SP EDGE X F O S03NA6ES REAR SUSPENSION S03NP5CS 5CSA 5CSB 6ES 6ESA 6ESBS03NA5CS 6ES 4977827782B08<br \/>\npolaris 600 xc sp edge x f o s03na6es -2003<br \/>\nPOLARIS 2003 700 XC EDGE F O S03NP7CS REAR SUSPENSION 7CSA 7CSB 8CS 8CSA 8CSBS03NA7CS 8CS 4977847784B08<br \/>\npolaris 700 xc edge f o s03np7cs -2003<br \/>\nPOLARIS 2003 700 XC SP EDGE S03NP7CSA B REAR SUSPENSION S03NP7CS 7CSA 7CSB 8CS 8CSA 8CSBS03NA7CS 8CS 4977847784B08<br \/>\npolaris 700 xc sp edge s03np7csa b -2003<br \/>\nPOLARIS 2003 700 XC SP EDGE X F O S03NA7CS REAR SUSPENSION S03NP7CS 7CSA 7CSB 8CS 8CSA 8CSB 8CS 4977847784B08<br \/>\npolaris 700 xc sp edge x f o s03na7cs -2003<br \/>\nPOLARIS 2003 800 XC EDGE F O S03NP8CS REAR SUSPENSION S03NP7CS 7CSA 7CSB 8CS 8CSA 8CSBS03NA7CS 8CS 4977847784B08<br \/>\npolaris 800 xc edge f o s03np8cs -2003<br \/>\nPOLARIS 2003 800 XC SP EDGE S03NP8CSA B REAR SUSPENSION S03NP7CS 7CSA 7CSB 8CS 8CSA 8CSBS03NA7CS 8CS 4977847784B08<br \/>\npolaris 800 xc sp edge s03np8csa b -2003<br \/>\nPOLARIS 2003 800 XC SP EDGE X F O S03NA8CS REAR SUSPENSION S03NP7CS 7CSA 7CSB 8CS 8CSA 8CSBS03NA7CS 8CS 4977847784B08<br \/>\npolaris 800 xc sp edge x f o s03na8cs -2003<br \/>\nPOLARIS 2003 SUPERSPORT EDGE S03NB5BS A REAR SUSPENSION S03NA5BS 4977807780B06<br \/>\npolaris supersport edge s03nb5bs a -2003<br \/>\nPOLARIS 2003 SUPERSPORT EDGE X F O S03NA5BS REAR SUSPENSION S03NB5BS A 4977807780B06<br \/>\npolaris supersport edge x f o s03na5bs -2003<br \/>\nPOLARIS 2004 500 600 XC SP EDGE M 10 S04NP5CS REAR SUSPENSION A B C S04NP6ES A B C 4988618861B13<br \/>\npolaris 500 600 xc sp edge m 10 s04np5cs -2004<br \/>\nPOLARIS 2004 600 700 800 CLASSIC TOURING INT L S04NT6ES EE REAR SUSPENSION S04NT6ES 6EE 7CS 7CE 8CS 8CE<br \/>\npolaris 600 700 800 classic touring int l s04nt6es ee -2004<br \/>\nPOLARIS 2004 700 800 XC EDGE F O S04NP7CS REAR SUSPENSION 7CSA 7CSB 7CSC 8CS 8CSA 8CSB 8CSC 4988438843B13<br \/>\npolaris 700 800 xc edge f o s04np7cs -2004<br \/>\nPOLARIS 2004 SUPERSPORT EDGE S04NP5BS A B REAR SUSPENSION S04NE5BS 4988338833B09<br \/>\npolaris supersport edge s04np5bs a b -2004<br \/>\nPOLARIS 2005 500 600 XC SP EDGE M 10 S05NE5CS REAR SUSPENSION S05NP5CS A B NP6ES A B NA6ES EE 4992749274B12<br \/>\npolaris 500 600 xc sp edge m 10 s05ne5cs -2005<br \/>\nPOLARIS 2005 600 800 EDGE TOURING S05NT6ESA REAR SUSPENSION 6EEA 6ESB 6EEB 8CS 8CE<br \/>\npolaris 600 800 edge touring s05nt6esa -2005<br \/>\nPOLARIS 2005 700 800 XC SP M 10 F O S05NE7CS REAR SUSPENSION S05NP7CS 7CSA 7CSB 8CS 8CSA 8CSB 4993799379B12<br \/>\npolaris 700 800 xc sp m 10 f o s05ne7cs -2005<br \/>\nPOLARIS 2005 900 FUSION S05MP8DS REAR SUSPENSION DSA DSB DSC<br \/>\npolaris 900 fusion s05mp8ds -2005<br \/>\nPOLARIS 2005 SUPERSPORT S05NP5BS REAR SUSPENSION A B 4992729272B07<br \/>\npolaris supersport s05np5bs -2005<br \/>\nPOLARIS 2005 TRAIL TOURING EURO S05NU5BS REAR SUSPENSION BE S05NT5BS BE<br \/>\npolaris trail touring euro s05nu5bs -2005<\/p>","protected":false},"featured_media":24699,"comment_status":"open","ping_status":"closed","template":"","meta":{"_acf_changed":false},"demonterat-fordon":[],"fordons-typ":[641],"make":[636],"parts-filter":[661,884,870],"prod-typ":[715],"tillverkare":[865],"product_brand":[],"product_cat":[127],"product_tag":[],"class_list":{"0":"post-24824","1":"product","2":"type-product","3":"status-publish","4":"has-post-thumbnail","6":"fordons-typ-sno","7":"make-polaris","8":"parts-filter-edge","9":"parts-filter-gen-ii","10":"parts-filter-indy","11":"prod-typ-beg","12":"tillverkare-polaris","13":"product_cat-hjul-lager","15":"first","16":"instock","17":"purchasable","18":"product-type-simple"},"acf":[],"_links":{"self":[{"href":"https:\/\/whitepowder.se\/en\/wp-json\/wp\/v2\/product\/24824","targetHints":{"allow":["GET"]}}],"collection":[{"href":"https:\/\/whitepowder.se\/en\/wp-json\/wp\/v2\/product"}],"about":[{"href":"https:\/\/whitepowder.se\/en\/wp-json\/wp\/v2\/types\/product"}],"replies":[{"embeddable":true,"href":"https:\/\/whitepowder.se\/en\/wp-json\/wp\/v2\/comments?post=24824"}],"wp:featuredmedia":[{"embeddable":true,"href":"https:\/\/whitepowder.se\/en\/wp-json\/wp\/v2\/media\/24699"}],"wp:attachment":[{"href":"https:\/\/whitepowder.se\/en\/wp-json\/wp\/v2\/media?parent=24824"}],"wp:term":[{"taxonomy":"demonterat-fordon","embeddable":true,"href":"https:\/\/whitepowder.se\/en\/wp-json\/wp\/v2\/demonterat-fordon?post=24824"},{"taxonomy":"fordons-typ","embeddable":true,"href":"https:\/\/whitepowder.se\/en\/wp-json\/wp\/v2\/fordons-typ?post=24824"},{"taxonomy":"make","embeddable":true,"href":"https:\/\/whitepowder.se\/en\/wp-json\/wp\/v2\/make?post=24824"},{"taxonomy":"parts-filter","embeddable":true,"href":"https:\/\/whitepowder.se\/en\/wp-json\/wp\/v2\/parts-filter?post=24824"},{"taxonomy":"prod-typ","embeddable":true,"href":"https:\/\/whitepowder.se\/en\/wp-json\/wp\/v2\/prod-typ?post=24824"},{"taxonomy":"tillverkare","embeddable":true,"href":"https:\/\/whitepowder.se\/en\/wp-json\/wp\/v2\/tillverkare?post=24824"},{"taxonomy":"product_brand","embeddable":true,"href":"https:\/\/whitepowder.se\/en\/wp-json\/wp\/v2\/product_brand?post=24824"},{"taxonomy":"product_cat","embeddable":true,"href":"https:\/\/whitepowder.se\/en\/wp-json\/wp\/v2\/product_cat?post=24824"},{"taxonomy":"product_tag","embeddable":true,"href":"https:\/\/whitepowder.se\/en\/wp-json\/wp\/v2\/product_tag?post=24824"}],"curies":[{"name":"wp","href":"https:\/\/api.w.org\/{rel}","templated":true}]}}