{"id":24847,"date":"2025-11-02T19:34:58","date_gmt":"2025-11-02T18:34:58","guid":{"rendered":"https:\/\/whitepowder.se\/?post_type=product&#038;p=24847"},"modified":"2026-01-19T22:39:44","modified_gmt":"2026-01-19T21:39:44","slug":"polaris-1261151-029-pipe-tuned","status":"publish","type":"product","link":"https:\/\/whitepowder.se\/en\/polaris-1261151-029-pipe-tuned\/","title":{"rendered":"Polaris 1261151-029 &#8211; Pipe, Tuned"},"content":{"rendered":"<p>Polaris 1261151-029 &#8211; Pipe, Tuned<\/p>\n<p>* Anm\u00e4rkning: Mindre skav , bucklor och repor p\u00e5 v\u00e4rmesk\u00f6ld merparten p\u00e5 undersidan<\/p>","protected":false},"excerpt":{"rendered":"<p>Polaris 1261151-029 Sitter Original p\u00e5 :<\/p>\n<p>POLARIS 2003 600 RMK 144 S03NK6ES EXHAUST SYSTEM<br \/>\npolaris 600 rmk 144 s03nk6es -2003<br \/>\nPOLARIS 2004 600 700 800 RMK F O S04NK6ES EXHAUST SYSTEM A B CS04NK7CS A B CS04NL7CS A B CS04NK8CS A B CS04NL8CS A B CS04NM8CS A B C<br \/>\npolaris 600 700 800 rmk f o s04nk6es -2004<br \/>\nPOLARIS 2004 600 700 800 SWITCHBACK S04NS6ES EXHAUST SYSTEM A B C DS04NS7CS A B C DS04NS8CS A B C D<br \/>\npolaris 600 700 800 switchback s04ns6es -2004<br \/>\nPOLARIS 2005 600 700 800 RMK F O S05NK6ES EXHAUST SYSTEM AS05NK7CS AS05NL7CS AS05NK8CS AS05NL8CS AS05NM8CS A<br \/>\npolaris 600 700 800 rmk f o s05nk6es -2005<br \/>\nPOLARIS 2005 600 800 SWITCHBACK F O S05NS6ES EXHAUST SYSTEM ESA S05NS8CS CSA<br \/>\npolaris 600 800 switchback f o s05ns6es -2005<\/p>","protected":false},"featured_media":24600,"comment_status":"open","ping_status":"closed","template":"","meta":{"_acf_changed":false},"demonterat-fordon":[],"fordons-typ":[641],"make":[636],"parts-filter":[661,885],"prod-typ":[715],"tillverkare":[865],"product_brand":[],"product_cat":[438],"product_tag":[],"class_list":{"0":"post-24847","1":"product","2":"type-product","3":"status-publish","4":"has-post-thumbnail","6":"fordons-typ-sno","7":"make-polaris","8":"parts-filter-edge","9":"parts-filter-pro-x","10":"prod-typ-beg","11":"tillverkare-polaris","12":"product_cat-exhaust-pipe","14":"first","15":"outofstock","16":"purchasable","17":"product-type-simple"},"acf":[],"_links":{"self":[{"href":"https:\/\/whitepowder.se\/en\/wp-json\/wp\/v2\/product\/24847","targetHints":{"allow":["GET"]}}],"collection":[{"href":"https:\/\/whitepowder.se\/en\/wp-json\/wp\/v2\/product"}],"about":[{"href":"https:\/\/whitepowder.se\/en\/wp-json\/wp\/v2\/types\/product"}],"replies":[{"embeddable":true,"href":"https:\/\/whitepowder.se\/en\/wp-json\/wp\/v2\/comments?post=24847"}],"wp:featuredmedia":[{"embeddable":true,"href":"https:\/\/whitepowder.se\/en\/wp-json\/wp\/v2\/media\/24600"}],"wp:attachment":[{"href":"https:\/\/whitepowder.se\/en\/wp-json\/wp\/v2\/media?parent=24847"}],"wp:term":[{"taxonomy":"demonterat-fordon","embeddable":true,"href":"https:\/\/whitepowder.se\/en\/wp-json\/wp\/v2\/demonterat-fordon?post=24847"},{"taxonomy":"fordons-typ","embeddable":true,"href":"https:\/\/whitepowder.se\/en\/wp-json\/wp\/v2\/fordons-typ?post=24847"},{"taxonomy":"make","embeddable":true,"href":"https:\/\/whitepowder.se\/en\/wp-json\/wp\/v2\/make?post=24847"},{"taxonomy":"parts-filter","embeddable":true,"href":"https:\/\/whitepowder.se\/en\/wp-json\/wp\/v2\/parts-filter?post=24847"},{"taxonomy":"prod-typ","embeddable":true,"href":"https:\/\/whitepowder.se\/en\/wp-json\/wp\/v2\/prod-typ?post=24847"},{"taxonomy":"tillverkare","embeddable":true,"href":"https:\/\/whitepowder.se\/en\/wp-json\/wp\/v2\/tillverkare?post=24847"},{"taxonomy":"product_brand","embeddable":true,"href":"https:\/\/whitepowder.se\/en\/wp-json\/wp\/v2\/product_brand?post=24847"},{"taxonomy":"product_cat","embeddable":true,"href":"https:\/\/whitepowder.se\/en\/wp-json\/wp\/v2\/product_cat?post=24847"},{"taxonomy":"product_tag","embeddable":true,"href":"https:\/\/whitepowder.se\/en\/wp-json\/wp\/v2\/product_tag?post=24847"}],"curies":[{"name":"wp","href":"https:\/\/api.w.org\/{rel}","templated":true}]}}