{"id":24856,"date":"2025-11-02T19:34:50","date_gmt":"2025-11-02T18:34:50","guid":{"rendered":"https:\/\/whitepowder.se\/?post_type=product&#038;p=24856"},"modified":"2025-11-02T19:34:51","modified_gmt":"2025-11-02T18:34:51","slug":"polaris-1261769-asm-tuned-pipe800-sdi","status":"publish","type":"product","link":"https:\/\/whitepowder.se\/en\/polaris-1261769-asm-tuned-pipe800-sdi\/","title":{"rendered":"Polaris 1261769 &#8211; ASM-TUNED PIPE,800 SDI"},"content":{"rendered":"<p>Polaris 1261769 &#8211; ASM-TUNED PIPE,800 SDI<\/p>\n<p>* Anm\u00e4rkning: Mindre skav , bucklor och repor p\u00e5 v\u00e4rmesk\u00f6ld<\/p>","protected":false},"excerpt":{"rendered":"<p>Polaris 1261769 Sitter Original p\u00e5 :<\/p>\n<p>POLARIS 2008 800 DRAGON RMK 155 163 EURO S08PG8ES EE PH8ES EE ENGINE EXHAUST<br \/>\npolaris 800 dragon rmk 155 163 euro s08pg8es ee ph8es ee -2008<br \/>\nPOLARIS 2008 800 DRAGON RMK 155 SPECIAL LATE PROD S08PG8ES EXHAUST 49SNOWEXHAUST08800RMK<br \/>\npolaris 800 dragon rmk 155 special late prod s08pg8es -2008<br \/>\nPOLARIS 2008 800 IQ S08PB8ES EE ENGINE EXHAUST SYSTEM<br \/>\npolaris 800 iq s08pb8es ee -2008<br \/>\nPOLARIS 2009 800 ASSAULT RMK 146 S09PL8ES EE ENGINE EXHAUST<br \/>\npolaris 800 assault rmk 146 s09pl8es ee -2009<br \/>\nPOLARIS 2009 800 DRAGON SP ES EURO S09PE8ES EEL ENGINE EXHAUST<br \/>\npolaris 800 dragon sp es euro s09pe8es eel -2009<br \/>\nPOLARIS 2009 800 IQ ES S09PB8ES ESL ENGINE EXHAUST<br \/>\npolaris 800 iq es s09pb8es esl -2009<br \/>\nPOLARIS 2009 800 RMK ES 800 DRAGON RMK 155 163 ES EURO ALL OPTIONS S09PM8 PG8 PH8 ENGINE EXHAUST ALL OPTIONS<br \/>\npolaris 800 rmk es 800 dragon rmk 155 163 es euro all options s09pm8 pg8 ph8 -2009<br \/>\nPOLARIS 2009 800 RMK SHIFT 144 S09PK8ES ENGINE EXHAUST<br \/>\npolaris 800 rmk shift 144 s09pk8es -2009<br \/>\nPOLARIS 2009 800 SWITCHBACK DRAGON EURO S09PR8ESL PS8ESL EEL ENGINE EXHAUST<br \/>\npolaris 800 switchback dragon euro s09pr8esl ps8esl eel -2009<\/p>","protected":false},"featured_media":24553,"comment_status":"open","ping_status":"closed","template":"","meta":{"_acf_changed":false},"demonterat-fordon":[],"fordons-typ":[641],"make":[636],"parts-filter":[689],"prod-typ":[715],"tillverkare":[865],"product_brand":[],"product_cat":[438],"product_tag":[],"class_list":{"0":"post-24856","1":"product","2":"type-product","3":"status-publish","4":"has-post-thumbnail","6":"fordons-typ-sno","7":"make-polaris","8":"parts-filter-iq-chassie","9":"prod-typ-beg","10":"tillverkare-polaris","11":"product_cat-exhaust-pipe","13":"first","14":"instock","15":"purchasable","16":"product-type-simple"},"acf":[],"_links":{"self":[{"href":"https:\/\/whitepowder.se\/en\/wp-json\/wp\/v2\/product\/24856","targetHints":{"allow":["GET"]}}],"collection":[{"href":"https:\/\/whitepowder.se\/en\/wp-json\/wp\/v2\/product"}],"about":[{"href":"https:\/\/whitepowder.se\/en\/wp-json\/wp\/v2\/types\/product"}],"replies":[{"embeddable":true,"href":"https:\/\/whitepowder.se\/en\/wp-json\/wp\/v2\/comments?post=24856"}],"wp:featuredmedia":[{"embeddable":true,"href":"https:\/\/whitepowder.se\/en\/wp-json\/wp\/v2\/media\/24553"}],"wp:attachment":[{"href":"https:\/\/whitepowder.se\/en\/wp-json\/wp\/v2\/media?parent=24856"}],"wp:term":[{"taxonomy":"demonterat-fordon","embeddable":true,"href":"https:\/\/whitepowder.se\/en\/wp-json\/wp\/v2\/demonterat-fordon?post=24856"},{"taxonomy":"fordons-typ","embeddable":true,"href":"https:\/\/whitepowder.se\/en\/wp-json\/wp\/v2\/fordons-typ?post=24856"},{"taxonomy":"make","embeddable":true,"href":"https:\/\/whitepowder.se\/en\/wp-json\/wp\/v2\/make?post=24856"},{"taxonomy":"parts-filter","embeddable":true,"href":"https:\/\/whitepowder.se\/en\/wp-json\/wp\/v2\/parts-filter?post=24856"},{"taxonomy":"prod-typ","embeddable":true,"href":"https:\/\/whitepowder.se\/en\/wp-json\/wp\/v2\/prod-typ?post=24856"},{"taxonomy":"tillverkare","embeddable":true,"href":"https:\/\/whitepowder.se\/en\/wp-json\/wp\/v2\/tillverkare?post=24856"},{"taxonomy":"product_brand","embeddable":true,"href":"https:\/\/whitepowder.se\/en\/wp-json\/wp\/v2\/product_brand?post=24856"},{"taxonomy":"product_cat","embeddable":true,"href":"https:\/\/whitepowder.se\/en\/wp-json\/wp\/v2\/product_cat?post=24856"},{"taxonomy":"product_tag","embeddable":true,"href":"https:\/\/whitepowder.se\/en\/wp-json\/wp\/v2\/product_tag?post=24856"}],"curies":[{"name":"wp","href":"https:\/\/api.w.org\/{rel}","templated":true}]}}