{"id":24905,"date":"2025-11-02T19:33:02","date_gmt":"2025-11-02T18:33:02","guid":{"rendered":"https:\/\/whitepowder.se\/?post_type=product&#038;p=24905"},"modified":"2025-11-02T19:33:02","modified_gmt":"2025-11-02T18:33:02","slug":"polaris-3233394-dog-ear-engage-2","status":"publish","type":"product","link":"https:\/\/whitepowder.se\/en\/polaris-3233394-dog-ear-engage-2\/","title":{"rendered":"Polaris 3233394 &#8211; Dog Ear Engage"},"content":{"rendered":"<p>Polaris 3233394 &#8211; Dog Ear Engage<\/p>\n<p>Detta drev kan endast monteras ihop med matchande \u00f6vriga drev av f\u00f6rsta modellen.<\/p>\n<p>dessa 3 drev beh\u00f6ver vara i samma v\u00e4xell\u00e5da<br \/>\n3233394<br \/>\n3233395<br \/>\n3233396<\/p>\n<p>detta drev: 3233394<br \/>\nkan ej monteras ihop med dom uppdaterade dreven<br \/>\n3233471<br \/>\n3233470<br \/>\n3233472 alt \u00a03233512<\/p>","protected":false},"excerpt":{"rendered":"<p>Polaris 3233394 Sitter Original p\u00e5 :<\/p>\n<p>0972061 WIDETRAK GT (1997) (0972061)<\/p>\n<p>0972065 WIDETRAK LX (1997) (0972065)<\/p>","protected":false},"featured_media":24260,"comment_status":"open","ping_status":"closed","template":"","meta":{"_acf_changed":false},"demonterat-fordon":[],"fordons-typ":[641],"make":[636],"parts-filter":[870,671],"prod-typ":[715],"tillverkare":[865],"product_brand":[],"product_cat":[404,98],"product_tag":[],"class_list":{"0":"post-24905","1":"product","2":"type-product","3":"status-publish","4":"has-post-thumbnail","6":"fordons-typ-sno","7":"make-polaris","8":"parts-filter-indy","9":"parts-filter-widetrak","10":"prod-typ-beg","11":"tillverkare-polaris","12":"product_cat-main-gearcase-internals","13":"product_cat-chaincase-internals","15":"first","16":"instock","17":"purchasable","18":"product-type-simple"},"acf":[],"_links":{"self":[{"href":"https:\/\/whitepowder.se\/en\/wp-json\/wp\/v2\/product\/24905","targetHints":{"allow":["GET"]}}],"collection":[{"href":"https:\/\/whitepowder.se\/en\/wp-json\/wp\/v2\/product"}],"about":[{"href":"https:\/\/whitepowder.se\/en\/wp-json\/wp\/v2\/types\/product"}],"replies":[{"embeddable":true,"href":"https:\/\/whitepowder.se\/en\/wp-json\/wp\/v2\/comments?post=24905"}],"wp:featuredmedia":[{"embeddable":true,"href":"https:\/\/whitepowder.se\/en\/wp-json\/wp\/v2\/media\/24260"}],"wp:attachment":[{"href":"https:\/\/whitepowder.se\/en\/wp-json\/wp\/v2\/media?parent=24905"}],"wp:term":[{"taxonomy":"demonterat-fordon","embeddable":true,"href":"https:\/\/whitepowder.se\/en\/wp-json\/wp\/v2\/demonterat-fordon?post=24905"},{"taxonomy":"fordons-typ","embeddable":true,"href":"https:\/\/whitepowder.se\/en\/wp-json\/wp\/v2\/fordons-typ?post=24905"},{"taxonomy":"make","embeddable":true,"href":"https:\/\/whitepowder.se\/en\/wp-json\/wp\/v2\/make?post=24905"},{"taxonomy":"parts-filter","embeddable":true,"href":"https:\/\/whitepowder.se\/en\/wp-json\/wp\/v2\/parts-filter?post=24905"},{"taxonomy":"prod-typ","embeddable":true,"href":"https:\/\/whitepowder.se\/en\/wp-json\/wp\/v2\/prod-typ?post=24905"},{"taxonomy":"tillverkare","embeddable":true,"href":"https:\/\/whitepowder.se\/en\/wp-json\/wp\/v2\/tillverkare?post=24905"},{"taxonomy":"product_brand","embeddable":true,"href":"https:\/\/whitepowder.se\/en\/wp-json\/wp\/v2\/product_brand?post=24905"},{"taxonomy":"product_cat","embeddable":true,"href":"https:\/\/whitepowder.se\/en\/wp-json\/wp\/v2\/product_cat?post=24905"},{"taxonomy":"product_tag","embeddable":true,"href":"https:\/\/whitepowder.se\/en\/wp-json\/wp\/v2\/product_tag?post=24905"}],"curies":[{"name":"wp","href":"https:\/\/api.w.org\/{rel}","templated":true}]}}