{"id":24928,"date":"2025-11-02T19:32:42","date_gmt":"2025-11-02T18:32:42","guid":{"rendered":"https:\/\/whitepowder.se\/?post_type=product&#038;p=24928"},"modified":"2025-11-02T19:32:43","modified_gmt":"2025-11-02T18:32:43","slug":"polaris-3233425-shaft-drum-asm","status":"publish","type":"product","link":"https:\/\/whitepowder.se\/en\/polaris-3233425-shaft-drum-asm\/","title":{"rendered":"Polaris 3233425 &#8211; SHAFT DRUM ASM."},"content":{"rendered":"<p>Polaris 3233425 &#8211; SHAFT DRUM ASM.<\/p>\n<p>Shaft drum assembly ink:<br \/>\n3233390 shiftfork,l\/r,mach<br \/>\n3233375 pin,dowell , x2st<br \/>\n3233404 drum,shift<br \/>\n3233389 shiftfork,hi,mach.<\/p>\n<p>OBS Partnumbret \u00e4r ett Assembely nummer och anv\u00e4nds fr\u00e4mst som s\u00f6kv\u00e4g och f\u00f6r Fitment, Kolla p\u00e5 bilderna f\u00f6r att se vad som ing\u00e5r.<\/p>","protected":false},"excerpt":{"rendered":"<p>Polaris 3233425 Sitter Original p\u00e5 :<\/p>\n<p>POLARIS 1997 EURO WIDETRAK GT E972061 GEARCASE WIDETRAK GT 0972061 EUROPEAN WIDETRAK GT<br \/>\npolaris euro widetrak gt e972061 -1997<br \/>\nPOLARIS 1997 EURO WIDETRAK LX E972065 GEARCASE WIDETRAK LX 0972065 EUROPEAN WIDETRAK LX<br \/>\npolaris euro widetrak lx e972065 -1997<br \/>\nPOLARIS 1997 WIDETRAK GT 0972061 GEARCASE WIDETRAK GT EUROPEAN WIDETRAK GT E972061<br \/>\npolaris widetrak gt 0972061 -1997<br \/>\nPOLARIS 1997 WIDETRAK LX 0972065 GEARCASE WIDETRAK LX EUROPEAN WIDETRAK LX E972065<br \/>\npolaris widetrak lx 0972065 -1997<\/p>","protected":false},"featured_media":24196,"comment_status":"open","ping_status":"closed","template":"","meta":{"_acf_changed":false},"demonterat-fordon":[],"fordons-typ":[641],"make":[636],"parts-filter":[884,870,671],"prod-typ":[715],"tillverkare":[865],"product_brand":[],"product_cat":[98,404],"product_tag":[],"class_list":{"0":"post-24928","1":"product","2":"type-product","3":"status-publish","4":"has-post-thumbnail","6":"fordons-typ-sno","7":"make-polaris","8":"parts-filter-gen-ii","9":"parts-filter-indy","10":"parts-filter-widetrak","11":"prod-typ-beg","12":"tillverkare-polaris","13":"product_cat-chaincase-internals","14":"product_cat-main-gearcase-internals","16":"first","17":"instock","18":"purchasable","19":"product-type-simple"},"acf":[],"_links":{"self":[{"href":"https:\/\/whitepowder.se\/en\/wp-json\/wp\/v2\/product\/24928","targetHints":{"allow":["GET"]}}],"collection":[{"href":"https:\/\/whitepowder.se\/en\/wp-json\/wp\/v2\/product"}],"about":[{"href":"https:\/\/whitepowder.se\/en\/wp-json\/wp\/v2\/types\/product"}],"replies":[{"embeddable":true,"href":"https:\/\/whitepowder.se\/en\/wp-json\/wp\/v2\/comments?post=24928"}],"wp:featuredmedia":[{"embeddable":true,"href":"https:\/\/whitepowder.se\/en\/wp-json\/wp\/v2\/media\/24196"}],"wp:attachment":[{"href":"https:\/\/whitepowder.se\/en\/wp-json\/wp\/v2\/media?parent=24928"}],"wp:term":[{"taxonomy":"demonterat-fordon","embeddable":true,"href":"https:\/\/whitepowder.se\/en\/wp-json\/wp\/v2\/demonterat-fordon?post=24928"},{"taxonomy":"fordons-typ","embeddable":true,"href":"https:\/\/whitepowder.se\/en\/wp-json\/wp\/v2\/fordons-typ?post=24928"},{"taxonomy":"make","embeddable":true,"href":"https:\/\/whitepowder.se\/en\/wp-json\/wp\/v2\/make?post=24928"},{"taxonomy":"parts-filter","embeddable":true,"href":"https:\/\/whitepowder.se\/en\/wp-json\/wp\/v2\/parts-filter?post=24928"},{"taxonomy":"prod-typ","embeddable":true,"href":"https:\/\/whitepowder.se\/en\/wp-json\/wp\/v2\/prod-typ?post=24928"},{"taxonomy":"tillverkare","embeddable":true,"href":"https:\/\/whitepowder.se\/en\/wp-json\/wp\/v2\/tillverkare?post=24928"},{"taxonomy":"product_brand","embeddable":true,"href":"https:\/\/whitepowder.se\/en\/wp-json\/wp\/v2\/product_brand?post=24928"},{"taxonomy":"product_cat","embeddable":true,"href":"https:\/\/whitepowder.se\/en\/wp-json\/wp\/v2\/product_cat?post=24928"},{"taxonomy":"product_tag","embeddable":true,"href":"https:\/\/whitepowder.se\/en\/wp-json\/wp\/v2\/product_tag?post=24928"}],"curies":[{"name":"wp","href":"https:\/\/api.w.org\/{rel}","templated":true}]}}