{"id":24974,"date":"2025-11-02T19:34:40","date_gmt":"2025-11-02T18:34:40","guid":{"rendered":"https:\/\/whitepowder.se\/?post_type=product&#038;p=24974"},"modified":"2025-11-10T20:48:36","modified_gmt":"2025-11-10T19:48:36","slug":"polaris-1332220-asm-jackshaft","status":"publish","type":"product","link":"https:\/\/whitepowder.se\/en\/polaris-1332220-asm-jackshaft\/","title":{"rendered":"Polaris 1332220 &#8211; Asm., Jackshaft"},"content":{"rendered":"<p>Polaris 1332220 &#8211; Asm., Jackshaft<\/p>\n<p>Rund axel 1&#8243; tums diameter med krysskilssp\u00e5r i ena \u00e4ndan, total l\u00e4ngd axel \u00e4nde till \u00e4nde 62.7cm<br \/>\nsplinsen l\u00e4ngst ut har 15 splines, dom inre splinsen \u00e4r 25st splines.<\/p>","protected":false},"excerpt":{"rendered":"<p>Polaris 1332220 Sitter Original p\u00e5 :<\/p>\n<p>POLARIS 2001 500 INDY S01NB4BS DRIVE TRAIN<br \/>\npolaris 500 indy s01nb4bs -2001<br \/>\nPOLARIS 2001 500 XC S01NP5AS DRIVE TRAIN<br \/>\npolaris 500 xc s01np5as -2001<br \/>\nPOLARIS 2001 500 XC SP S01NP5CS DRIVE TRAIN<br \/>\npolaris 500 xc sp s01np5cs -2001<br \/>\nPOLARIS 2001 600 CLASSIC EDGE S01ND6DS DRIVE TRAIN<br \/>\npolaris 600 classic edge s01nd6ds -2001<br \/>\nPOLARIS 2001 600 XC SP S01NP6ES DRIVE TRAIN<br \/>\npolaris 600 xc sp s01np6es -2001<br \/>\nPOLARIS 2001 700 EV XC SP EDGE S01NP7CS DRIVE TRAIN<br \/>\npolaris 700 ev xc sp edge s01np7cs -2001<br \/>\nPOLARIS 2001 700 XC SP S01NP7AS DRIVE TRAIN<br \/>\npolaris 700 xc sp s01np7as -2001<br \/>\nPOLARIS 2001 800 LE S01ND8BS DRIVE TRAIN<br \/>\npolaris 800 le s01nd8bs -2001<br \/>\nPOLARIS 2001 800 XC SP S01NP8BS DRIVE TRAIN<br \/>\npolaris 800 xc sp s01np8bs -2001<br \/>\nPOLARIS 2001 SUPERSPORT EDGE S01NB5BS DRIVE TRAIN<br \/>\npolaris supersport edge s01nb5bs -2001<br \/>\nPOLARIS 2002 500 CLASSIC S02ND4BS DRIVE TRAIN<br \/>\npolaris 500 classic s02nd4bs -2002<br \/>\nPOLARIS 2002 500 INDY S02NB4BS DRIVE TRAIN<br \/>\npolaris 500 indy s02nb4bs -2002<br \/>\nPOLARIS 2002 500 XC S02NP5AS DRIVE TRAIN<br \/>\npolaris 500 xc s02np5as -2002<br \/>\nPOLARIS 2002 550 F C CLASSIC S02ND5BS DRIVE TRAIN<br \/>\npolaris 550 f c classic s02nd5bs -2002<br \/>\nPOLARIS 2002 600 CLASSIC S02ND6ES DRIVE TRAIN<br \/>\npolaris 600 classic s02nd6es -2002<br \/>\nPOLARIS 2002 600 RMK 136 BUILT AFTER 3 1 01 S02NJ6ES DRIVE TRAIN S02NJ6ES 4969456945B12<br \/>\npolaris 600 rmk 136 built after 3 1 01 s02nj6es -2002<br \/>\nPOLARIS 2002 600 RMK 136 BUILT BEFORE 3 1 01 S02NJ6ES DRIVE TRAIN<br \/>\npolaris 600 rmk 136 built before 3 1 01 s02nj6es -2002<br \/>\nPOLARIS 2002 700 CLASSIC BUILT AFTER 1 1 01 S02ND7CS DRIVE TRAIN S02ND7CS 4970457045C01<br \/>\npolaris 700 classic built after 1 1 01 s02nd7cs -2002<br \/>\nPOLARIS 2002 700 CLASSIC BUILT BEFORE 1 1 01 S02ND7CS DRIVE TRAIN<br \/>\npolaris 700 classic built before 1 1 01 s02nd7cs -2002<br \/>\nPOLARIS 2002 700 RMK F O 144 BUILT AFTER 3 1 01 S02NK7CS DRIVE TRAIN S02NK7CS CSA 4969546954B13<br \/>\npolaris 700 rmk f o 144 built after 3 1 01 s02nk7cs -2002<br \/>\nPOLARIS 2002 700 RMK F O 144 BUILT BEFORE 3 1 01 S02NK7CS DRIVE TRAIN<br \/>\npolaris 700 rmk f o 144 built before 3 1 01 s02nk7cs -2002<br \/>\nPOLARIS 2002 700 RMK F O 151 S02NL7CS DRIVE TRAIN<br \/>\npolaris 700 rmk f o 151 s02nl7cs -2002<br \/>\nPOLARIS 2002 800 RMK F O 151 BUILT AFTER 3 1 01 S02NL8CS DRIVE TRAIN S02NL8CS CSA 4969516951B13<br \/>\npolaris 800 rmk f o 151 built after 3 1 01 s02nl8cs -2002<br \/>\nPOLARIS 2002 800 RMK F O 151 BUILT BEFORE 3 1 01 S02NL8CS DRIVE TRAIN<br \/>\npolaris 800 rmk f o 151 built before 3 1 01 s02nl8cs -2002<br \/>\nPOLARIS 2002 800 RMK F O 156 S02NM8CS DRIVE TRAIN<br \/>\npolaris 800 rmk f o 156 s02nm8cs -2002<br \/>\nPOLARIS 2002 INDY FRONTIER S02NT7DS DRIVE TRAIN<br \/>\npolaris indy frontier s02nt7ds -2002<br \/>\nPOLARIS 2002 SUPERSPORT S02NB5BS DRIVE TRAIN<br \/>\npolaris supersport s02nb5bs -2002<br \/>\nPOLARIS 2003 500 CLASSIC S03ND5CS DRIVE TRAIN<br \/>\npolaris 500 classic s03nd5cs -2003<br \/>\nPOLARIS 2003 500 EDGE S03NB4BS DRIVE TRAIN<br \/>\npolaris 500 edge s03nb4bs -2003<br \/>\nPOLARIS 2003 500 XC EDGE F O S03NP5CS DRIVE TRAIN 5CSA 5CSB 6ES 6ESA 6ESBS03NA5CS 6ESS03NF5CS 6ESS03NE5CS 6ES<br \/>\npolaris 500 xc edge f o s03np5cs -2003<br \/>\nPOLARIS 2003 500 XC EDGE S03NP5AS DRIVE TRAIN<br \/>\npolaris 500 xc edge s03np5as -2003<br \/>\nPOLARIS 2003 550 CLASSIC EDGE S03ND5BS DRIVE TRAIN<br \/>\npolaris 550 classic edge s03nd5bs -2003<br \/>\nPOLARIS 2003 600 CLASSIC S03ND6ES DRIVE TRAIN<br \/>\npolaris 600 classic s03nd6es -2003<br \/>\nPOLARIS 2003 600 RMK 144 S03NK6ES DRIVE TRAIN<br \/>\npolaris 600 rmk 144 s03nk6es -2003<br \/>\nPOLARIS 2003 700 800 CLASSIC TOURING S03NT7CS S03NT8CS DRIVE TRAIN<br \/>\npolaris 700 800 classic touring s03nt7cs s03nt8cs -2003<br \/>\nPOLARIS 2003 700 800 SKS S03NS7CS A S03NS8CS A DRIVE TRAIN<br \/>\npolaris 700 800 sks s03ns7cs a s03ns8cs a -2003<br \/>\nPOLARIS 2003 700 CLASSIC S03ND7CS DRIVE TRAIN<br \/>\npolaris 700 classic s03nd7cs -2003<br \/>\nPOLARIS 2003 700 EDGE RMK CC BUILT BEFORE 1 01 02 S03NS7CS DRIVE TRAIN<br \/>\npolaris 700 edge rmk cc built before 1 01 02 s03ns7cs -2003<br \/>\nPOLARIS 2003 700 XC EDGE F O S03NP7CS DRIVE TRAIN 7CSA 7CSB 8CS 8CSA 8CSBS03NA7CS 8CSS03NF7CS 8CSS03NE7CS 8CS<br \/>\npolaris 700 xc edge f o s03np7cs -2003<br \/>\nPOLARIS 2003 FRONTIER CLASSIC BUILT AFTER 1 01 02 S03ND7DS DRIVE TRAIN S03ND7DS 4977987798B09<br \/>\npolaris frontier classic built after 1 01 02 s03nd7ds -2003<br \/>\nPOLARIS 2003 FRONTIER CLASSIC BUILT BEFORE 1 01 02 S03ND7DS DRIVE TRAIN<br \/>\npolaris frontier classic built before 1 01 02 s03nd7ds -2003<br \/>\nPOLARIS 2003 FRONTIER TOURING S03NT7DS DRIVE TRAIN<br \/>\npolaris frontier touring s03nt7ds -2003<br \/>\nPOLARIS 2004 500 600 XC SP EDGE M 10 S04NP5CS DRIVE TRAIN A B C S04NE5CS S04NP6ES A B C S04NE6ES<br \/>\npolaris 500 600 xc sp edge m 10 s04np5cs -2004<br \/>\nPOLARIS 2004 500 EDGE S04NB4BS DRIVE TRAIN<br \/>\npolaris 500 edge s04nb4bs -2004<br \/>\nPOLARIS 2004 550 CLASSIC EDGE S04ND5BS DRIVE TRAIN<br \/>\npolaris 550 classic edge s04nd5bs -2004<br \/>\nPOLARIS 2004 600 700 800 RMK F O S04NK6ES DRIVE TRAIN A B CS04NK7CS A B CS04NL7CS A B CS04NK8CS A B CS04NL8CS A B CS04NM8CS A B C<br \/>\npolaris 600 700 800 rmk f o s04nk6es -2004<br \/>\nPOLARIS 2004 600 700 800 SWITCHBACK S04NS6ES DRIVE TRAIN A B C DS04NS7CS A B C DS04NS8CS A B C D<br \/>\npolaris 600 700 800 switchback s04ns6es -2004<br \/>\nPOLARIS 2004 700 800 XC EDGE F O S04NP7CS DRIVE TRAIN 7CSA 7CSB 7CSC 8CS 8CSA 8CSB 8CSCS04NE7CS 8CS<br \/>\npolaris 700 800 xc edge f o s04np7cs -2004<br \/>\nPOLARIS 2004 SPORT TOURING INT L S04NU5BS BE DRIVE TRAIN<br \/>\npolaris sport touring int l s04nu5bs be -2004<br \/>\nPOLARIS 2004 TRAIL RMK S04NJ5BS A DRIVE TRAIN<br \/>\npolaris trail rmk s04nj5bs a -2004<br \/>\nPOLARIS 2004 TRAIL TOURING INT L S04NT5BS BE DRIVE TRAIN<br \/>\npolaris trail touring int l s04nt5bs be -2004<\/p>","protected":false},"featured_media":24507,"comment_status":"open","ping_status":"closed","template":"","meta":{"_acf_changed":false},"demonterat-fordon":[],"fordons-typ":[641],"make":[636],"parts-filter":[661],"prod-typ":[715],"tillverkare":[865],"product_brand":[],"product_cat":[587],"product_tag":[],"class_list":{"0":"post-24974","1":"product","2":"type-product","3":"status-publish","4":"has-post-thumbnail","6":"fordons-typ-sno","7":"make-polaris","8":"parts-filter-edge","9":"prod-typ-beg","10":"tillverkare-polaris","11":"product_cat-secondary-drive-shaft","13":"first","14":"outofstock","15":"purchasable","16":"product-type-simple"},"acf":[],"_links":{"self":[{"href":"https:\/\/whitepowder.se\/en\/wp-json\/wp\/v2\/product\/24974","targetHints":{"allow":["GET"]}}],"collection":[{"href":"https:\/\/whitepowder.se\/en\/wp-json\/wp\/v2\/product"}],"about":[{"href":"https:\/\/whitepowder.se\/en\/wp-json\/wp\/v2\/types\/product"}],"replies":[{"embeddable":true,"href":"https:\/\/whitepowder.se\/en\/wp-json\/wp\/v2\/comments?post=24974"}],"wp:featuredmedia":[{"embeddable":true,"href":"https:\/\/whitepowder.se\/en\/wp-json\/wp\/v2\/media\/24507"}],"wp:attachment":[{"href":"https:\/\/whitepowder.se\/en\/wp-json\/wp\/v2\/media?parent=24974"}],"wp:term":[{"taxonomy":"demonterat-fordon","embeddable":true,"href":"https:\/\/whitepowder.se\/en\/wp-json\/wp\/v2\/demonterat-fordon?post=24974"},{"taxonomy":"fordons-typ","embeddable":true,"href":"https:\/\/whitepowder.se\/en\/wp-json\/wp\/v2\/fordons-typ?post=24974"},{"taxonomy":"make","embeddable":true,"href":"https:\/\/whitepowder.se\/en\/wp-json\/wp\/v2\/make?post=24974"},{"taxonomy":"parts-filter","embeddable":true,"href":"https:\/\/whitepowder.se\/en\/wp-json\/wp\/v2\/parts-filter?post=24974"},{"taxonomy":"prod-typ","embeddable":true,"href":"https:\/\/whitepowder.se\/en\/wp-json\/wp\/v2\/prod-typ?post=24974"},{"taxonomy":"tillverkare","embeddable":true,"href":"https:\/\/whitepowder.se\/en\/wp-json\/wp\/v2\/tillverkare?post=24974"},{"taxonomy":"product_brand","embeddable":true,"href":"https:\/\/whitepowder.se\/en\/wp-json\/wp\/v2\/product_brand?post=24974"},{"taxonomy":"product_cat","embeddable":true,"href":"https:\/\/whitepowder.se\/en\/wp-json\/wp\/v2\/product_cat?post=24974"},{"taxonomy":"product_tag","embeddable":true,"href":"https:\/\/whitepowder.se\/en\/wp-json\/wp\/v2\/product_tag?post=24974"}],"curies":[{"name":"wp","href":"https:\/\/api.w.org\/{rel}","templated":true}]}}