{"id":24977,"date":"2025-11-02T19:34:31","date_gmt":"2025-11-02T18:34:31","guid":{"rendered":"https:\/\/whitepowder.se\/?post_type=product&#038;p=24977"},"modified":"2026-01-27T08:07:32","modified_gmt":"2026-01-27T07:07:32","slug":"polaris-1590364-asm-drive-shaft","status":"publish","type":"product","link":"https:\/\/whitepowder.se\/en\/polaris-1590364-asm-drive-shaft\/","title":{"rendered":"Polaris 1590364 &#8211; Asm., Drive Shaft"},"content":{"rendered":"<p>Polaris 1590364 &#8211; Asm., Drive Shaft<\/p>\n<p>6 kants drivaxel 27mm i diameter, total l\u00e4ngd axel \u00e4nde till \u00e4nde 50.5cm<br \/>\n3st drivhjul 2.52&#8243; delning, 9 kuggars hjul.<br \/>\ngjutnummer drivhjul: hjul 2st mitten gn 5432211 , hjul mot kedjehus gn 5434845,.<\/p>","protected":false},"excerpt":{"rendered":"<p>Polaris 1590364 Sitter Original p\u00e5 :<\/p>\n<p>POLARIS 2003 440 PRO X S03NX4CS DRIVE TRAIN<br \/>\npolaris 440 pro x s03nx4cs -2003<br \/>\nPOLARIS 2004 800 PRO XR S04NZ8CS DRIVE TRAIN CSA CE<br \/>\npolaris 800 pro xr s04nz8cs -2004<\/p>","protected":false},"featured_media":24472,"comment_status":"open","ping_status":"closed","template":"","meta":{"_acf_changed":false},"demonterat-fordon":[],"fordons-typ":[641],"make":[636],"parts-filter":[885],"prod-typ":[716],"tillverkare":[865],"product_brand":[],"product_cat":[91],"product_tag":[756],"class_list":{"0":"post-24977","1":"product","2":"type-product","3":"status-publish","4":"has-post-thumbnail","6":"fordons-typ-sno","7":"make-polaris","8":"parts-filter-pro-x","9":"prod-typ-nos","10":"tillverkare-polaris","11":"product_cat-primary-drive-shaft","12":"product_tag-pro-xr","14":"first","15":"instock","16":"purchasable","17":"product-type-simple"},"acf":[],"_links":{"self":[{"href":"https:\/\/whitepowder.se\/en\/wp-json\/wp\/v2\/product\/24977","targetHints":{"allow":["GET"]}}],"collection":[{"href":"https:\/\/whitepowder.se\/en\/wp-json\/wp\/v2\/product"}],"about":[{"href":"https:\/\/whitepowder.se\/en\/wp-json\/wp\/v2\/types\/product"}],"replies":[{"embeddable":true,"href":"https:\/\/whitepowder.se\/en\/wp-json\/wp\/v2\/comments?post=24977"}],"wp:featuredmedia":[{"embeddable":true,"href":"https:\/\/whitepowder.se\/en\/wp-json\/wp\/v2\/media\/24472"}],"wp:attachment":[{"href":"https:\/\/whitepowder.se\/en\/wp-json\/wp\/v2\/media?parent=24977"}],"wp:term":[{"taxonomy":"demonterat-fordon","embeddable":true,"href":"https:\/\/whitepowder.se\/en\/wp-json\/wp\/v2\/demonterat-fordon?post=24977"},{"taxonomy":"fordons-typ","embeddable":true,"href":"https:\/\/whitepowder.se\/en\/wp-json\/wp\/v2\/fordons-typ?post=24977"},{"taxonomy":"make","embeddable":true,"href":"https:\/\/whitepowder.se\/en\/wp-json\/wp\/v2\/make?post=24977"},{"taxonomy":"parts-filter","embeddable":true,"href":"https:\/\/whitepowder.se\/en\/wp-json\/wp\/v2\/parts-filter?post=24977"},{"taxonomy":"prod-typ","embeddable":true,"href":"https:\/\/whitepowder.se\/en\/wp-json\/wp\/v2\/prod-typ?post=24977"},{"taxonomy":"tillverkare","embeddable":true,"href":"https:\/\/whitepowder.se\/en\/wp-json\/wp\/v2\/tillverkare?post=24977"},{"taxonomy":"product_brand","embeddable":true,"href":"https:\/\/whitepowder.se\/en\/wp-json\/wp\/v2\/product_brand?post=24977"},{"taxonomy":"product_cat","embeddable":true,"href":"https:\/\/whitepowder.se\/en\/wp-json\/wp\/v2\/product_cat?post=24977"},{"taxonomy":"product_tag","embeddable":true,"href":"https:\/\/whitepowder.se\/en\/wp-json\/wp\/v2\/product_tag?post=24977"}],"curies":[{"name":"wp","href":"https:\/\/api.w.org\/{rel}","templated":true}]}}