{"id":24985,"date":"2025-11-02T19:30:56","date_gmt":"2025-11-02T18:30:56","guid":{"rendered":"https:\/\/whitepowder.se\/?post_type=product&#038;p=24985"},"modified":"2025-11-02T19:30:57","modified_gmt":"2025-11-02T18:30:57","slug":"polaris-5130787-shaft-input","status":"publish","type":"product","link":"https:\/\/whitepowder.se\/en\/polaris-5130787-shaft-input\/","title":{"rendered":"Polaris 5130787 &#8211; SHAFT, INPUT"},"content":{"rendered":"<p>Polaris 5130787 &#8211; SHAFT, INPUT<\/p>\n<p>Rund axel 1&#8243; tums diameter med krysskilssp\u00e5r i ena \u00e4ndan, total l\u00e4ngd axel \u00e4nde till \u00e4nde 63.1cm<br \/>\nsplinsen l\u00e4ngst ut har 13 splines, dom inre splinsen \u00e4r 25st splines.<\/p>","protected":false},"excerpt":{"rendered":"<p>Polaris 5130787 Sitter Original p\u00e5 :<\/p>\n<p>POLARIS 1991 400 0910759 BRAKE AND CHAINCASE 400 FROM SERIAL NUMBER 1802330<br \/>\npolaris 400 0910759 -1991<br \/>\nPOLARIS 1991 500 0910764 BRAKE AND CHAINCASE 500 500 CLASSIC FROM SERIAL NUMBER 1808615 500 F<br \/>\npolaris 500 0910764 -1991<br \/>\nPOLARIS 1991 500 CLASSIC 0910865 BRAKE AND CHAINCASE 500 500 CLASSIC FROM SERIAL NUMBER 1808615 500 F<br \/>\npolaris 500 classic 0910865 -1991<br \/>\nPOLARIS 1991 500 SKS 0910564 BRAKE AND CHAINCASE 500 500 CLASSIC FROM SERIAL NUMBER 1808615 500 F<br \/>\npolaris 500 sks 0910564 -1991<br \/>\nPOLARIS 1991 500 SP 0910664 BRAKE AND CHAINCASE 500 500 CLASSIC FROM SERIAL NUMBER 1808615 500 F<br \/>\npolaris 500 sp 0910664 -1991<br \/>\nPOLARIS 1991 650 0910758 BRAKE AND CHAINCASE 650 650 SKS FROM SERIAL NUMBER 1839637<br \/>\npolaris 650 0910758 -1991<br \/>\nPOLARIS 1991 650 RXL 0910768 BRAKE AND CHAINCASE 650 RXL<br \/>\npolaris 650 rxl 0910768 -1991<br \/>\nPOLARIS 1991 650 RXL SKS 0910568 BRAKE AND CHAINCASE 650 RXL<br \/>\npolaris 650 rxl sks 0910568 -1991<br \/>\nPOLARIS 1991 SWE 500 S910764 BRAKE AND CHAINCASE 500 500 CLASSIC FROM SERIAL NUMBER 1808615 500 F<br \/>\npolaris swe 500 s910764 -1991<br \/>\nPOLARIS 1991 SWE 500 SKS S910564 BRAKE AND CHAINCASE 500 500 CLASSIC FROM SERIAL NUMBER 1808615 500 F<br \/>\npolaris swe 500 sks s910564 -1991<br \/>\nPOLARIS 1991 SWE 650 RXL S910768 BRAKE AND CHAINCASE 650 RXL<br \/>\npolaris swe 650 rxl s910768 -1991<br \/>\nPOLARIS 1991 SWE 650 RXL SKS S910568 BRAKE AND CHAINCASE 650 RXL<br \/>\npolaris swe 650 rxl sks s910568 -1991<br \/>\nPOLARIS 1991 SWE 650 S910758 BRAKE AND CHAINCASE 650 650 SKS FROM SERIAL NUMBER 1839637<br \/>\npolaris swe 650 s910758 -1991<br \/>\nPOLARIS 1992 500 SP X920674 BRAKE AND CHAINCASE 500 SP<br \/>\npolaris 500 sp x920674 -1992<br \/>\nPOLARIS 1992 650 0920758 BRAKE CHAINCASE 650<br \/>\npolaris 650 0920758 -1992<br \/>\nPOLARIS 1992 650 0920758 CHAINCASE ASSEMBLY 650<br \/>\npolaris 650 0920758 -1992<br \/>\nPOLARIS 1992 650 RXL 0920768 BRAKE CHAINCASE ALL SWEDISH SNOWMOBILES LESS SUPERTRAK WIDETRAK LITE<br \/>\npolaris 650 rxl 0920768 -1992<br \/>\nPOLARIS 1992 650 RXL SKS 0920568 BRAKE AND CHAINCASE RXL RXL SKS<br \/>\npolaris 650 rxl sks 0920568 -1992<br \/>\nPOLARIS 1992 650 RXL SKS 0920568 BRAKE CHAINCASE ALL SWEDISH SNOWMOBILES LESS SUPERTRAK WIDETRAK LITE<br \/>\npolaris 650 rxl sks 0920568 -1992<br \/>\nPOLARIS 1992 650 RXL SKS 0920568 CHAINCASE ASSEMBLY RXL RXL SKS<br \/>\npolaris 650 rxl sks 0920568 -1992<br \/>\nPOLARIS 1992 FIN 500 SKS F920574 BRAKE CHAINCASE ALL SWEDISH SNOWMOBILES LESS SUPERTRAK WIDETRAK LITE<br \/>\npolaris fin 500 sks f920574 -1992<br \/>\nPOLARIS 1992 FIN RXL SKS F920568 BRAKE CHAINCASE ALL SWEDISH SNOWMOBILES LESS SUPERTRAK WIDETRAK LITE<br \/>\npolaris fin rxl sks f920568 -1992<br \/>\nPOLARIS 1992 SWE 440 S920760 BRAKE CHAINCASE ALL SWEDISH SNOWMOBILES LESS SUPERTRAK WIDETRAK LITE<br \/>\npolaris swe 440 s920760 -1992<br \/>\nPOLARIS 1992 SWE 440 XCR S921760 BRAKE CHAINCASE ALL SWEDISH SNOWMOBILES LESS SUPERTRAK WIDETRAK LITE<br \/>\npolaris swe 440 xcr s921760 -1992<br \/>\nPOLARIS 1992 SWE 500 SKS S920574 BRAKE CHAINCASE ALL SWEDISH SNOWMOBILES LESS SUPERTRAK WIDETRAK LITE<br \/>\npolaris swe 500 sks s920574 -1992<br \/>\nPOLARIS 1992 SWE 500 SP S920674 BRAKE CHAINCASE ALL SWEDISH SNOWMOBILES LESS SUPERTRAK WIDETRAK LITE<br \/>\npolaris swe 500 sp s920674 -1992<br \/>\nPOLARIS 1992 SWE 650 S920758 BRAKE CHAINCASE ALL SWEDISH SNOWMOBILES LESS SUPERTRAK WIDETRAK LITE<br \/>\npolaris swe 650 s920758 -1992<br \/>\nPOLARIS 1992 SWE LITE S923033 BRAKE CHAINCASE ALL SWEDISH SNOWMOBILES LESS SUPERTRAK WIDETRAK LITE<br \/>\npolaris swe lite s923033 -1992<br \/>\nPOLARIS 1992 SWE RXL S920768 BRAKE CHAINCASE ALL SWEDISH SNOWMOBILES LESS SUPERTRAK WIDETRAK LITE<br \/>\npolaris swe rxl s920768 -1992<br \/>\nPOLARIS 1992 SWE RXL SKS S920568 BRAKE CHAINCASE ALL SWEDISH SNOWMOBILES LESS SUPERTRAK WIDETRAK LITE<br \/>\npolaris swe rxl sks s920568 -1992<br \/>\nPOLARIS 1992 SWE SPORT GT S922443 BRAKE CHAINCASE ALL SWEDISH SNOWMOBILES LESS SUPERTRAK WIDETRAK LITE<br \/>\npolaris swe sport gt s922443 -1992<br \/>\nPOLARIS 1992 SWE SPORT S920443 BRAKE CHAINCASE ALL SWEDISH SNOWMOBILES LESS SUPERTRAK WIDETRAK LITE<br \/>\npolaris swe sport s920443 -1992<br \/>\nPOLARIS 1992 SWE STARLITE S923027 BRAKE CHAINCASE ALL SWEDISH SNOWMOBILES LESS SUPERTRAK WIDETRAK LITE<br \/>\npolaris swe starlite s923027 -1992<br \/>\nPOLARIS 1992 SWE TRAIL DELUXE S920262 BRAKE CHAINCASE ALL SWEDISH SNOWMOBILES LESS SUPERTRAK WIDETRAK LITE<br \/>\npolaris swe trail deluxe s920262 -1992<\/p>","protected":false},"featured_media":24098,"comment_status":"open","ping_status":"closed","template":"","meta":{"_acf_changed":false},"demonterat-fordon":[],"fordons-typ":[641],"make":[636],"parts-filter":[870],"prod-typ":[716],"tillverkare":[865],"product_brand":[],"product_cat":[587],"product_tag":[],"class_list":{"0":"post-24985","1":"product","2":"type-product","3":"status-publish","4":"has-post-thumbnail","6":"fordons-typ-sno","7":"make-polaris","8":"parts-filter-indy","9":"prod-typ-nos","10":"tillverkare-polaris","11":"product_cat-secondary-drive-shaft","13":"first","14":"instock","15":"purchasable","16":"product-type-simple"},"acf":[],"_links":{"self":[{"href":"https:\/\/whitepowder.se\/en\/wp-json\/wp\/v2\/product\/24985","targetHints":{"allow":["GET"]}}],"collection":[{"href":"https:\/\/whitepowder.se\/en\/wp-json\/wp\/v2\/product"}],"about":[{"href":"https:\/\/whitepowder.se\/en\/wp-json\/wp\/v2\/types\/product"}],"replies":[{"embeddable":true,"href":"https:\/\/whitepowder.se\/en\/wp-json\/wp\/v2\/comments?post=24985"}],"wp:featuredmedia":[{"embeddable":true,"href":"https:\/\/whitepowder.se\/en\/wp-json\/wp\/v2\/media\/24098"}],"wp:attachment":[{"href":"https:\/\/whitepowder.se\/en\/wp-json\/wp\/v2\/media?parent=24985"}],"wp:term":[{"taxonomy":"demonterat-fordon","embeddable":true,"href":"https:\/\/whitepowder.se\/en\/wp-json\/wp\/v2\/demonterat-fordon?post=24985"},{"taxonomy":"fordons-typ","embeddable":true,"href":"https:\/\/whitepowder.se\/en\/wp-json\/wp\/v2\/fordons-typ?post=24985"},{"taxonomy":"make","embeddable":true,"href":"https:\/\/whitepowder.se\/en\/wp-json\/wp\/v2\/make?post=24985"},{"taxonomy":"parts-filter","embeddable":true,"href":"https:\/\/whitepowder.se\/en\/wp-json\/wp\/v2\/parts-filter?post=24985"},{"taxonomy":"prod-typ","embeddable":true,"href":"https:\/\/whitepowder.se\/en\/wp-json\/wp\/v2\/prod-typ?post=24985"},{"taxonomy":"tillverkare","embeddable":true,"href":"https:\/\/whitepowder.se\/en\/wp-json\/wp\/v2\/tillverkare?post=24985"},{"taxonomy":"product_brand","embeddable":true,"href":"https:\/\/whitepowder.se\/en\/wp-json\/wp\/v2\/product_brand?post=24985"},{"taxonomy":"product_cat","embeddable":true,"href":"https:\/\/whitepowder.se\/en\/wp-json\/wp\/v2\/product_cat?post=24985"},{"taxonomy":"product_tag","embeddable":true,"href":"https:\/\/whitepowder.se\/en\/wp-json\/wp\/v2\/product_tag?post=24985"}],"curies":[{"name":"wp","href":"https:\/\/api.w.org\/{rel}","templated":true}]}}