{"id":25000,"date":"2025-11-02T19:34:18","date_gmt":"2025-11-02T18:34:18","guid":{"rendered":"https:\/\/whitepowder.se\/?post_type=product&#038;p=25000"},"modified":"2026-01-07T14:45:42","modified_gmt":"2026-01-07T13:45:42","slug":"polaris-2202598-kit-trailing-arm-mount-rh","status":"publish","type":"product","link":"https:\/\/whitepowder.se\/en\/polaris-2202598-kit-trailing-arm-mount-rh\/","title":{"rendered":"Polaris 2202598 &#8211; Kit, Trailing Arm Mount, RH"},"content":{"rendered":"<p>Polaris 2202598 &#8211; Kit, Trailing Arm Mount, RH<\/p>\n<p>OBS Partnumbret \u00e4r ett Assembely nummer och anv\u00e4nds fr\u00e4mst som s\u00f6kv\u00e4g och f\u00f6r Fitment, Kolla p\u00e5 bilderna f\u00f6r att se vad som ing\u00e5r.<\/p>","protected":false},"excerpt":{"rendered":"<p>Polaris 2202598 Sitter Original p\u00e5 :<\/p>\n<p>POLARIS 2003 700 800 CLASSIC TOURING S03NT7CS S03NT8CS CHASSIS<br \/>\npolaris 700 800 classic touring s03nt7cs s03nt8cs -2003<br \/>\nPOLARIS 2004 340 INDY INT L CLASSIC S04NB3AS CHASSIS AE ND3AS<br \/>\npolaris 340 indy int l classic s04nb3as -2004<br \/>\nPOLARIS 2004 340 TOURING INT L S04NT3AS AE CHASSIS<br \/>\npolaris 340 touring int l s04nt3as ae -2004<br \/>\nPOLARIS 2004 500 600 XC SP EDGE M 10 S04NP5CS CHASSIS A B C S04NE5CS S04NP6ES A B C S04NE6ES<br \/>\npolaris 500 600 xc sp edge m 10 s04np5cs -2004<br \/>\nPOLARIS 2004 500 CLASSIC S04ND4BS CHASSIS BSA<br \/>\npolaris 500 classic s04nd4bs -2004<br \/>\nPOLARIS 2004 500 EDGE S04NB4BS CHASSIS<br \/>\npolaris 500 edge s04nb4bs -2004<br \/>\nPOLARIS 2004 550 CLASSIC EDGE S04ND5BS CHASSIS<br \/>\npolaris 550 classic edge s04nd5bs -2004<br \/>\nPOLARIS 2004 600 700 800 RMK F O S04NK6ES CHASSIS A B CS04NK7CS A B CS04NL7CS A B CS04NK8CS A B CS04NL8CS A B CS04NM8CS A B C<br \/>\npolaris 600 700 800 rmk f o s04nk6es -2004<br \/>\nPOLARIS 2004 600 700 800 SWITCHBACK S04NS6ES CHASSIS A B C DS04NS7CS A B C DS04NS8CS A B C D<br \/>\npolaris 600 700 800 switchback s04ns6es -2004<br \/>\nPOLARIS 2004 600 CLASSIC S04ND6ES CHASSIS ESA ESB<br \/>\npolaris 600 classic s04nd6es -2004<br \/>\nPOLARIS 2004 700 800 XC EDGE F O S04NP7CS CHASSIS 7CSA 7CSB 7CSC 8CS 8CSA 8CSB 8CSCS04NE7CS 8CS<br \/>\npolaris 700 800 xc edge f o s04np7cs -2004<br \/>\nPOLARIS 2004 FRONTIER CLASSIC S04ND7DS CHASSIS DSA<br \/>\npolaris frontier classic s04nd7ds -2004<br \/>\nPOLARIS 2004 FRONTIER TOURING S04NT7DS CHASSIS<br \/>\npolaris frontier touring s04nt7ds -2004<br \/>\nPOLARIS 2004 SPORT TOURING INT L S04NU5BS BE CHASSIS<br \/>\npolaris sport touring int l s04nu5bs be -2004<br \/>\nPOLARIS 2004 TRAIL RMK S04NJ5BS A CHASSIS<br \/>\npolaris trail rmk s04nj5bs a -2004<br \/>\nPOLARIS 2004 TRAIL TOURING INT L S04NT5BS BE CHASSIS<br \/>\npolaris trail touring int l s04nt5bs be -2004<br \/>\nPOLARIS 2005 340 CLASSIC S05ND3AS CHASSIS<br \/>\npolaris 340 classic s05nd3as -2005<br \/>\nPOLARIS 2005 340 TOURING EURO S05NT3AS CHASSIS AE<br \/>\npolaris 340 touring euro s05nt3as -2005<br \/>\nPOLARIS 2005 500 CLASSIC S05ND4BS CHASSIS<br \/>\npolaris 500 classic s05nd4bs -2005<br \/>\nPOLARIS 2005 500 INDY S05NB4BS CHASSIS<br \/>\npolaris 500 indy s05nb4bs -2005<br \/>\nPOLARIS 2005 550 CLASSIC S05ND5BS CHASSIS<br \/>\npolaris 550 classic s05nd5bs -2005<br \/>\nPOLARIS 2005 600 700 800 RMK F O S05NK6ES CHASSIS AS05NK7CS AS05NL7CS AS05NK8CS AS05NL8CS AS05NM8CS A<br \/>\npolaris 600 700 800 rmk f o s05nk6es -2005<br \/>\nPOLARIS 2005 600 800 EDGE TOURING S05NT6ESA CHASSIS 6EEA 6ESB 6EEB 8CS 8CE<br \/>\npolaris 600 800 edge touring s05nt6esa -2005<br \/>\nPOLARIS 2005 600 800 SWITCHBACK F O S05NS6ES CHASSIS ESA S05NS8CS CSA<br \/>\npolaris 600 800 switchback f o s05ns6es -2005<br \/>\nPOLARIS 2005 600 CLASSIC S05ND6ES CHASSIS<br \/>\npolaris 600 classic s05nd6es -2005<br \/>\nPOLARIS 2005 700 800 XC SP M 10 F O S05NE7CS CHASSIS 7CSA NP7CS 7CSA 7CSB NE8CS 8CSA NP8CS 8CSA 8CSB<br \/>\npolaris 700 800 xc sp m 10 f o s05ne7cs -2005<br \/>\nPOLARIS 2005 FRONTIER TOURING S05NT7DS DE CHASSIS<br \/>\npolaris frontier touring s05nt7ds de -2005<br \/>\nPOLARIS 2005 SUPERSPORT S05NP5BS CHASSIS A B S05NE5BS A<br \/>\npolaris supersport s05np5bs -2005<br \/>\nPOLARIS 2005 TRAIL RMK 136 F O S05NJ5BS A CHASSIS<br \/>\npolaris trail rmk 136 f o s05nj5bs a -2005<br \/>\nPOLARIS 2005 TRAIL TOURING EURO S05NU5BS CHASSIS BE S05NT5BS BE<br \/>\npolaris trail touring euro s05nu5bs -2005<br \/>\nPOLARIS 2006 340 CLASSIC S06ND3AS CHASSIS<br \/>\npolaris 340 classic s06nd3as -2006<br \/>\nPOLARIS 2006 340 TOURING S06NT3AS CHASSIS<br \/>\npolaris 340 touring s06nt3as -2006<br \/>\nPOLARIS 2006 500 CLASSIC S06ND4BS CHASSIS<br \/>\npolaris 500 classic s06nd4bs -2006<br \/>\nPOLARIS 2006 500 INDY S06NB4BS CHASSIS<br \/>\npolaris 500 indy s06nb4bs -2006<br \/>\nPOLARIS 2006 500 XC SP EDGE STOCK B S06NP5CSB CHASSIS<br \/>\npolaris 500 xc sp edge stock b s06np5csb -2006<br \/>\nPOLARIS 2006 550 CLASSIC S06ND5BS CHASSIS<br \/>\npolaris 550 classic s06nd5bs -2006<br \/>\nPOLARIS 2006 600 CLASSIC S06ND6ES CHASSIS<br \/>\npolaris 600 classic s06nd6es -2006<br \/>\nPOLARIS 2006 600 EDGE TOURING S06NT6ES CHASSIS<br \/>\npolaris 600 edge touring s06nt6es -2006<br \/>\nPOLARIS 2006 SUPERSPORT S06NP5BSA CHASSIS NE5BSB<br \/>\npolaris supersport s06np5bsa -2006<br \/>\nPOLARIS 2006 TRAIL RMK 136 STOCK A S06NJ5BSA CHASSIS<br \/>\npolaris trail rmk 136 stock a s06nj5bsa -2006<br \/>\nPOLARIS 2006 TRAIL TOURING S06NU5BS NT5BS CHASSIS NT5BSA<br \/>\npolaris trail touring s06nu5bs nt5bs -2006<br \/>\nPOLARIS 2007 340 EDGE LX S07ND3AS CHASSIS<br \/>\npolaris 340 edge lx s07nd3as -2007<br \/>\nPOLARIS 2007 340 EDGE TOURING S07NT3AS AE CHASSIS<br \/>\npolaris 340 edge touring s07nt3as ae -2007<br \/>\nPOLARIS 2007 500 XC SP S07NP5CS CE CHASSIS<br \/>\npolaris 500 xc sp s07np5cs ce -2007<br \/>\nPOLARIS 2007 550 EDGE LX S07ND5BS CHASSIS<br \/>\npolaris 550 edge lx s07nd5bs -2007<br \/>\nPOLARIS 2007 SUPERSPORT EDGE S07NP5BS BE CHASSIS<br \/>\npolaris supersport edge s07np5bs be -2007<br \/>\nPOLARIS 2007 TRAIL RMK S07NJ5BS BE CHASSIS<br \/>\npolaris trail rmk s07nj5bs be -2007<br \/>\nPOLARIS 2007 TRAIL TOURING DELUXE S07NT5BS BSA BE BEA CHASSIS<br \/>\npolaris trail touring deluxe s07nt5bs bsa be bea -2007<br \/>\nPOLARIS 2008 TRAIL RMK FLEET EURO S08NJ5BS BE BSA BSF CHASSIS CHASSIS ASM FRONT<br \/>\npolaris trail rmk fleet euro s08nj5bs be bsa bsf -2008<br \/>\nPOLARIS 2010 TRAIL RMK ES S10NJ5BSA BSL CHASSIS FRONT<br \/>\npolaris trail rmk es s10nj5bsa bsl -2010<\/p>","protected":false},"featured_media":24394,"comment_status":"open","ping_status":"closed","template":"","meta":{"_acf_changed":false},"demonterat-fordon":[],"fordons-typ":[641],"make":[636],"parts-filter":[661],"prod-typ":[715],"tillverkare":[865],"product_brand":[],"product_cat":[137],"product_tag":[],"class_list":{"0":"post-25000","1":"product","2":"type-product","3":"status-publish","4":"has-post-thumbnail","6":"fordons-typ-sno","7":"make-polaris","8":"parts-filter-edge","9":"prod-typ-beg","10":"tillverkare-polaris","11":"product_cat-chassi-delar","13":"first","14":"outofstock","15":"purchasable","16":"product-type-simple"},"acf":[],"_links":{"self":[{"href":"https:\/\/whitepowder.se\/en\/wp-json\/wp\/v2\/product\/25000","targetHints":{"allow":["GET"]}}],"collection":[{"href":"https:\/\/whitepowder.se\/en\/wp-json\/wp\/v2\/product"}],"about":[{"href":"https:\/\/whitepowder.se\/en\/wp-json\/wp\/v2\/types\/product"}],"replies":[{"embeddable":true,"href":"https:\/\/whitepowder.se\/en\/wp-json\/wp\/v2\/comments?post=25000"}],"wp:featuredmedia":[{"embeddable":true,"href":"https:\/\/whitepowder.se\/en\/wp-json\/wp\/v2\/media\/24394"}],"wp:attachment":[{"href":"https:\/\/whitepowder.se\/en\/wp-json\/wp\/v2\/media?parent=25000"}],"wp:term":[{"taxonomy":"demonterat-fordon","embeddable":true,"href":"https:\/\/whitepowder.se\/en\/wp-json\/wp\/v2\/demonterat-fordon?post=25000"},{"taxonomy":"fordons-typ","embeddable":true,"href":"https:\/\/whitepowder.se\/en\/wp-json\/wp\/v2\/fordons-typ?post=25000"},{"taxonomy":"make","embeddable":true,"href":"https:\/\/whitepowder.se\/en\/wp-json\/wp\/v2\/make?post=25000"},{"taxonomy":"parts-filter","embeddable":true,"href":"https:\/\/whitepowder.se\/en\/wp-json\/wp\/v2\/parts-filter?post=25000"},{"taxonomy":"prod-typ","embeddable":true,"href":"https:\/\/whitepowder.se\/en\/wp-json\/wp\/v2\/prod-typ?post=25000"},{"taxonomy":"tillverkare","embeddable":true,"href":"https:\/\/whitepowder.se\/en\/wp-json\/wp\/v2\/tillverkare?post=25000"},{"taxonomy":"product_brand","embeddable":true,"href":"https:\/\/whitepowder.se\/en\/wp-json\/wp\/v2\/product_brand?post=25000"},{"taxonomy":"product_cat","embeddable":true,"href":"https:\/\/whitepowder.se\/en\/wp-json\/wp\/v2\/product_cat?post=25000"},{"taxonomy":"product_tag","embeddable":true,"href":"https:\/\/whitepowder.se\/en\/wp-json\/wp\/v2\/product_tag?post=25000"}],"curies":[{"name":"wp","href":"https:\/\/api.w.org\/{rel}","templated":true}]}}