{"id":25010,"date":"2025-11-02T19:30:37","date_gmt":"2025-11-02T18:30:37","guid":{"rendered":"https:\/\/whitepowder.se\/?post_type=product&#038;p=25010"},"modified":"2025-12-01T12:37:02","modified_gmt":"2025-12-01T11:37:02","slug":"polaris-5244049-067-bracket-support-radius-rod","status":"publish","type":"product","link":"https:\/\/whitepowder.se\/en\/polaris-5244049-067-bracket-support-radius-rod\/","title":{"rendered":"Polaris 5244049-067 &#8211; Bracket, Support, Radius Rod"},"content":{"rendered":"<p>Polaris 5244049-067 &#8211; Bracket, Support, Radius Rod<\/p>\n<p>* Anm\u00e4rkning: Pl\u00e5t i nederkant fram l\u00e4tt b\u00f6jd<\/p>","protected":false},"excerpt":{"rendered":"<p>Polaris 5244049-067 Sitter Original p\u00e5 :<\/p>\n<p>POLARIS 2000 440 XC SP S00NX4CS NOSEPAN<br \/>\npolaris 440 xc sp s00nx4cs -2000<br \/>\nPOLARIS 2000 XCF EDGE S00NX4FS NOSEPAN<br \/>\npolaris xcf edge s00nx4fs -2000<br \/>\nPOLARIS 2001 500 INDY S01NB4BS NOSEPAN<br \/>\npolaris 500 indy s01nb4bs -2001<br \/>\nPOLARIS 2001 500 XC S01NP5AS NOSEPAN<br \/>\npolaris 500 xc s01np5as -2001<br \/>\nPOLARIS 2001 600 CLASSIC EDGE S01ND6DS NOSEPAN<br \/>\npolaris 600 classic edge s01nd6ds -2001<br \/>\nPOLARIS 2001 600 XC SP S01NP6ES NOSEPAN<br \/>\npolaris 600 xc sp s01np6es -2001<br \/>\nPOLARIS 2001 700 EV XC SP EDGE S01NP7CS NOSEPAN<br \/>\npolaris 700 ev xc sp edge s01np7cs -2001<br \/>\nPOLARIS 2001 700 XC SP S01NP7AS NOSEPAN<br \/>\npolaris 700 xc sp s01np7as -2001<br \/>\nPOLARIS 2001 800 LE S01ND8BS NOSEPAN<br \/>\npolaris 800 le s01nd8bs -2001<br \/>\nPOLARIS 2001 800 XC SP S01NP8BS NOSEPAN<br \/>\npolaris 800 xc sp s01np8bs -2001<br \/>\nPOLARIS 2002 500 CLASSIC S02ND4BS NOSEPAN<br \/>\npolaris 500 classic s02nd4bs -2002<br \/>\nPOLARIS 2002 500 INDY S02NB4BS NOSEPAN<br \/>\npolaris 500 indy s02nb4bs -2002<br \/>\nPOLARIS 2002 500 XC S02NP5AS NOSEPAN<br \/>\npolaris 500 xc s02np5as -2002<br \/>\nPOLARIS 2002 550 F C CLASSIC S02ND5BS NOSEPAN<br \/>\npolaris 550 f c classic s02nd5bs -2002<br \/>\nPOLARIS 2002 600 CLASSIC S02ND6ES NOSEPAN<br \/>\npolaris 600 classic s02nd6es -2002<br \/>\nPOLARIS 2002 700 CLASSIC BUILT BEFORE 1 1 01 S02ND7CS NOSEPAN<br \/>\npolaris 700 classic built before 1 1 01 s02nd7cs -2002<br \/>\nPOLARIS 2002 INDY FRONTIER S02NT7DS NOSEPAN<br \/>\npolaris indy frontier s02nt7ds -2002<br \/>\nPOLARIS 2002 SUPERSPORT S02NB5BS NOSEPAN<br \/>\npolaris supersport s02nb5bs -2002<br \/>\nPOLARIS 2003 340 EDGE EDGE CLASSIC S03NB3AS S03ND3AS NOSEPAN<br \/>\npolaris 340 edge edge classic s03nb3as s03nd3as -2003<br \/>\nPOLARIS 2003 500 CLASSIC S03ND5CS NOSEPAN<br \/>\npolaris 500 classic s03nd5cs -2003<br \/>\nPOLARIS 2003 500 EDGE S03NB4BS NOSEPAN<br \/>\npolaris 500 edge s03nb4bs -2003<br \/>\nPOLARIS 2003 500 XC EDGE S03NP5AS NOSEPAN<br \/>\npolaris 500 xc edge s03np5as -2003<br \/>\nPOLARIS 2003 600 RMK 144 S03NK6ES NOSEPAN<br \/>\npolaris 600 rmk 144 s03nk6es -2003<br \/>\nPOLARIS 2003 700 800 CLASSIC TOURING S03NT7CS S03NT8CS NOSEPAN<br \/>\npolaris 700 800 classic touring s03nt7cs s03nt8cs -2003<br \/>\nPOLARIS 2003 700 CLASSIC S03ND7CS NOSEPAN<br \/>\npolaris 700 classic s03nd7cs -2003<br \/>\nPOLARIS 2003 700 EDGE RMK CC BUILT BEFORE 1 01 02 S03NS7CS NOSEPAN<br \/>\npolaris 700 edge rmk cc built before 1 01 02 s03ns7cs -2003<br \/>\nPOLARIS 2003 800 RMK 159 VERTICAL ESCAPE S03NN8CS NOSEPAN<br \/>\npolaris 800 rmk 159 vertical escape s03nn8cs -2003<br \/>\nPOLARIS 2003 FRONTIER CLASSIC BUILT BEFORE 1 01 02 S03ND7DS NOSEPAN<br \/>\npolaris frontier classic built before 1 01 02 s03nd7ds -2003<br \/>\nPOLARIS 2003 FRONTIER TOURING S03NT7DS NOSEPAN<br \/>\npolaris frontier touring s03nt7ds -2003<br \/>\nPOLARIS 2004 500 EDGE S04NB4BS NOSEPAN<br \/>\npolaris 500 edge s04nb4bs -2004<br \/>\nPOLARIS 2004 550 CLASSIC EDGE S04ND5BS NOSEPAN<br \/>\npolaris 550 classic edge s04nd5bs -2004<br \/>\nPOLARIS 2004 FRONTIER TOURING S04NT7DS NOSEPAN<br \/>\npolaris frontier touring s04nt7ds -2004<br \/>\nPOLARIS 2004 TRAIL TOURING INT L S04NT5BS BE NOSEPAN<br \/>\npolaris trail touring int l s04nt5bs be -2004<br \/>\nPOLARIS 2005 500 INDY S05NB4BS NOSEPAN<br \/>\npolaris 500 indy s05nb4bs -2005<br \/>\nPOLARIS 2005 600 CLASSIC S05ND6ES NOSEPAN<br \/>\npolaris 600 classic s05nd6es -2005<br \/>\nPOLARIS 2005 TRAIL RMK 136 F O S05NJ5BS A NOSEPAN<br \/>\npolaris trail rmk 136 f o s05nj5bs a -2005<br \/>\nPOLARIS 2006 340 CLASSIC S06ND3AS NOSEPAN<br \/>\npolaris 340 classic s06nd3as -2006<br \/>\nPOLARIS 2006 340 TOURING S06NT3AS NOSEPAN<br \/>\npolaris 340 touring s06nt3as -2006<br \/>\nPOLARIS 2006 500 CLASSIC S06ND4BS NOSEPAN<br \/>\npolaris 500 classic s06nd4bs -2006<br \/>\nPOLARIS 2006 500 INDY S06NB4BS NOSEPAN<br \/>\npolaris 500 indy s06nb4bs -2006<br \/>\nPOLARIS 2006 500 XC SP EDGE STOCK B S06NP5CSB NOSEPAN<br \/>\npolaris 500 xc sp edge stock b s06np5csb -2006<br \/>\nPOLARIS 2006 550 CLASSIC S06ND5BS NOSEPAN<br \/>\npolaris 550 classic s06nd5bs -2006<br \/>\nPOLARIS 2006 600 EDGE TOURING S06NT6ES NOSEPAN<br \/>\npolaris 600 edge touring s06nt6es -2006<br \/>\nPOLARIS 2007 340 EDGE LX S07ND3AS NOSEPAN<br \/>\npolaris 340 edge lx s07nd3as -2007<br \/>\nPOLARIS 2007 500 XC SP S07NP5CS CE NOSEPAN<br \/>\npolaris 500 xc sp s07np5cs ce -2007<br \/>\nPOLARIS 2007 550 EDGE LX S07ND5BS NOSEPAN<br \/>\npolaris 550 edge lx s07nd5bs -2007<br \/>\nPOLARIS 2007 SUPERSPORT EDGE S07NP5BS BE NOSEPAN<br \/>\npolaris supersport edge s07np5bs be -2007<br \/>\nPOLARIS 2009 TRAIL RMK FLEET ES EURO S09NJ5BS BSF BSL BE CHASSIS SHOCK TOWERS PAN BRACE<br \/>\npolaris trail rmk fleet es euro s09nj5bs bsf bsl be -2009<br \/>\nPOLARIS 2009 TRAIL TOURING FLEET TRANSPORT EURO S09NT5BS BE BSF NU5BS BE CHASSIS SHOCK TOWERS PAN BRACE<br \/>\npolaris trail touring fleet transport euro s09nt5bs be bsf nu5bs be -2009<br \/>\nPOLARIS 2010 TRAIL RMK ES S10NJ5BSA BSL CHASSIS SHOCK TOWERS PAN BRACE<br \/>\npolaris trail rmk es s10nj5bsa bsl -2010<br \/>\nPOLARIS 2010 TRAIL TOURING INTL FLEET S10NT5BSL BSM BEL BSF CHASSIS SHOCK TOWERS PAN BRACE<br \/>\npolaris trail touring intl fleet s10nt5bsl bsm bel bsf -2010<\/p>","protected":false},"featured_media":24032,"comment_status":"open","ping_status":"closed","template":"","meta":{"_acf_changed":false},"demonterat-fordon":[],"fordons-typ":[641],"make":[636],"parts-filter":[661],"prod-typ":[715],"tillverkare":[865],"product_brand":[],"product_cat":[137],"product_tag":[],"class_list":{"0":"post-25010","1":"product","2":"type-product","3":"status-publish","4":"has-post-thumbnail","6":"fordons-typ-sno","7":"make-polaris","8":"parts-filter-edge","9":"prod-typ-beg","10":"tillverkare-polaris","11":"product_cat-chassi-delar","13":"first","14":"outofstock","15":"purchasable","16":"product-type-simple"},"acf":[],"_links":{"self":[{"href":"https:\/\/whitepowder.se\/en\/wp-json\/wp\/v2\/product\/25010","targetHints":{"allow":["GET"]}}],"collection":[{"href":"https:\/\/whitepowder.se\/en\/wp-json\/wp\/v2\/product"}],"about":[{"href":"https:\/\/whitepowder.se\/en\/wp-json\/wp\/v2\/types\/product"}],"replies":[{"embeddable":true,"href":"https:\/\/whitepowder.se\/en\/wp-json\/wp\/v2\/comments?post=25010"}],"wp:featuredmedia":[{"embeddable":true,"href":"https:\/\/whitepowder.se\/en\/wp-json\/wp\/v2\/media\/24032"}],"wp:attachment":[{"href":"https:\/\/whitepowder.se\/en\/wp-json\/wp\/v2\/media?parent=25010"}],"wp:term":[{"taxonomy":"demonterat-fordon","embeddable":true,"href":"https:\/\/whitepowder.se\/en\/wp-json\/wp\/v2\/demonterat-fordon?post=25010"},{"taxonomy":"fordons-typ","embeddable":true,"href":"https:\/\/whitepowder.se\/en\/wp-json\/wp\/v2\/fordons-typ?post=25010"},{"taxonomy":"make","embeddable":true,"href":"https:\/\/whitepowder.se\/en\/wp-json\/wp\/v2\/make?post=25010"},{"taxonomy":"parts-filter","embeddable":true,"href":"https:\/\/whitepowder.se\/en\/wp-json\/wp\/v2\/parts-filter?post=25010"},{"taxonomy":"prod-typ","embeddable":true,"href":"https:\/\/whitepowder.se\/en\/wp-json\/wp\/v2\/prod-typ?post=25010"},{"taxonomy":"tillverkare","embeddable":true,"href":"https:\/\/whitepowder.se\/en\/wp-json\/wp\/v2\/tillverkare?post=25010"},{"taxonomy":"product_brand","embeddable":true,"href":"https:\/\/whitepowder.se\/en\/wp-json\/wp\/v2\/product_brand?post=25010"},{"taxonomy":"product_cat","embeddable":true,"href":"https:\/\/whitepowder.se\/en\/wp-json\/wp\/v2\/product_cat?post=25010"},{"taxonomy":"product_tag","embeddable":true,"href":"https:\/\/whitepowder.se\/en\/wp-json\/wp\/v2\/product_tag?post=25010"}],"curies":[{"name":"wp","href":"https:\/\/api.w.org\/{rel}","templated":true}]}}