{"id":25065,"date":"2025-11-02T19:29:55","date_gmt":"2025-11-02T18:29:55","guid":{"rendered":"https:\/\/whitepowder.se\/?post_type=product&#038;p=25065"},"modified":"2025-11-19T21:08:47","modified_gmt":"2025-11-19T20:08:47","slug":"polaris-7042084-shock-front-track-31-5cm","status":"publish","type":"product","link":"https:\/\/whitepowder.se\/en\/polaris-7042084-shock-front-track-31-5cm\/","title":{"rendered":"Polaris 7042084 &#8211; Shock, Front Track, 31.5cm"},"content":{"rendered":"<p>Polaris 7042084 &#8211; Shock, Front Track, 31.5cm<\/p>\n<p>Ryde Fx, Arvin Meritor<br \/>\nFront Track &#8211; Center D\u00e4mpare<br \/>\ncc31,5cm<\/p>\n<p>* Anm\u00e4rkning: Mindre m\u00e4rke i g\u00e4ngor \u00f6vre del st\u00f6td\u00e4mpare hus,.<br \/>\nf\u00e4rgskav st\u00f6td\u00e4mpare fj\u00e4der,.<br \/>\nfj\u00e4der mutter har verktygs m\u00e4rken.<\/p>","protected":false},"excerpt":{"rendered":"<p>Polaris 7042084 Sitter Original p\u00e5 :<\/p>\n<p>POLARIS 2002 700 RMK 144 STOCK S02NK7CSA SHOCK S02NK7CS A S02NL7CS S02NK8CS A S02NL8CS A S02NM8CS 4900010001S02<br \/>\npolaris 700 rmk 144 stock s02nk7csa -2002<br \/>\nPOLARIS 2002 700 RMK F O 144 BUILT AFTER 3 1 01 S02NK7CS SHOCK FRONT TRACK S02NK7CS A S02NL7CS S02NK8CS A S02NL8CS A S02NM8CS 4900010001S02<br \/>\npolaris 700 rmk f o 144 built after 3 1 01 s02nk7cs -2002<br \/>\nPOLARIS 2002 700 RMK F O 151 S02NL7CS FRONT TORQUE ARM<br \/>\npolaris 700 rmk f o 151 s02nl7cs -2002<br \/>\nPOLARIS 2002 700 RMK F O 151 S02NL7CS SHOCK S02NK7CS A S02NK8CS A S02NL8CS A S02NM8CS 4900010001S02<br \/>\npolaris 700 rmk f o 151 s02nl7cs -2002<br \/>\nPOLARIS 2002 800 RMK F O 144 S02NK8CS FRONT TORQUE ARM CSA<br \/>\npolaris 800 rmk f o 144 s02nk8cs -2002<br \/>\nPOLARIS 2002 800 RMK F O 144 S02NK8CS SHOCK S02NK7CS A S02NL7CS A S02NL8CS A S02NM8CS 4900010001S02<br \/>\npolaris 800 rmk f o 144 s02nk8cs -2002<br \/>\nPOLARIS 2002 800 RMK F O 144 STOCK S02NK8CSA FRONT TORQUE ARM S02NK8CS CSA<br \/>\npolaris 800 rmk f o 144 stock s02nk8csa -2002<br \/>\nPOLARIS 2002 800 RMK F O 144 STOCK S02NK8CSA SHOCK S02NK7CS A S02NL7CS S02NK8CS A S02NL8CS A S02NM8CS 4900010001S02<br \/>\npolaris 800 rmk f o 144 stock s02nk8csa -2002<br \/>\nPOLARIS 2002 800 RMK F O 151 BUILT AFTER 3 1 01 S02NL8CS FRONT TORQUE ARM S02NL8CS CSA 4969516951B10<br \/>\npolaris 800 rmk f o 151 built after 3 1 01 s02nl8cs -2002<br \/>\nPOLARIS 2002 800 RMK F O 151 BUILT AFTER 3 1 01 S02NL8CS SHOCK FRONT TRACK S02NK7CS A S02NL7CS S02NK8CS A S02NL8CS A S02NM8CS 4900010001S02<br \/>\npolaris 800 rmk f o 151 built after 3 1 01 s02nl8cs -2002<br \/>\nPOLARIS 2002 800 RMK F O 151 STOCK S02NL8CSA FRONT TORQUE ARM S02NL8CS CSA<br \/>\npolaris 800 rmk f o 151 stock s02nl8csa -2002<br \/>\nPOLARIS 2002 800 RMK F O 151 STOCK S02NL8CSA SHOCK S02NK7CS A S02NL7CS S02NK8CS A S02NL8CS A S02NM8CS 4900010001S02<br \/>\npolaris 800 rmk f o 151 stock s02nl8csa -2002<br \/>\nPOLARIS 2002 800 RMK F O 156 S02NM8CS FRONT TORQUE ARM<br \/>\npolaris 800 rmk f o 156 s02nm8cs -2002<br \/>\nPOLARIS 2002 800 RMK F O 156 S02NM8CS SHOCK S02NK7CS A S02NL7CS S02NK8CS A S02NL8CS A 4900010001S02<br \/>\npolaris 800 rmk f o 156 s02nm8cs -2002<br \/>\nPOLARIS 2003 700 800 SKS S03NS7CS A S03NS8CS A FRONT TORQUE ARM<br \/>\npolaris 700 800 sks s03ns7cs a s03ns8cs a -2003<br \/>\nPOLARIS 2003 700 800 SKS S03NS7CS A S03NS8CS A SHOCK 4978057805C06<br \/>\npolaris 700 800 sks s03ns7cs a s03ns8cs a -2003<br \/>\nPOLARIS 2003 700 EDGE RMK CC BUILT BEFORE 1 01 02 S03NS7CS FRONT TORQUE ARM<br \/>\npolaris 700 edge rmk cc built before 1 01 02 s03ns7cs -2003<br \/>\nPOLARIS 2003 700 EDGE RMK CC BUILT BEFORE 1 01 02 S03NS7CS SHOCK 4977567756C05<br \/>\npolaris 700 edge rmk cc built before 1 01 02 s03ns7cs -2003<br \/>\nPOLARIS 2003 700 RMK 144 F O S03NK7CS FRONT TORQUE ARM AS03NL7CS AS03NK8CS AS03NL8CS AS03NM8CS<br \/>\npolaris 700 rmk 144 f o s03nk7cs -2003<br \/>\nPOLARIS 2003 700 RMK 144 F O S03NK7CS SHOCK AS03NL7CS AS03NK8CS AS03NL8CS AS03NM8CS 4978037803D07<br \/>\npolaris 700 rmk 144 f o s03nk7cs -2003<br \/>\nPOLARIS 2003 700 RMK 144 STOCK S03NK7CSA FRONT TORQUE ARM S03NK7CS AS03NL7CS AS03NK8CS AS03NL8CS AS03NM8CS<br \/>\npolaris 700 rmk 144 stock s03nk7csa -2003<br \/>\nPOLARIS 2003 700 RMK 144 STOCK S03NK7CSA SHOCK S03NK7CS AS03NL7CS AS03NK8CS AS03NL8CS AS03NM8CS 4978037803D07<br \/>\npolaris 700 rmk 144 stock s03nk7csa -2003<br \/>\nPOLARIS 2003 700 RMK 151 F O S03NL7CS FRONT TORQUE ARM S03NK7CS A AS03NK8CS AS03NL8CS AS03NM8CS<br \/>\npolaris 700 rmk 151 f o s03nl7cs -2003<br \/>\nPOLARIS 2003 700 RMK 151 F O S03NL7CS SHOCK S03NK7CS A AS03NK8CS AS03NL8CS AS03NM8CS 4978037803D07<br \/>\npolaris 700 rmk 151 f o s03nl7cs -2003<br \/>\nPOLARIS 2003 700 RMK 151 STOCK S03NL7CSA FRONT TORQUE ARM S03NK7CS AS03NL7CS AS03NK8CS AS03NL8CS AS03NM8CS<br \/>\npolaris 700 rmk 151 stock s03nl7csa -2003<br \/>\nPOLARIS 2003 700 RMK 151 STOCK S03NL7CSA SHOCK S03NK7CS AS03NL7CS AS03NK8CS AS03NL8CS AS03NM8CS 4978037803D07<br \/>\npolaris 700 rmk 151 stock s03nl7csa -2003<br \/>\nPOLARIS 2003 800 RMK 144 F O S03NK8CS FRONT TORQUE ARM S03NK7CS AS03NL7CS A AS03NL8CS AS03NM8CS<br \/>\npolaris 800 rmk 144 f o s03nk8cs -2003<br \/>\nPOLARIS 2003 800 RMK 144 F O S03NK8CS SHOCK S03NK7CS AS03NL7CS A AS03NL8CS AS03NM8CS 4978037803D07<br \/>\npolaris 800 rmk 144 f o s03nk8cs -2003<br \/>\nPOLARIS 2003 800 RMK 144 STOCK S03NK8CSA FRONT TORQUE ARM S03NK7CS AS03NL7CS AS03NK8CS AS03NL8CS AS03NM8CS<br \/>\npolaris 800 rmk 144 stock s03nk8csa -2003<br \/>\nPOLARIS 2003 800 RMK 144 STOCK S03NK8CSA SHOCK S03NK7CS AS03NL7CS AS03NK8CS AS03NL8CS AS03NM8CS 4978037803D07<br \/>\npolaris 800 rmk 144 stock s03nk8csa -2003<br \/>\nPOLARIS 2003 800 RMK 151 F O S03NL8CS FRONT TORQUE ARM S03NK7CS AS03NL7CS AS03NK8CS A AS03NM8CS<br \/>\npolaris 800 rmk 151 f o s03nl8cs -2003<br \/>\nPOLARIS 2003 800 RMK 151 F O S03NL8CS SHOCK S03NK7CS AS03NL7CS AS03NK8CS A AS03NM8CS 4978037803D07<br \/>\npolaris 800 rmk 151 f o s03nl8cs -2003<br \/>\nPOLARIS 2003 800 RMK 151 STOCK S03NL8CSA FRONT TORQUE ARM S03NK7CS AS03NL7CS AS03NK8CS AS03NL8CS AS03NM8CS<br \/>\npolaris 800 rmk 151 stock s03nl8csa -2003<br \/>\nPOLARIS 2003 800 RMK 151 STOCK S03NL8CSA SHOCK S03NK7CS AS03NL7CS AS03NK8CS AS03NL8CS AS03NM8CS 4978037803D07<br \/>\npolaris 800 rmk 151 stock s03nl8csa -2003<br \/>\nPOLARIS 2003 800 RMK 159 F O BUILT AFTER 1 01 02 S03NM8CS FRONT TORQUE ARM S03NK7CS AS03NL7CS AS03NK8CS AS03NL8CS A<br \/>\npolaris 800 rmk 159 f o built after 1 01 02 s03nm8cs -2003<br \/>\nPOLARIS 2003 800 RMK 159 F O BUILT AFTER 1 01 02 S03NM8CS SHOCK S03NK7CS AS03NL7CS AS03NK8CS AS03NL8CS A 4978037803D07<br \/>\npolaris 800 rmk 159 f o built after 1 01 02 s03nm8cs -2003<br \/>\nPOLARIS 2004 600 700 800 SWITCHBACK S04NS6ES FRONT TORQUE ARM A B C DS04NS7CS A B C DS04NS8CS A B C D<br \/>\npolaris 600 700 800 switchback s04ns6es -2004<br \/>\nPOLARIS 2004 600 700 800 SWITCHBACK S04NS6ES SHOCK A B C DS04NS7CS A B C DS04NS8CS A B C D 4988378837C05<br \/>\npolaris 600 700 800 switchback s04ns6es -2004<br \/>\nPOLARIS 2005 600 700 800 RMK F O S05NK6ES FRONT TORQUE ARM AS05NK7CS AS05NL7CS AS05NK8CS AS05NL8CS AS05NM8CS A<br \/>\npolaris 600 700 800 rmk f o s05nk6es -2005<br \/>\nPOLARIS 2005 600 700 800 RMK F O S05NK6ES SHOCK AS05NK7CS AS05NL7CS AS05NK8CS AS05NL8CS AS05NM8CS A 4992789278C09<br \/>\npolaris 600 700 800 rmk f o s05nk6es -2005<br \/>\nPOLARIS 2005 600 800 SWITCHBACK F O S05NS6ES FRONT TORQUE ARM ESA S05NS8CS CSA<br \/>\npolaris 600 800 switchback f o s05ns6es -2005<br \/>\nPOLARIS 2005 600 800 SWITCHBACK F O S05NS6ES SHOCK ESA S05NS8CS CSA 4992809280C06<br \/>\npolaris 600 800 switchback f o s05ns6es -2005<br \/>\nPOLARIS 2005 TRAIL RMK 136 F O S05NJ5BS A FRONT TORQUE ARM<br \/>\npolaris trail rmk 136 f o s05nj5bs a -2005<br \/>\nPOLARIS 2005 TRAIL RMK 136 F O S05NJ5BS A SHOCK 4992769276C03<br \/>\npolaris trail rmk 136 f o s05nj5bs a -2005<\/p>","protected":false},"featured_media":23887,"comment_status":"open","ping_status":"closed","template":"","meta":{"_acf_changed":false},"demonterat-fordon":[],"fordons-typ":[641],"make":[636],"parts-filter":[661],"prod-typ":[715],"tillverkare":[865],"product_brand":[],"product_cat":[209],"product_tag":[],"class_list":{"0":"post-25065","1":"product","2":"type-product","3":"status-publish","4":"has-post-thumbnail","6":"fordons-typ-sno","7":"make-polaris","8":"parts-filter-edge","9":"prod-typ-beg","10":"tillverkare-polaris","11":"product_cat-center","13":"first","14":"outofstock","15":"purchasable","16":"product-type-simple"},"acf":[],"_links":{"self":[{"href":"https:\/\/whitepowder.se\/en\/wp-json\/wp\/v2\/product\/25065","targetHints":{"allow":["GET"]}}],"collection":[{"href":"https:\/\/whitepowder.se\/en\/wp-json\/wp\/v2\/product"}],"about":[{"href":"https:\/\/whitepowder.se\/en\/wp-json\/wp\/v2\/types\/product"}],"replies":[{"embeddable":true,"href":"https:\/\/whitepowder.se\/en\/wp-json\/wp\/v2\/comments?post=25065"}],"wp:featuredmedia":[{"embeddable":true,"href":"https:\/\/whitepowder.se\/en\/wp-json\/wp\/v2\/media\/23887"}],"wp:attachment":[{"href":"https:\/\/whitepowder.se\/en\/wp-json\/wp\/v2\/media?parent=25065"}],"wp:term":[{"taxonomy":"demonterat-fordon","embeddable":true,"href":"https:\/\/whitepowder.se\/en\/wp-json\/wp\/v2\/demonterat-fordon?post=25065"},{"taxonomy":"fordons-typ","embeddable":true,"href":"https:\/\/whitepowder.se\/en\/wp-json\/wp\/v2\/fordons-typ?post=25065"},{"taxonomy":"make","embeddable":true,"href":"https:\/\/whitepowder.se\/en\/wp-json\/wp\/v2\/make?post=25065"},{"taxonomy":"parts-filter","embeddable":true,"href":"https:\/\/whitepowder.se\/en\/wp-json\/wp\/v2\/parts-filter?post=25065"},{"taxonomy":"prod-typ","embeddable":true,"href":"https:\/\/whitepowder.se\/en\/wp-json\/wp\/v2\/prod-typ?post=25065"},{"taxonomy":"tillverkare","embeddable":true,"href":"https:\/\/whitepowder.se\/en\/wp-json\/wp\/v2\/tillverkare?post=25065"},{"taxonomy":"product_brand","embeddable":true,"href":"https:\/\/whitepowder.se\/en\/wp-json\/wp\/v2\/product_brand?post=25065"},{"taxonomy":"product_cat","embeddable":true,"href":"https:\/\/whitepowder.se\/en\/wp-json\/wp\/v2\/product_cat?post=25065"},{"taxonomy":"product_tag","embeddable":true,"href":"https:\/\/whitepowder.se\/en\/wp-json\/wp\/v2\/product_tag?post=25065"}],"curies":[{"name":"wp","href":"https:\/\/api.w.org\/{rel}","templated":true}]}}