{"id":25330,"date":"2025-11-09T20:21:21","date_gmt":"2025-11-09T19:21:21","guid":{"rendered":"https:\/\/whitepowder.se\/?post_type=product&#038;p=25330"},"modified":"2025-11-09T20:21:22","modified_gmt":"2025-11-09T19:21:22","slug":"polaris-1590419-070-boggiehjul-143mm","status":"publish","type":"product","link":"https:\/\/whitepowder.se\/en\/polaris-1590419-070-boggiehjul-143mm\/","title":{"rendered":"Polaris 1590419-070 &#8211; Boggiehjul 143mm"},"content":{"rendered":"<p>Polaris 1590419-070 &#8211; Boggiehjul 143mm<\/p>\n<p>Diameter hjul 143mm<br \/>\ninner diameter lager: 20mm<\/p>\n<p>* Anm\u00e4rkning: Lager k\u00e4nns slitet och kan beh\u00f6va bytas<\/p>","protected":false},"excerpt":{"rendered":"<p>Polaris 1590419-070 Sitter Original p\u00e5 :<\/p>\n<p>POLARIS 2007 600 CLEANFIRE SWITCHBACK S07PS6HS HSA HSB SUSPENSION RAIL MOUNTING<br \/>\npolaris 600 cleanfire switchback s07ps6hs hsa hsb -2007<br \/>\nPOLARIS 2007 600 HO IQ F O S07PP6FS FSA FSB SUSPENSION RAIL MOUNTING<br \/>\npolaris 600 ho iq f o s07pp6fs fsa fsb -2007<br \/>\nPOLARIS 2007 600 HO IQ LX CLEANFIRE S07PP6HS HSA HSB PD6HS HE SUSPENSION RAIL MOUNTING S07PP6HS HSA HSB 49SNOWSUSPRAILCLEAN<br \/>\npolaris 600 ho iq lx cleanfire s07pp6hs hsa hsb pd6hs he -2007<br \/>\nPOLARIS 2007 600 HO SWITCHBACK F O S07PS6FS FSA SUSPENSION RAIL MOUNTING<br \/>\npolaris 600 ho switchback f o s07ps6fs fsa -2007<br \/>\nPOLARIS 2007 600 RMK 144 155 S07PK6FS FE PM6FS PM6FSA SUSPENSION RAIL MOUNTING<br \/>\npolaris 600 rmk 144 155 s07pk6fs fe pm6fs pm6fsa -2007<br \/>\nPOLARIS 2007 700 CLEANFIRE DRAGON EURO S07PC7JS JE SUSPENSION RAIL MOUNTING<br \/>\npolaris 700 cleanfire dragon euro s07pc7js je -2007<br \/>\nPOLARIS 2007 DRAGON RMK INTL S07PL7JS JE SUSPENSION RAIL MOUNTING<br \/>\npolaris dragon rmk intl s07pl7js je -2007<br \/>\nPOLARIS 2007 FST IQ SWITCHBACK S07PS7FS FE SUSPENSION RAIL MOUNTING<br \/>\npolaris fst iq switchback s07ps7fs fe -2007<br \/>\nPOLARIS 2008 IQ SHIFT EURO S08PB6FS FE SUSPENSION RAIL MOUNTING<br \/>\npolaris iq shift euro s08pb6fs fe -2008<br \/>\nPOLARIS 2009 550 IQ SHIFT EURO S09PB5BS BE SUSPENSION RAIL MOUNTING<br \/>\npolaris 550 iq shift euro s09pb5bs be -2009<br \/>\nPOLARIS 2009 600 IQ SHIFT EURO S09PB6FS FE SUSPENSION RAIL MOUNTING<br \/>\npolaris 600 iq shift euro s09pb6fs fe -2009<br \/>\nPOLARIS 2010 550 IQ SHIFT ES INTL S10PB5BSA BSL BEA SUSPENSION RAIL MOUNTING<br \/>\npolaris 550 iq shift es intl s10pb5bsa bsl bea -2010<br \/>\nPOLARIS 2010 600 IQ SHIFT ES INTL S10PB6HSA HSL HEA SUSPENSION RAIL MOUNTING<br \/>\npolaris 600 iq shift es intl s10pb6hsa hsl hea -2010<br \/>\nPOLARIS 2010 800 IQ ES S10PB8ESA ESL SUSPENSION RAIL MOUNTING<br \/>\npolaris 800 iq es s10pb8esa esl -2010<br \/>\nPOLARIS 2011 550 IQ SHIFT ES INTL S11PB5BSA BSL BEA SUSPENSION RAIL MOUNTING<br \/>\npolaris 550 iq shift es intl s11pb5bsa bsl bea -2011<br \/>\nPOLARIS 2011 600 IQ SHIFT ES INTL S11PB6HSA HSL HEA SUSPENSION RAIL MOUNTING<br \/>\npolaris 600 iq shift es intl s11pb6hsa hsl hea -2011<br \/>\nPOLARIS 2012 550 IQ SHIFT ES INTL S12PB5BSA BSL BEA SUSPENSION RAIL MOUNTING<br \/>\npolaris 550 iq shift es intl s12pb5bsa bsl bea -2012<br \/>\nPOLARIS 2012 600 IQ SHIFT ES INTL S12PB6HSA HSL HEA SUSPENSION RAIL MOUNTING<br \/>\npolaris 600 iq shift es intl s12pb6hsa hsl hea -2012<br \/>\nPOLARIS 2013 550 IQ SHIFT ES S13PB5BSA BSL SUSPENSION RAIL MOUNTING<br \/>\npolaris 550 iq shift es s13pb5bsa bsl -2013<br \/>\nPOLARIS 2013 600 INDY SP ES INTL ALL OPTIONS S13CB6 CP6 SUSPENSION RAIL MOUNTING<br \/>\npolaris 600 indy sp es intl all options s13cb6 cp6 -2013<br \/>\nPOLARIS 2014 550 INDY 144 ES S14CR5BSA BSL SUSPENSION RAIL MOUNTING<br \/>\npolaris 550 indy 144 es s14cr5bsa bsl -2014<br \/>\nPOLARIS 2014 550 INDY ADVENTURE INTL S14CE5BSL BEL SUSPENSION RAIL MOUNTING<br \/>\npolaris 550 indy adventure intl s14ce5bsl bel -2014<br \/>\nPOLARIS 2014 550 INDY ES INTL S14CB5BSA BSL BEA SUSPENSION RAIL MOUNTING S14CB5BSA BSL BEL<br \/>\npolaris 550 indy es intl s14cb5bsa bsl bea -2014<br \/>\nPOLARIS 2014 550 INDY LXT S14CT5BEL BSM BSL SUSPENSION RAIL MOUNTING<br \/>\npolaris 550 indy lxt s14ct5bel bsm bsl -2014<br \/>\nPOLARIS 2014 550 INDY VOYAGER INTL S14CS5BSL BEL SUSPENSION RAIL MOUNTING<br \/>\npolaris 550 indy voyager intl s14cs5bsl bel -2014<br \/>\nPOLARIS 2015 550 INDY 144 ES S15CR5BSA BSL SUSPENSION RAIL MOUNTING<br \/>\npolaris 550 indy 144 es s15cr5bsa bsl -2015<br \/>\nPOLARIS 2015 550 INDY ADVENTURE 144 INTL S15CE5BSL BEL SUSPENSION RAIL MOUNTING<br \/>\npolaris 550 indy adventure 144 intl s15ce5bsl bel -2015<br \/>\nPOLARIS 2015 550 INDY ES INTL S15CB5BSA BSL BEL SUSPENSION RAIL MOUNTING<br \/>\npolaris 550 indy es intl s15cb5bsa bsl bel -2015<br \/>\nPOLARIS 2015 550 INDY LXT S15CT5BEL BSL BSM SUSPENSION RAIL MOUNTING<br \/>\npolaris 550 indy lxt s15ct5bel bsl bsm -2015<br \/>\nPOLARIS 2015 550 INDY VOYAGEUR INTL S15CS5BSL BEL SUSPENSION RAIL MOUNTING<br \/>\npolaris 550 indy voyageur intl s15cs5bsl bel -2015<br \/>\nPOLARIS 2015 600 INDY SP INTL ALL OPTIONS S15CB6 CP6 SUSPENSION RAIL MOUNTING ALL OPTIONS<br \/>\npolaris 600 indy sp intl all options s15cb6 cp6 -2015<br \/>\nPOLARIS 2015 800 INDY SP INTL FO S15CP8 SUSPENSION RAIL MOUNTING ALL OPTIONS<br \/>\npolaris 800 indy sp intl fo s15cp8 -2015<br \/>\nPOLARIS 2016 550 INDY 144 ES S16CR5BSA BSL SUSPENSION RAIL MOUNTING<br \/>\npolaris 550 indy 144 es s16cr5bsa bsl -2016<br \/>\nPOLARIS 2016 550 INDY ADVENTURE 144 S16CE5BSL SUSPENSION RAIL MOUNTING<br \/>\npolaris 550 indy adventure 144 s16ce5bsl -2016<br \/>\nPOLARIS 2016 550 INDY ES INTL S16CB5BSA BSL BEL SUSPENSION RAIL MOUNTING<br \/>\npolaris 550 indy es intl s16cb5bsa bsl bel -2016<br \/>\nPOLARIS 2016 550 INDY VOYAGEUR INTL 144 S16CS5BSL BEL SUSPENSION RAIL MOUNTING<br \/>\npolaris 550 indy voyageur intl 144 s16cs5bsl bel -2016<br \/>\nPOLARIS 2016 600 INDY SP LTD INTL ALL OPTIONS S16CB6 CP6 SUSPENSION RAIL MOUNTING ALL OPTIONS<br \/>\npolaris 600 indy sp ltd intl all options s16cb6 cp6 -2016<br \/>\nPOLARIS 2016 800 INDY SP ALL OPTIONS S16CP8 SUSPENSION RAIL MOUNTING ALL OPTIONS<br \/>\npolaris 800 indy sp all options s16cp8 -2016<br \/>\nPOLARIS 2017 550 INDY ADVENTURE 144 S17CEE5BSL SUSPENSION RAIL MOUNTING<br \/>\npolaris 550 indy adventure 144 s17cee5bsl -2017<br \/>\nPOLARIS 2017 550 INDY ALL OPTIONS S17CBA5 SUSPENSION RAIL MOUNTING ALL OPTIONS<br \/>\npolaris 550 indy all options s17cba5 -2017<br \/>\nPOLARIS 2017 550 INDY ES 144 S17CEA5BSA BSL SUSPENSION RAIL MOUNTING<br \/>\npolaris 550 indy es 144 s17cea5bsa bsl -2017<br \/>\nPOLARIS 2017 550 VOYAGEUR 144 S17CEF5BSL SUSPENSION RAIL MOUNTING<br \/>\npolaris 550 voyageur 144 s17cef5bsl -2017<br \/>\nPOLARIS 2017 600 INDY SP ALL OPTIONS S17CBA6 CBB6 SUSPENSION RAIL MOUNTING ALL OPTIONS<br \/>\npolaris 600 indy sp all options s17cba6 cbb6 -2017<br \/>\nPOLARIS 2018 550 INDY 144 ES S18CEA5BSA BSL SUSPENSION RAIL MOUNTING<br \/>\npolaris 550 indy 144 es s18cea5bsa bsl -2018<br \/>\nPOLARIS 2018 550 INDY ADVENTURE 144 ES S18CEE5BSL SUSPENSION RAIL MOUNTING<br \/>\npolaris 550 indy adventure 144 es s18cee5bsl -2018<br \/>\nPOLARIS 2018 550 INDY INTL S18CBA5BSA BSL BEL SUSPENSION RAIL MOUNTING S18CBA5BS 5BE ALL OPTIONS<br \/>\npolaris 550 indy intl s18cba5bsa bsl bel -2018<br \/>\nPOLARIS 2018 550 INDY LXT ALL OPTIONS S18CED5 SUSPENSION RAIL MOUNTING ALL OPTIONS<br \/>\npolaris 550 indy lxt all options s18ced5 -2018<br \/>\nPOLARIS 2018 550 VOYAGEUR 144 ES S18CEF5BSL SUSPENSION RAIL MOUNTING<br \/>\npolaris 550 voyageur 144 es s18cef5bsl -2018<br \/>\nPOLARIS 2018 600 INDY INDY SP ALL OPTIONS S18CBA6GS CBB6GS SUSPENSION RAIL MOUNTING ALL OPTIONS<br \/>\npolaris 600 indy indy sp all options s18cba6gs cbb6gs -2018<br \/>\nPOLARIS 2019 550 INDY 144 ES S19CEA5BSL SUSPENSION RAIL LH RH S19CEA5BSL 49SNOWSUSPRAIL14550144<br \/>\npolaris 550 indy 144 es s19cea5bsl -2019<\/p>","protected":false},"featured_media":25292,"comment_status":"open","ping_status":"closed","template":"","meta":{"_acf_changed":false},"demonterat-fordon":[],"fordons-typ":[641],"make":[636],"parts-filter":[689,659],"prod-typ":[715],"tillverkare":[865],"product_brand":[],"product_cat":[127],"product_tag":[],"class_list":{"0":"post-25330","1":"product","2":"type-product","3":"status-publish","4":"has-post-thumbnail","6":"fordons-typ-sno","7":"make-polaris","8":"parts-filter-iq-chassie","9":"parts-filter-pro-ride","10":"prod-typ-beg","11":"tillverkare-polaris","12":"product_cat-hjul-lager","14":"first","15":"instock","16":"purchasable","17":"product-type-simple"},"acf":[],"_links":{"self":[{"href":"https:\/\/whitepowder.se\/en\/wp-json\/wp\/v2\/product\/25330","targetHints":{"allow":["GET"]}}],"collection":[{"href":"https:\/\/whitepowder.se\/en\/wp-json\/wp\/v2\/product"}],"about":[{"href":"https:\/\/whitepowder.se\/en\/wp-json\/wp\/v2\/types\/product"}],"replies":[{"embeddable":true,"href":"https:\/\/whitepowder.se\/en\/wp-json\/wp\/v2\/comments?post=25330"}],"wp:featuredmedia":[{"embeddable":true,"href":"https:\/\/whitepowder.se\/en\/wp-json\/wp\/v2\/media\/25292"}],"wp:attachment":[{"href":"https:\/\/whitepowder.se\/en\/wp-json\/wp\/v2\/media?parent=25330"}],"wp:term":[{"taxonomy":"demonterat-fordon","embeddable":true,"href":"https:\/\/whitepowder.se\/en\/wp-json\/wp\/v2\/demonterat-fordon?post=25330"},{"taxonomy":"fordons-typ","embeddable":true,"href":"https:\/\/whitepowder.se\/en\/wp-json\/wp\/v2\/fordons-typ?post=25330"},{"taxonomy":"make","embeddable":true,"href":"https:\/\/whitepowder.se\/en\/wp-json\/wp\/v2\/make?post=25330"},{"taxonomy":"parts-filter","embeddable":true,"href":"https:\/\/whitepowder.se\/en\/wp-json\/wp\/v2\/parts-filter?post=25330"},{"taxonomy":"prod-typ","embeddable":true,"href":"https:\/\/whitepowder.se\/en\/wp-json\/wp\/v2\/prod-typ?post=25330"},{"taxonomy":"tillverkare","embeddable":true,"href":"https:\/\/whitepowder.se\/en\/wp-json\/wp\/v2\/tillverkare?post=25330"},{"taxonomy":"product_brand","embeddable":true,"href":"https:\/\/whitepowder.se\/en\/wp-json\/wp\/v2\/product_brand?post=25330"},{"taxonomy":"product_cat","embeddable":true,"href":"https:\/\/whitepowder.se\/en\/wp-json\/wp\/v2\/product_cat?post=25330"},{"taxonomy":"product_tag","embeddable":true,"href":"https:\/\/whitepowder.se\/en\/wp-json\/wp\/v2\/product_tag?post=25330"}],"curies":[{"name":"wp","href":"https:\/\/api.w.org\/{rel}","templated":true}]}}