{"id":25335,"date":"2025-11-09T20:21:19","date_gmt":"2025-11-09T19:21:19","guid":{"rendered":"https:\/\/whitepowder.se\/?post_type=product&#038;p=25335"},"modified":"2025-11-09T20:21:20","modified_gmt":"2025-11-09T19:21:20","slug":"polaris-2203037-600-ho-motor-block-vevhus","status":"publish","type":"product","link":"https:\/\/whitepowder.se\/en\/polaris-2203037-600-ho-motor-block-vevhus\/","title":{"rendered":"Polaris 2203037 &#8211; 600 HO Motor Block. Vevhus"},"content":{"rendered":"<p>Polaris 2203037 &#8211; 600 HO Motor Block. Vevhus<\/p>\n<p>Crankcase<\/p>\n<p>OBS Partnumbret \u00e4r ett Assembely nummer och anv\u00e4nds fr\u00e4mst som s\u00f6kv\u00e4g och f\u00f6r Fitment, Kolla p\u00e5 bilderna f\u00f6r att se vad som ing\u00e5r.<\/p>","protected":false},"excerpt":{"rendered":"<p>Polaris 2203037 Sitter Original p\u00e5 :<\/p>\n<p>S06MP6FS 600 HO FUSION F\/O (2006) (S06MP6FS)<br \/>\nS06PK6FS 600 HO RMK 144 F\/O (2006) (S06PK6FS)<br \/>\nS06PS6FS 600 HO SWITCHBACK F\/O (2006) (S06PS6FS)<br \/>\nS07PK6FS\/FE\/PM6FS\/PM6FSA 600 RMK 144\/155 (2007) (S07PK6FS\/FE\/PM6FS\/PM6FSA)<br \/>\nS07PP6FS\/FSA\/FSB 600 HO IQ F\/O (2007) (S07PP6FS\/FSA\/FSB)<br \/>\nS07PS6FS\/FSA 600 HO SWITCHBACK F\/O (2007) (S07PS6FS\/FSA)<br \/>\nS08PB6FS\/FE IQ SHIFT\/EURO (2008) (S08PB6FS\/FE)<br \/>\nS08PK6FS\/FE\/PM6FS\/FE 600 RMK144\/EURO\/RMK SHIFT\/EURO (2008) (S08PK6FS\/FE\/PM6FS\/FE)<br \/>\nS09PB6FS\/FE 600 IQ SHIFT\/EURO (2009) (S09PB6FS\/FE)<\/p>","protected":false},"featured_media":25251,"comment_status":"open","ping_status":"closed","template":"","meta":{"_acf_changed":false},"demonterat-fordon":[],"fordons-typ":[641],"make":[636],"parts-filter":[661,736,689],"prod-typ":[715],"tillverkare":[865],"product_brand":[],"product_cat":[595],"product_tag":[],"class_list":{"0":"post-25335","1":"product","2":"type-product","3":"status-publish","4":"has-post-thumbnail","6":"fordons-typ-sno","7":"make-polaris","8":"parts-filter-edge","9":"parts-filter-fusion","10":"parts-filter-iq-chassie","11":"prod-typ-beg","12":"tillverkare-polaris","13":"product_cat-vevhus","15":"first","16":"instock","17":"purchasable","18":"product-type-simple"},"acf":[],"_links":{"self":[{"href":"https:\/\/whitepowder.se\/en\/wp-json\/wp\/v2\/product\/25335","targetHints":{"allow":["GET"]}}],"collection":[{"href":"https:\/\/whitepowder.se\/en\/wp-json\/wp\/v2\/product"}],"about":[{"href":"https:\/\/whitepowder.se\/en\/wp-json\/wp\/v2\/types\/product"}],"replies":[{"embeddable":true,"href":"https:\/\/whitepowder.se\/en\/wp-json\/wp\/v2\/comments?post=25335"}],"wp:featuredmedia":[{"embeddable":true,"href":"https:\/\/whitepowder.se\/en\/wp-json\/wp\/v2\/media\/25251"}],"wp:attachment":[{"href":"https:\/\/whitepowder.se\/en\/wp-json\/wp\/v2\/media?parent=25335"}],"wp:term":[{"taxonomy":"demonterat-fordon","embeddable":true,"href":"https:\/\/whitepowder.se\/en\/wp-json\/wp\/v2\/demonterat-fordon?post=25335"},{"taxonomy":"fordons-typ","embeddable":true,"href":"https:\/\/whitepowder.se\/en\/wp-json\/wp\/v2\/fordons-typ?post=25335"},{"taxonomy":"make","embeddable":true,"href":"https:\/\/whitepowder.se\/en\/wp-json\/wp\/v2\/make?post=25335"},{"taxonomy":"parts-filter","embeddable":true,"href":"https:\/\/whitepowder.se\/en\/wp-json\/wp\/v2\/parts-filter?post=25335"},{"taxonomy":"prod-typ","embeddable":true,"href":"https:\/\/whitepowder.se\/en\/wp-json\/wp\/v2\/prod-typ?post=25335"},{"taxonomy":"tillverkare","embeddable":true,"href":"https:\/\/whitepowder.se\/en\/wp-json\/wp\/v2\/tillverkare?post=25335"},{"taxonomy":"product_brand","embeddable":true,"href":"https:\/\/whitepowder.se\/en\/wp-json\/wp\/v2\/product_brand?post=25335"},{"taxonomy":"product_cat","embeddable":true,"href":"https:\/\/whitepowder.se\/en\/wp-json\/wp\/v2\/product_cat?post=25335"},{"taxonomy":"product_tag","embeddable":true,"href":"https:\/\/whitepowder.se\/en\/wp-json\/wp\/v2\/product_tag?post=25335"}],"curies":[{"name":"wp","href":"https:\/\/api.w.org\/{rel}","templated":true}]}}