{"id":25355,"date":"2025-11-09T20:20:58","date_gmt":"2025-11-09T19:20:58","guid":{"rendered":"https:\/\/whitepowder.se\/?post_type=product&#038;p=25355"},"modified":"2026-01-03T00:33:29","modified_gmt":"2026-01-02T23:33:29","slug":"polaris-7081128-gas-vajer","status":"publish","type":"product","link":"https:\/\/whitepowder.se\/en\/polaris-7081128-gas-vajer\/","title":{"rendered":"Polaris 7081128 &#8211; Gas vajer"},"content":{"rendered":"<p>Polaris 7081128 &#8211; Gas vajer<\/p>\n<p>Cable, Throttle<\/p>\n<p>* Anm\u00e4rkning: Mindre skav h\u00f6lje wire l\u00f6per l\u00e4tt.<\/p>","protected":false},"excerpt":{"rendered":"<p>Polaris 7081128 Sitter Original p\u00e5 :<\/p>\n<p>POLARIS 2004 600 700 800 RMK F O S04NK6ES ENGINE MOUNTING A B C 4988398839C07<br \/>\npolaris 600 700 800 rmk f o s04nk6es -2004<br \/>\nPOLARIS 2004 600 700 800 SWITCHBACK S04NS6ES ENGINE MOUNTING A B C D 4988378837C07<br \/>\npolaris 600 700 800 switchback s04ns6es -2004<br \/>\nPOLARIS 2005 600 700 800 RMK F O S05NK6ES STEERING HANDLEBAR AS05NK7CS AS05NL7CS AS05NK8CS AS05NL8CS AS05NM8CS A<br \/>\npolaris 600 700 800 rmk f o s05nk6es -2005<br \/>\nPOLARIS 2005 600 800 SWITCHBACK F O S05NS6ES STEERING HANDLEBAR ESA S05NS8CS CSA<br \/>\npolaris 600 800 switchback f o s05ns6es -2005<\/p>","protected":false},"featured_media":25161,"comment_status":"open","ping_status":"closed","template":"","meta":{"_acf_changed":false},"demonterat-fordon":[],"fordons-typ":[641],"make":[636],"parts-filter":[661],"prod-typ":[715],"tillverkare":[865],"product_brand":[],"product_cat":[462],"product_tag":[],"class_list":{"0":"post-25355","1":"product","2":"type-product","3":"status-publish","4":"has-post-thumbnail","6":"fordons-typ-sno","7":"make-polaris","8":"parts-filter-edge","9":"prod-typ-beg","10":"tillverkare-polaris","11":"product_cat-throttle-asm","13":"first","14":"outofstock","15":"purchasable","16":"product-type-simple"},"acf":[],"_links":{"self":[{"href":"https:\/\/whitepowder.se\/en\/wp-json\/wp\/v2\/product\/25355","targetHints":{"allow":["GET"]}}],"collection":[{"href":"https:\/\/whitepowder.se\/en\/wp-json\/wp\/v2\/product"}],"about":[{"href":"https:\/\/whitepowder.se\/en\/wp-json\/wp\/v2\/types\/product"}],"replies":[{"embeddable":true,"href":"https:\/\/whitepowder.se\/en\/wp-json\/wp\/v2\/comments?post=25355"}],"wp:featuredmedia":[{"embeddable":true,"href":"https:\/\/whitepowder.se\/en\/wp-json\/wp\/v2\/media\/25161"}],"wp:attachment":[{"href":"https:\/\/whitepowder.se\/en\/wp-json\/wp\/v2\/media?parent=25355"}],"wp:term":[{"taxonomy":"demonterat-fordon","embeddable":true,"href":"https:\/\/whitepowder.se\/en\/wp-json\/wp\/v2\/demonterat-fordon?post=25355"},{"taxonomy":"fordons-typ","embeddable":true,"href":"https:\/\/whitepowder.se\/en\/wp-json\/wp\/v2\/fordons-typ?post=25355"},{"taxonomy":"make","embeddable":true,"href":"https:\/\/whitepowder.se\/en\/wp-json\/wp\/v2\/make?post=25355"},{"taxonomy":"parts-filter","embeddable":true,"href":"https:\/\/whitepowder.se\/en\/wp-json\/wp\/v2\/parts-filter?post=25355"},{"taxonomy":"prod-typ","embeddable":true,"href":"https:\/\/whitepowder.se\/en\/wp-json\/wp\/v2\/prod-typ?post=25355"},{"taxonomy":"tillverkare","embeddable":true,"href":"https:\/\/whitepowder.se\/en\/wp-json\/wp\/v2\/tillverkare?post=25355"},{"taxonomy":"product_brand","embeddable":true,"href":"https:\/\/whitepowder.se\/en\/wp-json\/wp\/v2\/product_brand?post=25355"},{"taxonomy":"product_cat","embeddable":true,"href":"https:\/\/whitepowder.se\/en\/wp-json\/wp\/v2\/product_cat?post=25355"},{"taxonomy":"product_tag","embeddable":true,"href":"https:\/\/whitepowder.se\/en\/wp-json\/wp\/v2\/product_tag?post=25355"}],"curies":[{"name":"wp","href":"https:\/\/api.w.org\/{rel}","templated":true}]}}