{"id":25557,"date":"2025-11-17T10:25:45","date_gmt":"2025-11-17T09:25:45","guid":{"rendered":"https:\/\/whitepowder.se\/?post_type=product&#038;p=25557"},"modified":"2026-01-23T12:03:04","modified_gmt":"2026-01-23T11:03:04","slug":"polaris-2205055-tandningslas-2","status":"publish","type":"product","link":"https:\/\/whitepowder.se\/en\/polaris-2205055-tandningslas-2\/","title":{"rendered":"Polaris 2205055 &#8211; T\u00e4ndningsl\u00e5s"},"content":{"rendered":"<p>Polaris 2205055 &#8211; T\u00e4ndningsl\u00e5s<\/p>\n<p>IGNITION SWITCH<br \/>\nT\u00e4ndningsl\u00e5s med 1st nyckel<br \/>\nT\u00e4ndningsl\u00e5set har 5 stift p\u00e5 baksidan<\/p>\n<p>Funktion \/ Test : \u00c4r testad och fungerar<\/p>","protected":false},"excerpt":{"rendered":"<p>Polaris 2205055 Sitter Original p\u00e5 :<\/p>\n<p>POLARIS 2013 600 PRO RMK 155 S13CG6GSA GSL GEA ELECTRICAL SWITCHES SENSORS COMPONENTS<br \/>\npolaris 600 pro rmk 155 s13cg6gsa gsl gea -2013<br \/>\nPOLARIS 2014 550 INDY 144 ES S14CR5BSA BSL ELECTRICAL SWITCHES COMPONENTS<br \/>\npolaris 550 indy 144 es s14cr5bsa bsl -2014<br \/>\nPOLARIS 2014 550 INDY ADVENTURE INTL S14CE5BSL BEL ELECTRICAL SWITCHES COMPONENTS<br \/>\npolaris 550 indy adventure intl s14ce5bsl bel -2014<br \/>\nPOLARIS 2014 550 INDY LXT S14CT5BEL BSM BSL ELECTRICAL SWITCHES COMPONENTS<br \/>\npolaris 550 indy lxt s14ct5bel bsm bsl -2014<br \/>\nPOLARIS 2014 550 INDY VOYAGER INTL S14CS5BSL BEL ELECTRICAL SWITCHES COMPONENTS<br \/>\npolaris 550 indy voyager intl s14cs5bsl bel -2014<br \/>\nPOLARIS 2014 600 PRO RMK 155 S14CG6GSA GSL GEA ELECTRICAL SWITCHES SENSORS COMPONENTS<br \/>\npolaris 600 pro rmk 155 s14cg6gsa gsl gea -2014<br \/>\nPOLARIS 2014 600 RUSH PRO R ES INTL S14BP6GSA GSL GEL ELECTRICAL SWITCHES SENSORS COMPONENTS<br \/>\npolaris 600 rush pro r es intl s14bp6gsa gsl gel -2014<br \/>\nPOLARIS 2014 600 SWITCHBACK ADVENTURE S14BA6GSL ELECTRICAL SWITCHES SENSORS COMPONENTS<br \/>\npolaris 600 switchback adventure s14ba6gsl -2014<br \/>\nPOLARIS 2014 600 SWITCHBACK PRO R ES INTL S14BS6GSA GSL GEL ELECTRICAL SWITCHES SENSORS COMPONENTS<br \/>\npolaris 600 switchback pro r es intl s14bs6gsa gsl gel -2014<br \/>\nPOLARIS 2014 600 VOYAGER INTL S14CS6GSL GEL ELECTRICAL SWITCHES SENSORS COMPONENTS<br \/>\npolaris 600 voyager intl s14cs6gsl gel -2014<br \/>\nPOLARIS 2014 800 RMK 155 S14CM8GSA GSL GEA ELECTRICAL SWITCHES SENSORS COMPONENTS<br \/>\npolaris 800 rmk 155 s14cm8gsa gsl gea -2014<br \/>\nPOLARIS 2014 800 SWITCHBACK ASSAULT ALL OPTIONS S14CL8 CW8 ELECTRICAL SWITCHES SENSORS COMPONENTS ALL OPTIONS<br \/>\npolaris 800 switchback assault all options s14cl8 cw8 -2014<br \/>\nPOLARIS 2014 800 SWITCHBACK ES S14BR8GSA GSL ELECTRICAL SWITCHES SENSORS COMPONENTS<br \/>\npolaris 800 switchback es s14br8gsa gsl -2014<br \/>\nPOLARIS 2015 550 INDY 144 ES S15CR5BSA BSL ELECTRICAL SWITCHES COMPONENTS<br \/>\npolaris 550 indy 144 es s15cr5bsa bsl -2015<br \/>\nPOLARIS 2015 550 INDY ADVENTURE 144 INTL S15CE5BSL BEL ELECTRICAL SWITCHES COMPONENTS<br \/>\npolaris 550 indy adventure 144 intl s15ce5bsl bel -2015<br \/>\nPOLARIS 2015 550 INDY ADVENTURE INTL155 S15CJ5BSL BEL ELECTRICAL SWITCHES COMPONENTS<br \/>\npolaris 550 indy adventure intl155 s15cj5bsl bel -2015<br \/>\nPOLARIS 2015 550 INDY ES INTL S15CB5BSA BSL BEL ELECTRICAL SWITCHES COMPONENTS<br \/>\npolaris 550 indy es intl s15cb5bsa bsl bel -2015<br \/>\nPOLARIS 2015 550 INDY LXT S15CT5BEL BSL BSM ELECTRICAL SWITCHES COMPONENTS<br \/>\npolaris 550 indy lxt s15ct5bel bsl bsm -2015<br \/>\nPOLARIS 2015 550 INDY VOYAGEUR INTL 155 S15CU5BSL BEL ELECTRICAL SWITCHES COMPONENTS<br \/>\npolaris 550 indy voyageur intl 155 s15cu5bsl bel -2015<br \/>\nPOLARIS 2015 550 INDY VOYAGEUR INTL S15CS5BSL BEL ELECTRICAL SWITCHES COMPONENTS<br \/>\npolaris 550 indy voyageur intl s15cs5bsl bel -2015<br \/>\nPOLARIS 2015 600 INDY SP INTL ALL OPTIONS S15CB6 CP6 ELECTRICAL SWITCHES SENSORS COMPONENTS ALL OPTIONS<br \/>\npolaris 600 indy sp intl all options s15cb6 cp6 -2015<br \/>\nPOLARIS 2015 600 INDY VOYAGEUR INTL 144 S15CS6GSL GEL ELECTRICAL SWITCHES SENSORS COMPONENTS<br \/>\npolaris 600 indy voyageur intl 144 s15cs6gsl gel -2015<br \/>\nPOLARIS 2015 600 RMK 144 155 ALL OPTIONS S15CC6 CK6 CM6 ELECTRICAL SWITCHES SENSORS COMPONENTS ALL OPTIONS<br \/>\npolaris 600 rmk 144 155 all options s15cc6 ck6 cm6 -2015<br \/>\nPOLARIS 2015 600 WIDETRAK IQ INTL S15PU6NSL NEL ELECTRICAL SENSORS ELECTRICAL COMPONENTS<br \/>\npolaris 600 widetrak iq intl s15pu6nsl nel -2015<br \/>\nPOLARIS 2015 800 RMK 155 163 ALL OPTIONS S15CC8 CD8 CM8 ELECTRICAL SWITCHES SENSORS COMPONENTS ALL OPTIONS<br \/>\npolaris 800 rmk 155 163 all options s15cc8 cd8 cm8 -2015<br \/>\nPOLARIS 2015 800 RMK ASSAULT 155 ALL OPTIONS S15CN8 CY8 ELECTRICAL SWITCHES SENSORS COMPONENTS ALL OPTIONS<br \/>\npolaris 800 rmk assault 155 all options s15cn8 cy8 -2015<br \/>\nPOLARIS 2016 550 INDY 144 ES S16CR5BSA BSL ELECTRICAL SWITCHES COMPONENTS<br \/>\npolaris 550 indy 144 es s16cr5bsa bsl -2016<br \/>\nPOLARIS 2016 550 INDY ADVENTURE 144 S16CE5BSL ELECTRICAL SWITCHES COMPONENTS<br \/>\npolaris 550 indy adventure 144 s16ce5bsl -2016<br \/>\nPOLARIS 2016 550 INDY ADVENTURE 155 INTL S16CJ5BSL BEL ELECTRICAL SWITCHES COMPONENTS<br \/>\npolaris 550 indy adventure 155 intl s16cj5bsl bel -2016<br \/>\nPOLARIS 2016 550 INDY ES INTL S16CB5BSA BSL BEL ELECTRICAL SWITCHES COMPONENTS<br \/>\npolaris 550 indy es intl s16cb5bsa bsl bel -2016<br \/>\nPOLARIS 2016 550 INDY VOYAGEUR INTL 144 S16CS5BSL BEL ELECTRICAL SWITCHES COMPONENTS<br \/>\npolaris 550 indy voyageur intl 144 s16cs5bsl bel -2016<br \/>\nPOLARIS 2016 550 INDY VOYAGEUR INTL 155 S16CU5BSL BEL ELECTRICAL SWITCHES COMPONENTS<br \/>\npolaris 550 indy voyageur intl 155 s16cu5bsl bel -2016<br \/>\nPOLARIS 2016 600 INDY SP LTD INTL ALL OPTIONS S16CB6 CP6 ELECTRICAL SWITCHES SENSORS COMPONENTS ALL OPTIONS<br \/>\npolaris 600 indy sp ltd intl all options s16cb6 cp6 -2016<br \/>\nPOLARIS 2016 600 INDY VOYAGEUR INTL 144 S16CS6GSL GEL ELECTRICAL SWITCHES SENSORS COMPONENTS<br \/>\npolaris 600 indy voyageur intl 144 s16cs6gsl gel -2016<br \/>\nPOLARIS 2016 600 WIDETRAK IQ INTL S16PU6NSL NEL ELECTRICAL SENSORS ELECTRICAL COMPONENTS<br \/>\npolaris 600 widetrak iq intl s16pu6nsl nel -2016<br \/>\nPOLARIS 2016 800 INDY SP ALL OPTIONS S16CP8 ELECTRICAL SWITCHES SENSORS COMPONENTS ALL OPTIONS<br \/>\npolaris 800 indy sp all options s16cp8 -2016<br \/>\nPOLARIS 2016 800 RMK 155 ALL OPTIONS S16CM8 ELECTRICAL SWITCHES SENSORS COMPONENTS ALL OPTIONS<br \/>\npolaris 800 rmk 155 all options s16cm8 -2016<br \/>\nPOLARIS 2017 550 ADVENTURE 155 INTL S17CFE5BSL BEL ELECTRICAL SWITCHES COMPONENTS<br \/>\npolaris 550 adventure 155 intl s17cfe5bsl bel -2017<br \/>\nPOLARIS 2017 550 INDY ADVENTURE 144 S17CEE5BSL ELECTRICAL SWITCHES COMPONENTS<br \/>\npolaris 550 indy adventure 144 s17cee5bsl -2017<br \/>\nPOLARIS 2017 550 INDY ES 144 S17CEA5BSA BSL ELECTRICAL SWITCHES COMPONENTS<br \/>\npolaris 550 indy es 144 s17cea5bsa bsl -2017<br \/>\nPOLARIS 2017 550 VOYAGEUR 144 S17CEF5BSL ELECTRICAL SWITCHES COMPONENTS<br \/>\npolaris 550 voyageur 144 s17cef5bsl -2017<br \/>\nPOLARIS 2017 550 VOYAGEUR 155 INTL S17CFF5BSL BEL ELECTRICAL SWITCHES COMPONENTS<br \/>\npolaris 550 voyageur 155 intl s17cff5bsl bel -2017<br \/>\nPOLARIS 2017 600 IQ WIDETRAK INTL S17PJA6NSLNEL ELECTRICAL SENSORS ELECTRICAL COMPONENTS<br \/>\npolaris 600 iq widetrak intl s17pja6nslnel -2017<br \/>\nPOLARIS 2018 550 INDY 144 ES S18CEA5BSA BSL ELECTRICAL SWITCHES COMPONENTS<br \/>\npolaris 550 indy 144 es s18cea5bsa bsl -2018<br \/>\nPOLARIS 2018 550 INDY ADVENTURE 144 ES S18CEE5BSL ELECTRICAL SWITCHES COMPONENTS<br \/>\npolaris 550 indy adventure 144 es s18cee5bsl -2018<br \/>\nPOLARIS 2018 550 INDY ADVENTURE 155 ES INTL S18CFE5BSL BEL ELECTRICAL SWITCHES COMPONENTS<br \/>\npolaris 550 indy adventure 155 es intl s18cfe5bsl bel -2018<br \/>\nPOLARIS 2018 550 VOYAGEUR 144 ES S18CEF5BSL ELECTRICAL SWITCHES COMPONENTS<br \/>\npolaris 550 voyageur 144 es s18cef5bsl -2018<br \/>\nPOLARIS 2018 550 VOYAGEUR 155 INTL S18CFF5BSL BEL ELECTRICAL SWITCHES COMPONENTS<br \/>\npolaris 550 voyageur 155 intl s18cff5bsl bel -2018<br \/>\nPOLARIS 2018 600 INDY INDY SP ALL OPTIONS S18CBA6GS CBB6GS ELECTRICAL SWITCHES SENSORS COMPONENTS ALL OPTIONS<br \/>\npolaris 600 indy indy sp all options s18cba6gs cbb6gs -2018<br \/>\nPOLARIS 2020 INDY 600 121 ES R01 S20CBA6GSL ELECTRICAL SWITCHES SENSORS AND COMPONENTS S20CBA6GSL 49SNOWELECT13600RUSH<br \/>\npolaris indy 600 121 es r01 s20cba6gsl -2020<\/p>","protected":false},"featured_media":25453,"comment_status":"open","ping_status":"closed","template":"","meta":{"_acf_changed":false},"demonterat-fordon":[],"fordons-typ":[641],"make":[636],"parts-filter":[934,689,659],"prod-typ":[715],"tillverkare":[865],"product_brand":[],"product_cat":[1050],"product_tag":[],"class_list":{"0":"post-25557","1":"product","2":"type-product","3":"status-publish","4":"has-post-thumbnail","6":"fordons-typ-sno","7":"make-polaris","8":"parts-filter-evolved","9":"parts-filter-iq-chassie","10":"parts-filter-pro-ride","11":"prod-typ-beg","12":"tillverkare-polaris","13":"product_cat-tandnings-las-nycklar","15":"first","16":"outofstock","17":"purchasable","18":"product-type-simple"},"acf":[],"_links":{"self":[{"href":"https:\/\/whitepowder.se\/en\/wp-json\/wp\/v2\/product\/25557","targetHints":{"allow":["GET"]}}],"collection":[{"href":"https:\/\/whitepowder.se\/en\/wp-json\/wp\/v2\/product"}],"about":[{"href":"https:\/\/whitepowder.se\/en\/wp-json\/wp\/v2\/types\/product"}],"replies":[{"embeddable":true,"href":"https:\/\/whitepowder.se\/en\/wp-json\/wp\/v2\/comments?post=25557"}],"wp:featuredmedia":[{"embeddable":true,"href":"https:\/\/whitepowder.se\/en\/wp-json\/wp\/v2\/media\/25453"}],"wp:attachment":[{"href":"https:\/\/whitepowder.se\/en\/wp-json\/wp\/v2\/media?parent=25557"}],"wp:term":[{"taxonomy":"demonterat-fordon","embeddable":true,"href":"https:\/\/whitepowder.se\/en\/wp-json\/wp\/v2\/demonterat-fordon?post=25557"},{"taxonomy":"fordons-typ","embeddable":true,"href":"https:\/\/whitepowder.se\/en\/wp-json\/wp\/v2\/fordons-typ?post=25557"},{"taxonomy":"make","embeddable":true,"href":"https:\/\/whitepowder.se\/en\/wp-json\/wp\/v2\/make?post=25557"},{"taxonomy":"parts-filter","embeddable":true,"href":"https:\/\/whitepowder.se\/en\/wp-json\/wp\/v2\/parts-filter?post=25557"},{"taxonomy":"prod-typ","embeddable":true,"href":"https:\/\/whitepowder.se\/en\/wp-json\/wp\/v2\/prod-typ?post=25557"},{"taxonomy":"tillverkare","embeddable":true,"href":"https:\/\/whitepowder.se\/en\/wp-json\/wp\/v2\/tillverkare?post=25557"},{"taxonomy":"product_brand","embeddable":true,"href":"https:\/\/whitepowder.se\/en\/wp-json\/wp\/v2\/product_brand?post=25557"},{"taxonomy":"product_cat","embeddable":true,"href":"https:\/\/whitepowder.se\/en\/wp-json\/wp\/v2\/product_cat?post=25557"},{"taxonomy":"product_tag","embeddable":true,"href":"https:\/\/whitepowder.se\/en\/wp-json\/wp\/v2\/product_tag?post=25557"}],"curies":[{"name":"wp","href":"https:\/\/api.w.org\/{rel}","templated":true}]}}