{"id":26386,"date":"2025-12-13T16:11:43","date_gmt":"2025-12-13T15:11:43","guid":{"rendered":"https:\/\/whitepowder.se\/?post_type=product&#038;p=26386"},"modified":"2025-12-13T16:11:43","modified_gmt":"2025-12-13T15:11:43","slug":"polaris-1821231-067-handlebar","status":"publish","type":"product","link":"https:\/\/whitepowder.se\/en\/polaris-1821231-067-handlebar\/","title":{"rendered":"Polaris 1821231-067 &#8211; Handlebar"},"content":{"rendered":"<p>Polaris 1821231-067 &#8211; Handlebar<\/p>\n<p>Styre ink handtagsv\u00e4rmare och gasblock<br \/>\nP\/n: 5431592 Block, Throttle &#8211; Gasblock<\/p>\n<p>Funktion \/ Test :  Handtagsv\u00e4rmarna \u00e4r testade och b\u00e5de h\u00f6ger samt v\u00e4nster sida funkar<\/p>","protected":false},"excerpt":{"rendered":"<p>Polaris 1821231-067 Sitter Original p\u00e5 :<\/p>\n<p>POLARIS 2003 600 RMK 144 S03NK6ES STEERING HANDLEBAR<br \/>\npolaris 600 rmk 144 s03nk6es -2003<br \/>\nPOLARIS 2003 700 800 SKS S03NS7CS A S03NS8CS A STEERING HANDLEBAR<br \/>\npolaris 700 800 sks s03ns7cs a s03ns8cs a -2003<br \/>\nPOLARIS 2003 700 EDGE RMK CC BUILT BEFORE 1 01 02 S03NS7CS STEERING HANDLEBAR<br \/>\npolaris 700 edge rmk cc built before 1 01 02 s03ns7cs -2003<br \/>\nPOLARIS 2003 700 RMK 144 F O S03NK7CS STEERING HANDLEBAR AS03NL7CS AS03NK8CS AS03NL8CS AS03NM8CS<br \/>\npolaris 700 rmk 144 f o s03nk7cs -2003<br \/>\nPOLARIS 2003 700 RMK 144 STOCK S03NK7CSA STEERING HANDLEBAR S03NK7CS AS03NL7CS AS03NK8CS AS03NL8CS AS03NM8CS<br \/>\npolaris 700 rmk 144 stock s03nk7csa -2003<br \/>\nPOLARIS 2003 700 RMK 151 F O S03NL7CS STEERING HANDLEBAR S03NK7CS A AS03NK8CS AS03NL8CS AS03NM8CS<br \/>\npolaris 700 rmk 151 f o s03nl7cs -2003<br \/>\nPOLARIS 2003 700 RMK 151 STOCK S03NL7CSA STEERING HANDLEBAR S03NK7CS AS03NL7CS AS03NK8CS AS03NL8CS AS03NM8CS<br \/>\npolaris 700 rmk 151 stock s03nl7csa -2003<br \/>\nPOLARIS 2003 800 RMK 144 F O S03NK8CS STEERING HANDLEBAR S03NK7CS AS03NL7CS A AS03NL8CS AS03NM8CS<br \/>\npolaris 800 rmk 144 f o s03nk8cs -2003<br \/>\nPOLARIS 2003 800 RMK 144 STOCK S03NK8CSA STEERING HANDLEBAR S03NK7CS AS03NL7CS AS03NK8CS AS03NL8CS AS03NM8CS<br \/>\npolaris 800 rmk 144 stock s03nk8csa -2003<br \/>\nPOLARIS 2003 800 RMK 151 F O S03NL8CS STEERING HANDLEBAR S03NK7CS AS03NL7CS AS03NK8CS A AS03NM8CS<br \/>\npolaris 800 rmk 151 f o s03nl8cs -2003<br \/>\nPOLARIS 2003 800 RMK 151 STOCK S03NL8CSA STEERING HANDLEBAR S03NK7CS AS03NL7CS AS03NK8CS AS03NL8CS AS03NM8CS<br \/>\npolaris 800 rmk 151 stock s03nl8csa -2003<br \/>\nPOLARIS 2003 800 RMK 159 F O BUILT AFTER 1 01 02 S03NM8CS STEERING HANDLEBAR S03NK7CS AS03NL7CS AS03NK8CS AS03NL8CS A<br \/>\npolaris 800 rmk 159 f o built after 1 01 02 s03nm8cs -2003<br \/>\nPOLARIS 2003 800 RMK 159 VERTICAL ESCAPE S03NN8CS STEERING HANDLEBAR<br \/>\npolaris 800 rmk 159 vertical escape s03nn8cs -2003<br \/>\nPOLARIS 2004 600 700 800 RMK F O S04NK6ES STEERING HANDLEBAR A B CS04NK7CS A B CS04NL7CS A B CS04NK8CS A B CS04NL8CS A B CS04NM8CS A B C<br \/>\npolaris 600 700 800 rmk f o s04nk6es -2004<br \/>\nPOLARIS 2004 600 700 800 RMK F O S04NK6ES STEERING HANDLEBAR A B CS04NK7CS A B CS04NL7CS A B CS04NK8CS A B CS04NL8CS A B CS04NM8CS A B C 2<br \/>\npolaris 600 700 800 rmk f o s04nk6es -2004<br \/>\nPOLARIS 2004 600 700 800 SWITCHBACK S04NS6ES STEERING HANDLEBAR A B C DS04NS7CS A B C DS04NS8CS A B C D<br \/>\npolaris 600 700 800 switchback s04ns6es -2004<br \/>\nPOLARIS 2005 600 700 800 RMK F O S05NK6ES STEERING HANDLEBAR AS05NK7CS AS05NL7CS AS05NK8CS AS05NL8CS AS05NM8CS A<br \/>\npolaris 600 700 800 rmk f o s05nk6es -2005<br \/>\nPOLARIS 2005 600 800 SWITCHBACK F O S05NS6ES STEERING HANDLEBAR ESA S05NS8CS CSA<br \/>\npolaris 600 800 switchback f o s05ns6es -2005<\/p>","protected":false},"featured_media":25914,"comment_status":"open","ping_status":"closed","template":"","meta":{"_acf_changed":false},"demonterat-fordon":[],"fordons-typ":[641],"make":[636],"parts-filter":[661],"prod-typ":[715],"tillverkare":[865],"product_brand":[],"product_cat":[463],"product_tag":[],"class_list":{"0":"post-26386","1":"product","2":"type-product","3":"status-publish","4":"has-post-thumbnail","6":"fordons-typ-sno","7":"make-polaris","8":"parts-filter-edge","9":"prod-typ-beg","10":"tillverkare-polaris","11":"product_cat-handlebar","13":"first","14":"instock","15":"purchasable","16":"product-type-simple"},"acf":[],"_links":{"self":[{"href":"https:\/\/whitepowder.se\/en\/wp-json\/wp\/v2\/product\/26386","targetHints":{"allow":["GET"]}}],"collection":[{"href":"https:\/\/whitepowder.se\/en\/wp-json\/wp\/v2\/product"}],"about":[{"href":"https:\/\/whitepowder.se\/en\/wp-json\/wp\/v2\/types\/product"}],"replies":[{"embeddable":true,"href":"https:\/\/whitepowder.se\/en\/wp-json\/wp\/v2\/comments?post=26386"}],"wp:featuredmedia":[{"embeddable":true,"href":"https:\/\/whitepowder.se\/en\/wp-json\/wp\/v2\/media\/25914"}],"wp:attachment":[{"href":"https:\/\/whitepowder.se\/en\/wp-json\/wp\/v2\/media?parent=26386"}],"wp:term":[{"taxonomy":"demonterat-fordon","embeddable":true,"href":"https:\/\/whitepowder.se\/en\/wp-json\/wp\/v2\/demonterat-fordon?post=26386"},{"taxonomy":"fordons-typ","embeddable":true,"href":"https:\/\/whitepowder.se\/en\/wp-json\/wp\/v2\/fordons-typ?post=26386"},{"taxonomy":"make","embeddable":true,"href":"https:\/\/whitepowder.se\/en\/wp-json\/wp\/v2\/make?post=26386"},{"taxonomy":"parts-filter","embeddable":true,"href":"https:\/\/whitepowder.se\/en\/wp-json\/wp\/v2\/parts-filter?post=26386"},{"taxonomy":"prod-typ","embeddable":true,"href":"https:\/\/whitepowder.se\/en\/wp-json\/wp\/v2\/prod-typ?post=26386"},{"taxonomy":"tillverkare","embeddable":true,"href":"https:\/\/whitepowder.se\/en\/wp-json\/wp\/v2\/tillverkare?post=26386"},{"taxonomy":"product_brand","embeddable":true,"href":"https:\/\/whitepowder.se\/en\/wp-json\/wp\/v2\/product_brand?post=26386"},{"taxonomy":"product_cat","embeddable":true,"href":"https:\/\/whitepowder.se\/en\/wp-json\/wp\/v2\/product_cat?post=26386"},{"taxonomy":"product_tag","embeddable":true,"href":"https:\/\/whitepowder.se\/en\/wp-json\/wp\/v2\/product_tag?post=26386"}],"curies":[{"name":"wp","href":"https:\/\/api.w.org\/{rel}","templated":true}]}}