{"id":26415,"date":"2025-12-13T16:47:13","date_gmt":"2025-12-13T15:47:13","guid":{"rendered":"https:\/\/whitepowder.se\/?post_type=product&#038;p=26415"},"modified":"2025-12-13T16:47:14","modified_gmt":"2025-12-13T15:47:14","slug":"polaris-2431008-lyckta-fram-2","status":"publish","type":"product","link":"https:\/\/whitepowder.se\/en\/polaris-2431008-lyckta-fram-2\/","title":{"rendered":"Polaris 2431008 &#8211; Lyckta fram"},"content":{"rendered":"<p>Polaris 2431008 &#8211; Lyckta fram<\/p>\n<p>ASM., HEADLAMP<br \/>\nH\/L ASM,3-BULB | (Incl. Bulbs)<\/p>\n<p>Funktion \/ Test :  \u00c4r testad gl\u00f6dlampor \u00e4r hela<\/p>","protected":false},"excerpt":{"rendered":"<p>Polaris 2431008 Sitter Original p\u00e5 :<\/p>\n<p>0942560 440 SKS (1994) (0942560)<\/p>\n<p>            0942574 500 EFI SKS (1994) (0942574)<\/p>\n<p>            0942760 440 L\/C (1994) (0942760)<\/p>\n<p>            0942774 500 EFI (1994) (0942774)<\/p>\n<p>            0942865 CLASSIC (1994) (0942865)<\/p>\n<p>            0942875 CLASSIC TOURING (1994) (0942875)<\/p>\n<p>            0952262 TRAIL DELUXE (1995) (0952262)<\/p>\n<p>            0952560 440 SKS (1995) (0952560)<\/p>\n<p>            0952574 500 SKS (1995) (0952574)<\/p>\n<p>            0952760 440 L\/C (1995) (0952760)<\/p>\n<p>            0952761 TRAIL (1995) (0952761)<\/p>\n<p>            0952764 500 CARB (1995) (0952764)<\/p>\n<p>            0952774 500 EFI (1995) (0952774)<\/p>\n<p>            0952857 XLT TOURING (1995) (0952857)<\/p>\n<p>            0952865 CLASSIC (1995) (0952865)<\/p>\n<p>            0952974 500 EFI SKS PDLTRK (1995) (0952974)<\/p>\n<p>            0962262 TRAIL TOURING (1996) (0962262)<\/p>\n<p>            0962564 500 CARB SKS (1996) (0962564)<\/p>\n<p>            0962574 500 EFI SKS (1996) (0962574)<\/p>\n<p>            0962760 440 L\/C (1996) (0962760)<\/p>\n<p>            0962761 TRAIL (1996) (0962761)<\/p>\n<p>            0962764 500 CARB (1996) (0962764)<\/p>\n<p>            0962964 500 CARB RMK (1996) (0962964)<\/p>\n<p>            0962974 500 EFI RMK (1996) (0962974)<br \/>\n            0963357 XLT TOURING (1996) (0963357)<br \/>\n            0963365 CLASSIC TOURING (1996) (0963365)<br \/>\n            0963774 500 EFI (1996) (0963774)<br \/>\n            0963865 CLASSIC (1996) (0963865)<br \/>\n            0972262 TRAIL TOURING (1997) (0972262)<br \/>\n            0972564 500 SKS (1997) (0972564)<br \/>\n            0972760 440 L\/C (1997) (0972760)<br \/>\n            0972761 TRAIL (1997) (0972761)<br \/>\n            0972764 500 INDY (1997) (0972764)<br \/>\n            0972964 500 RMK (1997) (0972964)<br \/>\n            0973357 XLT TOURING (1997) (0973357)<br \/>\n            0973365 CLASSIC TOURING (1997) (0973365)<br \/>\n            0973756 XLT LTD (1997) (0973756)<br \/>\n            0973774 500 EFI (1997) (0973774)<br \/>\n            0973776 XLT LTD SP (1997) (0973776)<br \/>\n            0973865 CLASSIC (1997) (0973865)<br \/>\n            0982362 TRAIL TOURING (1998) (0982362)<br \/>\n            0982760 440 INDY (1998) (0982760)<br \/>\n            0982761 TRAIL (1998) (0982761)<br \/>\n            0982764 500 INDY (1998) (0982764)<br \/>\n            0982764A 500 (1998) (0982764A)<br \/>\n            0982764B 500 (1998) (0982764B)<br \/>\n            0982964 500 RMK (1998) (0982964)<br \/>\n            0983357 XLT TOURING (1998) (0983357)<br \/>\n            0983365 CLASSIC TOURING (1998) (0983365)<br \/>\n            0983756 XLT LTD (1998) (0983756)<br \/>\n            0983857 XLT CLASSIC (1998) (0983857)<br \/>\n            0983865 CLASSIC (1998) (0983865)<br \/>\n            099EB4BS 500 INDY (1999) (099EB4BS)<br \/>\n            099EB4BSA 500 INDY (1999) (099EB4BSA)<br \/>\n            099EB4ES TRAIL (1999) (099EB4ES)<br \/>\n            099EB4ESA TRAIL (1999) (099EB4ESA)<br \/>\n            099ED4BS 500 CLASSIC (1999) (099ED4BS)<br \/>\n            099ED6AS XLT CLASSIC (1999) (099ED6AS)<br \/>\n            099ER4BS 500 RMK (1999) (099ER4BS)<br \/>\n            099ET4BS CLASSIC TOURING (1999) (099ET4BS)<br \/>\n            099ET4ES TRAIL TOURING (1999) (099ET4ES)<br \/>\n            099ET4ESA TRAIL TOURING (1999) (099ET4ESA)<br \/>\n            099ET6AS XLT TOURING (1999) (099ET6AS)<br \/>\n            099ET6ASA XLT TOURING (1999) (099ET6ASA)<br \/>\n            099LB3AS INDY 340 (1999) (099LB3AS)<br \/>\n            099LD3AS INDY 340 DELUXE (1999) (099LD3AS)<br \/>\n            099LT3AS INDY 340 TOURING (1999) (099LT3AS)<br \/>\n            099SB4DS SPORT (1999) (099SB4DS)<br \/>\n            099SB5AS 500 XC (1999) (099SB5AS)<br \/>\n            099SB5BS SUPER SPORT (1999) (099SB5BS)<br \/>\n            099SB6DS 600 XC (1999) (099SB6DS)<br \/>\n            099SB7AS 700 XC (1999) (099SB7AS)<br \/>\n            099SP4AS XCF (1999) (099SP4AS)<br \/>\n            099SP5AS 500 XC SP (1999) (099SP5AS)<br \/>\n            099SP6DS 600 XC SP (1999) (099SP6DS)<br \/>\n            099SP7AS 700 XC SP (1999) (099SP7AS)<br \/>\n            099SR5BS TRAIL RMK (1999) (099SR5BS)<br \/>\n            099SR6DS 600 RMK (1999) (099SR6DS)<br \/>\n            099SR6DSA 600 RMK (1999) (099SR6DSA)<br \/>\n            099SR7AS 700 RMK (1999) (099SR7AS)<br \/>\n            099SR7ASA 700 RMK (1999) (099SR7ASA)<br \/>\n            099SS5BU EURO TRAIL SKS (1999) (099SS5BU)<br \/>\n            099SS7AS 700 SKS (1999) (099SS7AS)<br \/>\n            099ST4DS SPORT TOURING (1999) (099ST4DS)<br \/>\n            099SU4BS WIDETRAK LX (1999) (099SU4BS)<br \/>\n            099SU4DS TRANSPORT (1999) (099SU4DS)<br \/>\n            099SX4CS 440 XCR (1999) (099SX4CS)<br \/>\n            E930864 EURO CLASSIC (1993) (E930864)<br \/>\n            E930865 EURO CLASSIC TOURING (1993) (E930865)<br \/>\n            E942560 EURU 440 SKS (1994) (E942560)<br \/>\n            E942574 EURO 500 EFI SKS (1994) (E942574)<br \/>\n            E942760 EURO 440 (1994) (E942760)<br \/>\n            E942774 EURO 500 EFI (1994) (E942774)<br \/>\n            E942865 EURO CLASSIC (1994) (E942865)<br \/>\n            E942875 EURO CLASSIC TOURING (1994) (E942875)<br \/>\n            E952262 EURO TRAIL DELUXE (1995) (E952262)<br \/>\n            E952560 EURO 440 SKS (1995) (E952560)<br \/>\n            E952574 EURO 500 EFI SKS (1995) (E952574)<br \/>\n            E952857 EURO XLT TOURING (1995) (E952857)<br \/>\n            E962262 EURO TRAIL TOURING (1996) (E962262)<br \/>\n            E962564 EURO 500 CARB SKS (1996) (E962564)<br \/>\n            E962574 EURO 500 EFI SKS (1996) (E962574)<br \/>\n            E963357 EURO XLT TOURING (1996) (E963357)<br \/>\n            E963365 EURO CLASSIC TOURING (1996) (E963365)<br \/>\n            E963774 EURO 500 EFI (1996) (E963774)<br \/>\n            E972262 EURO TRAIL TOURING (1997) (E972262)<br \/>\n            E972564 EURO 500 SKS (1997) (E972564)<br \/>\n            E972761 EURO TRAIL (1997) (E972761)<br \/>\n            E972764 EURO 500 INDY (1997) (E972764)<br \/>\n            E973357 EURO XLT TOURING (1997) (E973357)<br \/>\n            E973365 EURO CLASSIC TOURING (1997) (E973365)<br \/>\n            E973756 EURO XLT LTD (1997) (E973756)<br \/>\n            E982362 EURO TRAIL TOURING (1998) (E982362)<br \/>\n            E982764 EURO 500 INDY (1998) (E982764)<br \/>\n            E982764A 500 (1998) (E982764A)<br \/>\n            E982964 EURO 500 RMK (1998) (E982964)<br \/>\n            E983365 EURO CLASSIC TOURING (1998) (E983365)<br \/>\n            E99SS5BU EURO TRAIL SKS (1999) (E99SS5BU)<br \/>\n            E99SS6DU EUROPEAN 600 SKS (1999) (E99SS6DU)<br \/>\n            E99SS7AU EUROPEAN 700 SKS (1999) (E99SS7AU)<br \/>\n            S00LD3AS INDY 340 DELUXE (2000) (S00LD3AS)<br \/>\n            S00LT3AS INDY 340 TOURING (2000) (S00LT3AS)<br \/>\n            S00ST4BS CLASSIC TOURING (2000) (S00ST4BS)<br \/>\n            S01LD3AS INDY 340 DELUXE (2001) (S01LD3AS)<\/p>","protected":false},"featured_media":26203,"comment_status":"open","ping_status":"closed","template":"","meta":{"_acf_changed":false},"demonterat-fordon":[],"fordons-typ":[641],"make":[636],"parts-filter":[934,884,880,671],"prod-typ":[715],"tillverkare":[865],"product_brand":[],"product_cat":[427],"product_tag":[],"class_list":{"0":"post-26415","1":"product","2":"type-product","3":"status-publish","4":"has-post-thumbnail","6":"fordons-typ-sno","7":"make-polaris","8":"parts-filter-evolved","9":"parts-filter-gen-ii","10":"parts-filter-indy-lite","11":"parts-filter-widetrak","12":"prod-typ-beg","13":"tillverkare-polaris","14":"product_cat-headlights","16":"first","17":"instock","18":"purchasable","19":"product-type-simple"},"acf":[],"_links":{"self":[{"href":"https:\/\/whitepowder.se\/en\/wp-json\/wp\/v2\/product\/26415","targetHints":{"allow":["GET"]}}],"collection":[{"href":"https:\/\/whitepowder.se\/en\/wp-json\/wp\/v2\/product"}],"about":[{"href":"https:\/\/whitepowder.se\/en\/wp-json\/wp\/v2\/types\/product"}],"replies":[{"embeddable":true,"href":"https:\/\/whitepowder.se\/en\/wp-json\/wp\/v2\/comments?post=26415"}],"wp:featuredmedia":[{"embeddable":true,"href":"https:\/\/whitepowder.se\/en\/wp-json\/wp\/v2\/media\/26203"}],"wp:attachment":[{"href":"https:\/\/whitepowder.se\/en\/wp-json\/wp\/v2\/media?parent=26415"}],"wp:term":[{"taxonomy":"demonterat-fordon","embeddable":true,"href":"https:\/\/whitepowder.se\/en\/wp-json\/wp\/v2\/demonterat-fordon?post=26415"},{"taxonomy":"fordons-typ","embeddable":true,"href":"https:\/\/whitepowder.se\/en\/wp-json\/wp\/v2\/fordons-typ?post=26415"},{"taxonomy":"make","embeddable":true,"href":"https:\/\/whitepowder.se\/en\/wp-json\/wp\/v2\/make?post=26415"},{"taxonomy":"parts-filter","embeddable":true,"href":"https:\/\/whitepowder.se\/en\/wp-json\/wp\/v2\/parts-filter?post=26415"},{"taxonomy":"prod-typ","embeddable":true,"href":"https:\/\/whitepowder.se\/en\/wp-json\/wp\/v2\/prod-typ?post=26415"},{"taxonomy":"tillverkare","embeddable":true,"href":"https:\/\/whitepowder.se\/en\/wp-json\/wp\/v2\/tillverkare?post=26415"},{"taxonomy":"product_brand","embeddable":true,"href":"https:\/\/whitepowder.se\/en\/wp-json\/wp\/v2\/product_brand?post=26415"},{"taxonomy":"product_cat","embeddable":true,"href":"https:\/\/whitepowder.se\/en\/wp-json\/wp\/v2\/product_cat?post=26415"},{"taxonomy":"product_tag","embeddable":true,"href":"https:\/\/whitepowder.se\/en\/wp-json\/wp\/v2\/product_tag?post=26415"}],"curies":[{"name":"wp","href":"https:\/\/api.w.org\/{rel}","templated":true}]}}