{"id":26457,"date":"2025-12-13T16:11:19","date_gmt":"2025-12-13T15:11:19","guid":{"rendered":"https:\/\/whitepowder.se\/?post_type=product&#038;p=26457"},"modified":"2025-12-13T16:11:19","modified_gmt":"2025-12-13T15:11:19","slug":"polaris-1380186-shaft","status":"publish","type":"product","link":"https:\/\/whitepowder.se\/en\/polaris-1380186-shaft\/","title":{"rendered":"Polaris 1380186 &#8211; shaft"},"content":{"rendered":"<p>Polaris 1380186 &#8211; shaft<\/p>\n<p>Shaft-drive,serv,neapco<br \/>\ntotall\u00e4ngd axel \u00e4nde till \u00e4nde 40.3cm<br \/>\nden korta axeltappen har 22st splines<br \/>\nden l\u00e5nga axel tappen har 22st splines<\/p>","protected":false},"excerpt":{"rendered":"<p>Polaris 1380186 Sitter Original p\u00e5 :<\/p>\n<p>A02CD50AA MAGNUM 500 (2002) (A02CD50AA)<\/p>\n<p>            A02CD50AB MAGNUM 500 RMK (2002) (A02CD50AB)<\/p>\n<p>            A02CD50FB 500 MAGNUM VL HDS (2002) (A02CD50FB)<\/p>\n<p>            A02CH68AA\/AB\/AC\/CA\/CB SPORTSMAN 700 (2002) (A02CH68AA\/AB\/AC\/CA\/CB)<\/p>\n<p>            A03CD32AA\/AB\/AC\/FB MAGNUM 330 4X4 (2003) (A03CD32AA\/AB\/AC\/FB)<\/p>\n<p>            A03CH59AA SPORTSMAN 600 (2003) (A03CH59AA)<\/p>\n<p>            A03CH68AA\/AC\/AF\/AH\/AL SPORTSMAN 700 (2003) (A03CH68AA\/AC\/AF\/AH\/AL)<\/p>","protected":false},"featured_media":26279,"comment_status":"open","ping_status":"closed","template":"","meta":{"_acf_changed":false},"demonterat-fordon":[],"fordons-typ":[642],"make":[636],"parts-filter":[680],"prod-typ":[716],"tillverkare":[865],"product_brand":[],"product_cat":[390],"product_tag":[],"class_list":{"0":"post-26457","1":"product","2":"type-product","3":"status-publish","4":"has-post-thumbnail","6":"fordons-typ-atv-utv","7":"make-polaris","8":"parts-filter-atv-utv-p","9":"prod-typ-nos","10":"tillverkare-polaris","11":"product_cat-front-prop-shaft","13":"first","14":"instock","15":"purchasable","16":"product-type-simple"},"acf":[],"_links":{"self":[{"href":"https:\/\/whitepowder.se\/en\/wp-json\/wp\/v2\/product\/26457","targetHints":{"allow":["GET"]}}],"collection":[{"href":"https:\/\/whitepowder.se\/en\/wp-json\/wp\/v2\/product"}],"about":[{"href":"https:\/\/whitepowder.se\/en\/wp-json\/wp\/v2\/types\/product"}],"replies":[{"embeddable":true,"href":"https:\/\/whitepowder.se\/en\/wp-json\/wp\/v2\/comments?post=26457"}],"wp:featuredmedia":[{"embeddable":true,"href":"https:\/\/whitepowder.se\/en\/wp-json\/wp\/v2\/media\/26279"}],"wp:attachment":[{"href":"https:\/\/whitepowder.se\/en\/wp-json\/wp\/v2\/media?parent=26457"}],"wp:term":[{"taxonomy":"demonterat-fordon","embeddable":true,"href":"https:\/\/whitepowder.se\/en\/wp-json\/wp\/v2\/demonterat-fordon?post=26457"},{"taxonomy":"fordons-typ","embeddable":true,"href":"https:\/\/whitepowder.se\/en\/wp-json\/wp\/v2\/fordons-typ?post=26457"},{"taxonomy":"make","embeddable":true,"href":"https:\/\/whitepowder.se\/en\/wp-json\/wp\/v2\/make?post=26457"},{"taxonomy":"parts-filter","embeddable":true,"href":"https:\/\/whitepowder.se\/en\/wp-json\/wp\/v2\/parts-filter?post=26457"},{"taxonomy":"prod-typ","embeddable":true,"href":"https:\/\/whitepowder.se\/en\/wp-json\/wp\/v2\/prod-typ?post=26457"},{"taxonomy":"tillverkare","embeddable":true,"href":"https:\/\/whitepowder.se\/en\/wp-json\/wp\/v2\/tillverkare?post=26457"},{"taxonomy":"product_brand","embeddable":true,"href":"https:\/\/whitepowder.se\/en\/wp-json\/wp\/v2\/product_brand?post=26457"},{"taxonomy":"product_cat","embeddable":true,"href":"https:\/\/whitepowder.se\/en\/wp-json\/wp\/v2\/product_cat?post=26457"},{"taxonomy":"product_tag","embeddable":true,"href":"https:\/\/whitepowder.se\/en\/wp-json\/wp\/v2\/product_tag?post=26457"}],"curies":[{"name":"wp","href":"https:\/\/api.w.org\/{rel}","templated":true}]}}