{"id":27405,"date":"2026-02-07T17:36:33","date_gmt":"2026-02-07T16:36:33","guid":{"rendered":"https:\/\/whitepowder.se\/?post_type=product&#038;p=27405"},"modified":"2026-02-23T13:47:35","modified_gmt":"2026-02-23T12:47:35","slug":"polaris-1208673-spjallhus-50mm","status":"publish","type":"product","link":"https:\/\/whitepowder.se\/en\/polaris-1208673-spjallhus-50mm\/","title":{"rendered":"Polaris 1208673 &#8211; Spj\u00e4llhus , 50mm"},"content":{"rendered":"<p>Polaris 1208673 &#8211; Spj\u00e4llhus , 50mm<\/p>\n<p>Asm-throttle body,50mm<\/p>\n<p>medf\u00f6ljer tps<\/p>\n<p>OBS Partnumbret \u00e4r ett Assembely nummer och anv\u00e4nds fr\u00e4mst som s\u00f6kv\u00e4g och f\u00f6r Fitment, Kolla p\u00e5 bilderna f\u00f6r att se vad som ing\u00e5r.<\/p>","protected":false},"excerpt":{"rendered":"<p>Polaris 1208673 Sitter Original p\u00e5 :<\/p>\n<p>POLARIS 2022 850 INDY ADVENTURE 137 ALL OPTIONS R01 S22TDE8RS FUEL SYSTEM RAIL LINES AND THROTTLE BODY S22TDE8RS ALL OPTIONS C601872<br \/>\npolaris 850 indy adventure 137 all options r01 s22tde8rs -2022<br \/>\nPOLARIS 2022 850 INDY VR1 137 INTL R01 S22TDV8RS 8RE FUEL SYSTEM RAIL LINES AND THROTTLE BODY S22TDV8RS 8RE ALL OPTIONS C601872<br \/>\npolaris 850 indy vr1 137 intl r01 s22tdv8rs 8re -2022<br \/>\nPOLARIS 2022 850 INDY XCR 128 INTL R01 S22TKL8RS 8RE FUEL SYSTEM RAIL LINES AND THROTTLE BODY S22TKL8RS 8RE ALL OPTIONS C601872<br \/>\npolaris 850 indy xcr 128 intl r01 s22tkl8rs 8re -2022<br \/>\nPOLARIS 2022 850 INDY XCR 136 INTL R01 S22TDL8RS 8RE FUEL SYSTEM RAIL LINES AND THROTTLE BODY S22TDL8RS 8RE ALL OPTIONS C601872<br \/>\npolaris 850 indy xcr 136 intl r01 s22tdl8rs 8re -2022<br \/>\nPOLARIS 2022 850 MATRYX INDY VR1 129 ALL OPTIONS R01 S22TKV8RS FUEL SYSTEM RAIL LINES AND THROTTLE BODY S22TKV8RS ALL OPTIONS C601872<br \/>\npolaris 850 matryx indy vr1 129 all options r01 s22tkv8rs -2022<br \/>\nPOLARIS 2022 850 MATRYX INDY XC 129 ALL OPTIONS R01 S22TKP8RS FUEL SYSTEM RAIL LINES AND THROTTLE BODY S22TKP8RS ALL OPTIONS C601872<br \/>\npolaris 850 matryx indy xc 129 all options r01 s22tkp8rs -2022<br \/>\nPOLARIS 2022 850 MATRYX INDY XC 137 INTL R01 S22TDP8RS 8RE FUEL SYSTEM RAIL LINES AND THROTTLE BODY S22TDP8RS 8RE ALL OPTIONS C601872<br \/>\npolaris 850 matryx indy xc 137 intl r01 s22tdp8rs 8re -2022<br \/>\nPOLARIS 2022 850 MATRYX SWITCHBACK ASSAULT 146 INTL R01 S22TLC8RS 8RE FUEL SYSTEM RAIL LINES AND THROTTLE BODY S22TLC8RS 8RE ALL OPTIONS C601872<br \/>\npolaris 850 matryx switchback assault 146 intl r01 s22tlc8rs 8re -2022<br \/>\nPOLARIS 2022 850 RMK KHAOS 155 INTL R01 S22EFD8RS EFE8RS FUEL SYSTEM RAIL LINES AND THROTTLE BODY S22EFD8RS EFE8RS ALL OPTIONS C601736<br \/>\npolaris 850 rmk khaos 155 intl r01 s22efd8rs efe8rs -2022<br \/>\nPOLARIS 2022 850 RMK KHAOS 163 165 ALL OPTIONS R01 S22EGE8RS D8RS FUEL SYSTEM RAIL LINES AND THROTTLE BODY S22EGE8RS D8RS ALL OPTIONS C601736<br \/>\npolaris 850 rmk khaos 163 165 all options r01 s22ege8rs d8rs -2022<br \/>\nPOLARIS 2022 850 RMK KHAOS MATRYX 155 INTL R01 S22TFD8RS 8RE FUEL SYSTEM RAIL LINES AND THROTTLE BODY S22TFD8RS 8RE ALL OPTIONS C601991<br \/>\npolaris 850 rmk khaos matryx 155 intl r01 s22tfd8rs 8re -2022<br \/>\nPOLARIS 2022 850 RMK KHAOS MATRYX SLASH 146 INTL R01 S22TLG8RS 8RE FUEL SYSTEM RAIL LINES AND THROTTLE BODY S22TLG8RS 8RE ALL OPTIONS C601991<br \/>\npolaris 850 rmk khaos matryx slash 146 intl r01 s22tlg8rs 8re -2022<br \/>\nPOLARIS 2022 850 RMK KHAOS MATRYX SLASH 155 INTL R01 S22TFG8RS 8RE FUEL SYSTEM RAIL LINES AND THROTTLE BODY S22TFG8RS 8RE ALL OPTIONS C601991<br \/>\npolaris 850 rmk khaos matryx slash 155 intl r01 s22tfg8rs 8re -2022<br \/>\nPOLARIS 2022 850 RMK KHAOS MATRYX SLASH 165 163 R01 S22TGG8RS TGY8RS FUEL SYSTEM RAIL LINES AND THROTTLE BODY S22TGG8RS TGY8RS ALL OPTIONS C601991<br \/>\npolaris 850 rmk khaos matryx slash 165 163 r01 s22tgg8rs tgy8rs -2022<br \/>\nPOLARIS 2022 850 RMK KHAOS MATRYX SLASH 165 163 R02 S22TGG8RS TGY8RS FUEL SYSTEM RAIL LINES AND THROTTLE BODY S22TGG8RS TGY8RS ALL OPTIONS C601991<br \/>\npolaris 850 rmk khaos matryx slash 165 163 r02 s22tgg8rs tgy8rs -2022<br \/>\nPOLARIS 2022 850 RMK PRO 155 2 75 155 3 ALL OPTIONS R01 S22EFA8RS EFB8RS FUEL SYSTEM RAIL LINES AND THROTTLE BODY S22EFA8RS EFB8RS ALL OPTIONS C601736<br \/>\npolaris 850 rmk pro 155 2 75 155 3 all options r01 s22efa8rs efb8rs -2022<br \/>\nPOLARIS 2022 850 RMK PRO 163 165 ALL OPTIONS R01 S22EGB8RS EGA8RS FUEL SYSTEM RAIL LINES AND THROTTLE BODY S22EGB8RS EGA8RS ALL OPTIONS C601736<br \/>\npolaris 850 rmk pro 163 165 all options r01 s22egb8rs ega8rs -2022<br \/>\nPOLARIS 2022 850 RMK PRO MATRYX 155 INTL R01 S22TFK8RS 8RE FUEL SYSTEM RAIL LINES AND THROTTLE BODY S22TFK8RS 8RE ALL OPTIONS C601991<br \/>\npolaris 850 rmk pro matryx 155 intl r01 s22tfk8rs 8re -2022<br \/>\nPOLARIS 2022 850 RMK PRO MATRYX 155 INTL R02 S22TFK8RS 8RE FUEL SYSTEM RAIL LINES AND THROTTLE BODY S22TFK8RS 8RE ALL OPTIONS C601991<br \/>\npolaris 850 rmk pro matryx 155 intl r02 s22tfk8rs 8re -2022<br \/>\nPOLARIS 2022 850 RMK PRO MATRYX SLASH 155 INTL ALL OPTIONS R01 S22TFM8RS 8RE TFW8RS 8RE FUEL SYSTEM RAIL LINES AND THROTTLE BODY S22TFM8RS 8RE TFW8RS 8RE ALL OPTIONS C601991<br \/>\npolaris 850 rmk pro matryx slash 155 intl all options r01 s22tfm8rs 8re tfw8rs 8re -2022<br \/>\nPOLARIS 2022 850 RMK PRO MATRYX SLASH 163 165 INTL R01 S22TGW8RS 8RE TGM8RS 8RE FUEL SYSTEM RAIL LINES AND THROTTLE BODY S22TGW8RS 8RE TGM8RS 8RE ALL OPTIONS C601991<br \/>\npolaris 850 rmk pro matryx slash 163 165 intl r01 s22tgw8rs 8re tgm8rs 8re -2022<br \/>\nPOLARIS 2022 850 RMK PRO MATRYX SLASH 163 165 INTL S22TGW8RS 8RE TGM8RS 8RE FUEL SYSTEM RAIL LINES AND THROTTLE BODY S22TGW8RS 8RE TGM8RS 8RE ALL OPTIONS C601991<br \/>\npolaris 850 rmk pro matryx slash 163 165 intl s22tgw8rs 8re tgm8rs 8re -2022<br \/>\nPOLARIS 2023 850 INDY ADVENTURE 137 ALL OPTIONS R01 S23TDE8RS FUEL SYSTEM RAIL LINES AND THROTTLE BODY S23TDE8RS C601872<br \/>\npolaris 850 indy adventure 137 all options r01 s23tde8rs -2023<br \/>\nPOLARIS 2023 850 INDY VR1 129 ALL OPTIONS R01 S23TKV8RS FUEL SYSTEM RAIL LINES AND THROTTLE BODY S23TKV8RS C601872<br \/>\npolaris 850 indy vr1 129 all options r01 s23tkv8rs -2023<br \/>\nPOLARIS 2023 850 INDY VR1 137 INTL ALL OPTIONS R01 S23TDV8RS 8RE FUEL SYSTEM RAIL LINES AND THROTTLE BODY S23TDV8RS 8RE C601872<br \/>\npolaris 850 indy vr1 137 intl all options r01 s23tdv8rs 8re -2023<br \/>\nPOLARIS 2023 850 INDY XC 129 ALL OPTIONS R01 S23TKP8RS FUEL SYSTEM RAIL LINES AND THROTTLE BODY S23TKP8RS C601872<br \/>\npolaris 850 indy xc 129 all options r01 s23tkp8rs -2023<br \/>\nPOLARIS 2023 850 INDY XC 137 ALL OPTIONS R01 S23TDP8RS FUEL SYSTEM RAIL LINES AND THROTTLE BODY S23TDP8RS C601872<br \/>\npolaris 850 indy xc 137 all options r01 s23tdp8rs -2023<br \/>\nPOLARIS 2023 850 INDY XCR 128 ALL OPTIONS R01 S23TKL8RS FUEL SYSTEM RAIL LINES AND THROTTLE BODY S23TKL8RS C601872<br \/>\npolaris 850 indy xcr 128 all options r01 s23tkl8rs -2023<br \/>\nPOLARIS 2023 850 INDY XCR 136 INTL ALL OPTIONS R01 S23TDL8RS 8RE FUEL SYSTEM RAIL LINES AND THROTTLE BODY S23TDL8RS 8RE C601872<br \/>\npolaris 850 indy xcr 136 intl all options r01 s23tdl8rs 8re -2023<br \/>\nPOLARIS 2023 850 RMK KHAOS 146 SLASH SLASH INTL ALL OPTIONS R01 S23TLG8RS 8RE FUEL SYSTEM RAIL LINES AND THROTTLE BODY S23TLG8RS 8RE C601991<br \/>\npolaris 850 rmk khaos 146 slash slash intl all options r01 s23tlg8rs 8re -2023<br \/>\nPOLARIS 2023 850 RMK KHAOS 155 INTL ALL OPTIONS R01 S23TFD8RS 8RE FUEL SYSTEM RAIL LINES AND THROTTLE BODY S23TFD8RS 8RE C601991<br \/>\npolaris 850 rmk khaos 155 intl all options r01 s23tfd8rs 8re -2023<br \/>\nPOLARIS 2023 850 RMK KHAOS SLASH 155 INTL ALL OPTIONS R01 S23TFG8RS 8RE FUEL SYSTEM RAIL LINES AND THROTTLE BODY S23TFG8RS 8RE C601991<br \/>\npolaris 850 rmk khaos slash 155 intl all options r01 s23tfg8rs 8re -2023<br \/>\nPOLARIS 2023 850 RMK KHAOS SLASH 165 163 ALL OPTIONS R02 S23TGG8RS TGY8RS FUEL SYSTEM RAIL LINES AND THROTTLE BODY S23TGG8RS TGY8RS C601991<br \/>\npolaris 850 rmk khaos slash 165 163 all options r02 s23tgg8rs tgy8rs -2023<br \/>\nPOLARIS 2023 850 RMK PRO 155 ALL OPTIONS R01 S23TFK8RS FUEL SYSTEM RAIL LINES AND THROTTLE BODY S23TFK8RS C601991<br \/>\npolaris 850 rmk pro 155 all options r01 s23tfk8rs -2023<br \/>\nPOLARIS 2023 850 RMK PRO SLASH 155 ALL OPTIONS R02 S23TFM8RS FUEL SYSTEM RAIL LINES AND THROTTLE BODY S23TFM8RS C601991<br \/>\npolaris 850 rmk pro slash 155 all options r02 s23tfm8rs -2023<br \/>\nPOLARIS 2023 850 RMK PRO SLASH 163 165 ALL OPTIONS R01 S23TGW8RS TGM8RS FUEL SYSTEM RAIL LINES AND THROTTLE BODY S23TGW8RS TGM8RS C601991<br \/>\npolaris 850 rmk pro slash 163 165 all options r01 s23tgw8rs tgm8rs -2023<br \/>\nPOLARIS 2023 850 SWITCHBACK ASSAULT 146 INTL ALL OPTIONS R01 S23TLC8RS 8RE FUEL SYSTEM RAIL LINES AND THROTTLE BODY S23TLC8RS 8RE C601872<br \/>\npolaris 850 switchback assault 146 intl all options r01 s23tlc8rs 8re -2023<br \/>\nPOLARIS 2024 850 INDY VR1 137 INTL ALL OPTIONS S24TDV8RS 8RE FUEL SYSTEM RAIL LINES AND THROTTLE BODY S24TDV8RS 8RE C601872<br \/>\npolaris 850 indy vr1 137 intl all options s24tdv8rs 8re -2024<br \/>\nPOLARIS 2024 850 INDY XC 129 ALL OPTIONS S24TKP8RS FUEL SYSTEM RAIL LINES AND THROTTLE BODY S24TKP8RS C601872<br \/>\npolaris 850 indy xc 129 all options s24tkp8rs -2024<br \/>\nPOLARIS 2024 850 INDY XC 137 ALL OPTIONS S24TDP8RS FUEL SYSTEM RAIL LINES AND THROTTLE BODY S24TDP8RS C601872<br \/>\npolaris 850 indy xc 137 all options s24tdp8rs -2024<br \/>\nPOLARIS 2024 850 INDY XCR 128 ALL OPTIONS S24TKL8RS FUEL SYSTEM RAIL LINES AND THROTTLE BODY S24TKL8RS C601872<br \/>\npolaris 850 indy xcr 128 all options s24tkl8rs -2024<br \/>\nPOLARIS 2024 850 INDY XCR 136 ALL OPTIONS S24TDL8RS FUEL SYSTEM RAIL LINES AND THROTTLE BODY S24TDL8RS C601872<br \/>\npolaris 850 indy xcr 136 all options s24tdl8rs -2024<br \/>\nPOLARIS 2024 850 RMK KHAOS 155 INT L ALL OPTIONS S24TFD8RS 8RE FUEL SYSTEM RAIL LINES AND THROTTLE BODY S24TFD8RS 8RE C601991<br \/>\npolaris 850 rmk khaos 155 int l all options s24tfd8rs 8re -2024<br \/>\nPOLARIS 2024 850 RMK KHAOS SLASH 155 INTL ALL OPTIONS S24TFG8RS 8RE FUEL SYSTEM RAIL LINES AND THROTTLE BODY S24TFG8RS 8RE C601991<br \/>\npolaris 850 rmk khaos slash 155 intl all options s24tfg8rs 8re -2024<br \/>\nPOLARIS 2024 850 RMK KHAOS SLASH 165 ALL OPTIONS S24TGG8RS FUEL SYSTEM RAIL LINES AND THROTTLE BODY S24TGG8RS C601991<br \/>\npolaris 850 rmk khaos slash 165 all options s24tgg8rs -2024<br \/>\nPOLARIS 2024 850 RMK PRO 155 ALL OPTIONS S24TFK8RS FUEL SYSTEM RAIL LINES AND THROTTLE BODY S24TFK8RS C601991<br \/>\npolaris 850 rmk pro 155 all options s24tfk8rs -2024<br \/>\nPOLARIS 2024 850 RMK PRO 155 SLASH S24TFM8RS FUEL SYSTEM RAIL LINES AND THROTTLE BODY S24TFM8RS C601991<br \/>\npolaris 850 rmk pro 155 slash s24tfm8rs -2024<br \/>\nPOLARIS 2024 850 RMK PRO SLASH 165 ALL OPTIONS S24TGM8RS FUEL SYSTEM RAIL LINES AND THROTTLE BODY S24TGM8RS C601991<br \/>\npolaris 850 rmk pro slash 165 all options s24tgm8rs -2024<\/p>","protected":false},"featured_media":27388,"comment_status":"open","ping_status":"closed","template":"","meta":{"_acf_changed":false},"demonterat-fordon":[],"fordons-typ":[641],"make":[636],"parts-filter":[950],"prod-typ":[715],"tillverkare":[865],"product_brand":[],"product_cat":[443,1053],"product_tag":[],"class_list":{"0":"post-27405","1":"product","2":"type-product","3":"status-publish","4":"has-post-thumbnail","6":"fordons-typ-sno","7":"make-polaris","8":"parts-filter-matryx","9":"prod-typ-beg","10":"tillverkare-polaris","11":"product_cat-carburetor","12":"product_cat-tps","14":"first","15":"instock","16":"purchasable","17":"product-type-simple"},"acf":[],"_links":{"self":[{"href":"https:\/\/whitepowder.se\/en\/wp-json\/wp\/v2\/product\/27405","targetHints":{"allow":["GET"]}}],"collection":[{"href":"https:\/\/whitepowder.se\/en\/wp-json\/wp\/v2\/product"}],"about":[{"href":"https:\/\/whitepowder.se\/en\/wp-json\/wp\/v2\/types\/product"}],"replies":[{"embeddable":true,"href":"https:\/\/whitepowder.se\/en\/wp-json\/wp\/v2\/comments?post=27405"}],"wp:featuredmedia":[{"embeddable":true,"href":"https:\/\/whitepowder.se\/en\/wp-json\/wp\/v2\/media\/27388"}],"wp:attachment":[{"href":"https:\/\/whitepowder.se\/en\/wp-json\/wp\/v2\/media?parent=27405"}],"wp:term":[{"taxonomy":"demonterat-fordon","embeddable":true,"href":"https:\/\/whitepowder.se\/en\/wp-json\/wp\/v2\/demonterat-fordon?post=27405"},{"taxonomy":"fordons-typ","embeddable":true,"href":"https:\/\/whitepowder.se\/en\/wp-json\/wp\/v2\/fordons-typ?post=27405"},{"taxonomy":"make","embeddable":true,"href":"https:\/\/whitepowder.se\/en\/wp-json\/wp\/v2\/make?post=27405"},{"taxonomy":"parts-filter","embeddable":true,"href":"https:\/\/whitepowder.se\/en\/wp-json\/wp\/v2\/parts-filter?post=27405"},{"taxonomy":"prod-typ","embeddable":true,"href":"https:\/\/whitepowder.se\/en\/wp-json\/wp\/v2\/prod-typ?post=27405"},{"taxonomy":"tillverkare","embeddable":true,"href":"https:\/\/whitepowder.se\/en\/wp-json\/wp\/v2\/tillverkare?post=27405"},{"taxonomy":"product_brand","embeddable":true,"href":"https:\/\/whitepowder.se\/en\/wp-json\/wp\/v2\/product_brand?post=27405"},{"taxonomy":"product_cat","embeddable":true,"href":"https:\/\/whitepowder.se\/en\/wp-json\/wp\/v2\/product_cat?post=27405"},{"taxonomy":"product_tag","embeddable":true,"href":"https:\/\/whitepowder.se\/en\/wp-json\/wp\/v2\/product_tag?post=27405"}],"curies":[{"name":"wp","href":"https:\/\/api.w.org\/{rel}","templated":true}]}}