{"id":27410,"date":"2026-02-07T17:36:30","date_gmt":"2026-02-07T16:36:30","guid":{"rendered":"https:\/\/whitepowder.se\/?post_type=product&#038;p=27410"},"modified":"2026-02-23T13:47:59","modified_gmt":"2026-02-23T12:47:59","slug":"polaris-1336949-sekundar-axel","status":"publish","type":"product","link":"https:\/\/whitepowder.se\/en\/polaris-1336949-sekundar-axel\/","title":{"rendered":"Polaris 1336949 &#8211; Sekund\u00e4r axel"},"content":{"rendered":"<p>Polaris 1336949 &#8211; Sekund\u00e4r axel<\/p>\n<p>15 splines b\u00e5da sidor<br \/>\nL\u00e4ngd axel ende till ende: 62.15cm<\/p>\n<p>ASM-JACKSHAFT:n l: BRG\/DEF 15\/21 SP [INCL. 3,4]<\/p>\n<p>* Anm\u00e4rkning: G\u00e4ngor bulth\u00e5l kedjehus sida d\u00e5liga beh\u00f6vs \u00e5tg\u00e4rdas,.<br \/>\nlager k\u00f6nns ok<\/p>","protected":false},"excerpt":{"rendered":"<p>Polaris 1336949 Sitter Original p\u00e5 :<\/p>\n<p>POLARIS 2022 600 INDY SP 129 ES R01 S22EKB6PSL DRIVE TRAIN JACKSHAFT AND DRIVESHAFT S22EKB6PSL 600542<br \/>\npolaris 600 indy sp 129 es r01 s22ekb6psl -2022<br \/>\nPOLARIS 2022 600 INDY SP 137 ES R01 S22EDB6PSL DRIVE TRAIN JACKSHAFT AND DRIVESHAFT S22EDB6PSL 600542<br \/>\npolaris 600 indy sp 137 es r01 s22edb6psl -2022<br \/>\nPOLARIS 2022 600 RMK 144 ES R01 S22EEG6PSL DRIVE TRAIN JACKSHAFT AND DRIVESHAFT S22EEG6PSL 600766<br \/>\npolaris 600 rmk 144 es r01 s22eeg6psl -2022<br \/>\nPOLARIS 2022 650 INDY ADVENTURE 137 ALL OPTIONS R02 S22TDE6RS DRIVE TRAIN JACKSHAFT AND DRIVESHAFT S22TDE6RS ALL OPTIONS 601073C<br \/>\npolaris 650 indy adventure 137 all options r02 s22tde6rs -2022<br \/>\nPOLARIS 2022 650 INDY VR1 137 INTL R02 S22TDV6RS 6RE DRIVE TRAIN JACKSHAFT AND DRIVESHAFT S22TDV6RS 6RE ALL OPTIONS 601073C<br \/>\npolaris 650 indy vr1 137 intl r02 s22tdv6rs 6re -2022<br \/>\nPOLARIS 2022 650 MATRYX INDY VR1 129 ALL OPTIONS R01 S22TKV6RS DRIVE TRAIN JACKSHAFT AND DRIVESHAFT S22TKV6RS ALL OPTIONS 601073C<br \/>\npolaris 650 matryx indy vr1 129 all options r01 s22tkv6rs -2022<br \/>\nPOLARIS 2022 650 MATRYX INDY XC 129 ALL OPTIONS R01 S22TKP6RS DRIVE TRAIN JACKSHAFT AND DRIVESHAFT S22TKP6RS ALL OPTIONS 601073C<br \/>\npolaris 650 matryx indy xc 129 all options r01 s22tkp6rs -2022<br \/>\nPOLARIS 2022 650 MATRYX INDY XC 137 INTL R01 S22TDP6RS 6RE DRIVE TRAIN JACKSHAFT AND DRIVESHAFT S22TDP6RS 6RE ALL OPTIONS 601073C<br \/>\npolaris 650 matryx indy xc 137 intl r01 s22tdp6rs 6re -2022<br \/>\nPOLARIS 2022 650 MATRYX SWITCHBACK ASSAULT 146 INTL R01 S22TLC6RS 6RE DRIVE TRAIN JACKSHAFT AND DRIVESHAFT S22TLC6RS 6RE ALL OPTIONS 601073C<br \/>\npolaris 650 matryx switchback assault 146 intl r01 s22tlc6rs 6re -2022<br \/>\nPOLARIS 2022 650 MATRYX VOYAGEUR 146 INTL R01 S22TLF6RSL 6REL DRIVE TRAIN JACKSHAFT AND DRIVESHAFT S22TLF6RSL 6REL 601073C<br \/>\npolaris 650 matryx voyageur 146 intl r01 s22tlf6rsl 6rel -2022<br \/>\nPOLARIS 2022 650 NORDICPRO 146 ES INTL R01 S22TLT6REL DRIVE TRAIN JACKSHAFT AND DRIVESHAFT S22TLT6REL 601073C<br \/>\npolaris 650 nordicpro 146 es intl r01 s22tlt6rel -2022<br \/>\nPOLARIS 2022 850 INDY ADVENTURE 137 ALL OPTIONS R01 S22TDE8RS DRIVE TRAIN JACKSHAFT AND DRIVESHAFT S22TDE8RS ALL OPTIONS 601073C<br \/>\npolaris 850 indy adventure 137 all options r01 s22tde8rs -2022<br \/>\nPOLARIS 2022 850 INDY VR1 137 INTL R01 S22TDV8RS 8RE DRIVE TRAIN JACKSHAFT AND DRIVESHAFT S22TDV8RS 8RE ALL OPTIONS 601073C<br \/>\npolaris 850 indy vr1 137 intl r01 s22tdv8rs 8re -2022<br \/>\nPOLARIS 2022 850 MATRYX INDY VR1 129 ALL OPTIONS R01 S22TKV8RS DRIVE TRAIN JACKSHAFT AND DRIVESHAFT S22TKV8RS ALL OPTIONS 601073C<br \/>\npolaris 850 matryx indy vr1 129 all options r01 s22tkv8rs -2022<br \/>\nPOLARIS 2022 850 MATRYX INDY XC 129 ALL OPTIONS R01 S22TKP8RS DRIVE TRAIN JACKSHAFT AND DRIVESHAFT S22TKP8RS ALL OPTIONS 601073C<br \/>\npolaris 850 matryx indy xc 129 all options r01 s22tkp8rs -2022<br \/>\nPOLARIS 2022 850 MATRYX INDY XC 137 INTL R01 S22TDP8RS 8RE DRIVE TRAIN JACKSHAFT AND DRIVESHAFT S22TDP8RS 8RE ALL OPTIONS 601073C<br \/>\npolaris 850 matryx indy xc 137 intl r01 s22tdp8rs 8re -2022<br \/>\nPOLARIS 2022 850 MATRYX SWITCHBACK ASSAULT 146 INTL R01 S22TLC8RS 8RE DRIVE TRAIN JACKSHAFT AND DRIVESHAFT S22TLC8RS 8RE ALL OPTIONS 601073C<br \/>\npolaris 850 matryx switchback assault 146 intl r01 s22tlc8rs 8re -2022<br \/>\nPOLARIS 2023 650 INDY VR1 129 ALL OPTIONS R01 S23TKV6RS DRIVE TRAIN JACKSHAFT AND DRIVESHAFT S23TKV6RS 601073C<br \/>\npolaris 650 indy vr1 129 all options r01 s23tkv6rs -2023<br \/>\nPOLARIS 2023 650 INDY VR1 137 ALL OPTIONS R01 S23TDV6RS DRIVE TRAIN JACKSHAFT AND DRIVESHAFT S23TDV6RS 601073C<br \/>\npolaris 650 indy vr1 137 all options r01 s23tdv6rs -2023<br \/>\nPOLARIS 2023 650 INDY XC 137 ALL OPTIONS R01 S23TDP6RS DRIVE TRAIN JACKSHAFT AND DRIVESHAFT S23TDP6RS 601073C<br \/>\npolaris 650 indy xc 137 all options r01 s23tdp6rs -2023<br \/>\nPOLARIS 2023 650 SWITCHBACK ASSAULT 146 INTL ALL OPTIONS R01 S23TLC6RS 6RE DRIVE TRAIN JACKSHAFT AND DRIVESHAFT S23TLC6RS 6RE 601073C<br \/>\npolaris 650 switchback assault 146 intl all options r01 s23tlc6rs 6re -2023<br \/>\nPOLARIS 2023 850 INDY VR1 129 ALL OPTIONS R01 S23TKV8RS DRIVE TRAIN JACKSHAFT AND DRIVESHAFT S23TKV8RS 601073C<br \/>\npolaris 850 indy vr1 129 all options r01 s23tkv8rs -2023<br \/>\nPOLARIS 2023 850 INDY VR1 137 INTL ALL OPTIONS R01 S23TDV8RS 8RE DRIVE TRAIN JACKSHAFT AND DRIVESHAFT S23TDV8RS 8RE 601073C<br \/>\npolaris 850 indy vr1 137 intl all options r01 s23tdv8rs 8re -2023<br \/>\nPOLARIS 2023 850 SWITCHBACK ASSAULT 146 INTL ALL OPTIONS R01 S23TLC8RS 8RE DRIVE TRAIN JACKSHAFT AND DRIVESHAFT S23TLC8RS 8RE 601073C<br \/>\npolaris 850 switchback assault 146 intl all options r01 s23tlc8rs 8re -2023<br \/>\nPOLARIS 2023 PATRIOT BOOST INDY VR1 129 ALL OPTIONS R01 S23TKV8MS DRIVE TRAIN JACKSHAFT AND DRIVESHAFT S23TKV8MS 601073C<br \/>\npolaris patriot boost indy vr1 129 all options r01 s23tkv8ms -2023<br \/>\nPOLARIS 2023 PATRIOT BOOST INDY VR1 137 INTL ALL OPTIONS R02 S23TDV8MS 8ME DRIVE TRAIN JACKSHAFT AND DRIVESHAFT S23TDV8MS 8ME 601073C<br \/>\npolaris patriot boost indy vr1 137 intl all options r02 s23tdv8ms 8me -2023<br \/>\nPOLARIS 2023 PATRIOT BOOST SWITCHBACK ASSAULT 146 INTL ALL OPTIONS R01 S23TLC8MS 8ME DRIVE TRAIN JACKSHAFT AND DRIVESHAFT S23TLC8MS 8ME 601073C<br \/>\npolaris patriot boost switchback assault 146 intl all options r01 s23tlc8ms 8me -2023<br \/>\nPOLARIS 2024 650 INDY VR1 137 INT L ALL OPTIONS S24TDV6RS 6RE DRIVE TRAIN JACKSHAFT AND DRIVESHAFT S24TDV6RS 6RE 601073C<br \/>\npolaris 650 indy vr1 137 int l all options s24tdv6rs 6re -2024<br \/>\nPOLARIS 2024 650 SWITCHBACK ASSAULT 146 INT L ALL OPTIONS S24TLC6RS 6RE DRIVE TRAIN JACKSHAFT AND DRIVESHAFT S24TLC6RS 6RE 601073C<br \/>\npolaris 650 switchback assault 146 int l all options s24tlc6rs 6re -2024<br \/>\nPOLARIS 2024 850 INDY VR1 137 INTL ALL OPTIONS S24TDV8RS 8RE DRIVE TRAIN JACKSHAFT AND DRIVESHAFT S24TDV8RS 8RE 601073C<br \/>\npolaris 850 indy vr1 137 intl all options s24tdv8rs 8re -2024<br \/>\nPOLARIS 2024 850 SWITCHBACK ASSAULT 146 INT L ALL OPTIONS S24TLC8RS 8RE DRIVE TRAIN JACKSHAFT AND DRIVESHAFT S24TLC8RS 8RE 601073C<br \/>\npolaris 850 switchback assault 146 int l all options s24tlc8rs 8re -2024<br \/>\nPOLARIS 2024 PATRIOT BOOST INDY VR1 137 INT L ALL OPTIONS S24TDV8MS 8ME DRIVE TRAIN JACKSHAFT AND DRIVESHAFT S24TDV8MS 8ME 601073C<br \/>\npolaris patriot boost indy vr1 137 int l all options s24tdv8ms 8me -2024<br \/>\nPOLARIS 2024 PATRIOT BOOST SWITCHBACK ASSAULT 146 INTL ALL OPTIONS S24TLC8MS 8ME DRIVE TRAIN JACKSHAFT AND DRIVESHAFT S24TLC8MS 8ME 601073C<br \/>\npolaris patriot boost switchback assault 146 intl all options s24tlc8ms 8me -2024<br \/>\nPOLARIS 2025 650 INDY VR1 137 ALL OPTIONS S25TDV6RS DRIVE TRAIN JACKSHAFT AND DRIVESHAFT S25TDV6RS<br \/>\npolaris 650 indy vr1 137 all options s25tdv6rs -2025<br \/>\nPOLARIS 2025 650 INDY VR1 137 ALL OPTIONS S25TDV6RS DRIVE TRAIN JACKSHAFT AND DRIVESHAFT S25TDV6RS 601073C<br \/>\npolaris 650 indy vr1 137 all options s25tdv6rs -2025<br \/>\nPOLARIS 2025 650 INDY VR1 DYNAMIX 137 INTL ALL OPTIONS S25TD6REL DRIVE TRAIN JACKSHAFT AND DRIVESHAFT S25TDZ6RS REL<br \/>\npolaris 650 indy vr1 dynamix 137 intl all options s25td6rel -2025<br \/>\nPOLARIS 2025 650 INDY VR1 DYNAMIX 137 INTL ALL OPTIONS S25TDZ6RS DRIVE TRAIN JACKSHAFT AND DRIVESHAFT S25TDZ6RS REL<br \/>\npolaris 650 indy vr1 dynamix 137 intl all options s25tdz6rs -2025<br \/>\nPOLARIS 2025 650 SWITCHBACK ASSAULT 146 ALL OPTIONS S25TLC6RS DRIVE TRAIN JACKSHAFT AND DRIVESHAFT S25TLC6RS 601073C<br \/>\npolaris 650 switchback assault 146 all options s25tlc6rs -2025<br \/>\nPOLARIS 2025 650 SWITCHBACK ASSAULT 146 INTL ALL OPTIONS S25TLC6RS DRIVE TRAIN JACKSHAFT AND DRIVESHAFT S25TLC6RS 6REL<br \/>\npolaris 650 switchback assault 146 intl all options s25tlc6rs -2025<br \/>\nPOLARIS 2025 850 INDY VR1 137 ALL OPTIONS S25TDV8RS DRIVE TRAIN JACKSHAFT AND DRIVESHAFT S25TDV8RS<br \/>\npolaris 850 indy vr1 137 all options s25tdv8rs -2025<br \/>\nPOLARIS 2025 850 INDY VR1 137 ALL OPTIONS S25TDV8RS DRIVE TRAIN JACKSHAFT AND DRIVESHAFT S25TDV8RS 601073C<br \/>\npolaris 850 indy vr1 137 all options s25tdv8rs -2025<br \/>\nPOLARIS 2025 850 INDY VR1 DYNAMIX 137 INTL ALL OPTIONS S25TD8REL DRIVE TRAIN JACKSHAFT AND DRIVESHAFT S25TDZ8RS REL<br \/>\npolaris 850 indy vr1 dynamix 137 intl all options s25td8rel -2025<br \/>\nPOLARIS 2025 850 INDY VR1 DYNAMIX 137 INTL ALL OPTIONS S25TDZ8RS DRIVE TRAIN JACKSHAFT AND DRIVESHAFT S25TDZ8RS REL<br \/>\npolaris 850 indy vr1 dynamix 137 intl all options s25tdz8rs -2025<br \/>\nPOLARIS 2025 850 SWITCHBACK ASSAULT 146 ALL OPTIONS S25TLC8RS DRIVE TRAIN JACKSHAFT AND DRIVESHAFT S25TLC8RS 601073C<br \/>\npolaris 850 switchback assault 146 all options s25tlc8rs -2025<br \/>\nPOLARIS 2025 PATRIOT BOOST INDY VR1 137 ALL OPTIONS S25TDV8MS DRIVE TRAIN JACKSHAFT AND DRIVESHAFT S25TDV8MS<br \/>\npolaris patriot boost indy vr1 137 all options s25tdv8ms -2025<br \/>\nPOLARIS 2025 PATRIOT BOOST INDY VR1 DYNAMIX 137 INTL ALL OPTIONS S25TD8MEL DRIVE TRAIN JACKSHAFT AND DRIVESHAFT S25TDZ8MS MEL<br \/>\npolaris patriot boost indy vr1 dynamix 137 intl all options s25td8mel -2025<br \/>\nPOLARIS 2025 PATRIOT BOOST INDY VR1 DYNAMIX 137 INTL ALL OPTIONS S25TDZ8MS DRIVE TRAIN JACKSHAFT AND DRIVESHAFT S25TDZ8MS MEL<br \/>\npolaris patriot boost indy vr1 dynamix 137 intl all options s25tdz8ms -2025<\/p>","protected":false},"featured_media":27367,"comment_status":"open","ping_status":"closed","template":"","meta":{"_acf_changed":false},"demonterat-fordon":[],"fordons-typ":[641],"make":[636],"parts-filter":[950],"prod-typ":[715],"tillverkare":[865],"product_brand":[],"product_cat":[587],"product_tag":[],"class_list":{"0":"post-27410","1":"product","2":"type-product","3":"status-publish","4":"has-post-thumbnail","6":"fordons-typ-sno","7":"make-polaris","8":"parts-filter-matryx","9":"prod-typ-beg","10":"tillverkare-polaris","11":"product_cat-secondary-drive-shaft","13":"first","14":"instock","15":"purchasable","16":"product-type-simple"},"acf":[],"_links":{"self":[{"href":"https:\/\/whitepowder.se\/en\/wp-json\/wp\/v2\/product\/27410","targetHints":{"allow":["GET"]}}],"collection":[{"href":"https:\/\/whitepowder.se\/en\/wp-json\/wp\/v2\/product"}],"about":[{"href":"https:\/\/whitepowder.se\/en\/wp-json\/wp\/v2\/types\/product"}],"replies":[{"embeddable":true,"href":"https:\/\/whitepowder.se\/en\/wp-json\/wp\/v2\/comments?post=27410"}],"wp:featuredmedia":[{"embeddable":true,"href":"https:\/\/whitepowder.se\/en\/wp-json\/wp\/v2\/media\/27367"}],"wp:attachment":[{"href":"https:\/\/whitepowder.se\/en\/wp-json\/wp\/v2\/media?parent=27410"}],"wp:term":[{"taxonomy":"demonterat-fordon","embeddable":true,"href":"https:\/\/whitepowder.se\/en\/wp-json\/wp\/v2\/demonterat-fordon?post=27410"},{"taxonomy":"fordons-typ","embeddable":true,"href":"https:\/\/whitepowder.se\/en\/wp-json\/wp\/v2\/fordons-typ?post=27410"},{"taxonomy":"make","embeddable":true,"href":"https:\/\/whitepowder.se\/en\/wp-json\/wp\/v2\/make?post=27410"},{"taxonomy":"parts-filter","embeddable":true,"href":"https:\/\/whitepowder.se\/en\/wp-json\/wp\/v2\/parts-filter?post=27410"},{"taxonomy":"prod-typ","embeddable":true,"href":"https:\/\/whitepowder.se\/en\/wp-json\/wp\/v2\/prod-typ?post=27410"},{"taxonomy":"tillverkare","embeddable":true,"href":"https:\/\/whitepowder.se\/en\/wp-json\/wp\/v2\/tillverkare?post=27410"},{"taxonomy":"product_brand","embeddable":true,"href":"https:\/\/whitepowder.se\/en\/wp-json\/wp\/v2\/product_brand?post=27410"},{"taxonomy":"product_cat","embeddable":true,"href":"https:\/\/whitepowder.se\/en\/wp-json\/wp\/v2\/product_cat?post=27410"},{"taxonomy":"product_tag","embeddable":true,"href":"https:\/\/whitepowder.se\/en\/wp-json\/wp\/v2\/product_tag?post=27410"}],"curies":[{"name":"wp","href":"https:\/\/api.w.org\/{rel}","templated":true}]}}